{"id":1218,"date":"2018-09-20T14:31:44","date_gmt":"2018-09-20T12:31:44","guid":{"rendered":"https:\/\/wegwerfenwargestern.darkanium.de\/?page_id=1218"},"modified":"2018-09-24T17:01:38","modified_gmt":"2018-09-24T15:01:38","slug":"gewuerz-glaeser-etiketten","status":"publish","type":"page","link":"https:\/\/wegwerfenwargestern.de\/index.php\/blog-2\/mein-keller\/gewuerz-glaeser-etiketten\/","title":{"rendered":"Gew\u00fcrz Gl\u00e4ser Etiketten"},"content":{"rendered":"<p>Hallo ihr lieben &#8230;.<\/p>\n<p>Mir ging es richtig auf die Nerven mit den verschiedenen Gew\u00fcrz Beh\u00e4ltern, jeder H\u00e4ndler hat eine andere Verpackung und das Regal schaut aus wie Kraut und R\u00fcben&#8230;.. Ich habe lange nach Gl\u00e4ser die mir gefallen gesucht. Die Auswahl ist ja riesig, dabei war aber nichts was mir vorschwebte. Zu mal ich auch nicht 3, 4, 5 oder 6 brauchte, sondern doch einige mehr. Und so bin ich auf die Idee mit den kleinen Einkoch Gl\u00e4sern gekommen.<\/p>\n<p style=\"text-align: left;\"><img loading=\"lazy\" decoding=\"async\" class=\"size-full wp-image-1083 alignleft\" src=\"https:\/\/wegwerfenwargestern.de\/wp-content\/uploads\/2018\/09\/DSC02048....jpg\" alt=\"\" width=\"270\" height=\"203\" \/>So ist das Gew\u00fcrz Regal dann auch ausbauf\u00e4hig und geht was kaputt kann ich Ersatz nachkaufen.Das sind Sturz Gl\u00e4ser 160 ml Fassungsverm\u00f6gen von Weck.<br \/>\nGebraucht werden auch Gummiringe und Klammern.<\/p>\n<p>Und dann brauchte ich nat\u00fcrlich auch Etiketten und was habe ich gesucht.\u00a0 Ich konnte nicht einmal die H\u00e4lfte meiner Gew\u00fcrze als Etiketten finden, das war echt schwierig. Ich hatte ja auch Anspr\u00fcche&#8230; Sie sollten den Gew\u00fcrz Namen haben, gleich aussehen und gut leserlich bleiben .\u00a0 Und am liebsten sollte auch ein Bild von dem Gew\u00fcrz drauf sein.\u00a0<span style=\"font-size: 1rem;\">Wenn sie dann auch abwischbar, oder noch besser, bei bedarf in Geschirrsp\u00fclmaschine k\u00f6nnten, das w\u00e4re super.\u00a0<\/span><\/p>\n<p><img loading=\"lazy\" decoding=\"async\" class=\"size-full wp-image-1085 alignleft\" src=\"https:\/\/wegwerfenwargestern.de\/wp-content\/uploads\/2018\/09\/Hefe....jpg\" alt=\"\" width=\"270\" height=\"203\" \/><span style=\"font-size: 1rem;\">Also habe ich Gew\u00fcrze auf einen wei\u00dfen Teller getan und fotografiert, dann auf dem Computer gespeichert und mit Photoshop bearbeitet.\u00a0<\/span><\/p>\n<p><img loading=\"lazy\" decoding=\"async\" class=\"size-full wp-image-1087 alignright\" src=\"https:\/\/wegwerfenwargestern.de\/wp-content\/uploads\/2018\/09\/Hefe-1.......jpg\" alt=\"\" width=\"270\" height=\"203\" \/><\/p>\n<p>&nbsp;<\/p>\n<p><span style=\"font-size: 1rem;\">Also habe ich Gew\u00fcrze auf einen wei\u00dfen Teller getan und fotografiert, dann auf dem Computer gespeichert und mit Photoshop bearbeitet.\u00a0<\/span><\/p>\n<p><img loading=\"lazy\" decoding=\"async\" class=\"size-medium wp-image-1088 alignleft\" src=\"https:\/\/wegwerfenwargestern.de\/wp-content\/uploads\/2018\/09\/Hefe-trocken-150x300.jpg\" alt=\"\" width=\"150\" height=\"300\" srcset=\"https:\/\/wegwerfenwargestern.de\/wp-content\/uploads\/2018\/09\/Hefe-trocken-150x300.jpg 150w, https:\/\/wegwerfenwargestern.de\/wp-content\/uploads\/2018\/09\/Hefe-trocken.jpg 354w\" sizes=\"auto, (max-width: 150px) 100vw, 150px\" \/><\/p>\n<p>&nbsp;<\/p>\n<p><span style=\"font-size: 1rem;\">F\u00fcr mich hat jemand den Rahmen gefertigt, der passt super dazu, es war ein Geschenk zu meiner Idee.<\/span><\/p>\n<p><span style=\"font-size: 1rem;\"> Und so\u00a0 schaut das fertige Etikett dann aus, ich habe ein Bild und den Namen.<\/span><\/p>\n<p><span style=\"font-size: 1rem;\">\u00a0Nur wo drauf drucke ich das, damit es dann auch haltbar ist&#8230;Da gibt es nur eins, Fachmann fragen&#8230;<\/span><\/p>\n<p>&nbsp;<\/p>\n<p><span style=\"font-size: 1rem;\">Ich war bei einem Werbe Service\u00a0 hier vor Ort und sie wussten Rat. Ich habe ihm meine Etiketten auf einem USB Stick gebracht und sie wurden gedruckt.<\/span><\/p>\n<p><img loading=\"lazy\" decoding=\"async\" class=\"size-full wp-image-1091 alignright\" src=\"https:\/\/wegwerfenwargestern.de\/wp-content\/uploads\/2018\/09\/DSC02695....jpg\" alt=\"\" width=\"270\" height=\"203\" \/><\/p>\n<p style=\"text-align: left;\"><span style=\"font-size: 1rem;\"><br \/>\nDa sind sie, ich muss sie jetzt nur noch schneiden, das h\u00e4tten sie auch getan, aber ich wollte das selber machen.<\/span><\/p>\n<p><span style=\"font-size: 1rem;\"> Und jetzt nur noch ganz genau und ohne Blasen auf die Gl\u00e4ser kleben.\u00a0<\/span><\/p>\n<p>&nbsp;<\/p>\n<p><img loading=\"lazy\" decoding=\"async\" class=\"size-medium wp-image-1090 alignleft\" src=\"https:\/\/wegwerfenwargestern.de\/wp-content\/uploads\/2018\/09\/DSC02704......-300x181.jpg\" alt=\"\" width=\"300\" height=\"181\" srcset=\"https:\/\/wegwerfenwargestern.de\/wp-content\/uploads\/2018\/09\/DSC02704......-300x181.jpg 300w, https:\/\/wegwerfenwargestern.de\/wp-content\/uploads\/2018\/09\/DSC02704.......jpg 496w\" sizes=\"auto, (max-width: 300px) 100vw, 300px\" \/><\/p>\n<p><span style=\"font-size: 1rem;\">So habe ich mir das Vorgestellt und ich glaube die arbeit hat sich gelohnt.\u00a0 \u00a0 \u00a0 \u00a0 \u00a0 \u00a0 \u00a0 \u00a0 \u00a0 \u00a0 \u00a0 \u00a0 \u00a0 \u00a0 \u00a0 \u00a0 \u00a0 \u00a0 \u00a0 \u00a0 \u00a0 \u00a0 \u00a0 \u00a0 \u00a0 \u00a0 \u00a0<\/span><span style=\"font-size: 1rem;\"> Die Etiketten haben eine Gr\u00f6\u00dfe von 3 cm X 6 cm.<br \/>\nIch habe sie auf 300 dpi\u00a0 gespeichert ganz wichtig.<\/span><\/p>\n<p><span style=\"font-size: 1rem;\">Und gedruckt wurden sie auf Klebefolie f\u00fcr Auto Werbung.<br \/>\nDas beste ist, ich kann sie sogar in der Geschirrsp\u00fclmaschine reinigen ohne das ich Bedenken haben muss.Vielleicht habe ich euch auch damit auf Ideen gebracht, dann w\u00fcnsche ich euch viel Spa\u00df beim nachbasteln.<\/span><\/p>\n<p>In diesem Video erkl\u00e4re ich wie ich das gebastelt habe&#8230;.<\/p>\n<p><a href=\"https:\/\/www.youtube.com\/watch?v=VR4eotmuyP8\">https:\/\/www.youtube.com\/watch?v=VR4eotmuyP8<\/a><\/p>\n<p>Liebe Gr\u00fc\u00dfe<\/p>\n<p>Elke<\/p>\n","protected":false},"excerpt":{"rendered":"<p>Hallo ihr lieben &#8230;. Mir ging es richtig auf die Nerven mit den verschiedenen Gew\u00fcrz Beh\u00e4ltern, jeder H\u00e4ndler hat eine andere Verpackung und das Regal schaut aus wie Kraut und R\u00fcben&#8230;.. Ich habe lange nach Gl\u00e4ser die mir gefallen gesucht. Die Auswahl ist ja riesig, dabei war aber nichts was mir vorschwebte. Zu mal ich &hellip; <\/p>\n<p class=\"link-more\"><a href=\"https:\/\/wegwerfenwargestern.de\/index.php\/blog-2\/mein-keller\/gewuerz-glaeser-etiketten\/\" class=\"more-link\"><span class=\"screen-reader-text\">\u201eGew\u00fcrz Gl\u00e4ser Etiketten\u201c <\/span>weiterlesen<\/a><\/p>\n","protected":false},"author":2,"featured_media":0,"parent":1023,"menu_order":1,"comment_status":"closed","ping_status":"closed","template":"","meta":{"footnotes":""},"class_list":["post-1218","page","type-page","status-publish","hentry"],"yoast_head":"<!-- This site is optimized with the Yoast SEO plugin v25.8 - https:\/\/yoast.com\/wordpress\/plugins\/seo\/ -->\n<title>Gew\u00fcrz Gl\u00e4ser Etiketten -<\/title>\n<meta name=\"robots\" content=\"index, follow, max-snippet:-1, max-image-preview:large, max-video-preview:-1\" \/>\n<link rel=\"canonical\" href=\"https:\/\/wegwerfenwargestern.de\/index.php\/blog-2\/mein-keller\/gewuerz-glaeser-etiketten\/\" \/>\n<meta property=\"og:locale\" content=\"de_DE\" \/>\n<meta property=\"og:type\" content=\"article\" \/>\n<meta property=\"og:title\" content=\"Gew\u00fcrz Gl\u00e4ser Etiketten -\" \/>\n<meta property=\"og:description\" content=\"Hallo ihr lieben &#8230;. Mir ging es richtig auf die Nerven mit den verschiedenen Gew\u00fcrz Beh\u00e4ltern, jeder H\u00e4ndler hat eine andere Verpackung und das Regal schaut aus wie Kraut und R\u00fcben&#8230;.. Ich habe lange nach Gl\u00e4ser die mir gefallen gesucht. Die Auswahl ist ja riesig, dabei war aber nichts was mir vorschwebte. Zu mal ich &hellip; \u201eGew\u00fcrz Gl\u00e4ser Etiketten\u201c weiterlesen\" \/>\n<meta property=\"og:url\" content=\"https:\/\/wegwerfenwargestern.de\/index.php\/blog-2\/mein-keller\/gewuerz-glaeser-etiketten\/\" \/>\n<meta property=\"article:modified_time\" content=\"2018-09-24T15:01:38+00:00\" \/>\n<meta property=\"og:image\" content=\"https:\/\/wegwerfenwargestern.de\/wp-content\/uploads\/2018\/09\/DSC02048....jpg\" \/>\n\t<meta property=\"og:image:width\" content=\"270\" \/>\n\t<meta property=\"og:image:height\" content=\"203\" \/>\n\t<meta property=\"og:image:type\" content=\"image\/jpeg\" \/>\n<meta name=\"twitter:card\" content=\"summary_large_image\" \/>\n<meta name=\"twitter:label1\" content=\"Gesch\u00e4tzte Lesezeit\" \/>\n\t<meta name=\"twitter:data1\" content=\"2\u00a0Minuten\" \/>\n<script type=\"application\/ld+json\" class=\"yoast-schema-graph\">{\"@context\":\"https:\/\/schema.org\",\"@graph\":[{\"@type\":\"WebPage\",\"@id\":\"https:\/\/wegwerfenwargestern.de\/index.php\/blog-2\/mein-keller\/gewuerz-glaeser-etiketten\/\",\"url\":\"https:\/\/wegwerfenwargestern.de\/index.php\/blog-2\/mein-keller\/gewuerz-glaeser-etiketten\/\",\"name\":\"Gew\u00fcrz Gl\u00e4ser Etiketten -\",\"isPartOf\":{\"@id\":\"https:\/\/wegwerfenwargestern.de\/#website\"},\"primaryImageOfPage\":{\"@id\":\"https:\/\/wegwerfenwargestern.de\/index.php\/blog-2\/mein-keller\/gewuerz-glaeser-etiketten\/#primaryimage\"},\"image\":{\"@id\":\"https:\/\/wegwerfenwargestern.de\/index.php\/blog-2\/mein-keller\/gewuerz-glaeser-etiketten\/#primaryimage\"},\"thumbnailUrl\":\"https:\/\/wegwerfenwargestern.de\/wp-content\/uploads\/2018\/09\/DSC02048....jpg\",\"datePublished\":\"2018-09-20T12:31:44+00:00\",\"dateModified\":\"2018-09-24T15:01:38+00:00\",\"breadcrumb\":{\"@id\":\"https:\/\/wegwerfenwargestern.de\/index.php\/blog-2\/mein-keller\/gewuerz-glaeser-etiketten\/#breadcrumb\"},\"inLanguage\":\"de\",\"potentialAction\":[{\"@type\":\"ReadAction\",\"target\":[\"https:\/\/wegwerfenwargestern.de\/index.php\/blog-2\/mein-keller\/gewuerz-glaeser-etiketten\/\"]}]},{\"@type\":\"ImageObject\",\"inLanguage\":\"de\",\"@id\":\"https:\/\/wegwerfenwargestern.de\/index.php\/blog-2\/mein-keller\/gewuerz-glaeser-etiketten\/#primaryimage\",\"url\":\"https:\/\/wegwerfenwargestern.de\/wp-content\/uploads\/2018\/09\/DSC02048....jpg\",\"contentUrl\":\"https:\/\/wegwerfenwargestern.de\/wp-content\/uploads\/2018\/09\/DSC02048....jpg\",\"width\":270,\"height\":203},{\"@type\":\"BreadcrumbList\",\"@id\":\"https:\/\/wegwerfenwargestern.de\/index.php\/blog-2\/mein-keller\/gewuerz-glaeser-etiketten\/#breadcrumb\",\"itemListElement\":[{\"@type\":\"ListItem\",\"position\":1,\"name\":\"Startseite\",\"item\":\"https:\/\/wegwerfenwargestern.de\/\"},{\"@type\":\"ListItem\",\"position\":2,\"name\":\"Blog\",\"item\":\"https:\/\/wegwerfenwargestern.de\/index.php\/blog-2\/\"},{\"@type\":\"ListItem\",\"position\":3,\"name\":\"Meine K\u00fcche und mein Keller\",\"item\":\"https:\/\/wegwerfenwargestern.de\/index.php\/blog-2\/mein-keller\/\"},{\"@type\":\"ListItem\",\"position\":4,\"name\":\"Gew\u00fcrz Gl\u00e4ser Etiketten\"}]},{\"@type\":\"WebSite\",\"@id\":\"https:\/\/wegwerfenwargestern.de\/#website\",\"url\":\"https:\/\/wegwerfenwargestern.de\/\",\"name\":\"Wegwerfen war gestern\",\"description\":\"\",\"publisher\":{\"@id\":\"https:\/\/wegwerfenwargestern.de\/#\/schema\/person\/b1afdd8bdf19d681d1c4e6ade0c90299\"},\"potentialAction\":[{\"@type\":\"SearchAction\",\"target\":{\"@type\":\"EntryPoint\",\"urlTemplate\":\"https:\/\/wegwerfenwargestern.de\/?s={search_term_string}\"},\"query-input\":{\"@type\":\"PropertyValueSpecification\",\"valueRequired\":true,\"valueName\":\"search_term_string\"}}],\"inLanguage\":\"de\"},{\"@type\":[\"Person\",\"Organization\"],\"@id\":\"https:\/\/wegwerfenwargestern.de\/#\/schema\/person\/b1afdd8bdf19d681d1c4e6ade0c90299\",\"name\":\"Elke Jacobs\",\"image\":{\"@type\":\"ImageObject\",\"inLanguage\":\"de\",\"@id\":\"https:\/\/wegwerfenwargestern.de\/#\/schema\/person\/image\/\",\"url\":\"https:\/\/wegwerfenwargestern.de\/wp-content\/uploads\/2017\/09\/Darkanium12345.jpg\",\"contentUrl\":\"https:\/\/wegwerfenwargestern.de\/wp-content\/uploads\/2017\/09\/Darkanium12345.jpg\",\"width\":1956,\"height\":1100,\"caption\":\"Elke Jacobs\"},\"logo\":{\"@id\":\"https:\/\/wegwerfenwargestern.de\/#\/schema\/person\/image\/\"}}]}<\/script>\n<!-- \/ Yoast SEO plugin. -->","yoast_head_json":{"title":"Gew\u00fcrz Gl\u00e4ser Etiketten -","robots":{"index":"index","follow":"follow","max-snippet":"max-snippet:-1","max-image-preview":"max-image-preview:large","max-video-preview":"max-video-preview:-1"},"canonical":"https:\/\/wegwerfenwargestern.de\/index.php\/blog-2\/mein-keller\/gewuerz-glaeser-etiketten\/","og_locale":"de_DE","og_type":"article","og_title":"Gew\u00fcrz Gl\u00e4ser Etiketten -","og_description":"Hallo ihr lieben &#8230;. Mir ging es richtig auf die Nerven mit den verschiedenen Gew\u00fcrz Beh\u00e4ltern, jeder H\u00e4ndler hat eine andere Verpackung und das Regal schaut aus wie Kraut und R\u00fcben&#8230;.. Ich habe lange nach Gl\u00e4ser die mir gefallen gesucht. Die Auswahl ist ja riesig, dabei war aber nichts was mir vorschwebte. Zu mal ich &hellip; \u201eGew\u00fcrz Gl\u00e4ser Etiketten\u201c weiterlesen","og_url":"https:\/\/wegwerfenwargestern.de\/index.php\/blog-2\/mein-keller\/gewuerz-glaeser-etiketten\/","article_modified_time":"2018-09-24T15:01:38+00:00","og_image":[{"width":270,"height":203,"url":"https:\/\/wegwerfenwargestern.de\/wp-content\/uploads\/2018\/09\/DSC02048....jpg","type":"image\/jpeg"}],"twitter_card":"summary_large_image","twitter_misc":{"Gesch\u00e4tzte Lesezeit":"2\u00a0Minuten"},"schema":{"@context":"https:\/\/schema.org","@graph":[{"@type":"WebPage","@id":"https:\/\/wegwerfenwargestern.de\/index.php\/blog-2\/mein-keller\/gewuerz-glaeser-etiketten\/","url":"https:\/\/wegwerfenwargestern.de\/index.php\/blog-2\/mein-keller\/gewuerz-glaeser-etiketten\/","name":"Gew\u00fcrz Gl\u00e4ser Etiketten -","isPartOf":{"@id":"https:\/\/wegwerfenwargestern.de\/#website"},"primaryImageOfPage":{"@id":"https:\/\/wegwerfenwargestern.de\/index.php\/blog-2\/mein-keller\/gewuerz-glaeser-etiketten\/#primaryimage"},"image":{"@id":"https:\/\/wegwerfenwargestern.de\/index.php\/blog-2\/mein-keller\/gewuerz-glaeser-etiketten\/#primaryimage"},"thumbnailUrl":"https:\/\/wegwerfenwargestern.de\/wp-content\/uploads\/2018\/09\/DSC02048....jpg","datePublished":"2018-09-20T12:31:44+00:00","dateModified":"2018-09-24T15:01:38+00:00","breadcrumb":{"@id":"https:\/\/wegwerfenwargestern.de\/index.php\/blog-2\/mein-keller\/gewuerz-glaeser-etiketten\/#breadcrumb"},"inLanguage":"de","potentialAction":[{"@type":"ReadAction","target":["https:\/\/wegwerfenwargestern.de\/index.php\/blog-2\/mein-keller\/gewuerz-glaeser-etiketten\/"]}]},{"@type":"ImageObject","inLanguage":"de","@id":"https:\/\/wegwerfenwargestern.de\/index.php\/blog-2\/mein-keller\/gewuerz-glaeser-etiketten\/#primaryimage","url":"https:\/\/wegwerfenwargestern.de\/wp-content\/uploads\/2018\/09\/DSC02048....jpg","contentUrl":"https:\/\/wegwerfenwargestern.de\/wp-content\/uploads\/2018\/09\/DSC02048....jpg","width":270,"height":203},{"@type":"BreadcrumbList","@id":"https:\/\/wegwerfenwargestern.de\/index.php\/blog-2\/mein-keller\/gewuerz-glaeser-etiketten\/#breadcrumb","itemListElement":[{"@type":"ListItem","position":1,"name":"Startseite","item":"https:\/\/wegwerfenwargestern.de\/"},{"@type":"ListItem","position":2,"name":"Blog","item":"https:\/\/wegwerfenwargestern.de\/index.php\/blog-2\/"},{"@type":"ListItem","position":3,"name":"Meine K\u00fcche und mein Keller","item":"https:\/\/wegwerfenwargestern.de\/index.php\/blog-2\/mein-keller\/"},{"@type":"ListItem","position":4,"name":"Gew\u00fcrz Gl\u00e4ser Etiketten"}]},{"@type":"WebSite","@id":"https:\/\/wegwerfenwargestern.de\/#website","url":"https:\/\/wegwerfenwargestern.de\/","name":"Wegwerfen war gestern","description":"","publisher":{"@id":"https:\/\/wegwerfenwargestern.de\/#\/schema\/person\/b1afdd8bdf19d681d1c4e6ade0c90299"},"potentialAction":[{"@type":"SearchAction","target":{"@type":"EntryPoint","urlTemplate":"https:\/\/wegwerfenwargestern.de\/?s={search_term_string}"},"query-input":{"@type":"PropertyValueSpecification","valueRequired":true,"valueName":"search_term_string"}}],"inLanguage":"de"},{"@type":["Person","Organization"],"@id":"https:\/\/wegwerfenwargestern.de\/#\/schema\/person\/b1afdd8bdf19d681d1c4e6ade0c90299","name":"Elke Jacobs","image":{"@type":"ImageObject","inLanguage":"de","@id":"https:\/\/wegwerfenwargestern.de\/#\/schema\/person\/image\/","url":"https:\/\/wegwerfenwargestern.de\/wp-content\/uploads\/2017\/09\/Darkanium12345.jpg","contentUrl":"https:\/\/wegwerfenwargestern.de\/wp-content\/uploads\/2017\/09\/Darkanium12345.jpg","width":1956,"height":1100,"caption":"Elke Jacobs"},"logo":{"@id":"https:\/\/wegwerfenwargestern.de\/#\/schema\/person\/image\/"}}]}},"_links":{"self":[{"href":"https:\/\/wegwerfenwargestern.de\/index.php\/wp-json\/wp\/v2\/pages\/1218","targetHints":{"allow":["GET"]}}],"collection":[{"href":"https:\/\/wegwerfenwargestern.de\/index.php\/wp-json\/wp\/v2\/pages"}],"about":[{"href":"https:\/\/wegwerfenwargestern.de\/index.php\/wp-json\/wp\/v2\/types\/page"}],"author":[{"embeddable":true,"href":"https:\/\/wegwerfenwargestern.de\/index.php\/wp-json\/wp\/v2\/users\/2"}],"replies":[{"embeddable":true,"href":"https:\/\/wegwerfenwargestern.de\/index.php\/wp-json\/wp\/v2\/comments?post=1218"}],"version-history":[{"count":11,"href":"https:\/\/wegwerfenwargestern.de\/index.php\/wp-json\/wp\/v2\/pages\/1218\/revisions"}],"predecessor-version":[{"id":2115,"href":"https:\/\/wegwerfenwargestern.de\/index.php\/wp-json\/wp\/v2\/pages\/1218\/revisions\/2115"}],"up":[{"embeddable":true,"href":"https:\/\/wegwerfenwargestern.de\/index.php\/wp-json\/wp\/v2\/pages\/1023"}],"wp:attachment":[{"href":"https:\/\/wegwerfenwargestern.de\/index.php\/wp-json\/wp\/v2\/media?parent=1218"}],"curies":[{"name":"wp","href":"https:\/\/api.w.org\/{rel}","templated":true}]}}