{"id":1428,"date":"2018-09-21T18:27:19","date_gmt":"2018-09-21T16:27:19","guid":{"rendered":"https:\/\/wegwerfenwargestern.darkanium.de\/?page_id=1428"},"modified":"2018-09-22T20:48:53","modified_gmt":"2018-09-22T18:48:53","slug":"endlich-abkuehlung-und-wasser-es-regnet-2018","status":"publish","type":"page","link":"https:\/\/wegwerfenwargestern.de\/index.php\/blog-2\/ein-startseiten-abschnitt\/endlich-abkuehlung-und-wasser-es-regnet-2018\/","title":{"rendered":"Endlich Abk\u00fchlung und Wasser es regnet\u2026. 2018"},"content":{"rendered":"<p>Hallo ihr lieben\u2026.<\/p>\n<p>Was ist das f\u00fcr ein Sommer, Temperaturen von 30\u00b0 und mehr. Alles vertrocknet und geht kaputt, \u00fcber Wochen keinen Regen nicht ein Tropfen\u2026<\/p>\n<p><img loading=\"lazy\" decoding=\"async\" class=\"size-full wp-image-821 alignleft\" src=\"https:\/\/wegwerfenwargestern.de\/wp-content\/uploads\/2018\/07\/P1170062..1....jpg\" alt=\"\" width=\"240\" height=\"135\" \/><img loading=\"lazy\" decoding=\"async\" class=\"size-full wp-image-829 alignright\" src=\"https:\/\/wegwerfenwargestern.de\/wp-content\/uploads\/2018\/07\/P1170131...c......jpg\" alt=\"\" width=\"210\" height=\"117\" \/><\/p>\n<p>&nbsp;<\/p>\n<p>&nbsp;<\/p>\n<p>&nbsp;<\/p>\n<p>&nbsp;<\/p>\n<p>Endlich k\u00fcndigt sich Regen an, nach so langer Zeit mit allem was dazu geh\u00f6rt.\u00a0 \u00a0 Und es gibt auch tats\u00e4chlich etwas, es regnen und die V\u00f6gel sind Gl\u00fccklich&#8230;<\/p>\n<p><img loading=\"lazy\" decoding=\"async\" class=\"size-full wp-image-796 alignleft\" src=\"https:\/\/wegwerfenwargestern.de\/wp-content\/uploads\/2018\/07\/P1210013...a.....jpg\" alt=\"\" width=\"240\" height=\"135\" \/><img loading=\"lazy\" decoding=\"async\" class=\"size-full wp-image-798 alignright\" src=\"https:\/\/wegwerfenwargestern.de\/wp-content\/uploads\/2018\/07\/P1080469......jpg\" alt=\"\" width=\"240\" height=\"135\" \/><\/p>\n<p>&nbsp;<\/p>\n<p>&nbsp;<\/p>\n<p>&nbsp;<\/p>\n<p>Und dann am Abend kam dieses Wetter Schauspiel, das musste ich im Bild festhalten. Die Natur hat manchmal sehr sch\u00f6ne Anwandlungen&#8230;<\/p>\n<p><img loading=\"lazy\" decoding=\"async\" class=\"alignnone size-full wp-image-799\" src=\"https:\/\/wegwerfenwargestern.de\/wp-content\/uploads\/2018\/07\/P1210028...1....jpg\" alt=\"\" width=\"1920\" height=\"1080\" \/><\/p>\n<p>Der Dunst zieht \u00fcber den Boden wie Nebel, dieses Wetter Ph\u00e4nomen wollte ich euch nicht vorenthalten. Nun w\u00fcnsche ich euch noch einen sch\u00f6nen\u00a0 Sommer mit Sonne, Meer und Strand\u2026<\/p>\n<p>Liebe Gr\u00fc\u00dfe<\/p>\n<p>Elke<\/p>\n","protected":false},"excerpt":{"rendered":"<p>Hallo ihr lieben\u2026. Was ist das f\u00fcr ein Sommer, Temperaturen von 30\u00b0 und mehr. Alles vertrocknet und geht kaputt, \u00fcber Wochen keinen Regen nicht ein Tropfen\u2026 &nbsp; &nbsp; &nbsp; &nbsp; Endlich k\u00fcndigt sich Regen an, nach so langer Zeit mit allem was dazu geh\u00f6rt.\u00a0 \u00a0 Und es gibt auch tats\u00e4chlich etwas, es regnen und die &hellip; <\/p>\n<p class=\"link-more\"><a href=\"https:\/\/wegwerfenwargestern.de\/index.php\/blog-2\/ein-startseiten-abschnitt\/endlich-abkuehlung-und-wasser-es-regnet-2018\/\" class=\"more-link\"><span class=\"screen-reader-text\">\u201eEndlich Abk\u00fchlung und Wasser es regnet\u2026. 2018\u201c <\/span>weiterlesen<\/a><\/p>\n","protected":false},"author":2,"featured_media":0,"parent":13,"menu_order":0,"comment_status":"closed","ping_status":"closed","template":"","meta":{"footnotes":""},"class_list":["post-1428","page","type-page","status-publish","hentry"],"yoast_head":"<!-- This site is optimized with the Yoast SEO plugin v25.8 - https:\/\/yoast.com\/wordpress\/plugins\/seo\/ -->\n<title>Endlich Abk\u00fchlung und Wasser es regnet\u2026. 2018 -<\/title>\n<meta name=\"robots\" content=\"index, follow, max-snippet:-1, max-image-preview:large, max-video-preview:-1\" \/>\n<link rel=\"canonical\" href=\"https:\/\/wegwerfenwargestern.de\/index.php\/blog-2\/ein-startseiten-abschnitt\/endlich-abkuehlung-und-wasser-es-regnet-2018\/\" \/>\n<meta property=\"og:locale\" content=\"de_DE\" \/>\n<meta property=\"og:type\" content=\"article\" \/>\n<meta property=\"og:title\" content=\"Endlich Abk\u00fchlung und Wasser es regnet\u2026. 2018 -\" \/>\n<meta property=\"og:description\" content=\"Hallo ihr lieben\u2026. Was ist das f\u00fcr ein Sommer, Temperaturen von 30\u00b0 und mehr. Alles vertrocknet und geht kaputt, \u00fcber Wochen keinen Regen nicht ein Tropfen\u2026 &nbsp; &nbsp; &nbsp; &nbsp; Endlich k\u00fcndigt sich Regen an, nach so langer Zeit mit allem was dazu geh\u00f6rt.\u00a0 \u00a0 Und es gibt auch tats\u00e4chlich etwas, es regnen und die &hellip; \u201eEndlich Abk\u00fchlung und Wasser es regnet\u2026. 2018\u201c weiterlesen\" \/>\n<meta property=\"og:url\" content=\"https:\/\/wegwerfenwargestern.de\/index.php\/blog-2\/ein-startseiten-abschnitt\/endlich-abkuehlung-und-wasser-es-regnet-2018\/\" \/>\n<meta property=\"article:modified_time\" content=\"2018-09-22T18:48:53+00:00\" \/>\n<meta property=\"og:image\" content=\"https:\/\/wegwerfenwargestern.de\/wp-content\/uploads\/2018\/07\/P1170062..1....jpg\" \/>\n\t<meta property=\"og:image:width\" content=\"240\" \/>\n\t<meta property=\"og:image:height\" content=\"135\" \/>\n\t<meta property=\"og:image:type\" content=\"image\/jpeg\" \/>\n<meta name=\"twitter:card\" content=\"summary_large_image\" \/>\n<meta name=\"twitter:label1\" content=\"Gesch\u00e4tzte Lesezeit\" \/>\n\t<meta name=\"twitter:data1\" content=\"1\u00a0Minute\" \/>\n<script type=\"application\/ld+json\" class=\"yoast-schema-graph\">{\"@context\":\"https:\/\/schema.org\",\"@graph\":[{\"@type\":\"WebPage\",\"@id\":\"https:\/\/wegwerfenwargestern.de\/index.php\/blog-2\/ein-startseiten-abschnitt\/endlich-abkuehlung-und-wasser-es-regnet-2018\/\",\"url\":\"https:\/\/wegwerfenwargestern.de\/index.php\/blog-2\/ein-startseiten-abschnitt\/endlich-abkuehlung-und-wasser-es-regnet-2018\/\",\"name\":\"Endlich Abk\u00fchlung und Wasser es regnet\u2026. 2018 -\",\"isPartOf\":{\"@id\":\"https:\/\/wegwerfenwargestern.de\/#website\"},\"primaryImageOfPage\":{\"@id\":\"https:\/\/wegwerfenwargestern.de\/index.php\/blog-2\/ein-startseiten-abschnitt\/endlich-abkuehlung-und-wasser-es-regnet-2018\/#primaryimage\"},\"image\":{\"@id\":\"https:\/\/wegwerfenwargestern.de\/index.php\/blog-2\/ein-startseiten-abschnitt\/endlich-abkuehlung-und-wasser-es-regnet-2018\/#primaryimage\"},\"thumbnailUrl\":\"https:\/\/wegwerfenwargestern.de\/wp-content\/uploads\/2018\/07\/P1170062..1....jpg\",\"datePublished\":\"2018-09-21T16:27:19+00:00\",\"dateModified\":\"2018-09-22T18:48:53+00:00\",\"breadcrumb\":{\"@id\":\"https:\/\/wegwerfenwargestern.de\/index.php\/blog-2\/ein-startseiten-abschnitt\/endlich-abkuehlung-und-wasser-es-regnet-2018\/#breadcrumb\"},\"inLanguage\":\"de\",\"potentialAction\":[{\"@type\":\"ReadAction\",\"target\":[\"https:\/\/wegwerfenwargestern.de\/index.php\/blog-2\/ein-startseiten-abschnitt\/endlich-abkuehlung-und-wasser-es-regnet-2018\/\"]}]},{\"@type\":\"ImageObject\",\"inLanguage\":\"de\",\"@id\":\"https:\/\/wegwerfenwargestern.de\/index.php\/blog-2\/ein-startseiten-abschnitt\/endlich-abkuehlung-und-wasser-es-regnet-2018\/#primaryimage\",\"url\":\"https:\/\/wegwerfenwargestern.de\/wp-content\/uploads\/2018\/07\/P1170062..1....jpg\",\"contentUrl\":\"https:\/\/wegwerfenwargestern.de\/wp-content\/uploads\/2018\/07\/P1170062..1....jpg\",\"width\":240,\"height\":135},{\"@type\":\"BreadcrumbList\",\"@id\":\"https:\/\/wegwerfenwargestern.de\/index.php\/blog-2\/ein-startseiten-abschnitt\/endlich-abkuehlung-und-wasser-es-regnet-2018\/#breadcrumb\",\"itemListElement\":[{\"@type\":\"ListItem\",\"position\":1,\"name\":\"Startseite\",\"item\":\"https:\/\/wegwerfenwargestern.de\/\"},{\"@type\":\"ListItem\",\"position\":2,\"name\":\"Blog\",\"item\":\"https:\/\/wegwerfenwargestern.de\/index.php\/blog-2\/\"},{\"@type\":\"ListItem\",\"position\":3,\"name\":\"Ausfl\u00fcge\",\"item\":\"https:\/\/wegwerfenwargestern.de\/index.php\/blog-2\/ein-startseiten-abschnitt\/\"},{\"@type\":\"ListItem\",\"position\":4,\"name\":\"Endlich Abk\u00fchlung und Wasser es regnet\u2026. 2018\"}]},{\"@type\":\"WebSite\",\"@id\":\"https:\/\/wegwerfenwargestern.de\/#website\",\"url\":\"https:\/\/wegwerfenwargestern.de\/\",\"name\":\"Wegwerfen war gestern\",\"description\":\"\",\"publisher\":{\"@id\":\"https:\/\/wegwerfenwargestern.de\/#\/schema\/person\/b1afdd8bdf19d681d1c4e6ade0c90299\"},\"potentialAction\":[{\"@type\":\"SearchAction\",\"target\":{\"@type\":\"EntryPoint\",\"urlTemplate\":\"https:\/\/wegwerfenwargestern.de\/?s={search_term_string}\"},\"query-input\":{\"@type\":\"PropertyValueSpecification\",\"valueRequired\":true,\"valueName\":\"search_term_string\"}}],\"inLanguage\":\"de\"},{\"@type\":[\"Person\",\"Organization\"],\"@id\":\"https:\/\/wegwerfenwargestern.de\/#\/schema\/person\/b1afdd8bdf19d681d1c4e6ade0c90299\",\"name\":\"Elke Jacobs\",\"image\":{\"@type\":\"ImageObject\",\"inLanguage\":\"de\",\"@id\":\"https:\/\/wegwerfenwargestern.de\/#\/schema\/person\/image\/\",\"url\":\"https:\/\/wegwerfenwargestern.de\/wp-content\/uploads\/2017\/09\/Darkanium12345.jpg\",\"contentUrl\":\"https:\/\/wegwerfenwargestern.de\/wp-content\/uploads\/2017\/09\/Darkanium12345.jpg\",\"width\":1956,\"height\":1100,\"caption\":\"Elke Jacobs\"},\"logo\":{\"@id\":\"https:\/\/wegwerfenwargestern.de\/#\/schema\/person\/image\/\"}}]}<\/script>\n<!-- \/ Yoast SEO plugin. -->","yoast_head_json":{"title":"Endlich Abk\u00fchlung und Wasser es regnet\u2026. 2018 -","robots":{"index":"index","follow":"follow","max-snippet":"max-snippet:-1","max-image-preview":"max-image-preview:large","max-video-preview":"max-video-preview:-1"},"canonical":"https:\/\/wegwerfenwargestern.de\/index.php\/blog-2\/ein-startseiten-abschnitt\/endlich-abkuehlung-und-wasser-es-regnet-2018\/","og_locale":"de_DE","og_type":"article","og_title":"Endlich Abk\u00fchlung und Wasser es regnet\u2026. 2018 -","og_description":"Hallo ihr lieben\u2026. Was ist das f\u00fcr ein Sommer, Temperaturen von 30\u00b0 und mehr. Alles vertrocknet und geht kaputt, \u00fcber Wochen keinen Regen nicht ein Tropfen\u2026 &nbsp; &nbsp; &nbsp; &nbsp; Endlich k\u00fcndigt sich Regen an, nach so langer Zeit mit allem was dazu geh\u00f6rt.\u00a0 \u00a0 Und es gibt auch tats\u00e4chlich etwas, es regnen und die &hellip; \u201eEndlich Abk\u00fchlung und Wasser es regnet\u2026. 2018\u201c weiterlesen","og_url":"https:\/\/wegwerfenwargestern.de\/index.php\/blog-2\/ein-startseiten-abschnitt\/endlich-abkuehlung-und-wasser-es-regnet-2018\/","article_modified_time":"2018-09-22T18:48:53+00:00","og_image":[{"width":240,"height":135,"url":"https:\/\/wegwerfenwargestern.de\/wp-content\/uploads\/2018\/07\/P1170062..1....jpg","type":"image\/jpeg"}],"twitter_card":"summary_large_image","twitter_misc":{"Gesch\u00e4tzte Lesezeit":"1\u00a0Minute"},"schema":{"@context":"https:\/\/schema.org","@graph":[{"@type":"WebPage","@id":"https:\/\/wegwerfenwargestern.de\/index.php\/blog-2\/ein-startseiten-abschnitt\/endlich-abkuehlung-und-wasser-es-regnet-2018\/","url":"https:\/\/wegwerfenwargestern.de\/index.php\/blog-2\/ein-startseiten-abschnitt\/endlich-abkuehlung-und-wasser-es-regnet-2018\/","name":"Endlich Abk\u00fchlung und Wasser es regnet\u2026. 2018 -","isPartOf":{"@id":"https:\/\/wegwerfenwargestern.de\/#website"},"primaryImageOfPage":{"@id":"https:\/\/wegwerfenwargestern.de\/index.php\/blog-2\/ein-startseiten-abschnitt\/endlich-abkuehlung-und-wasser-es-regnet-2018\/#primaryimage"},"image":{"@id":"https:\/\/wegwerfenwargestern.de\/index.php\/blog-2\/ein-startseiten-abschnitt\/endlich-abkuehlung-und-wasser-es-regnet-2018\/#primaryimage"},"thumbnailUrl":"https:\/\/wegwerfenwargestern.de\/wp-content\/uploads\/2018\/07\/P1170062..1....jpg","datePublished":"2018-09-21T16:27:19+00:00","dateModified":"2018-09-22T18:48:53+00:00","breadcrumb":{"@id":"https:\/\/wegwerfenwargestern.de\/index.php\/blog-2\/ein-startseiten-abschnitt\/endlich-abkuehlung-und-wasser-es-regnet-2018\/#breadcrumb"},"inLanguage":"de","potentialAction":[{"@type":"ReadAction","target":["https:\/\/wegwerfenwargestern.de\/index.php\/blog-2\/ein-startseiten-abschnitt\/endlich-abkuehlung-und-wasser-es-regnet-2018\/"]}]},{"@type":"ImageObject","inLanguage":"de","@id":"https:\/\/wegwerfenwargestern.de\/index.php\/blog-2\/ein-startseiten-abschnitt\/endlich-abkuehlung-und-wasser-es-regnet-2018\/#primaryimage","url":"https:\/\/wegwerfenwargestern.de\/wp-content\/uploads\/2018\/07\/P1170062..1....jpg","contentUrl":"https:\/\/wegwerfenwargestern.de\/wp-content\/uploads\/2018\/07\/P1170062..1....jpg","width":240,"height":135},{"@type":"BreadcrumbList","@id":"https:\/\/wegwerfenwargestern.de\/index.php\/blog-2\/ein-startseiten-abschnitt\/endlich-abkuehlung-und-wasser-es-regnet-2018\/#breadcrumb","itemListElement":[{"@type":"ListItem","position":1,"name":"Startseite","item":"https:\/\/wegwerfenwargestern.de\/"},{"@type":"ListItem","position":2,"name":"Blog","item":"https:\/\/wegwerfenwargestern.de\/index.php\/blog-2\/"},{"@type":"ListItem","position":3,"name":"Ausfl\u00fcge","item":"https:\/\/wegwerfenwargestern.de\/index.php\/blog-2\/ein-startseiten-abschnitt\/"},{"@type":"ListItem","position":4,"name":"Endlich Abk\u00fchlung und Wasser es regnet\u2026. 2018"}]},{"@type":"WebSite","@id":"https:\/\/wegwerfenwargestern.de\/#website","url":"https:\/\/wegwerfenwargestern.de\/","name":"Wegwerfen war gestern","description":"","publisher":{"@id":"https:\/\/wegwerfenwargestern.de\/#\/schema\/person\/b1afdd8bdf19d681d1c4e6ade0c90299"},"potentialAction":[{"@type":"SearchAction","target":{"@type":"EntryPoint","urlTemplate":"https:\/\/wegwerfenwargestern.de\/?s={search_term_string}"},"query-input":{"@type":"PropertyValueSpecification","valueRequired":true,"valueName":"search_term_string"}}],"inLanguage":"de"},{"@type":["Person","Organization"],"@id":"https:\/\/wegwerfenwargestern.de\/#\/schema\/person\/b1afdd8bdf19d681d1c4e6ade0c90299","name":"Elke Jacobs","image":{"@type":"ImageObject","inLanguage":"de","@id":"https:\/\/wegwerfenwargestern.de\/#\/schema\/person\/image\/","url":"https:\/\/wegwerfenwargestern.de\/wp-content\/uploads\/2017\/09\/Darkanium12345.jpg","contentUrl":"https:\/\/wegwerfenwargestern.de\/wp-content\/uploads\/2017\/09\/Darkanium12345.jpg","width":1956,"height":1100,"caption":"Elke Jacobs"},"logo":{"@id":"https:\/\/wegwerfenwargestern.de\/#\/schema\/person\/image\/"}}]}},"_links":{"self":[{"href":"https:\/\/wegwerfenwargestern.de\/index.php\/wp-json\/wp\/v2\/pages\/1428","targetHints":{"allow":["GET"]}}],"collection":[{"href":"https:\/\/wegwerfenwargestern.de\/index.php\/wp-json\/wp\/v2\/pages"}],"about":[{"href":"https:\/\/wegwerfenwargestern.de\/index.php\/wp-json\/wp\/v2\/types\/page"}],"author":[{"embeddable":true,"href":"https:\/\/wegwerfenwargestern.de\/index.php\/wp-json\/wp\/v2\/users\/2"}],"replies":[{"embeddable":true,"href":"https:\/\/wegwerfenwargestern.de\/index.php\/wp-json\/wp\/v2\/comments?post=1428"}],"version-history":[{"count":1,"href":"https:\/\/wegwerfenwargestern.de\/index.php\/wp-json\/wp\/v2\/pages\/1428\/revisions"}],"predecessor-version":[{"id":1429,"href":"https:\/\/wegwerfenwargestern.de\/index.php\/wp-json\/wp\/v2\/pages\/1428\/revisions\/1429"}],"up":[{"embeddable":true,"href":"https:\/\/wegwerfenwargestern.de\/index.php\/wp-json\/wp\/v2\/pages\/13"}],"wp:attachment":[{"href":"https:\/\/wegwerfenwargestern.de\/index.php\/wp-json\/wp\/v2\/media?parent=1428"}],"curies":[{"name":"wp","href":"https:\/\/api.w.org\/{rel}","templated":true}]}}