{"id":1430,"date":"2018-09-21T18:30:15","date_gmt":"2018-09-21T16:30:15","guid":{"rendered":"https:\/\/wegwerfenwargestern.darkanium.de\/?page_id=1430"},"modified":"2018-09-21T18:51:00","modified_gmt":"2018-09-21T16:51:00","slug":"die-vogeltraenke-in-meinem-garten","status":"publish","type":"page","link":"https:\/\/wegwerfenwargestern.de\/index.php\/blog-2\/ein-startseiten-abschnitt\/273-2\/die-vogeltraenke-in-meinem-garten\/","title":{"rendered":"Die Vogeltr\u00e4nke in meinem Garten"},"content":{"rendered":"<p>Hallo ihr lieben&#8230;.<\/p>\n<p>Der Sommer dieses Jahr ist echt Grandios, wir sind nun schon so lange ohne Regen. Da bleibt uns nichts anderes \u00fcbrig als auch den Tieren zu helfen damit sie was zu trinken haben. Ich habe vor einiger Zeit mal ein Vogelhaus aus W\u00e4scheklammern gebaut, da waren die Federklammern \u00fcbrig. Ich habe lange \u00fcberlegt was daraus werden k\u00f6nnte, ist ja nun auch kein St\u00fcck Holz oder ein Blatt Papier. Aber dies ist doch eine gute Verwendung f\u00fcr die Federn&#8230;.<\/p>\n<p><img loading=\"lazy\" decoding=\"async\" class=\"alignnone size-full wp-image-784\" src=\"https:\/\/wegwerfenwargestern.de\/wp-content\/uploads\/2018\/07\/P1150305...1....jpg\" alt=\"\" width=\"389\" height=\"239\" \/><\/p>\n<p>Er scheint zu sagen ,, Du nu wieder &#8220; Es macht viel Spa\u00df zu zuschauen wenn sie zum Trinken kommen. Und zu sehen was sie alles versuchen um an das Wasser zu kommen und da ist nicht viel Wasser drin. Ich habe nun 2 von diesen Vogeltr\u00e4nken&#8230;.<\/p>\n<p>Wie ich diese Vogeltr\u00e4nke gebastelt habe k\u00f6nnt ihr in diesem Video sehen&#8230;<\/p>\n<p><a href=\"https:\/\/www.youtube.com\/watch?v=R6--K69SX58\">https:\/\/www.youtube.com\/watch?v=R6&#8211;K69SX58<\/a><\/p>\n<p>Am Ende von dem Video k\u00f6nnt ihr sehen wie sie trinken.\u00a0 Nun w\u00fcnsche ich euch viel Spa\u00df beim nachbasteln&#8230;.<\/p>\n<p>Liebe Gr\u00fc\u00dfe<\/p>\n<p>Elke<\/p>\n","protected":false},"excerpt":{"rendered":"<p>Hallo ihr lieben&#8230;. Der Sommer dieses Jahr ist echt Grandios, wir sind nun schon so lange ohne Regen. Da bleibt uns nichts anderes \u00fcbrig als auch den Tieren zu helfen damit sie was zu trinken haben. Ich habe vor einiger Zeit mal ein Vogelhaus aus W\u00e4scheklammern gebaut, da waren die Federklammern \u00fcbrig. Ich habe lange &hellip; <\/p>\n<p class=\"link-more\"><a href=\"https:\/\/wegwerfenwargestern.de\/index.php\/blog-2\/ein-startseiten-abschnitt\/273-2\/die-vogeltraenke-in-meinem-garten\/\" class=\"more-link\"><span class=\"screen-reader-text\">\u201eDie Vogeltr\u00e4nke in meinem Garten\u201c <\/span>weiterlesen<\/a><\/p>\n","protected":false},"author":2,"featured_media":0,"parent":273,"menu_order":0,"comment_status":"closed","ping_status":"closed","template":"","meta":{"footnotes":""},"class_list":["post-1430","page","type-page","status-publish","hentry"],"yoast_head":"<!-- This site is optimized with the Yoast SEO plugin v25.8 - https:\/\/yoast.com\/wordpress\/plugins\/seo\/ -->\n<title>Die Vogeltr\u00e4nke in meinem Garten -<\/title>\n<meta name=\"robots\" content=\"index, follow, max-snippet:-1, max-image-preview:large, max-video-preview:-1\" \/>\n<link rel=\"canonical\" href=\"https:\/\/wegwerfenwargestern.de\/index.php\/blog-2\/ein-startseiten-abschnitt\/273-2\/die-vogeltraenke-in-meinem-garten\/\" \/>\n<meta property=\"og:locale\" content=\"de_DE\" \/>\n<meta property=\"og:type\" content=\"article\" \/>\n<meta property=\"og:title\" content=\"Die Vogeltr\u00e4nke in meinem Garten -\" \/>\n<meta property=\"og:description\" content=\"Hallo ihr lieben&#8230;. Der Sommer dieses Jahr ist echt Grandios, wir sind nun schon so lange ohne Regen. Da bleibt uns nichts anderes \u00fcbrig als auch den Tieren zu helfen damit sie was zu trinken haben. Ich habe vor einiger Zeit mal ein Vogelhaus aus W\u00e4scheklammern gebaut, da waren die Federklammern \u00fcbrig. Ich habe lange &hellip; \u201eDie Vogeltr\u00e4nke in meinem Garten\u201c weiterlesen\" \/>\n<meta property=\"og:url\" content=\"https:\/\/wegwerfenwargestern.de\/index.php\/blog-2\/ein-startseiten-abschnitt\/273-2\/die-vogeltraenke-in-meinem-garten\/\" \/>\n<meta property=\"article:modified_time\" content=\"2018-09-21T16:51:00+00:00\" \/>\n<meta property=\"og:image\" content=\"https:\/\/wegwerfenwargestern.de\/wp-content\/uploads\/2018\/07\/P1150305...1....jpg\" \/>\n\t<meta property=\"og:image:width\" content=\"389\" \/>\n\t<meta property=\"og:image:height\" content=\"239\" \/>\n\t<meta property=\"og:image:type\" content=\"image\/jpeg\" \/>\n<meta name=\"twitter:card\" content=\"summary_large_image\" \/>\n<meta name=\"twitter:label1\" content=\"Gesch\u00e4tzte Lesezeit\" \/>\n\t<meta name=\"twitter:data1\" content=\"1\u00a0Minute\" \/>\n<script type=\"application\/ld+json\" class=\"yoast-schema-graph\">{\"@context\":\"https:\/\/schema.org\",\"@graph\":[{\"@type\":\"WebPage\",\"@id\":\"https:\/\/wegwerfenwargestern.de\/index.php\/blog-2\/ein-startseiten-abschnitt\/273-2\/die-vogeltraenke-in-meinem-garten\/\",\"url\":\"https:\/\/wegwerfenwargestern.de\/index.php\/blog-2\/ein-startseiten-abschnitt\/273-2\/die-vogeltraenke-in-meinem-garten\/\",\"name\":\"Die Vogeltr\u00e4nke in meinem Garten -\",\"isPartOf\":{\"@id\":\"https:\/\/wegwerfenwargestern.de\/#website\"},\"primaryImageOfPage\":{\"@id\":\"https:\/\/wegwerfenwargestern.de\/index.php\/blog-2\/ein-startseiten-abschnitt\/273-2\/die-vogeltraenke-in-meinem-garten\/#primaryimage\"},\"image\":{\"@id\":\"https:\/\/wegwerfenwargestern.de\/index.php\/blog-2\/ein-startseiten-abschnitt\/273-2\/die-vogeltraenke-in-meinem-garten\/#primaryimage\"},\"thumbnailUrl\":\"https:\/\/wegwerfenwargestern.de\/wp-content\/uploads\/2018\/07\/P1150305...1....jpg\",\"datePublished\":\"2018-09-21T16:30:15+00:00\",\"dateModified\":\"2018-09-21T16:51:00+00:00\",\"breadcrumb\":{\"@id\":\"https:\/\/wegwerfenwargestern.de\/index.php\/blog-2\/ein-startseiten-abschnitt\/273-2\/die-vogeltraenke-in-meinem-garten\/#breadcrumb\"},\"inLanguage\":\"de\",\"potentialAction\":[{\"@type\":\"ReadAction\",\"target\":[\"https:\/\/wegwerfenwargestern.de\/index.php\/blog-2\/ein-startseiten-abschnitt\/273-2\/die-vogeltraenke-in-meinem-garten\/\"]}]},{\"@type\":\"ImageObject\",\"inLanguage\":\"de\",\"@id\":\"https:\/\/wegwerfenwargestern.de\/index.php\/blog-2\/ein-startseiten-abschnitt\/273-2\/die-vogeltraenke-in-meinem-garten\/#primaryimage\",\"url\":\"https:\/\/wegwerfenwargestern.de\/wp-content\/uploads\/2018\/07\/P1150305...1....jpg\",\"contentUrl\":\"https:\/\/wegwerfenwargestern.de\/wp-content\/uploads\/2018\/07\/P1150305...1....jpg\",\"width\":389,\"height\":239},{\"@type\":\"BreadcrumbList\",\"@id\":\"https:\/\/wegwerfenwargestern.de\/index.php\/blog-2\/ein-startseiten-abschnitt\/273-2\/die-vogeltraenke-in-meinem-garten\/#breadcrumb\",\"itemListElement\":[{\"@type\":\"ListItem\",\"position\":1,\"name\":\"Startseite\",\"item\":\"https:\/\/wegwerfenwargestern.de\/\"},{\"@type\":\"ListItem\",\"position\":2,\"name\":\"Blog\",\"item\":\"https:\/\/wegwerfenwargestern.de\/index.php\/blog-2\/\"},{\"@type\":\"ListItem\",\"position\":3,\"name\":\"Ausfl\u00fcge\",\"item\":\"https:\/\/wegwerfenwargestern.de\/index.php\/blog-2\/ein-startseiten-abschnitt\/\"},{\"@type\":\"ListItem\",\"position\":4,\"name\":\"Das Vogelparadies in meinem Garten\",\"item\":\"https:\/\/wegwerfenwargestern.de\/index.php\/blog-2\/ein-startseiten-abschnitt\/273-2\/\"},{\"@type\":\"ListItem\",\"position\":5,\"name\":\"Die Vogeltr\u00e4nke in meinem Garten\"}]},{\"@type\":\"WebSite\",\"@id\":\"https:\/\/wegwerfenwargestern.de\/#website\",\"url\":\"https:\/\/wegwerfenwargestern.de\/\",\"name\":\"Wegwerfen war gestern\",\"description\":\"\",\"publisher\":{\"@id\":\"https:\/\/wegwerfenwargestern.de\/#\/schema\/person\/b1afdd8bdf19d681d1c4e6ade0c90299\"},\"potentialAction\":[{\"@type\":\"SearchAction\",\"target\":{\"@type\":\"EntryPoint\",\"urlTemplate\":\"https:\/\/wegwerfenwargestern.de\/?s={search_term_string}\"},\"query-input\":{\"@type\":\"PropertyValueSpecification\",\"valueRequired\":true,\"valueName\":\"search_term_string\"}}],\"inLanguage\":\"de\"},{\"@type\":[\"Person\",\"Organization\"],\"@id\":\"https:\/\/wegwerfenwargestern.de\/#\/schema\/person\/b1afdd8bdf19d681d1c4e6ade0c90299\",\"name\":\"Elke Jacobs\",\"image\":{\"@type\":\"ImageObject\",\"inLanguage\":\"de\",\"@id\":\"https:\/\/wegwerfenwargestern.de\/#\/schema\/person\/image\/\",\"url\":\"https:\/\/wegwerfenwargestern.de\/wp-content\/uploads\/2017\/09\/Darkanium12345.jpg\",\"contentUrl\":\"https:\/\/wegwerfenwargestern.de\/wp-content\/uploads\/2017\/09\/Darkanium12345.jpg\",\"width\":1956,\"height\":1100,\"caption\":\"Elke Jacobs\"},\"logo\":{\"@id\":\"https:\/\/wegwerfenwargestern.de\/#\/schema\/person\/image\/\"}}]}<\/script>\n<!-- \/ Yoast SEO plugin. -->","yoast_head_json":{"title":"Die Vogeltr\u00e4nke in meinem Garten -","robots":{"index":"index","follow":"follow","max-snippet":"max-snippet:-1","max-image-preview":"max-image-preview:large","max-video-preview":"max-video-preview:-1"},"canonical":"https:\/\/wegwerfenwargestern.de\/index.php\/blog-2\/ein-startseiten-abschnitt\/273-2\/die-vogeltraenke-in-meinem-garten\/","og_locale":"de_DE","og_type":"article","og_title":"Die Vogeltr\u00e4nke in meinem Garten -","og_description":"Hallo ihr lieben&#8230;. Der Sommer dieses Jahr ist echt Grandios, wir sind nun schon so lange ohne Regen. Da bleibt uns nichts anderes \u00fcbrig als auch den Tieren zu helfen damit sie was zu trinken haben. Ich habe vor einiger Zeit mal ein Vogelhaus aus W\u00e4scheklammern gebaut, da waren die Federklammern \u00fcbrig. Ich habe lange &hellip; \u201eDie Vogeltr\u00e4nke in meinem Garten\u201c weiterlesen","og_url":"https:\/\/wegwerfenwargestern.de\/index.php\/blog-2\/ein-startseiten-abschnitt\/273-2\/die-vogeltraenke-in-meinem-garten\/","article_modified_time":"2018-09-21T16:51:00+00:00","og_image":[{"width":389,"height":239,"url":"https:\/\/wegwerfenwargestern.de\/wp-content\/uploads\/2018\/07\/P1150305...1....jpg","type":"image\/jpeg"}],"twitter_card":"summary_large_image","twitter_misc":{"Gesch\u00e4tzte Lesezeit":"1\u00a0Minute"},"schema":{"@context":"https:\/\/schema.org","@graph":[{"@type":"WebPage","@id":"https:\/\/wegwerfenwargestern.de\/index.php\/blog-2\/ein-startseiten-abschnitt\/273-2\/die-vogeltraenke-in-meinem-garten\/","url":"https:\/\/wegwerfenwargestern.de\/index.php\/blog-2\/ein-startseiten-abschnitt\/273-2\/die-vogeltraenke-in-meinem-garten\/","name":"Die Vogeltr\u00e4nke in meinem Garten -","isPartOf":{"@id":"https:\/\/wegwerfenwargestern.de\/#website"},"primaryImageOfPage":{"@id":"https:\/\/wegwerfenwargestern.de\/index.php\/blog-2\/ein-startseiten-abschnitt\/273-2\/die-vogeltraenke-in-meinem-garten\/#primaryimage"},"image":{"@id":"https:\/\/wegwerfenwargestern.de\/index.php\/blog-2\/ein-startseiten-abschnitt\/273-2\/die-vogeltraenke-in-meinem-garten\/#primaryimage"},"thumbnailUrl":"https:\/\/wegwerfenwargestern.de\/wp-content\/uploads\/2018\/07\/P1150305...1....jpg","datePublished":"2018-09-21T16:30:15+00:00","dateModified":"2018-09-21T16:51:00+00:00","breadcrumb":{"@id":"https:\/\/wegwerfenwargestern.de\/index.php\/blog-2\/ein-startseiten-abschnitt\/273-2\/die-vogeltraenke-in-meinem-garten\/#breadcrumb"},"inLanguage":"de","potentialAction":[{"@type":"ReadAction","target":["https:\/\/wegwerfenwargestern.de\/index.php\/blog-2\/ein-startseiten-abschnitt\/273-2\/die-vogeltraenke-in-meinem-garten\/"]}]},{"@type":"ImageObject","inLanguage":"de","@id":"https:\/\/wegwerfenwargestern.de\/index.php\/blog-2\/ein-startseiten-abschnitt\/273-2\/die-vogeltraenke-in-meinem-garten\/#primaryimage","url":"https:\/\/wegwerfenwargestern.de\/wp-content\/uploads\/2018\/07\/P1150305...1....jpg","contentUrl":"https:\/\/wegwerfenwargestern.de\/wp-content\/uploads\/2018\/07\/P1150305...1....jpg","width":389,"height":239},{"@type":"BreadcrumbList","@id":"https:\/\/wegwerfenwargestern.de\/index.php\/blog-2\/ein-startseiten-abschnitt\/273-2\/die-vogeltraenke-in-meinem-garten\/#breadcrumb","itemListElement":[{"@type":"ListItem","position":1,"name":"Startseite","item":"https:\/\/wegwerfenwargestern.de\/"},{"@type":"ListItem","position":2,"name":"Blog","item":"https:\/\/wegwerfenwargestern.de\/index.php\/blog-2\/"},{"@type":"ListItem","position":3,"name":"Ausfl\u00fcge","item":"https:\/\/wegwerfenwargestern.de\/index.php\/blog-2\/ein-startseiten-abschnitt\/"},{"@type":"ListItem","position":4,"name":"Das Vogelparadies in meinem Garten","item":"https:\/\/wegwerfenwargestern.de\/index.php\/blog-2\/ein-startseiten-abschnitt\/273-2\/"},{"@type":"ListItem","position":5,"name":"Die Vogeltr\u00e4nke in meinem Garten"}]},{"@type":"WebSite","@id":"https:\/\/wegwerfenwargestern.de\/#website","url":"https:\/\/wegwerfenwargestern.de\/","name":"Wegwerfen war gestern","description":"","publisher":{"@id":"https:\/\/wegwerfenwargestern.de\/#\/schema\/person\/b1afdd8bdf19d681d1c4e6ade0c90299"},"potentialAction":[{"@type":"SearchAction","target":{"@type":"EntryPoint","urlTemplate":"https:\/\/wegwerfenwargestern.de\/?s={search_term_string}"},"query-input":{"@type":"PropertyValueSpecification","valueRequired":true,"valueName":"search_term_string"}}],"inLanguage":"de"},{"@type":["Person","Organization"],"@id":"https:\/\/wegwerfenwargestern.de\/#\/schema\/person\/b1afdd8bdf19d681d1c4e6ade0c90299","name":"Elke Jacobs","image":{"@type":"ImageObject","inLanguage":"de","@id":"https:\/\/wegwerfenwargestern.de\/#\/schema\/person\/image\/","url":"https:\/\/wegwerfenwargestern.de\/wp-content\/uploads\/2017\/09\/Darkanium12345.jpg","contentUrl":"https:\/\/wegwerfenwargestern.de\/wp-content\/uploads\/2017\/09\/Darkanium12345.jpg","width":1956,"height":1100,"caption":"Elke Jacobs"},"logo":{"@id":"https:\/\/wegwerfenwargestern.de\/#\/schema\/person\/image\/"}}]}},"_links":{"self":[{"href":"https:\/\/wegwerfenwargestern.de\/index.php\/wp-json\/wp\/v2\/pages\/1430","targetHints":{"allow":["GET"]}}],"collection":[{"href":"https:\/\/wegwerfenwargestern.de\/index.php\/wp-json\/wp\/v2\/pages"}],"about":[{"href":"https:\/\/wegwerfenwargestern.de\/index.php\/wp-json\/wp\/v2\/types\/page"}],"author":[{"embeddable":true,"href":"https:\/\/wegwerfenwargestern.de\/index.php\/wp-json\/wp\/v2\/users\/2"}],"replies":[{"embeddable":true,"href":"https:\/\/wegwerfenwargestern.de\/index.php\/wp-json\/wp\/v2\/comments?post=1430"}],"version-history":[{"count":1,"href":"https:\/\/wegwerfenwargestern.de\/index.php\/wp-json\/wp\/v2\/pages\/1430\/revisions"}],"predecessor-version":[{"id":1431,"href":"https:\/\/wegwerfenwargestern.de\/index.php\/wp-json\/wp\/v2\/pages\/1430\/revisions\/1431"}],"up":[{"embeddable":true,"href":"https:\/\/wegwerfenwargestern.de\/index.php\/wp-json\/wp\/v2\/pages\/273"}],"wp:attachment":[{"href":"https:\/\/wegwerfenwargestern.de\/index.php\/wp-json\/wp\/v2\/media?parent=1430"}],"curies":[{"name":"wp","href":"https:\/\/api.w.org\/{rel}","templated":true}]}}