{"id":1451,"date":"2018-09-21T20:02:15","date_gmt":"2018-09-21T18:02:15","guid":{"rendered":"https:\/\/wegwerfenwargestern.darkanium.de\/?page_id=1451"},"modified":"2018-09-22T20:05:02","modified_gmt":"2018-09-22T18:05:02","slug":"silvester-serviettenring-mit-namensschild","status":"publish","type":"page","link":"https:\/\/wegwerfenwargestern.de\/index.php\/blog-2\/2016-3\/silvester-serviettenring-mit-namensschild\/","title":{"rendered":"Silvester Serviettenring mit Namensschild"},"content":{"rendered":"<p>Hallo ihr lieben&#8230;<\/p>\n<p>Serviettenringe werden\u00a0 ja eigentlich nicht mehr so gebraucht, aber mit dem Namenschild daran geht es doch &#8230;.<\/p>\n<p><img loading=\"lazy\" decoding=\"async\" class=\"alignnone size-full wp-image-721\" src=\"https:\/\/wegwerfenwargestern.de\/wp-content\/uploads\/2018\/07\/DSC09842...1....jpg\" alt=\"\" width=\"480\" height=\"270\" \/><\/p>\n<p>Wie ich diesen Serviettenring mit Namensschild gebastelt habe, das k\u00f6nnt ihr euch in diesem Video anschauen&#8230;<\/p>\n<p><a href=\"https:\/\/www.youtube.com\/watch?v=9vAAg9uq5KE\">https:\/\/www.youtube.com\/watch?v=9vAAg9uq5KE<\/a><\/p>\n<p>Nun w\u00fcnsche ich euch viel Spa\u00df beim nachbasten&#8230;.<\/p>\n<p>Liebe Gr\u00fc\u00dfe<\/p>\n<p>Elke<\/p>\n","protected":false},"excerpt":{"rendered":"<p>Hallo ihr lieben&#8230; Serviettenringe werden\u00a0 ja eigentlich nicht mehr so gebraucht, aber mit dem Namenschild daran geht es doch &#8230;. Wie ich diesen Serviettenring mit Namensschild gebastelt habe, das k\u00f6nnt ihr euch in diesem Video anschauen&#8230; https:\/\/www.youtube.com\/watch?v=9vAAg9uq5KE Nun w\u00fcnsche ich euch viel Spa\u00df beim nachbasten&#8230;. Liebe Gr\u00fc\u00dfe Elke<\/p>\n","protected":false},"author":2,"featured_media":0,"parent":1808,"menu_order":0,"comment_status":"closed","ping_status":"closed","template":"","meta":{"footnotes":""},"class_list":["post-1451","page","type-page","status-publish","hentry"],"yoast_head":"<!-- This site is optimized with the Yoast SEO plugin v25.8 - https:\/\/yoast.com\/wordpress\/plugins\/seo\/ -->\n<title>Silvester Serviettenring mit Namensschild -<\/title>\n<meta name=\"robots\" content=\"index, follow, max-snippet:-1, max-image-preview:large, max-video-preview:-1\" \/>\n<link rel=\"canonical\" href=\"https:\/\/wegwerfenwargestern.de\/index.php\/blog-2\/2016-3\/silvester-serviettenring-mit-namensschild\/\" \/>\n<meta property=\"og:locale\" content=\"de_DE\" \/>\n<meta property=\"og:type\" content=\"article\" \/>\n<meta property=\"og:title\" content=\"Silvester Serviettenring mit Namensschild -\" \/>\n<meta property=\"og:description\" content=\"Hallo ihr lieben&#8230; Serviettenringe werden\u00a0 ja eigentlich nicht mehr so gebraucht, aber mit dem Namenschild daran geht es doch &#8230;. Wie ich diesen Serviettenring mit Namensschild gebastelt habe, das k\u00f6nnt ihr euch in diesem Video anschauen&#8230; https:\/\/www.youtube.com\/watch?v=9vAAg9uq5KE Nun w\u00fcnsche ich euch viel Spa\u00df beim nachbasten&#8230;. Liebe Gr\u00fc\u00dfe Elke\" \/>\n<meta property=\"og:url\" content=\"https:\/\/wegwerfenwargestern.de\/index.php\/blog-2\/2016-3\/silvester-serviettenring-mit-namensschild\/\" \/>\n<meta property=\"article:modified_time\" content=\"2018-09-22T18:05:02+00:00\" \/>\n<meta property=\"og:image\" content=\"https:\/\/wegwerfenwargestern.de\/wp-content\/uploads\/2018\/07\/DSC09842...1....jpg\" \/>\n\t<meta property=\"og:image:width\" content=\"480\" \/>\n\t<meta property=\"og:image:height\" content=\"270\" \/>\n\t<meta property=\"og:image:type\" content=\"image\/jpeg\" \/>\n<meta name=\"twitter:card\" content=\"summary_large_image\" \/>\n<script type=\"application\/ld+json\" class=\"yoast-schema-graph\">{\"@context\":\"https:\/\/schema.org\",\"@graph\":[{\"@type\":\"WebPage\",\"@id\":\"https:\/\/wegwerfenwargestern.de\/index.php\/blog-2\/2016-3\/silvester-serviettenring-mit-namensschild\/\",\"url\":\"https:\/\/wegwerfenwargestern.de\/index.php\/blog-2\/2016-3\/silvester-serviettenring-mit-namensschild\/\",\"name\":\"Silvester Serviettenring mit Namensschild -\",\"isPartOf\":{\"@id\":\"https:\/\/wegwerfenwargestern.de\/#website\"},\"primaryImageOfPage\":{\"@id\":\"https:\/\/wegwerfenwargestern.de\/index.php\/blog-2\/2016-3\/silvester-serviettenring-mit-namensschild\/#primaryimage\"},\"image\":{\"@id\":\"https:\/\/wegwerfenwargestern.de\/index.php\/blog-2\/2016-3\/silvester-serviettenring-mit-namensschild\/#primaryimage\"},\"thumbnailUrl\":\"https:\/\/wegwerfenwargestern.de\/wp-content\/uploads\/2018\/07\/DSC09842...1....jpg\",\"datePublished\":\"2018-09-21T18:02:15+00:00\",\"dateModified\":\"2018-09-22T18:05:02+00:00\",\"breadcrumb\":{\"@id\":\"https:\/\/wegwerfenwargestern.de\/index.php\/blog-2\/2016-3\/silvester-serviettenring-mit-namensschild\/#breadcrumb\"},\"inLanguage\":\"de\",\"potentialAction\":[{\"@type\":\"ReadAction\",\"target\":[\"https:\/\/wegwerfenwargestern.de\/index.php\/blog-2\/2016-3\/silvester-serviettenring-mit-namensschild\/\"]}]},{\"@type\":\"ImageObject\",\"inLanguage\":\"de\",\"@id\":\"https:\/\/wegwerfenwargestern.de\/index.php\/blog-2\/2016-3\/silvester-serviettenring-mit-namensschild\/#primaryimage\",\"url\":\"https:\/\/wegwerfenwargestern.de\/wp-content\/uploads\/2018\/07\/DSC09842...1....jpg\",\"contentUrl\":\"https:\/\/wegwerfenwargestern.de\/wp-content\/uploads\/2018\/07\/DSC09842...1....jpg\",\"width\":480,\"height\":270},{\"@type\":\"BreadcrumbList\",\"@id\":\"https:\/\/wegwerfenwargestern.de\/index.php\/blog-2\/2016-3\/silvester-serviettenring-mit-namensschild\/#breadcrumb\",\"itemListElement\":[{\"@type\":\"ListItem\",\"position\":1,\"name\":\"Startseite\",\"item\":\"https:\/\/wegwerfenwargestern.de\/\"},{\"@type\":\"ListItem\",\"position\":2,\"name\":\"Blog\",\"item\":\"https:\/\/wegwerfenwargestern.de\/index.php\/blog-2\/\"},{\"@type\":\"ListItem\",\"position\":3,\"name\":\"2017\",\"item\":\"https:\/\/wegwerfenwargestern.de\/index.php\/blog-2\/2016-3\/\"},{\"@type\":\"ListItem\",\"position\":4,\"name\":\"Silvester Serviettenring mit Namensschild\"}]},{\"@type\":\"WebSite\",\"@id\":\"https:\/\/wegwerfenwargestern.de\/#website\",\"url\":\"https:\/\/wegwerfenwargestern.de\/\",\"name\":\"Wegwerfen war gestern\",\"description\":\"\",\"publisher\":{\"@id\":\"https:\/\/wegwerfenwargestern.de\/#\/schema\/person\/b1afdd8bdf19d681d1c4e6ade0c90299\"},\"potentialAction\":[{\"@type\":\"SearchAction\",\"target\":{\"@type\":\"EntryPoint\",\"urlTemplate\":\"https:\/\/wegwerfenwargestern.de\/?s={search_term_string}\"},\"query-input\":{\"@type\":\"PropertyValueSpecification\",\"valueRequired\":true,\"valueName\":\"search_term_string\"}}],\"inLanguage\":\"de\"},{\"@type\":[\"Person\",\"Organization\"],\"@id\":\"https:\/\/wegwerfenwargestern.de\/#\/schema\/person\/b1afdd8bdf19d681d1c4e6ade0c90299\",\"name\":\"Elke Jacobs\",\"image\":{\"@type\":\"ImageObject\",\"inLanguage\":\"de\",\"@id\":\"https:\/\/wegwerfenwargestern.de\/#\/schema\/person\/image\/\",\"url\":\"https:\/\/wegwerfenwargestern.de\/wp-content\/uploads\/2017\/09\/Darkanium12345.jpg\",\"contentUrl\":\"https:\/\/wegwerfenwargestern.de\/wp-content\/uploads\/2017\/09\/Darkanium12345.jpg\",\"width\":1956,\"height\":1100,\"caption\":\"Elke Jacobs\"},\"logo\":{\"@id\":\"https:\/\/wegwerfenwargestern.de\/#\/schema\/person\/image\/\"}}]}<\/script>\n<!-- \/ Yoast SEO plugin. -->","yoast_head_json":{"title":"Silvester Serviettenring mit Namensschild -","robots":{"index":"index","follow":"follow","max-snippet":"max-snippet:-1","max-image-preview":"max-image-preview:large","max-video-preview":"max-video-preview:-1"},"canonical":"https:\/\/wegwerfenwargestern.de\/index.php\/blog-2\/2016-3\/silvester-serviettenring-mit-namensschild\/","og_locale":"de_DE","og_type":"article","og_title":"Silvester Serviettenring mit Namensschild -","og_description":"Hallo ihr lieben&#8230; Serviettenringe werden\u00a0 ja eigentlich nicht mehr so gebraucht, aber mit dem Namenschild daran geht es doch &#8230;. Wie ich diesen Serviettenring mit Namensschild gebastelt habe, das k\u00f6nnt ihr euch in diesem Video anschauen&#8230; https:\/\/www.youtube.com\/watch?v=9vAAg9uq5KE Nun w\u00fcnsche ich euch viel Spa\u00df beim nachbasten&#8230;. Liebe Gr\u00fc\u00dfe Elke","og_url":"https:\/\/wegwerfenwargestern.de\/index.php\/blog-2\/2016-3\/silvester-serviettenring-mit-namensschild\/","article_modified_time":"2018-09-22T18:05:02+00:00","og_image":[{"width":480,"height":270,"url":"https:\/\/wegwerfenwargestern.de\/wp-content\/uploads\/2018\/07\/DSC09842...1....jpg","type":"image\/jpeg"}],"twitter_card":"summary_large_image","schema":{"@context":"https:\/\/schema.org","@graph":[{"@type":"WebPage","@id":"https:\/\/wegwerfenwargestern.de\/index.php\/blog-2\/2016-3\/silvester-serviettenring-mit-namensschild\/","url":"https:\/\/wegwerfenwargestern.de\/index.php\/blog-2\/2016-3\/silvester-serviettenring-mit-namensschild\/","name":"Silvester Serviettenring mit Namensschild -","isPartOf":{"@id":"https:\/\/wegwerfenwargestern.de\/#website"},"primaryImageOfPage":{"@id":"https:\/\/wegwerfenwargestern.de\/index.php\/blog-2\/2016-3\/silvester-serviettenring-mit-namensschild\/#primaryimage"},"image":{"@id":"https:\/\/wegwerfenwargestern.de\/index.php\/blog-2\/2016-3\/silvester-serviettenring-mit-namensschild\/#primaryimage"},"thumbnailUrl":"https:\/\/wegwerfenwargestern.de\/wp-content\/uploads\/2018\/07\/DSC09842...1....jpg","datePublished":"2018-09-21T18:02:15+00:00","dateModified":"2018-09-22T18:05:02+00:00","breadcrumb":{"@id":"https:\/\/wegwerfenwargestern.de\/index.php\/blog-2\/2016-3\/silvester-serviettenring-mit-namensschild\/#breadcrumb"},"inLanguage":"de","potentialAction":[{"@type":"ReadAction","target":["https:\/\/wegwerfenwargestern.de\/index.php\/blog-2\/2016-3\/silvester-serviettenring-mit-namensschild\/"]}]},{"@type":"ImageObject","inLanguage":"de","@id":"https:\/\/wegwerfenwargestern.de\/index.php\/blog-2\/2016-3\/silvester-serviettenring-mit-namensschild\/#primaryimage","url":"https:\/\/wegwerfenwargestern.de\/wp-content\/uploads\/2018\/07\/DSC09842...1....jpg","contentUrl":"https:\/\/wegwerfenwargestern.de\/wp-content\/uploads\/2018\/07\/DSC09842...1....jpg","width":480,"height":270},{"@type":"BreadcrumbList","@id":"https:\/\/wegwerfenwargestern.de\/index.php\/blog-2\/2016-3\/silvester-serviettenring-mit-namensschild\/#breadcrumb","itemListElement":[{"@type":"ListItem","position":1,"name":"Startseite","item":"https:\/\/wegwerfenwargestern.de\/"},{"@type":"ListItem","position":2,"name":"Blog","item":"https:\/\/wegwerfenwargestern.de\/index.php\/blog-2\/"},{"@type":"ListItem","position":3,"name":"2017","item":"https:\/\/wegwerfenwargestern.de\/index.php\/blog-2\/2016-3\/"},{"@type":"ListItem","position":4,"name":"Silvester Serviettenring mit Namensschild"}]},{"@type":"WebSite","@id":"https:\/\/wegwerfenwargestern.de\/#website","url":"https:\/\/wegwerfenwargestern.de\/","name":"Wegwerfen war gestern","description":"","publisher":{"@id":"https:\/\/wegwerfenwargestern.de\/#\/schema\/person\/b1afdd8bdf19d681d1c4e6ade0c90299"},"potentialAction":[{"@type":"SearchAction","target":{"@type":"EntryPoint","urlTemplate":"https:\/\/wegwerfenwargestern.de\/?s={search_term_string}"},"query-input":{"@type":"PropertyValueSpecification","valueRequired":true,"valueName":"search_term_string"}}],"inLanguage":"de"},{"@type":["Person","Organization"],"@id":"https:\/\/wegwerfenwargestern.de\/#\/schema\/person\/b1afdd8bdf19d681d1c4e6ade0c90299","name":"Elke Jacobs","image":{"@type":"ImageObject","inLanguage":"de","@id":"https:\/\/wegwerfenwargestern.de\/#\/schema\/person\/image\/","url":"https:\/\/wegwerfenwargestern.de\/wp-content\/uploads\/2017\/09\/Darkanium12345.jpg","contentUrl":"https:\/\/wegwerfenwargestern.de\/wp-content\/uploads\/2017\/09\/Darkanium12345.jpg","width":1956,"height":1100,"caption":"Elke Jacobs"},"logo":{"@id":"https:\/\/wegwerfenwargestern.de\/#\/schema\/person\/image\/"}}]}},"_links":{"self":[{"href":"https:\/\/wegwerfenwargestern.de\/index.php\/wp-json\/wp\/v2\/pages\/1451","targetHints":{"allow":["GET"]}}],"collection":[{"href":"https:\/\/wegwerfenwargestern.de\/index.php\/wp-json\/wp\/v2\/pages"}],"about":[{"href":"https:\/\/wegwerfenwargestern.de\/index.php\/wp-json\/wp\/v2\/types\/page"}],"author":[{"embeddable":true,"href":"https:\/\/wegwerfenwargestern.de\/index.php\/wp-json\/wp\/v2\/users\/2"}],"replies":[{"embeddable":true,"href":"https:\/\/wegwerfenwargestern.de\/index.php\/wp-json\/wp\/v2\/comments?post=1451"}],"version-history":[{"count":1,"href":"https:\/\/wegwerfenwargestern.de\/index.php\/wp-json\/wp\/v2\/pages\/1451\/revisions"}],"predecessor-version":[{"id":1453,"href":"https:\/\/wegwerfenwargestern.de\/index.php\/wp-json\/wp\/v2\/pages\/1451\/revisions\/1453"}],"up":[{"embeddable":true,"href":"https:\/\/wegwerfenwargestern.de\/index.php\/wp-json\/wp\/v2\/pages\/1808"}],"wp:attachment":[{"href":"https:\/\/wegwerfenwargestern.de\/index.php\/wp-json\/wp\/v2\/media?parent=1451"}],"curies":[{"name":"wp","href":"https:\/\/api.w.org\/{rel}","templated":true}]}}