{"id":1464,"date":"2018-09-21T20:47:05","date_gmt":"2018-09-21T18:47:05","guid":{"rendered":"https:\/\/wegwerfenwargestern.darkanium.de\/?page_id=1464"},"modified":"2018-09-22T18:54:51","modified_gmt":"2018-09-22T16:54:51","slug":"der-gewuerzstrauss","status":"publish","type":"page","link":"https:\/\/wegwerfenwargestern.de\/index.php\/blog-2\/2016-3\/der-gewuerzstrauss\/","title":{"rendered":"Der Gew\u00fcrzstrau\u00df"},"content":{"rendered":"<p>Hallo ihr lieben&#8230;<\/p>\n<p>Vor ein paar Tagen war ich zu Besuch, als die T\u00fcr auf ging, f\u00fchlte ich mich direkt zur\u00fcck versetzt in meine Kindheit bei Oma. Da war er wieder dieser Duft\u00a0 von Oma ihrem selbst gebastelten Gew\u00fcrz Strau\u00df.\u00a0 Und dann dachte ich bastel dir doch auch mal einen &#8230;..<\/p>\n<p><img loading=\"lazy\" decoding=\"async\" class=\"alignnone size-full wp-image-389\" src=\"https:\/\/wegwerfenwargestern.de\/wp-content\/uploads\/2018\/07\/P1070011..1.2.jpg\" alt=\"\" width=\"375\" height=\"348\" \/><\/p>\n<p>Ich bin der Meinung das man diese Str\u00e4u\u00dfe auch heute gut in der Wohnung stehen haben kann, man braucht nicht unbedingt Duft Sprays bei dieser Alternative. Wie ich den Strau\u00df gebastelt habe zeige ich euch hier in diesem Video&#8230;<\/p>\n<p><a href=\"https:\/\/www.youtube.com\/watch?v=IiSBJjRcNJU\">https:\/\/www.youtube.com\/watch?v=IiSBJjRcNJU<\/a><\/p>\n<p>Nun w\u00fcnsche ich euch viel Spa\u00df beim nach basteln&#8230;<\/p>\n<p>Liebe Gr\u00fc\u00dfe<\/p>\n<p>Elke<\/p>\n","protected":false},"excerpt":{"rendered":"<p>Hallo ihr lieben&#8230; Vor ein paar Tagen war ich zu Besuch, als die T\u00fcr auf ging, f\u00fchlte ich mich direkt zur\u00fcck versetzt in meine Kindheit bei Oma. Da war er wieder dieser Duft\u00a0 von Oma ihrem selbst gebastelten Gew\u00fcrz Strau\u00df.\u00a0 Und dann dachte ich bastel dir doch auch mal einen &#8230;.. Ich bin der Meinung &hellip; <\/p>\n<p class=\"link-more\"><a href=\"https:\/\/wegwerfenwargestern.de\/index.php\/blog-2\/2016-3\/der-gewuerzstrauss\/\" class=\"more-link\"><span class=\"screen-reader-text\">\u201eDer Gew\u00fcrzstrau\u00df\u201c <\/span>weiterlesen<\/a><\/p>\n","protected":false},"author":2,"featured_media":0,"parent":1808,"menu_order":0,"comment_status":"closed","ping_status":"closed","template":"","meta":{"footnotes":""},"class_list":["post-1464","page","type-page","status-publish","hentry"],"yoast_head":"<!-- This site is optimized with the Yoast SEO plugin v25.8 - https:\/\/yoast.com\/wordpress\/plugins\/seo\/ -->\n<title>Der Gew\u00fcrzstrau\u00df -<\/title>\n<meta name=\"robots\" content=\"index, follow, max-snippet:-1, max-image-preview:large, max-video-preview:-1\" \/>\n<link rel=\"canonical\" href=\"https:\/\/wegwerfenwargestern.de\/index.php\/blog-2\/2016-3\/der-gewuerzstrauss\/\" \/>\n<meta property=\"og:locale\" content=\"de_DE\" \/>\n<meta property=\"og:type\" content=\"article\" \/>\n<meta property=\"og:title\" content=\"Der Gew\u00fcrzstrau\u00df -\" \/>\n<meta property=\"og:description\" content=\"Hallo ihr lieben&#8230; Vor ein paar Tagen war ich zu Besuch, als die T\u00fcr auf ging, f\u00fchlte ich mich direkt zur\u00fcck versetzt in meine Kindheit bei Oma. Da war er wieder dieser Duft\u00a0 von Oma ihrem selbst gebastelten Gew\u00fcrz Strau\u00df.\u00a0 Und dann dachte ich bastel dir doch auch mal einen &#8230;.. Ich bin der Meinung &hellip; \u201eDer Gew\u00fcrzstrau\u00df\u201c weiterlesen\" \/>\n<meta property=\"og:url\" content=\"https:\/\/wegwerfenwargestern.de\/index.php\/blog-2\/2016-3\/der-gewuerzstrauss\/\" \/>\n<meta property=\"article:modified_time\" content=\"2018-09-22T16:54:51+00:00\" \/>\n<meta property=\"og:image\" content=\"https:\/\/wegwerfenwargestern.de\/wp-content\/uploads\/2018\/07\/P1070011..1.2.jpg\" \/>\n\t<meta property=\"og:image:width\" content=\"375\" \/>\n\t<meta property=\"og:image:height\" content=\"348\" \/>\n\t<meta property=\"og:image:type\" content=\"image\/jpeg\" \/>\n<meta name=\"twitter:card\" content=\"summary_large_image\" \/>\n<meta name=\"twitter:label1\" content=\"Gesch\u00e4tzte Lesezeit\" \/>\n\t<meta name=\"twitter:data1\" content=\"1\u00a0Minute\" \/>\n<script type=\"application\/ld+json\" class=\"yoast-schema-graph\">{\"@context\":\"https:\/\/schema.org\",\"@graph\":[{\"@type\":\"WebPage\",\"@id\":\"https:\/\/wegwerfenwargestern.de\/index.php\/blog-2\/2016-3\/der-gewuerzstrauss\/\",\"url\":\"https:\/\/wegwerfenwargestern.de\/index.php\/blog-2\/2016-3\/der-gewuerzstrauss\/\",\"name\":\"Der Gew\u00fcrzstrau\u00df -\",\"isPartOf\":{\"@id\":\"https:\/\/wegwerfenwargestern.de\/#website\"},\"primaryImageOfPage\":{\"@id\":\"https:\/\/wegwerfenwargestern.de\/index.php\/blog-2\/2016-3\/der-gewuerzstrauss\/#primaryimage\"},\"image\":{\"@id\":\"https:\/\/wegwerfenwargestern.de\/index.php\/blog-2\/2016-3\/der-gewuerzstrauss\/#primaryimage\"},\"thumbnailUrl\":\"https:\/\/wegwerfenwargestern.de\/wp-content\/uploads\/2018\/07\/P1070011..1.2.jpg\",\"datePublished\":\"2018-09-21T18:47:05+00:00\",\"dateModified\":\"2018-09-22T16:54:51+00:00\",\"breadcrumb\":{\"@id\":\"https:\/\/wegwerfenwargestern.de\/index.php\/blog-2\/2016-3\/der-gewuerzstrauss\/#breadcrumb\"},\"inLanguage\":\"de\",\"potentialAction\":[{\"@type\":\"ReadAction\",\"target\":[\"https:\/\/wegwerfenwargestern.de\/index.php\/blog-2\/2016-3\/der-gewuerzstrauss\/\"]}]},{\"@type\":\"ImageObject\",\"inLanguage\":\"de\",\"@id\":\"https:\/\/wegwerfenwargestern.de\/index.php\/blog-2\/2016-3\/der-gewuerzstrauss\/#primaryimage\",\"url\":\"https:\/\/wegwerfenwargestern.de\/wp-content\/uploads\/2018\/07\/P1070011..1.2.jpg\",\"contentUrl\":\"https:\/\/wegwerfenwargestern.de\/wp-content\/uploads\/2018\/07\/P1070011..1.2.jpg\",\"width\":375,\"height\":348},{\"@type\":\"BreadcrumbList\",\"@id\":\"https:\/\/wegwerfenwargestern.de\/index.php\/blog-2\/2016-3\/der-gewuerzstrauss\/#breadcrumb\",\"itemListElement\":[{\"@type\":\"ListItem\",\"position\":1,\"name\":\"Startseite\",\"item\":\"https:\/\/wegwerfenwargestern.de\/\"},{\"@type\":\"ListItem\",\"position\":2,\"name\":\"Blog\",\"item\":\"https:\/\/wegwerfenwargestern.de\/index.php\/blog-2\/\"},{\"@type\":\"ListItem\",\"position\":3,\"name\":\"2017\",\"item\":\"https:\/\/wegwerfenwargestern.de\/index.php\/blog-2\/2016-3\/\"},{\"@type\":\"ListItem\",\"position\":4,\"name\":\"Der Gew\u00fcrzstrau\u00df\"}]},{\"@type\":\"WebSite\",\"@id\":\"https:\/\/wegwerfenwargestern.de\/#website\",\"url\":\"https:\/\/wegwerfenwargestern.de\/\",\"name\":\"Wegwerfen war gestern\",\"description\":\"\",\"publisher\":{\"@id\":\"https:\/\/wegwerfenwargestern.de\/#\/schema\/person\/b1afdd8bdf19d681d1c4e6ade0c90299\"},\"potentialAction\":[{\"@type\":\"SearchAction\",\"target\":{\"@type\":\"EntryPoint\",\"urlTemplate\":\"https:\/\/wegwerfenwargestern.de\/?s={search_term_string}\"},\"query-input\":{\"@type\":\"PropertyValueSpecification\",\"valueRequired\":true,\"valueName\":\"search_term_string\"}}],\"inLanguage\":\"de\"},{\"@type\":[\"Person\",\"Organization\"],\"@id\":\"https:\/\/wegwerfenwargestern.de\/#\/schema\/person\/b1afdd8bdf19d681d1c4e6ade0c90299\",\"name\":\"Elke Jacobs\",\"image\":{\"@type\":\"ImageObject\",\"inLanguage\":\"de\",\"@id\":\"https:\/\/wegwerfenwargestern.de\/#\/schema\/person\/image\/\",\"url\":\"https:\/\/wegwerfenwargestern.de\/wp-content\/uploads\/2017\/09\/Darkanium12345.jpg\",\"contentUrl\":\"https:\/\/wegwerfenwargestern.de\/wp-content\/uploads\/2017\/09\/Darkanium12345.jpg\",\"width\":1956,\"height\":1100,\"caption\":\"Elke Jacobs\"},\"logo\":{\"@id\":\"https:\/\/wegwerfenwargestern.de\/#\/schema\/person\/image\/\"}}]}<\/script>\n<!-- \/ Yoast SEO plugin. -->","yoast_head_json":{"title":"Der Gew\u00fcrzstrau\u00df -","robots":{"index":"index","follow":"follow","max-snippet":"max-snippet:-1","max-image-preview":"max-image-preview:large","max-video-preview":"max-video-preview:-1"},"canonical":"https:\/\/wegwerfenwargestern.de\/index.php\/blog-2\/2016-3\/der-gewuerzstrauss\/","og_locale":"de_DE","og_type":"article","og_title":"Der Gew\u00fcrzstrau\u00df -","og_description":"Hallo ihr lieben&#8230; Vor ein paar Tagen war ich zu Besuch, als die T\u00fcr auf ging, f\u00fchlte ich mich direkt zur\u00fcck versetzt in meine Kindheit bei Oma. Da war er wieder dieser Duft\u00a0 von Oma ihrem selbst gebastelten Gew\u00fcrz Strau\u00df.\u00a0 Und dann dachte ich bastel dir doch auch mal einen &#8230;.. Ich bin der Meinung &hellip; \u201eDer Gew\u00fcrzstrau\u00df\u201c weiterlesen","og_url":"https:\/\/wegwerfenwargestern.de\/index.php\/blog-2\/2016-3\/der-gewuerzstrauss\/","article_modified_time":"2018-09-22T16:54:51+00:00","og_image":[{"width":375,"height":348,"url":"https:\/\/wegwerfenwargestern.de\/wp-content\/uploads\/2018\/07\/P1070011..1.2.jpg","type":"image\/jpeg"}],"twitter_card":"summary_large_image","twitter_misc":{"Gesch\u00e4tzte Lesezeit":"1\u00a0Minute"},"schema":{"@context":"https:\/\/schema.org","@graph":[{"@type":"WebPage","@id":"https:\/\/wegwerfenwargestern.de\/index.php\/blog-2\/2016-3\/der-gewuerzstrauss\/","url":"https:\/\/wegwerfenwargestern.de\/index.php\/blog-2\/2016-3\/der-gewuerzstrauss\/","name":"Der Gew\u00fcrzstrau\u00df -","isPartOf":{"@id":"https:\/\/wegwerfenwargestern.de\/#website"},"primaryImageOfPage":{"@id":"https:\/\/wegwerfenwargestern.de\/index.php\/blog-2\/2016-3\/der-gewuerzstrauss\/#primaryimage"},"image":{"@id":"https:\/\/wegwerfenwargestern.de\/index.php\/blog-2\/2016-3\/der-gewuerzstrauss\/#primaryimage"},"thumbnailUrl":"https:\/\/wegwerfenwargestern.de\/wp-content\/uploads\/2018\/07\/P1070011..1.2.jpg","datePublished":"2018-09-21T18:47:05+00:00","dateModified":"2018-09-22T16:54:51+00:00","breadcrumb":{"@id":"https:\/\/wegwerfenwargestern.de\/index.php\/blog-2\/2016-3\/der-gewuerzstrauss\/#breadcrumb"},"inLanguage":"de","potentialAction":[{"@type":"ReadAction","target":["https:\/\/wegwerfenwargestern.de\/index.php\/blog-2\/2016-3\/der-gewuerzstrauss\/"]}]},{"@type":"ImageObject","inLanguage":"de","@id":"https:\/\/wegwerfenwargestern.de\/index.php\/blog-2\/2016-3\/der-gewuerzstrauss\/#primaryimage","url":"https:\/\/wegwerfenwargestern.de\/wp-content\/uploads\/2018\/07\/P1070011..1.2.jpg","contentUrl":"https:\/\/wegwerfenwargestern.de\/wp-content\/uploads\/2018\/07\/P1070011..1.2.jpg","width":375,"height":348},{"@type":"BreadcrumbList","@id":"https:\/\/wegwerfenwargestern.de\/index.php\/blog-2\/2016-3\/der-gewuerzstrauss\/#breadcrumb","itemListElement":[{"@type":"ListItem","position":1,"name":"Startseite","item":"https:\/\/wegwerfenwargestern.de\/"},{"@type":"ListItem","position":2,"name":"Blog","item":"https:\/\/wegwerfenwargestern.de\/index.php\/blog-2\/"},{"@type":"ListItem","position":3,"name":"2017","item":"https:\/\/wegwerfenwargestern.de\/index.php\/blog-2\/2016-3\/"},{"@type":"ListItem","position":4,"name":"Der Gew\u00fcrzstrau\u00df"}]},{"@type":"WebSite","@id":"https:\/\/wegwerfenwargestern.de\/#website","url":"https:\/\/wegwerfenwargestern.de\/","name":"Wegwerfen war gestern","description":"","publisher":{"@id":"https:\/\/wegwerfenwargestern.de\/#\/schema\/person\/b1afdd8bdf19d681d1c4e6ade0c90299"},"potentialAction":[{"@type":"SearchAction","target":{"@type":"EntryPoint","urlTemplate":"https:\/\/wegwerfenwargestern.de\/?s={search_term_string}"},"query-input":{"@type":"PropertyValueSpecification","valueRequired":true,"valueName":"search_term_string"}}],"inLanguage":"de"},{"@type":["Person","Organization"],"@id":"https:\/\/wegwerfenwargestern.de\/#\/schema\/person\/b1afdd8bdf19d681d1c4e6ade0c90299","name":"Elke Jacobs","image":{"@type":"ImageObject","inLanguage":"de","@id":"https:\/\/wegwerfenwargestern.de\/#\/schema\/person\/image\/","url":"https:\/\/wegwerfenwargestern.de\/wp-content\/uploads\/2017\/09\/Darkanium12345.jpg","contentUrl":"https:\/\/wegwerfenwargestern.de\/wp-content\/uploads\/2017\/09\/Darkanium12345.jpg","width":1956,"height":1100,"caption":"Elke Jacobs"},"logo":{"@id":"https:\/\/wegwerfenwargestern.de\/#\/schema\/person\/image\/"}}]}},"_links":{"self":[{"href":"https:\/\/wegwerfenwargestern.de\/index.php\/wp-json\/wp\/v2\/pages\/1464","targetHints":{"allow":["GET"]}}],"collection":[{"href":"https:\/\/wegwerfenwargestern.de\/index.php\/wp-json\/wp\/v2\/pages"}],"about":[{"href":"https:\/\/wegwerfenwargestern.de\/index.php\/wp-json\/wp\/v2\/types\/page"}],"author":[{"embeddable":true,"href":"https:\/\/wegwerfenwargestern.de\/index.php\/wp-json\/wp\/v2\/users\/2"}],"replies":[{"embeddable":true,"href":"https:\/\/wegwerfenwargestern.de\/index.php\/wp-json\/wp\/v2\/comments?post=1464"}],"version-history":[{"count":1,"href":"https:\/\/wegwerfenwargestern.de\/index.php\/wp-json\/wp\/v2\/pages\/1464\/revisions"}],"predecessor-version":[{"id":1466,"href":"https:\/\/wegwerfenwargestern.de\/index.php\/wp-json\/wp\/v2\/pages\/1464\/revisions\/1466"}],"up":[{"embeddable":true,"href":"https:\/\/wegwerfenwargestern.de\/index.php\/wp-json\/wp\/v2\/pages\/1808"}],"wp:attachment":[{"href":"https:\/\/wegwerfenwargestern.de\/index.php\/wp-json\/wp\/v2\/media?parent=1464"}],"curies":[{"name":"wp","href":"https:\/\/api.w.org\/{rel}","templated":true}]}}