{"id":1469,"date":"2018-09-21T20:54:09","date_gmt":"2018-09-21T18:54:09","guid":{"rendered":"https:\/\/wegwerfenwargestern.darkanium.de\/?page_id=1469"},"modified":"2018-09-22T19:24:46","modified_gmt":"2018-09-22T17:24:46","slug":"maerzbecher-maennchen","status":"publish","type":"page","link":"https:\/\/wegwerfenwargestern.de\/index.php\/blog-2\/2016-3\/maerzbecher-maennchen\/","title":{"rendered":"M\u00e4rzbecher M\u00e4nnchen"},"content":{"rendered":"<p>Hallo ihr lieben&#8230;<\/p>\n<p>Mir fehlte noch Dekoration f\u00fcr meinen Fr\u00fchlingskranz, da kam die Idee zu dem M\u00e4rzbecher M\u00e4nnchen.\u00a0 Allerdings h\u00e4tte ich eine Perle mit Gesicht nehmen sollen&#8230;<\/p>\n<p><img loading=\"lazy\" decoding=\"async\" class=\"alignnone size-full wp-image-707\" src=\"https:\/\/wegwerfenwargestern.de\/wp-content\/uploads\/2018\/07\/P1030061...1..jpg\" alt=\"\" width=\"348\" height=\"308\" \/><\/p>\n<p>Aber sonst ist das M\u00e4nnchen doch ganz niedlich geworden und ein paar mehr von diesen M\u00e4nnchen in dem Kranz schauen super aus. Wie die gebastelt habe k\u00f6nnt ihr in dem Video sehen&#8230;<\/p>\n<p><a href=\"https:\/\/www.youtube.com\/watch?v=80PWGmfv_oI\">https:\/\/www.youtube.com\/watch?v=80PWGmfv_oI<\/a><\/p>\n<p>Nun w\u00fcnsche ich euch viel Spa\u00df beim nachbasteln&#8230;<\/p>\n<p>Liebe Gr\u00fc\u00dfe<\/p>\n<p>Elke<\/p>\n","protected":false},"excerpt":{"rendered":"<p>Hallo ihr lieben&#8230; Mir fehlte noch Dekoration f\u00fcr meinen Fr\u00fchlingskranz, da kam die Idee zu dem M\u00e4rzbecher M\u00e4nnchen.\u00a0 Allerdings h\u00e4tte ich eine Perle mit Gesicht nehmen sollen&#8230; Aber sonst ist das M\u00e4nnchen doch ganz niedlich geworden und ein paar mehr von diesen M\u00e4nnchen in dem Kranz schauen super aus. Wie die gebastelt habe k\u00f6nnt ihr &hellip; <\/p>\n<p class=\"link-more\"><a href=\"https:\/\/wegwerfenwargestern.de\/index.php\/blog-2\/2016-3\/maerzbecher-maennchen\/\" class=\"more-link\"><span class=\"screen-reader-text\">\u201eM\u00e4rzbecher M\u00e4nnchen\u201c <\/span>weiterlesen<\/a><\/p>\n","protected":false},"author":2,"featured_media":0,"parent":1808,"menu_order":0,"comment_status":"closed","ping_status":"closed","template":"","meta":{"footnotes":""},"class_list":["post-1469","page","type-page","status-publish","hentry"],"yoast_head":"<!-- This site is optimized with the Yoast SEO plugin v25.8 - https:\/\/yoast.com\/wordpress\/plugins\/seo\/ -->\n<title>M\u00e4rzbecher M\u00e4nnchen -<\/title>\n<meta name=\"robots\" content=\"index, follow, max-snippet:-1, max-image-preview:large, max-video-preview:-1\" \/>\n<link rel=\"canonical\" href=\"https:\/\/wegwerfenwargestern.de\/index.php\/blog-2\/2016-3\/maerzbecher-maennchen\/\" \/>\n<meta property=\"og:locale\" content=\"de_DE\" \/>\n<meta property=\"og:type\" content=\"article\" \/>\n<meta property=\"og:title\" content=\"M\u00e4rzbecher M\u00e4nnchen -\" \/>\n<meta property=\"og:description\" content=\"Hallo ihr lieben&#8230; Mir fehlte noch Dekoration f\u00fcr meinen Fr\u00fchlingskranz, da kam die Idee zu dem M\u00e4rzbecher M\u00e4nnchen.\u00a0 Allerdings h\u00e4tte ich eine Perle mit Gesicht nehmen sollen&#8230; Aber sonst ist das M\u00e4nnchen doch ganz niedlich geworden und ein paar mehr von diesen M\u00e4nnchen in dem Kranz schauen super aus. Wie die gebastelt habe k\u00f6nnt ihr &hellip; \u201eM\u00e4rzbecher M\u00e4nnchen\u201c weiterlesen\" \/>\n<meta property=\"og:url\" content=\"https:\/\/wegwerfenwargestern.de\/index.php\/blog-2\/2016-3\/maerzbecher-maennchen\/\" \/>\n<meta property=\"article:modified_time\" content=\"2018-09-22T17:24:46+00:00\" \/>\n<meta property=\"og:image\" content=\"https:\/\/wegwerfenwargestern.de\/wp-content\/uploads\/2018\/07\/P1030061...1..jpg\" \/>\n\t<meta property=\"og:image:width\" content=\"348\" \/>\n\t<meta property=\"og:image:height\" content=\"308\" \/>\n\t<meta property=\"og:image:type\" content=\"image\/jpeg\" \/>\n<meta name=\"twitter:card\" content=\"summary_large_image\" \/>\n<script type=\"application\/ld+json\" class=\"yoast-schema-graph\">{\"@context\":\"https:\/\/schema.org\",\"@graph\":[{\"@type\":\"WebPage\",\"@id\":\"https:\/\/wegwerfenwargestern.de\/index.php\/blog-2\/2016-3\/maerzbecher-maennchen\/\",\"url\":\"https:\/\/wegwerfenwargestern.de\/index.php\/blog-2\/2016-3\/maerzbecher-maennchen\/\",\"name\":\"M\u00e4rzbecher M\u00e4nnchen -\",\"isPartOf\":{\"@id\":\"https:\/\/wegwerfenwargestern.de\/#website\"},\"primaryImageOfPage\":{\"@id\":\"https:\/\/wegwerfenwargestern.de\/index.php\/blog-2\/2016-3\/maerzbecher-maennchen\/#primaryimage\"},\"image\":{\"@id\":\"https:\/\/wegwerfenwargestern.de\/index.php\/blog-2\/2016-3\/maerzbecher-maennchen\/#primaryimage\"},\"thumbnailUrl\":\"https:\/\/wegwerfenwargestern.de\/wp-content\/uploads\/2018\/07\/P1030061...1..jpg\",\"datePublished\":\"2018-09-21T18:54:09+00:00\",\"dateModified\":\"2018-09-22T17:24:46+00:00\",\"breadcrumb\":{\"@id\":\"https:\/\/wegwerfenwargestern.de\/index.php\/blog-2\/2016-3\/maerzbecher-maennchen\/#breadcrumb\"},\"inLanguage\":\"de\",\"potentialAction\":[{\"@type\":\"ReadAction\",\"target\":[\"https:\/\/wegwerfenwargestern.de\/index.php\/blog-2\/2016-3\/maerzbecher-maennchen\/\"]}]},{\"@type\":\"ImageObject\",\"inLanguage\":\"de\",\"@id\":\"https:\/\/wegwerfenwargestern.de\/index.php\/blog-2\/2016-3\/maerzbecher-maennchen\/#primaryimage\",\"url\":\"https:\/\/wegwerfenwargestern.de\/wp-content\/uploads\/2018\/07\/P1030061...1..jpg\",\"contentUrl\":\"https:\/\/wegwerfenwargestern.de\/wp-content\/uploads\/2018\/07\/P1030061...1..jpg\",\"width\":348,\"height\":308},{\"@type\":\"BreadcrumbList\",\"@id\":\"https:\/\/wegwerfenwargestern.de\/index.php\/blog-2\/2016-3\/maerzbecher-maennchen\/#breadcrumb\",\"itemListElement\":[{\"@type\":\"ListItem\",\"position\":1,\"name\":\"Startseite\",\"item\":\"https:\/\/wegwerfenwargestern.de\/\"},{\"@type\":\"ListItem\",\"position\":2,\"name\":\"Blog\",\"item\":\"https:\/\/wegwerfenwargestern.de\/index.php\/blog-2\/\"},{\"@type\":\"ListItem\",\"position\":3,\"name\":\"2017\",\"item\":\"https:\/\/wegwerfenwargestern.de\/index.php\/blog-2\/2016-3\/\"},{\"@type\":\"ListItem\",\"position\":4,\"name\":\"M\u00e4rzbecher M\u00e4nnchen\"}]},{\"@type\":\"WebSite\",\"@id\":\"https:\/\/wegwerfenwargestern.de\/#website\",\"url\":\"https:\/\/wegwerfenwargestern.de\/\",\"name\":\"Wegwerfen war gestern\",\"description\":\"\",\"publisher\":{\"@id\":\"https:\/\/wegwerfenwargestern.de\/#\/schema\/person\/b1afdd8bdf19d681d1c4e6ade0c90299\"},\"potentialAction\":[{\"@type\":\"SearchAction\",\"target\":{\"@type\":\"EntryPoint\",\"urlTemplate\":\"https:\/\/wegwerfenwargestern.de\/?s={search_term_string}\"},\"query-input\":{\"@type\":\"PropertyValueSpecification\",\"valueRequired\":true,\"valueName\":\"search_term_string\"}}],\"inLanguage\":\"de\"},{\"@type\":[\"Person\",\"Organization\"],\"@id\":\"https:\/\/wegwerfenwargestern.de\/#\/schema\/person\/b1afdd8bdf19d681d1c4e6ade0c90299\",\"name\":\"Elke Jacobs\",\"image\":{\"@type\":\"ImageObject\",\"inLanguage\":\"de\",\"@id\":\"https:\/\/wegwerfenwargestern.de\/#\/schema\/person\/image\/\",\"url\":\"https:\/\/wegwerfenwargestern.de\/wp-content\/uploads\/2017\/09\/Darkanium12345.jpg\",\"contentUrl\":\"https:\/\/wegwerfenwargestern.de\/wp-content\/uploads\/2017\/09\/Darkanium12345.jpg\",\"width\":1956,\"height\":1100,\"caption\":\"Elke Jacobs\"},\"logo\":{\"@id\":\"https:\/\/wegwerfenwargestern.de\/#\/schema\/person\/image\/\"}}]}<\/script>\n<!-- \/ Yoast SEO plugin. -->","yoast_head_json":{"title":"M\u00e4rzbecher M\u00e4nnchen -","robots":{"index":"index","follow":"follow","max-snippet":"max-snippet:-1","max-image-preview":"max-image-preview:large","max-video-preview":"max-video-preview:-1"},"canonical":"https:\/\/wegwerfenwargestern.de\/index.php\/blog-2\/2016-3\/maerzbecher-maennchen\/","og_locale":"de_DE","og_type":"article","og_title":"M\u00e4rzbecher M\u00e4nnchen -","og_description":"Hallo ihr lieben&#8230; Mir fehlte noch Dekoration f\u00fcr meinen Fr\u00fchlingskranz, da kam die Idee zu dem M\u00e4rzbecher M\u00e4nnchen.\u00a0 Allerdings h\u00e4tte ich eine Perle mit Gesicht nehmen sollen&#8230; Aber sonst ist das M\u00e4nnchen doch ganz niedlich geworden und ein paar mehr von diesen M\u00e4nnchen in dem Kranz schauen super aus. Wie die gebastelt habe k\u00f6nnt ihr &hellip; \u201eM\u00e4rzbecher M\u00e4nnchen\u201c weiterlesen","og_url":"https:\/\/wegwerfenwargestern.de\/index.php\/blog-2\/2016-3\/maerzbecher-maennchen\/","article_modified_time":"2018-09-22T17:24:46+00:00","og_image":[{"width":348,"height":308,"url":"https:\/\/wegwerfenwargestern.de\/wp-content\/uploads\/2018\/07\/P1030061...1..jpg","type":"image\/jpeg"}],"twitter_card":"summary_large_image","schema":{"@context":"https:\/\/schema.org","@graph":[{"@type":"WebPage","@id":"https:\/\/wegwerfenwargestern.de\/index.php\/blog-2\/2016-3\/maerzbecher-maennchen\/","url":"https:\/\/wegwerfenwargestern.de\/index.php\/blog-2\/2016-3\/maerzbecher-maennchen\/","name":"M\u00e4rzbecher M\u00e4nnchen -","isPartOf":{"@id":"https:\/\/wegwerfenwargestern.de\/#website"},"primaryImageOfPage":{"@id":"https:\/\/wegwerfenwargestern.de\/index.php\/blog-2\/2016-3\/maerzbecher-maennchen\/#primaryimage"},"image":{"@id":"https:\/\/wegwerfenwargestern.de\/index.php\/blog-2\/2016-3\/maerzbecher-maennchen\/#primaryimage"},"thumbnailUrl":"https:\/\/wegwerfenwargestern.de\/wp-content\/uploads\/2018\/07\/P1030061...1..jpg","datePublished":"2018-09-21T18:54:09+00:00","dateModified":"2018-09-22T17:24:46+00:00","breadcrumb":{"@id":"https:\/\/wegwerfenwargestern.de\/index.php\/blog-2\/2016-3\/maerzbecher-maennchen\/#breadcrumb"},"inLanguage":"de","potentialAction":[{"@type":"ReadAction","target":["https:\/\/wegwerfenwargestern.de\/index.php\/blog-2\/2016-3\/maerzbecher-maennchen\/"]}]},{"@type":"ImageObject","inLanguage":"de","@id":"https:\/\/wegwerfenwargestern.de\/index.php\/blog-2\/2016-3\/maerzbecher-maennchen\/#primaryimage","url":"https:\/\/wegwerfenwargestern.de\/wp-content\/uploads\/2018\/07\/P1030061...1..jpg","contentUrl":"https:\/\/wegwerfenwargestern.de\/wp-content\/uploads\/2018\/07\/P1030061...1..jpg","width":348,"height":308},{"@type":"BreadcrumbList","@id":"https:\/\/wegwerfenwargestern.de\/index.php\/blog-2\/2016-3\/maerzbecher-maennchen\/#breadcrumb","itemListElement":[{"@type":"ListItem","position":1,"name":"Startseite","item":"https:\/\/wegwerfenwargestern.de\/"},{"@type":"ListItem","position":2,"name":"Blog","item":"https:\/\/wegwerfenwargestern.de\/index.php\/blog-2\/"},{"@type":"ListItem","position":3,"name":"2017","item":"https:\/\/wegwerfenwargestern.de\/index.php\/blog-2\/2016-3\/"},{"@type":"ListItem","position":4,"name":"M\u00e4rzbecher M\u00e4nnchen"}]},{"@type":"WebSite","@id":"https:\/\/wegwerfenwargestern.de\/#website","url":"https:\/\/wegwerfenwargestern.de\/","name":"Wegwerfen war gestern","description":"","publisher":{"@id":"https:\/\/wegwerfenwargestern.de\/#\/schema\/person\/b1afdd8bdf19d681d1c4e6ade0c90299"},"potentialAction":[{"@type":"SearchAction","target":{"@type":"EntryPoint","urlTemplate":"https:\/\/wegwerfenwargestern.de\/?s={search_term_string}"},"query-input":{"@type":"PropertyValueSpecification","valueRequired":true,"valueName":"search_term_string"}}],"inLanguage":"de"},{"@type":["Person","Organization"],"@id":"https:\/\/wegwerfenwargestern.de\/#\/schema\/person\/b1afdd8bdf19d681d1c4e6ade0c90299","name":"Elke Jacobs","image":{"@type":"ImageObject","inLanguage":"de","@id":"https:\/\/wegwerfenwargestern.de\/#\/schema\/person\/image\/","url":"https:\/\/wegwerfenwargestern.de\/wp-content\/uploads\/2017\/09\/Darkanium12345.jpg","contentUrl":"https:\/\/wegwerfenwargestern.de\/wp-content\/uploads\/2017\/09\/Darkanium12345.jpg","width":1956,"height":1100,"caption":"Elke Jacobs"},"logo":{"@id":"https:\/\/wegwerfenwargestern.de\/#\/schema\/person\/image\/"}}]}},"_links":{"self":[{"href":"https:\/\/wegwerfenwargestern.de\/index.php\/wp-json\/wp\/v2\/pages\/1469","targetHints":{"allow":["GET"]}}],"collection":[{"href":"https:\/\/wegwerfenwargestern.de\/index.php\/wp-json\/wp\/v2\/pages"}],"about":[{"href":"https:\/\/wegwerfenwargestern.de\/index.php\/wp-json\/wp\/v2\/types\/page"}],"author":[{"embeddable":true,"href":"https:\/\/wegwerfenwargestern.de\/index.php\/wp-json\/wp\/v2\/users\/2"}],"replies":[{"embeddable":true,"href":"https:\/\/wegwerfenwargestern.de\/index.php\/wp-json\/wp\/v2\/comments?post=1469"}],"version-history":[{"count":1,"href":"https:\/\/wegwerfenwargestern.de\/index.php\/wp-json\/wp\/v2\/pages\/1469\/revisions"}],"predecessor-version":[{"id":1471,"href":"https:\/\/wegwerfenwargestern.de\/index.php\/wp-json\/wp\/v2\/pages\/1469\/revisions\/1471"}],"up":[{"embeddable":true,"href":"https:\/\/wegwerfenwargestern.de\/index.php\/wp-json\/wp\/v2\/pages\/1808"}],"wp:attachment":[{"href":"https:\/\/wegwerfenwargestern.de\/index.php\/wp-json\/wp\/v2\/media?parent=1469"}],"curies":[{"name":"wp","href":"https:\/\/api.w.org\/{rel}","templated":true}]}}