{"id":1495,"date":"2018-09-21T21:40:09","date_gmt":"2018-09-21T19:40:09","guid":{"rendered":"https:\/\/wegwerfenwargestern.darkanium.de\/?page_id=1495"},"modified":"2018-09-22T20:26:22","modified_gmt":"2018-09-22T18:26:22","slug":"tannenbaum-spitze-aus-geschenk-papier","status":"publish","type":"page","link":"https:\/\/wegwerfenwargestern.de\/index.php\/blog-2\/2016-2\/tannenbaum-spitze-aus-geschenk-papier\/","title":{"rendered":"Tannenbaum Spitze aus Geschenk Papier"},"content":{"rendered":"<p>Hallo ihr lieben&#8230;<\/p>\n<p>Tannenbaum Spitzen sind ja auch jedes Jahr wieder so ein Thema. Ich fand diese Idee ganz interessant und eine gute L\u00f6sung f\u00fcr mein Problem. Ich hatte keine Farblich passende Tannenbaum Spitze.<\/p>\n<p><img loading=\"lazy\" decoding=\"async\" class=\"alignnone size-full wp-image-412\" src=\"https:\/\/wegwerfenwargestern.de\/wp-content\/uploads\/2018\/07\/7-T\u00fctenstern-Spitze.jpg\" alt=\"\" width=\"480\" height=\"360\" \/><\/p>\n<p>Angelehnt ist diese Spitze an den Brot T\u00fcten Stern, allerdings ist dieser etwas aufwendiger. Alle Papier T\u00fcten m\u00fcssen erst im Vorfeld einzeln angefertigt werden, bevor man ihn so zusammen bauen kann.\u00a0 In dem Video zeige ich euch wie ich die Tannenbaum Spitze gebastelt habe&#8230;.<\/p>\n<p><a href=\"https:\/\/www.youtube.com\/watch?v=GD9zeQfGBuU\">https:\/\/www.youtube.com\/watch?v=GD9zeQfGBuU<\/a><\/p>\n<p>Nun w\u00fcnsche ich euch viel Spa\u00df beim nach basteln &#8230;..<\/p>\n<p>Liebe Gr\u00fc\u00dfe<\/p>\n<p>Elke<\/p>\n","protected":false},"excerpt":{"rendered":"<p>Hallo ihr lieben&#8230; Tannenbaum Spitzen sind ja auch jedes Jahr wieder so ein Thema. Ich fand diese Idee ganz interessant und eine gute L\u00f6sung f\u00fcr mein Problem. Ich hatte keine Farblich passende Tannenbaum Spitze. Angelehnt ist diese Spitze an den Brot T\u00fcten Stern, allerdings ist dieser etwas aufwendiger. Alle Papier T\u00fcten m\u00fcssen erst im Vorfeld &hellip; <\/p>\n<p class=\"link-more\"><a href=\"https:\/\/wegwerfenwargestern.de\/index.php\/blog-2\/2016-2\/tannenbaum-spitze-aus-geschenk-papier\/\" class=\"more-link\"><span class=\"screen-reader-text\">\u201eTannenbaum Spitze aus Geschenk Papier\u201c <\/span>weiterlesen<\/a><\/p>\n","protected":false},"author":2,"featured_media":0,"parent":1801,"menu_order":0,"comment_status":"closed","ping_status":"closed","template":"","meta":{"footnotes":""},"class_list":["post-1495","page","type-page","status-publish","hentry"],"yoast_head":"<!-- This site is optimized with the Yoast SEO plugin v25.8 - https:\/\/yoast.com\/wordpress\/plugins\/seo\/ -->\n<title>Tannenbaum Spitze aus Geschenk Papier -<\/title>\n<meta name=\"robots\" content=\"index, follow, max-snippet:-1, max-image-preview:large, max-video-preview:-1\" \/>\n<link rel=\"canonical\" href=\"https:\/\/wegwerfenwargestern.de\/index.php\/blog-2\/2016-2\/tannenbaum-spitze-aus-geschenk-papier\/\" \/>\n<meta property=\"og:locale\" content=\"de_DE\" \/>\n<meta property=\"og:type\" content=\"article\" \/>\n<meta property=\"og:title\" content=\"Tannenbaum Spitze aus Geschenk Papier -\" \/>\n<meta property=\"og:description\" content=\"Hallo ihr lieben&#8230; Tannenbaum Spitzen sind ja auch jedes Jahr wieder so ein Thema. Ich fand diese Idee ganz interessant und eine gute L\u00f6sung f\u00fcr mein Problem. Ich hatte keine Farblich passende Tannenbaum Spitze. Angelehnt ist diese Spitze an den Brot T\u00fcten Stern, allerdings ist dieser etwas aufwendiger. Alle Papier T\u00fcten m\u00fcssen erst im Vorfeld &hellip; \u201eTannenbaum Spitze aus Geschenk Papier\u201c weiterlesen\" \/>\n<meta property=\"og:url\" content=\"https:\/\/wegwerfenwargestern.de\/index.php\/blog-2\/2016-2\/tannenbaum-spitze-aus-geschenk-papier\/\" \/>\n<meta property=\"article:modified_time\" content=\"2018-09-22T18:26:22+00:00\" \/>\n<meta property=\"og:image\" content=\"https:\/\/wegwerfenwargestern.de\/wp-content\/uploads\/2018\/07\/7-T\u00fctenstern-Spitze.jpg\" \/>\n<meta name=\"twitter:card\" content=\"summary_large_image\" \/>\n<meta name=\"twitter:label1\" content=\"Gesch\u00e4tzte Lesezeit\" \/>\n\t<meta name=\"twitter:data1\" content=\"1\u00a0Minute\" \/>\n<script type=\"application\/ld+json\" class=\"yoast-schema-graph\">{\"@context\":\"https:\/\/schema.org\",\"@graph\":[{\"@type\":\"WebPage\",\"@id\":\"https:\/\/wegwerfenwargestern.de\/index.php\/blog-2\/2016-2\/tannenbaum-spitze-aus-geschenk-papier\/\",\"url\":\"https:\/\/wegwerfenwargestern.de\/index.php\/blog-2\/2016-2\/tannenbaum-spitze-aus-geschenk-papier\/\",\"name\":\"Tannenbaum Spitze aus Geschenk Papier -\",\"isPartOf\":{\"@id\":\"https:\/\/wegwerfenwargestern.de\/#website\"},\"datePublished\":\"2018-09-21T19:40:09+00:00\",\"dateModified\":\"2018-09-22T18:26:22+00:00\",\"breadcrumb\":{\"@id\":\"https:\/\/wegwerfenwargestern.de\/index.php\/blog-2\/2016-2\/tannenbaum-spitze-aus-geschenk-papier\/#breadcrumb\"},\"inLanguage\":\"de\",\"potentialAction\":[{\"@type\":\"ReadAction\",\"target\":[\"https:\/\/wegwerfenwargestern.de\/index.php\/blog-2\/2016-2\/tannenbaum-spitze-aus-geschenk-papier\/\"]}]},{\"@type\":\"BreadcrumbList\",\"@id\":\"https:\/\/wegwerfenwargestern.de\/index.php\/blog-2\/2016-2\/tannenbaum-spitze-aus-geschenk-papier\/#breadcrumb\",\"itemListElement\":[{\"@type\":\"ListItem\",\"position\":1,\"name\":\"Startseite\",\"item\":\"https:\/\/wegwerfenwargestern.de\/\"},{\"@type\":\"ListItem\",\"position\":2,\"name\":\"Blog\",\"item\":\"https:\/\/wegwerfenwargestern.de\/index.php\/blog-2\/\"},{\"@type\":\"ListItem\",\"position\":3,\"name\":\"2016\",\"item\":\"https:\/\/wegwerfenwargestern.de\/index.php\/blog-2\/2016-2\/\"},{\"@type\":\"ListItem\",\"position\":4,\"name\":\"Tannenbaum Spitze aus Geschenk Papier\"}]},{\"@type\":\"WebSite\",\"@id\":\"https:\/\/wegwerfenwargestern.de\/#website\",\"url\":\"https:\/\/wegwerfenwargestern.de\/\",\"name\":\"Wegwerfen war gestern\",\"description\":\"\",\"publisher\":{\"@id\":\"https:\/\/wegwerfenwargestern.de\/#\/schema\/person\/b1afdd8bdf19d681d1c4e6ade0c90299\"},\"potentialAction\":[{\"@type\":\"SearchAction\",\"target\":{\"@type\":\"EntryPoint\",\"urlTemplate\":\"https:\/\/wegwerfenwargestern.de\/?s={search_term_string}\"},\"query-input\":{\"@type\":\"PropertyValueSpecification\",\"valueRequired\":true,\"valueName\":\"search_term_string\"}}],\"inLanguage\":\"de\"},{\"@type\":[\"Person\",\"Organization\"],\"@id\":\"https:\/\/wegwerfenwargestern.de\/#\/schema\/person\/b1afdd8bdf19d681d1c4e6ade0c90299\",\"name\":\"Elke Jacobs\",\"image\":{\"@type\":\"ImageObject\",\"inLanguage\":\"de\",\"@id\":\"https:\/\/wegwerfenwargestern.de\/#\/schema\/person\/image\/\",\"url\":\"https:\/\/wegwerfenwargestern.de\/wp-content\/uploads\/2017\/09\/Darkanium12345.jpg\",\"contentUrl\":\"https:\/\/wegwerfenwargestern.de\/wp-content\/uploads\/2017\/09\/Darkanium12345.jpg\",\"width\":1956,\"height\":1100,\"caption\":\"Elke Jacobs\"},\"logo\":{\"@id\":\"https:\/\/wegwerfenwargestern.de\/#\/schema\/person\/image\/\"}}]}<\/script>\n<!-- \/ Yoast SEO plugin. -->","yoast_head_json":{"title":"Tannenbaum Spitze aus Geschenk Papier -","robots":{"index":"index","follow":"follow","max-snippet":"max-snippet:-1","max-image-preview":"max-image-preview:large","max-video-preview":"max-video-preview:-1"},"canonical":"https:\/\/wegwerfenwargestern.de\/index.php\/blog-2\/2016-2\/tannenbaum-spitze-aus-geschenk-papier\/","og_locale":"de_DE","og_type":"article","og_title":"Tannenbaum Spitze aus Geschenk Papier -","og_description":"Hallo ihr lieben&#8230; Tannenbaum Spitzen sind ja auch jedes Jahr wieder so ein Thema. Ich fand diese Idee ganz interessant und eine gute L\u00f6sung f\u00fcr mein Problem. Ich hatte keine Farblich passende Tannenbaum Spitze. Angelehnt ist diese Spitze an den Brot T\u00fcten Stern, allerdings ist dieser etwas aufwendiger. Alle Papier T\u00fcten m\u00fcssen erst im Vorfeld &hellip; \u201eTannenbaum Spitze aus Geschenk Papier\u201c weiterlesen","og_url":"https:\/\/wegwerfenwargestern.de\/index.php\/blog-2\/2016-2\/tannenbaum-spitze-aus-geschenk-papier\/","article_modified_time":"2018-09-22T18:26:22+00:00","og_image":[{"url":"https:\/\/wegwerfenwargestern.de\/wp-content\/uploads\/2018\/07\/7-T\u00fctenstern-Spitze.jpg","type":"","width":"","height":""}],"twitter_card":"summary_large_image","twitter_misc":{"Gesch\u00e4tzte Lesezeit":"1\u00a0Minute"},"schema":{"@context":"https:\/\/schema.org","@graph":[{"@type":"WebPage","@id":"https:\/\/wegwerfenwargestern.de\/index.php\/blog-2\/2016-2\/tannenbaum-spitze-aus-geschenk-papier\/","url":"https:\/\/wegwerfenwargestern.de\/index.php\/blog-2\/2016-2\/tannenbaum-spitze-aus-geschenk-papier\/","name":"Tannenbaum Spitze aus Geschenk Papier -","isPartOf":{"@id":"https:\/\/wegwerfenwargestern.de\/#website"},"datePublished":"2018-09-21T19:40:09+00:00","dateModified":"2018-09-22T18:26:22+00:00","breadcrumb":{"@id":"https:\/\/wegwerfenwargestern.de\/index.php\/blog-2\/2016-2\/tannenbaum-spitze-aus-geschenk-papier\/#breadcrumb"},"inLanguage":"de","potentialAction":[{"@type":"ReadAction","target":["https:\/\/wegwerfenwargestern.de\/index.php\/blog-2\/2016-2\/tannenbaum-spitze-aus-geschenk-papier\/"]}]},{"@type":"BreadcrumbList","@id":"https:\/\/wegwerfenwargestern.de\/index.php\/blog-2\/2016-2\/tannenbaum-spitze-aus-geschenk-papier\/#breadcrumb","itemListElement":[{"@type":"ListItem","position":1,"name":"Startseite","item":"https:\/\/wegwerfenwargestern.de\/"},{"@type":"ListItem","position":2,"name":"Blog","item":"https:\/\/wegwerfenwargestern.de\/index.php\/blog-2\/"},{"@type":"ListItem","position":3,"name":"2016","item":"https:\/\/wegwerfenwargestern.de\/index.php\/blog-2\/2016-2\/"},{"@type":"ListItem","position":4,"name":"Tannenbaum Spitze aus Geschenk Papier"}]},{"@type":"WebSite","@id":"https:\/\/wegwerfenwargestern.de\/#website","url":"https:\/\/wegwerfenwargestern.de\/","name":"Wegwerfen war gestern","description":"","publisher":{"@id":"https:\/\/wegwerfenwargestern.de\/#\/schema\/person\/b1afdd8bdf19d681d1c4e6ade0c90299"},"potentialAction":[{"@type":"SearchAction","target":{"@type":"EntryPoint","urlTemplate":"https:\/\/wegwerfenwargestern.de\/?s={search_term_string}"},"query-input":{"@type":"PropertyValueSpecification","valueRequired":true,"valueName":"search_term_string"}}],"inLanguage":"de"},{"@type":["Person","Organization"],"@id":"https:\/\/wegwerfenwargestern.de\/#\/schema\/person\/b1afdd8bdf19d681d1c4e6ade0c90299","name":"Elke Jacobs","image":{"@type":"ImageObject","inLanguage":"de","@id":"https:\/\/wegwerfenwargestern.de\/#\/schema\/person\/image\/","url":"https:\/\/wegwerfenwargestern.de\/wp-content\/uploads\/2017\/09\/Darkanium12345.jpg","contentUrl":"https:\/\/wegwerfenwargestern.de\/wp-content\/uploads\/2017\/09\/Darkanium12345.jpg","width":1956,"height":1100,"caption":"Elke Jacobs"},"logo":{"@id":"https:\/\/wegwerfenwargestern.de\/#\/schema\/person\/image\/"}}]}},"_links":{"self":[{"href":"https:\/\/wegwerfenwargestern.de\/index.php\/wp-json\/wp\/v2\/pages\/1495","targetHints":{"allow":["GET"]}}],"collection":[{"href":"https:\/\/wegwerfenwargestern.de\/index.php\/wp-json\/wp\/v2\/pages"}],"about":[{"href":"https:\/\/wegwerfenwargestern.de\/index.php\/wp-json\/wp\/v2\/types\/page"}],"author":[{"embeddable":true,"href":"https:\/\/wegwerfenwargestern.de\/index.php\/wp-json\/wp\/v2\/users\/2"}],"replies":[{"embeddable":true,"href":"https:\/\/wegwerfenwargestern.de\/index.php\/wp-json\/wp\/v2\/comments?post=1495"}],"version-history":[{"count":1,"href":"https:\/\/wegwerfenwargestern.de\/index.php\/wp-json\/wp\/v2\/pages\/1495\/revisions"}],"predecessor-version":[{"id":1496,"href":"https:\/\/wegwerfenwargestern.de\/index.php\/wp-json\/wp\/v2\/pages\/1495\/revisions\/1496"}],"up":[{"embeddable":true,"href":"https:\/\/wegwerfenwargestern.de\/index.php\/wp-json\/wp\/v2\/pages\/1801"}],"wp:attachment":[{"href":"https:\/\/wegwerfenwargestern.de\/index.php\/wp-json\/wp\/v2\/media?parent=1495"}],"curies":[{"name":"wp","href":"https:\/\/api.w.org\/{rel}","templated":true}]}}