{"id":1503,"date":"2018-09-21T21:50:44","date_gmt":"2018-09-21T19:50:44","guid":{"rendered":"https:\/\/wegwerfenwargestern.darkanium.de\/?page_id=1503"},"modified":"2018-09-22T20:00:59","modified_gmt":"2018-09-22T18:00:59","slug":"regal-koerbe-fuer-handschuh-muetze-schal","status":"publish","type":"page","link":"https:\/\/wegwerfenwargestern.de\/index.php\/blog-2\/2016-3\/regal-koerbe-fuer-handschuh-muetze-schal\/","title":{"rendered":"Regal K\u00f6rbe f\u00fcr Handschuh, M\u00fctze, Schal"},"content":{"rendered":"<p>Hallo ihr Lieben&#8230;<\/p>\n<p>F\u00fcr den Flur ben\u00f6tigte ich noch etwas Stauraum, ein paar K\u00f6rbe f\u00fcr Schuhcreme, Kamin Anz\u00fcnder, Taschen und Handschuh, M\u00fctze und Schal.\u00a0 Ich habe mir ein einfaches Regal aus Fichtenholz gebaut wo ich K\u00f6rbe rein stellen kann. Und die K\u00f6rbe sind aus Papier R\u00f6llchen geflochten, jeden Korb f\u00fcr ein Thema&#8230;<\/p>\n<p><img loading=\"lazy\" decoding=\"async\" class=\"alignnone size-full wp-image-698\" src=\"https:\/\/wegwerfenwargestern.de\/wp-content\/uploads\/2016\/11\/DSC08403....1.....jpg\" alt=\"\" width=\"540\" height=\"405\" \/><\/p>\n<p>Das dauert nat\u00fcrlich etwas bis alles fertig ist, aber f\u00fcr diese Ecke gibt es keine fertigen M\u00f6bel zu kaufen. Also ist das f\u00fcr mich die Einzige M\u00f6glichkeit das Problem zu l\u00f6sen, wie ich diese K\u00f6rbe gebastelt habe K\u00f6nnt ihr in diesem Video sehen&#8230;<\/p>\n<p><a href=\"https:\/\/www.youtube.com\/watch?v=KeBCjTka3QY\">https:\/\/www.youtube.com\/watch?v=KeBCjTka3QY<\/a><\/p>\n<p>Nun w\u00fcnsche ich euch viel Spa\u00df beim nachbasteln&#8230;.<\/p>\n<p>Liebe Gr\u00fc\u00dfe<\/p>\n<p>Elke<\/p>\n","protected":false},"excerpt":{"rendered":"<p>Hallo ihr Lieben&#8230; F\u00fcr den Flur ben\u00f6tigte ich noch etwas Stauraum, ein paar K\u00f6rbe f\u00fcr Schuhcreme, Kamin Anz\u00fcnder, Taschen und Handschuh, M\u00fctze und Schal.\u00a0 Ich habe mir ein einfaches Regal aus Fichtenholz gebaut wo ich K\u00f6rbe rein stellen kann. Und die K\u00f6rbe sind aus Papier R\u00f6llchen geflochten, jeden Korb f\u00fcr ein Thema&#8230; Das dauert nat\u00fcrlich &hellip; <\/p>\n<p class=\"link-more\"><a href=\"https:\/\/wegwerfenwargestern.de\/index.php\/blog-2\/2016-3\/regal-koerbe-fuer-handschuh-muetze-schal\/\" class=\"more-link\"><span class=\"screen-reader-text\">\u201eRegal K\u00f6rbe f\u00fcr Handschuh, M\u00fctze, Schal\u201c <\/span>weiterlesen<\/a><\/p>\n","protected":false},"author":2,"featured_media":0,"parent":1808,"menu_order":0,"comment_status":"closed","ping_status":"closed","template":"","meta":{"footnotes":""},"class_list":["post-1503","page","type-page","status-publish","hentry"],"yoast_head":"<!-- This site is optimized with the Yoast SEO plugin v25.8 - https:\/\/yoast.com\/wordpress\/plugins\/seo\/ -->\n<title>Regal K\u00f6rbe f\u00fcr Handschuh, M\u00fctze, Schal -<\/title>\n<meta name=\"robots\" content=\"index, follow, max-snippet:-1, max-image-preview:large, max-video-preview:-1\" \/>\n<link rel=\"canonical\" href=\"https:\/\/wegwerfenwargestern.de\/index.php\/blog-2\/2016-3\/regal-koerbe-fuer-handschuh-muetze-schal\/\" \/>\n<meta property=\"og:locale\" content=\"de_DE\" \/>\n<meta property=\"og:type\" content=\"article\" \/>\n<meta property=\"og:title\" content=\"Regal K\u00f6rbe f\u00fcr Handschuh, M\u00fctze, Schal -\" \/>\n<meta property=\"og:description\" content=\"Hallo ihr Lieben&#8230; F\u00fcr den Flur ben\u00f6tigte ich noch etwas Stauraum, ein paar K\u00f6rbe f\u00fcr Schuhcreme, Kamin Anz\u00fcnder, Taschen und Handschuh, M\u00fctze und Schal.\u00a0 Ich habe mir ein einfaches Regal aus Fichtenholz gebaut wo ich K\u00f6rbe rein stellen kann. Und die K\u00f6rbe sind aus Papier R\u00f6llchen geflochten, jeden Korb f\u00fcr ein Thema&#8230; Das dauert nat\u00fcrlich &hellip; \u201eRegal K\u00f6rbe f\u00fcr Handschuh, M\u00fctze, Schal\u201c weiterlesen\" \/>\n<meta property=\"og:url\" content=\"https:\/\/wegwerfenwargestern.de\/index.php\/blog-2\/2016-3\/regal-koerbe-fuer-handschuh-muetze-schal\/\" \/>\n<meta property=\"article:modified_time\" content=\"2018-09-22T18:00:59+00:00\" \/>\n<meta property=\"og:image\" content=\"https:\/\/wegwerfenwargestern.de\/wp-content\/uploads\/2016\/11\/DSC08403....1.....jpg\" \/>\n\t<meta property=\"og:image:width\" content=\"540\" \/>\n\t<meta property=\"og:image:height\" content=\"405\" \/>\n\t<meta property=\"og:image:type\" content=\"image\/jpeg\" \/>\n<meta name=\"twitter:card\" content=\"summary_large_image\" \/>\n<meta name=\"twitter:label1\" content=\"Gesch\u00e4tzte Lesezeit\" \/>\n\t<meta name=\"twitter:data1\" content=\"1\u00a0Minute\" \/>\n<script type=\"application\/ld+json\" class=\"yoast-schema-graph\">{\"@context\":\"https:\/\/schema.org\",\"@graph\":[{\"@type\":\"WebPage\",\"@id\":\"https:\/\/wegwerfenwargestern.de\/index.php\/blog-2\/2016-3\/regal-koerbe-fuer-handschuh-muetze-schal\/\",\"url\":\"https:\/\/wegwerfenwargestern.de\/index.php\/blog-2\/2016-3\/regal-koerbe-fuer-handschuh-muetze-schal\/\",\"name\":\"Regal K\u00f6rbe f\u00fcr Handschuh, M\u00fctze, Schal -\",\"isPartOf\":{\"@id\":\"https:\/\/wegwerfenwargestern.de\/#website\"},\"primaryImageOfPage\":{\"@id\":\"https:\/\/wegwerfenwargestern.de\/index.php\/blog-2\/2016-3\/regal-koerbe-fuer-handschuh-muetze-schal\/#primaryimage\"},\"image\":{\"@id\":\"https:\/\/wegwerfenwargestern.de\/index.php\/blog-2\/2016-3\/regal-koerbe-fuer-handschuh-muetze-schal\/#primaryimage\"},\"thumbnailUrl\":\"https:\/\/wegwerfenwargestern.de\/wp-content\/uploads\/2016\/11\/DSC08403....1.....jpg\",\"datePublished\":\"2018-09-21T19:50:44+00:00\",\"dateModified\":\"2018-09-22T18:00:59+00:00\",\"breadcrumb\":{\"@id\":\"https:\/\/wegwerfenwargestern.de\/index.php\/blog-2\/2016-3\/regal-koerbe-fuer-handschuh-muetze-schal\/#breadcrumb\"},\"inLanguage\":\"de\",\"potentialAction\":[{\"@type\":\"ReadAction\",\"target\":[\"https:\/\/wegwerfenwargestern.de\/index.php\/blog-2\/2016-3\/regal-koerbe-fuer-handschuh-muetze-schal\/\"]}]},{\"@type\":\"ImageObject\",\"inLanguage\":\"de\",\"@id\":\"https:\/\/wegwerfenwargestern.de\/index.php\/blog-2\/2016-3\/regal-koerbe-fuer-handschuh-muetze-schal\/#primaryimage\",\"url\":\"https:\/\/wegwerfenwargestern.de\/wp-content\/uploads\/2016\/11\/DSC08403....1.....jpg\",\"contentUrl\":\"https:\/\/wegwerfenwargestern.de\/wp-content\/uploads\/2016\/11\/DSC08403....1.....jpg\",\"width\":540,\"height\":405},{\"@type\":\"BreadcrumbList\",\"@id\":\"https:\/\/wegwerfenwargestern.de\/index.php\/blog-2\/2016-3\/regal-koerbe-fuer-handschuh-muetze-schal\/#breadcrumb\",\"itemListElement\":[{\"@type\":\"ListItem\",\"position\":1,\"name\":\"Startseite\",\"item\":\"https:\/\/wegwerfenwargestern.de\/\"},{\"@type\":\"ListItem\",\"position\":2,\"name\":\"Blog\",\"item\":\"https:\/\/wegwerfenwargestern.de\/index.php\/blog-2\/\"},{\"@type\":\"ListItem\",\"position\":3,\"name\":\"2017\",\"item\":\"https:\/\/wegwerfenwargestern.de\/index.php\/blog-2\/2016-3\/\"},{\"@type\":\"ListItem\",\"position\":4,\"name\":\"Regal K\u00f6rbe f\u00fcr Handschuh, M\u00fctze, Schal\"}]},{\"@type\":\"WebSite\",\"@id\":\"https:\/\/wegwerfenwargestern.de\/#website\",\"url\":\"https:\/\/wegwerfenwargestern.de\/\",\"name\":\"Wegwerfen war gestern\",\"description\":\"\",\"publisher\":{\"@id\":\"https:\/\/wegwerfenwargestern.de\/#\/schema\/person\/b1afdd8bdf19d681d1c4e6ade0c90299\"},\"potentialAction\":[{\"@type\":\"SearchAction\",\"target\":{\"@type\":\"EntryPoint\",\"urlTemplate\":\"https:\/\/wegwerfenwargestern.de\/?s={search_term_string}\"},\"query-input\":{\"@type\":\"PropertyValueSpecification\",\"valueRequired\":true,\"valueName\":\"search_term_string\"}}],\"inLanguage\":\"de\"},{\"@type\":[\"Person\",\"Organization\"],\"@id\":\"https:\/\/wegwerfenwargestern.de\/#\/schema\/person\/b1afdd8bdf19d681d1c4e6ade0c90299\",\"name\":\"Elke Jacobs\",\"image\":{\"@type\":\"ImageObject\",\"inLanguage\":\"de\",\"@id\":\"https:\/\/wegwerfenwargestern.de\/#\/schema\/person\/image\/\",\"url\":\"https:\/\/wegwerfenwargestern.de\/wp-content\/uploads\/2017\/09\/Darkanium12345.jpg\",\"contentUrl\":\"https:\/\/wegwerfenwargestern.de\/wp-content\/uploads\/2017\/09\/Darkanium12345.jpg\",\"width\":1956,\"height\":1100,\"caption\":\"Elke Jacobs\"},\"logo\":{\"@id\":\"https:\/\/wegwerfenwargestern.de\/#\/schema\/person\/image\/\"}}]}<\/script>\n<!-- \/ Yoast SEO plugin. -->","yoast_head_json":{"title":"Regal K\u00f6rbe f\u00fcr Handschuh, M\u00fctze, Schal -","robots":{"index":"index","follow":"follow","max-snippet":"max-snippet:-1","max-image-preview":"max-image-preview:large","max-video-preview":"max-video-preview:-1"},"canonical":"https:\/\/wegwerfenwargestern.de\/index.php\/blog-2\/2016-3\/regal-koerbe-fuer-handschuh-muetze-schal\/","og_locale":"de_DE","og_type":"article","og_title":"Regal K\u00f6rbe f\u00fcr Handschuh, M\u00fctze, Schal -","og_description":"Hallo ihr Lieben&#8230; F\u00fcr den Flur ben\u00f6tigte ich noch etwas Stauraum, ein paar K\u00f6rbe f\u00fcr Schuhcreme, Kamin Anz\u00fcnder, Taschen und Handschuh, M\u00fctze und Schal.\u00a0 Ich habe mir ein einfaches Regal aus Fichtenholz gebaut wo ich K\u00f6rbe rein stellen kann. Und die K\u00f6rbe sind aus Papier R\u00f6llchen geflochten, jeden Korb f\u00fcr ein Thema&#8230; Das dauert nat\u00fcrlich &hellip; \u201eRegal K\u00f6rbe f\u00fcr Handschuh, M\u00fctze, Schal\u201c weiterlesen","og_url":"https:\/\/wegwerfenwargestern.de\/index.php\/blog-2\/2016-3\/regal-koerbe-fuer-handschuh-muetze-schal\/","article_modified_time":"2018-09-22T18:00:59+00:00","og_image":[{"width":540,"height":405,"url":"https:\/\/wegwerfenwargestern.de\/wp-content\/uploads\/2016\/11\/DSC08403....1.....jpg","type":"image\/jpeg"}],"twitter_card":"summary_large_image","twitter_misc":{"Gesch\u00e4tzte Lesezeit":"1\u00a0Minute"},"schema":{"@context":"https:\/\/schema.org","@graph":[{"@type":"WebPage","@id":"https:\/\/wegwerfenwargestern.de\/index.php\/blog-2\/2016-3\/regal-koerbe-fuer-handschuh-muetze-schal\/","url":"https:\/\/wegwerfenwargestern.de\/index.php\/blog-2\/2016-3\/regal-koerbe-fuer-handschuh-muetze-schal\/","name":"Regal K\u00f6rbe f\u00fcr Handschuh, M\u00fctze, Schal -","isPartOf":{"@id":"https:\/\/wegwerfenwargestern.de\/#website"},"primaryImageOfPage":{"@id":"https:\/\/wegwerfenwargestern.de\/index.php\/blog-2\/2016-3\/regal-koerbe-fuer-handschuh-muetze-schal\/#primaryimage"},"image":{"@id":"https:\/\/wegwerfenwargestern.de\/index.php\/blog-2\/2016-3\/regal-koerbe-fuer-handschuh-muetze-schal\/#primaryimage"},"thumbnailUrl":"https:\/\/wegwerfenwargestern.de\/wp-content\/uploads\/2016\/11\/DSC08403....1.....jpg","datePublished":"2018-09-21T19:50:44+00:00","dateModified":"2018-09-22T18:00:59+00:00","breadcrumb":{"@id":"https:\/\/wegwerfenwargestern.de\/index.php\/blog-2\/2016-3\/regal-koerbe-fuer-handschuh-muetze-schal\/#breadcrumb"},"inLanguage":"de","potentialAction":[{"@type":"ReadAction","target":["https:\/\/wegwerfenwargestern.de\/index.php\/blog-2\/2016-3\/regal-koerbe-fuer-handschuh-muetze-schal\/"]}]},{"@type":"ImageObject","inLanguage":"de","@id":"https:\/\/wegwerfenwargestern.de\/index.php\/blog-2\/2016-3\/regal-koerbe-fuer-handschuh-muetze-schal\/#primaryimage","url":"https:\/\/wegwerfenwargestern.de\/wp-content\/uploads\/2016\/11\/DSC08403....1.....jpg","contentUrl":"https:\/\/wegwerfenwargestern.de\/wp-content\/uploads\/2016\/11\/DSC08403....1.....jpg","width":540,"height":405},{"@type":"BreadcrumbList","@id":"https:\/\/wegwerfenwargestern.de\/index.php\/blog-2\/2016-3\/regal-koerbe-fuer-handschuh-muetze-schal\/#breadcrumb","itemListElement":[{"@type":"ListItem","position":1,"name":"Startseite","item":"https:\/\/wegwerfenwargestern.de\/"},{"@type":"ListItem","position":2,"name":"Blog","item":"https:\/\/wegwerfenwargestern.de\/index.php\/blog-2\/"},{"@type":"ListItem","position":3,"name":"2017","item":"https:\/\/wegwerfenwargestern.de\/index.php\/blog-2\/2016-3\/"},{"@type":"ListItem","position":4,"name":"Regal K\u00f6rbe f\u00fcr Handschuh, M\u00fctze, Schal"}]},{"@type":"WebSite","@id":"https:\/\/wegwerfenwargestern.de\/#website","url":"https:\/\/wegwerfenwargestern.de\/","name":"Wegwerfen war gestern","description":"","publisher":{"@id":"https:\/\/wegwerfenwargestern.de\/#\/schema\/person\/b1afdd8bdf19d681d1c4e6ade0c90299"},"potentialAction":[{"@type":"SearchAction","target":{"@type":"EntryPoint","urlTemplate":"https:\/\/wegwerfenwargestern.de\/?s={search_term_string}"},"query-input":{"@type":"PropertyValueSpecification","valueRequired":true,"valueName":"search_term_string"}}],"inLanguage":"de"},{"@type":["Person","Organization"],"@id":"https:\/\/wegwerfenwargestern.de\/#\/schema\/person\/b1afdd8bdf19d681d1c4e6ade0c90299","name":"Elke Jacobs","image":{"@type":"ImageObject","inLanguage":"de","@id":"https:\/\/wegwerfenwargestern.de\/#\/schema\/person\/image\/","url":"https:\/\/wegwerfenwargestern.de\/wp-content\/uploads\/2017\/09\/Darkanium12345.jpg","contentUrl":"https:\/\/wegwerfenwargestern.de\/wp-content\/uploads\/2017\/09\/Darkanium12345.jpg","width":1956,"height":1100,"caption":"Elke Jacobs"},"logo":{"@id":"https:\/\/wegwerfenwargestern.de\/#\/schema\/person\/image\/"}}]}},"_links":{"self":[{"href":"https:\/\/wegwerfenwargestern.de\/index.php\/wp-json\/wp\/v2\/pages\/1503","targetHints":{"allow":["GET"]}}],"collection":[{"href":"https:\/\/wegwerfenwargestern.de\/index.php\/wp-json\/wp\/v2\/pages"}],"about":[{"href":"https:\/\/wegwerfenwargestern.de\/index.php\/wp-json\/wp\/v2\/types\/page"}],"author":[{"embeddable":true,"href":"https:\/\/wegwerfenwargestern.de\/index.php\/wp-json\/wp\/v2\/users\/2"}],"replies":[{"embeddable":true,"href":"https:\/\/wegwerfenwargestern.de\/index.php\/wp-json\/wp\/v2\/comments?post=1503"}],"version-history":[{"count":1,"href":"https:\/\/wegwerfenwargestern.de\/index.php\/wp-json\/wp\/v2\/pages\/1503\/revisions"}],"predecessor-version":[{"id":1504,"href":"https:\/\/wegwerfenwargestern.de\/index.php\/wp-json\/wp\/v2\/pages\/1503\/revisions\/1504"}],"up":[{"embeddable":true,"href":"https:\/\/wegwerfenwargestern.de\/index.php\/wp-json\/wp\/v2\/pages\/1808"}],"wp:attachment":[{"href":"https:\/\/wegwerfenwargestern.de\/index.php\/wp-json\/wp\/v2\/media?parent=1503"}],"curies":[{"name":"wp","href":"https:\/\/api.w.org\/{rel}","templated":true}]}}