{"id":1505,"date":"2018-09-21T22:00:37","date_gmt":"2018-09-21T20:00:37","guid":{"rendered":"https:\/\/wegwerfenwargestern.darkanium.de\/?page_id=1505"},"modified":"2018-09-22T20:24:56","modified_gmt":"2018-09-22T18:24:56","slug":"deckenlampe-wird-zum-adventskranz","status":"publish","type":"page","link":"https:\/\/wegwerfenwargestern.de\/index.php\/blog-2\/2016-3\/deckenlampe-wird-zum-adventskranz\/","title":{"rendered":"Deckenlampe wird zum Adventskranz"},"content":{"rendered":"<p>Hallo ihr lieben&#8230;<\/p>\n<p>Ich war so verliebt in diese Lampe und dann fiel beim Putzen eins dieser Gl\u00e4ser runter und ging kaputt. Ein neues Glas konnte ich nicht mehr bekommen. Also habe ich \u00fcberlegt, was aus dem Schmiede eisernen Lampen Gestell werden k\u00f6nnte und das ist daraus geworden&#8230;.<\/p>\n<p><img loading=\"lazy\" decoding=\"async\" class=\"alignnone size-full wp-image-667\" src=\"https:\/\/wegwerfenwargestern.de\/wp-content\/uploads\/2018\/07\/17..1...jpg\" alt=\"\" width=\"405\" height=\"540\" \/><\/p>\n<p>Das war der erste Versuch&#8230;.. Und der zweite folgt sogleich&#8230;<\/p>\n<p><img loading=\"lazy\" decoding=\"async\" class=\"size-full wp-image-668 alignleft\" src=\"https:\/\/wegwerfenwargestern.de\/wp-content\/uploads\/2018\/07\/DSC00480.....1.....jpg\" alt=\"\" width=\"203\" height=\"270\" \/><\/p>\n<p>&nbsp;<\/p>\n<p>&nbsp;<\/p>\n<p>So schaut er heute aus,\u00a0 \u00a0 \u00a0 \u00a0 \u00a0 \u00a0 \u00a0 \u00a0 \u00a0 \u00a0 \u00a0 \u00a0 \u00a0 \u00a0 \u00a0 \u00a0 \u00a0 \u00a0 \u00a0 \u00a0 \u00a0 \u00a0 \u00a0 \u00a0 \u00a0 \u00a0 \u00a0 \u00a0 mit echten Stumpen.\u00a0 \u00a0 \u00a0 \u00a0 \u00a0 \u00a0 \u00a0 \u00a0 \u00a0 \u00a0 \u00a0 \u00a0 \u00a0 \u00a0 \u00a0 \u00a0 \u00a0 \u00a0 \u00a0 \u00a0 \u00a0 \u00a0 \u00a0 \u00a0 \u00a0 \u00a0 \u00a0Die Stumpen m\u00f6chte\u00a0 ich\u00a0 \u00a0 \u00a0 \u00a0 \u00a0 \u00a0 \u00a0 \u00a0 \u00a0 \u00a0 \u00a0 \u00a0 \u00a0 \u00a0 \u00a0 \u00a0 \u00a0 \u00a0 \u00a0 \u00a0 \u00a0 \u00a0 \u00a0allerdings noch austauschen\u00a0 \u00a0 \u00a0 \u00a0 \u00a0 \u00a0 \u00a0 \u00a0 \u00a0 \u00a0 \u00a0 \u00a0 \u00a0 \u00a0 \u00a0 \u00a0 \u00a0 \u00a0 \u00a0 gegen elektrischen Kerzen.<\/p>\n<p>Ich m\u00f6chte gerne das der Kranz\u00a0 \u00a0 \u00a0 \u00a0 \u00a0 \u00a0 \u00a0 \u00a0 \u00a0 \u00a0 \u00a0 \u00a0 \u00a0 dann in der Adventszeit auch leuchten kann.<\/p>\n<p>&nbsp;<\/p>\n<p>Wie ich das gemacht habe k\u00f6nnt ihr in diesem Video sehen&#8230;<\/p>\n<p><a href=\"https:\/\/www.youtube.com\/watch?v=Lypbj2Ie05U&amp;t=117s\">https:\/\/www.youtube.com\/watch?v=Lypbj2Ie05U&amp;t=117s<\/a><\/p>\n<p>Nun w\u00fcnsche ich euch viel Spa\u00df beim nachbasteln&#8230;.<\/p>\n<p>Liebe Gr\u00fc\u00dfe<\/p>\n<p>Elke<\/p>\n","protected":false},"excerpt":{"rendered":"<p>Hallo ihr lieben&#8230; Ich war so verliebt in diese Lampe und dann fiel beim Putzen eins dieser Gl\u00e4ser runter und ging kaputt. Ein neues Glas konnte ich nicht mehr bekommen. Also habe ich \u00fcberlegt, was aus dem Schmiede eisernen Lampen Gestell werden k\u00f6nnte und das ist daraus geworden&#8230;. Das war der erste Versuch&#8230;.. Und der &hellip; <\/p>\n<p class=\"link-more\"><a href=\"https:\/\/wegwerfenwargestern.de\/index.php\/blog-2\/2016-3\/deckenlampe-wird-zum-adventskranz\/\" class=\"more-link\"><span class=\"screen-reader-text\">\u201eDeckenlampe wird zum Adventskranz\u201c <\/span>weiterlesen<\/a><\/p>\n","protected":false},"author":2,"featured_media":0,"parent":1808,"menu_order":0,"comment_status":"closed","ping_status":"closed","template":"","meta":{"footnotes":""},"class_list":["post-1505","page","type-page","status-publish","hentry"],"yoast_head":"<!-- This site is optimized with the Yoast SEO plugin v25.8 - https:\/\/yoast.com\/wordpress\/plugins\/seo\/ -->\n<title>Deckenlampe wird zum Adventskranz -<\/title>\n<meta name=\"robots\" content=\"index, follow, max-snippet:-1, max-image-preview:large, max-video-preview:-1\" \/>\n<link rel=\"canonical\" href=\"https:\/\/wegwerfenwargestern.de\/index.php\/blog-2\/2016-3\/deckenlampe-wird-zum-adventskranz\/\" \/>\n<meta property=\"og:locale\" content=\"de_DE\" \/>\n<meta property=\"og:type\" content=\"article\" \/>\n<meta property=\"og:title\" content=\"Deckenlampe wird zum Adventskranz -\" \/>\n<meta property=\"og:description\" content=\"Hallo ihr lieben&#8230; Ich war so verliebt in diese Lampe und dann fiel beim Putzen eins dieser Gl\u00e4ser runter und ging kaputt. Ein neues Glas konnte ich nicht mehr bekommen. Also habe ich \u00fcberlegt, was aus dem Schmiede eisernen Lampen Gestell werden k\u00f6nnte und das ist daraus geworden&#8230;. Das war der erste Versuch&#8230;.. Und der &hellip; \u201eDeckenlampe wird zum Adventskranz\u201c weiterlesen\" \/>\n<meta property=\"og:url\" content=\"https:\/\/wegwerfenwargestern.de\/index.php\/blog-2\/2016-3\/deckenlampe-wird-zum-adventskranz\/\" \/>\n<meta property=\"article:modified_time\" content=\"2018-09-22T18:24:56+00:00\" \/>\n<meta property=\"og:image\" content=\"https:\/\/wegwerfenwargestern.de\/wp-content\/uploads\/2018\/07\/17..1...jpg\" \/>\n\t<meta property=\"og:image:width\" content=\"405\" \/>\n\t<meta property=\"og:image:height\" content=\"540\" \/>\n\t<meta property=\"og:image:type\" content=\"image\/jpeg\" \/>\n<meta name=\"twitter:card\" content=\"summary_large_image\" \/>\n<meta name=\"twitter:label1\" content=\"Gesch\u00e4tzte Lesezeit\" \/>\n\t<meta name=\"twitter:data1\" content=\"1\u00a0Minute\" \/>\n<script type=\"application\/ld+json\" class=\"yoast-schema-graph\">{\"@context\":\"https:\/\/schema.org\",\"@graph\":[{\"@type\":\"WebPage\",\"@id\":\"https:\/\/wegwerfenwargestern.de\/index.php\/blog-2\/2016-3\/deckenlampe-wird-zum-adventskranz\/\",\"url\":\"https:\/\/wegwerfenwargestern.de\/index.php\/blog-2\/2016-3\/deckenlampe-wird-zum-adventskranz\/\",\"name\":\"Deckenlampe wird zum Adventskranz -\",\"isPartOf\":{\"@id\":\"https:\/\/wegwerfenwargestern.de\/#website\"},\"primaryImageOfPage\":{\"@id\":\"https:\/\/wegwerfenwargestern.de\/index.php\/blog-2\/2016-3\/deckenlampe-wird-zum-adventskranz\/#primaryimage\"},\"image\":{\"@id\":\"https:\/\/wegwerfenwargestern.de\/index.php\/blog-2\/2016-3\/deckenlampe-wird-zum-adventskranz\/#primaryimage\"},\"thumbnailUrl\":\"https:\/\/wegwerfenwargestern.de\/wp-content\/uploads\/2018\/07\/17..1...jpg\",\"datePublished\":\"2018-09-21T20:00:37+00:00\",\"dateModified\":\"2018-09-22T18:24:56+00:00\",\"breadcrumb\":{\"@id\":\"https:\/\/wegwerfenwargestern.de\/index.php\/blog-2\/2016-3\/deckenlampe-wird-zum-adventskranz\/#breadcrumb\"},\"inLanguage\":\"de\",\"potentialAction\":[{\"@type\":\"ReadAction\",\"target\":[\"https:\/\/wegwerfenwargestern.de\/index.php\/blog-2\/2016-3\/deckenlampe-wird-zum-adventskranz\/\"]}]},{\"@type\":\"ImageObject\",\"inLanguage\":\"de\",\"@id\":\"https:\/\/wegwerfenwargestern.de\/index.php\/blog-2\/2016-3\/deckenlampe-wird-zum-adventskranz\/#primaryimage\",\"url\":\"https:\/\/wegwerfenwargestern.de\/wp-content\/uploads\/2018\/07\/17..1...jpg\",\"contentUrl\":\"https:\/\/wegwerfenwargestern.de\/wp-content\/uploads\/2018\/07\/17..1...jpg\",\"width\":405,\"height\":540},{\"@type\":\"BreadcrumbList\",\"@id\":\"https:\/\/wegwerfenwargestern.de\/index.php\/blog-2\/2016-3\/deckenlampe-wird-zum-adventskranz\/#breadcrumb\",\"itemListElement\":[{\"@type\":\"ListItem\",\"position\":1,\"name\":\"Startseite\",\"item\":\"https:\/\/wegwerfenwargestern.de\/\"},{\"@type\":\"ListItem\",\"position\":2,\"name\":\"Blog\",\"item\":\"https:\/\/wegwerfenwargestern.de\/index.php\/blog-2\/\"},{\"@type\":\"ListItem\",\"position\":3,\"name\":\"2017\",\"item\":\"https:\/\/wegwerfenwargestern.de\/index.php\/blog-2\/2016-3\/\"},{\"@type\":\"ListItem\",\"position\":4,\"name\":\"Deckenlampe wird zum Adventskranz\"}]},{\"@type\":\"WebSite\",\"@id\":\"https:\/\/wegwerfenwargestern.de\/#website\",\"url\":\"https:\/\/wegwerfenwargestern.de\/\",\"name\":\"Wegwerfen war gestern\",\"description\":\"\",\"publisher\":{\"@id\":\"https:\/\/wegwerfenwargestern.de\/#\/schema\/person\/b1afdd8bdf19d681d1c4e6ade0c90299\"},\"potentialAction\":[{\"@type\":\"SearchAction\",\"target\":{\"@type\":\"EntryPoint\",\"urlTemplate\":\"https:\/\/wegwerfenwargestern.de\/?s={search_term_string}\"},\"query-input\":{\"@type\":\"PropertyValueSpecification\",\"valueRequired\":true,\"valueName\":\"search_term_string\"}}],\"inLanguage\":\"de\"},{\"@type\":[\"Person\",\"Organization\"],\"@id\":\"https:\/\/wegwerfenwargestern.de\/#\/schema\/person\/b1afdd8bdf19d681d1c4e6ade0c90299\",\"name\":\"Elke Jacobs\",\"image\":{\"@type\":\"ImageObject\",\"inLanguage\":\"de\",\"@id\":\"https:\/\/wegwerfenwargestern.de\/#\/schema\/person\/image\/\",\"url\":\"https:\/\/wegwerfenwargestern.de\/wp-content\/uploads\/2017\/09\/Darkanium12345.jpg\",\"contentUrl\":\"https:\/\/wegwerfenwargestern.de\/wp-content\/uploads\/2017\/09\/Darkanium12345.jpg\",\"width\":1956,\"height\":1100,\"caption\":\"Elke Jacobs\"},\"logo\":{\"@id\":\"https:\/\/wegwerfenwargestern.de\/#\/schema\/person\/image\/\"}}]}<\/script>\n<!-- \/ Yoast SEO plugin. -->","yoast_head_json":{"title":"Deckenlampe wird zum Adventskranz -","robots":{"index":"index","follow":"follow","max-snippet":"max-snippet:-1","max-image-preview":"max-image-preview:large","max-video-preview":"max-video-preview:-1"},"canonical":"https:\/\/wegwerfenwargestern.de\/index.php\/blog-2\/2016-3\/deckenlampe-wird-zum-adventskranz\/","og_locale":"de_DE","og_type":"article","og_title":"Deckenlampe wird zum Adventskranz -","og_description":"Hallo ihr lieben&#8230; Ich war so verliebt in diese Lampe und dann fiel beim Putzen eins dieser Gl\u00e4ser runter und ging kaputt. Ein neues Glas konnte ich nicht mehr bekommen. Also habe ich \u00fcberlegt, was aus dem Schmiede eisernen Lampen Gestell werden k\u00f6nnte und das ist daraus geworden&#8230;. Das war der erste Versuch&#8230;.. Und der &hellip; \u201eDeckenlampe wird zum Adventskranz\u201c weiterlesen","og_url":"https:\/\/wegwerfenwargestern.de\/index.php\/blog-2\/2016-3\/deckenlampe-wird-zum-adventskranz\/","article_modified_time":"2018-09-22T18:24:56+00:00","og_image":[{"width":405,"height":540,"url":"https:\/\/wegwerfenwargestern.de\/wp-content\/uploads\/2018\/07\/17..1...jpg","type":"image\/jpeg"}],"twitter_card":"summary_large_image","twitter_misc":{"Gesch\u00e4tzte Lesezeit":"1\u00a0Minute"},"schema":{"@context":"https:\/\/schema.org","@graph":[{"@type":"WebPage","@id":"https:\/\/wegwerfenwargestern.de\/index.php\/blog-2\/2016-3\/deckenlampe-wird-zum-adventskranz\/","url":"https:\/\/wegwerfenwargestern.de\/index.php\/blog-2\/2016-3\/deckenlampe-wird-zum-adventskranz\/","name":"Deckenlampe wird zum Adventskranz -","isPartOf":{"@id":"https:\/\/wegwerfenwargestern.de\/#website"},"primaryImageOfPage":{"@id":"https:\/\/wegwerfenwargestern.de\/index.php\/blog-2\/2016-3\/deckenlampe-wird-zum-adventskranz\/#primaryimage"},"image":{"@id":"https:\/\/wegwerfenwargestern.de\/index.php\/blog-2\/2016-3\/deckenlampe-wird-zum-adventskranz\/#primaryimage"},"thumbnailUrl":"https:\/\/wegwerfenwargestern.de\/wp-content\/uploads\/2018\/07\/17..1...jpg","datePublished":"2018-09-21T20:00:37+00:00","dateModified":"2018-09-22T18:24:56+00:00","breadcrumb":{"@id":"https:\/\/wegwerfenwargestern.de\/index.php\/blog-2\/2016-3\/deckenlampe-wird-zum-adventskranz\/#breadcrumb"},"inLanguage":"de","potentialAction":[{"@type":"ReadAction","target":["https:\/\/wegwerfenwargestern.de\/index.php\/blog-2\/2016-3\/deckenlampe-wird-zum-adventskranz\/"]}]},{"@type":"ImageObject","inLanguage":"de","@id":"https:\/\/wegwerfenwargestern.de\/index.php\/blog-2\/2016-3\/deckenlampe-wird-zum-adventskranz\/#primaryimage","url":"https:\/\/wegwerfenwargestern.de\/wp-content\/uploads\/2018\/07\/17..1...jpg","contentUrl":"https:\/\/wegwerfenwargestern.de\/wp-content\/uploads\/2018\/07\/17..1...jpg","width":405,"height":540},{"@type":"BreadcrumbList","@id":"https:\/\/wegwerfenwargestern.de\/index.php\/blog-2\/2016-3\/deckenlampe-wird-zum-adventskranz\/#breadcrumb","itemListElement":[{"@type":"ListItem","position":1,"name":"Startseite","item":"https:\/\/wegwerfenwargestern.de\/"},{"@type":"ListItem","position":2,"name":"Blog","item":"https:\/\/wegwerfenwargestern.de\/index.php\/blog-2\/"},{"@type":"ListItem","position":3,"name":"2017","item":"https:\/\/wegwerfenwargestern.de\/index.php\/blog-2\/2016-3\/"},{"@type":"ListItem","position":4,"name":"Deckenlampe wird zum Adventskranz"}]},{"@type":"WebSite","@id":"https:\/\/wegwerfenwargestern.de\/#website","url":"https:\/\/wegwerfenwargestern.de\/","name":"Wegwerfen war gestern","description":"","publisher":{"@id":"https:\/\/wegwerfenwargestern.de\/#\/schema\/person\/b1afdd8bdf19d681d1c4e6ade0c90299"},"potentialAction":[{"@type":"SearchAction","target":{"@type":"EntryPoint","urlTemplate":"https:\/\/wegwerfenwargestern.de\/?s={search_term_string}"},"query-input":{"@type":"PropertyValueSpecification","valueRequired":true,"valueName":"search_term_string"}}],"inLanguage":"de"},{"@type":["Person","Organization"],"@id":"https:\/\/wegwerfenwargestern.de\/#\/schema\/person\/b1afdd8bdf19d681d1c4e6ade0c90299","name":"Elke Jacobs","image":{"@type":"ImageObject","inLanguage":"de","@id":"https:\/\/wegwerfenwargestern.de\/#\/schema\/person\/image\/","url":"https:\/\/wegwerfenwargestern.de\/wp-content\/uploads\/2017\/09\/Darkanium12345.jpg","contentUrl":"https:\/\/wegwerfenwargestern.de\/wp-content\/uploads\/2017\/09\/Darkanium12345.jpg","width":1956,"height":1100,"caption":"Elke Jacobs"},"logo":{"@id":"https:\/\/wegwerfenwargestern.de\/#\/schema\/person\/image\/"}}]}},"_links":{"self":[{"href":"https:\/\/wegwerfenwargestern.de\/index.php\/wp-json\/wp\/v2\/pages\/1505","targetHints":{"allow":["GET"]}}],"collection":[{"href":"https:\/\/wegwerfenwargestern.de\/index.php\/wp-json\/wp\/v2\/pages"}],"about":[{"href":"https:\/\/wegwerfenwargestern.de\/index.php\/wp-json\/wp\/v2\/types\/page"}],"author":[{"embeddable":true,"href":"https:\/\/wegwerfenwargestern.de\/index.php\/wp-json\/wp\/v2\/users\/2"}],"replies":[{"embeddable":true,"href":"https:\/\/wegwerfenwargestern.de\/index.php\/wp-json\/wp\/v2\/comments?post=1505"}],"version-history":[{"count":1,"href":"https:\/\/wegwerfenwargestern.de\/index.php\/wp-json\/wp\/v2\/pages\/1505\/revisions"}],"predecessor-version":[{"id":1506,"href":"https:\/\/wegwerfenwargestern.de\/index.php\/wp-json\/wp\/v2\/pages\/1505\/revisions\/1506"}],"up":[{"embeddable":true,"href":"https:\/\/wegwerfenwargestern.de\/index.php\/wp-json\/wp\/v2\/pages\/1808"}],"wp:attachment":[{"href":"https:\/\/wegwerfenwargestern.de\/index.php\/wp-json\/wp\/v2\/media?parent=1505"}],"curies":[{"name":"wp","href":"https:\/\/api.w.org\/{rel}","templated":true}]}}