{"id":1509,"date":"2018-09-21T22:07:54","date_gmt":"2018-09-21T20:07:54","guid":{"rendered":"https:\/\/wegwerfenwargestern.darkanium.de\/?page_id=1509"},"modified":"2018-09-22T19:00:39","modified_gmt":"2018-09-22T17:00:39","slug":"perlen-sterne","status":"publish","type":"page","link":"https:\/\/wegwerfenwargestern.de\/index.php\/blog-2\/2016-2\/perlen-sterne\/","title":{"rendered":"Perlen Sterne"},"content":{"rendered":"<p>Hallo ihr lieben&#8230;<\/p>\n<p>Dekoration f\u00fcr Weihnachten besch\u00e4ftigt uns jedes Jahr auf das neue. Diese Sterne waren mal so eine Idee f\u00fcr den Tannenbaum als Dekoration zum rein H\u00e4ngen&#8230;<\/p>\n<p><img loading=\"lazy\" decoding=\"async\" class=\"alignnone size-full wp-image-664\" src=\"https:\/\/wegwerfenwargestern.de\/wp-content\/uploads\/2018\/07\/3-Sterne-aus-Perlen.jpg\" alt=\"\" width=\"480\" height=\"360\" \/><\/p>\n<p>Diese Sterne sind sehr schnell und einfach gemacht, das zeige ich euch in diesem Video &#8230;<\/p>\n<p><a href=\"https:\/\/www.youtube.com\/watch?v=BjBT5RiQXoo&amp;t=23s\">https:\/\/www.youtube.com\/watch?v=BjBT5RiQXoo&amp;t=23s<\/a><\/p>\n<p>Nun w\u00fcnsche ich euch viel Spa\u00df beim nachbasten&#8230;<\/p>\n<p>Liebe Gr\u00fc\u00dfe<\/p>\n<p>Elke<\/p>\n","protected":false},"excerpt":{"rendered":"<p>Hallo ihr lieben&#8230; Dekoration f\u00fcr Weihnachten besch\u00e4ftigt uns jedes Jahr auf das neue. Diese Sterne waren mal so eine Idee f\u00fcr den Tannenbaum als Dekoration zum rein H\u00e4ngen&#8230; Diese Sterne sind sehr schnell und einfach gemacht, das zeige ich euch in diesem Video &#8230; https:\/\/www.youtube.com\/watch?v=BjBT5RiQXoo&amp;t=23s Nun w\u00fcnsche ich euch viel Spa\u00df beim nachbasten&#8230; Liebe Gr\u00fc\u00dfe &hellip; <\/p>\n<p class=\"link-more\"><a href=\"https:\/\/wegwerfenwargestern.de\/index.php\/blog-2\/2016-2\/perlen-sterne\/\" class=\"more-link\"><span class=\"screen-reader-text\">\u201ePerlen Sterne\u201c <\/span>weiterlesen<\/a><\/p>\n","protected":false},"author":2,"featured_media":0,"parent":1801,"menu_order":0,"comment_status":"closed","ping_status":"closed","template":"","meta":{"footnotes":""},"class_list":["post-1509","page","type-page","status-publish","hentry"],"yoast_head":"<!-- This site is optimized with the Yoast SEO plugin v25.8 - https:\/\/yoast.com\/wordpress\/plugins\/seo\/ -->\n<title>Perlen Sterne -<\/title>\n<meta name=\"robots\" content=\"index, follow, max-snippet:-1, max-image-preview:large, max-video-preview:-1\" \/>\n<link rel=\"canonical\" href=\"https:\/\/wegwerfenwargestern.de\/index.php\/blog-2\/2016-2\/perlen-sterne\/\" \/>\n<meta property=\"og:locale\" content=\"de_DE\" \/>\n<meta property=\"og:type\" content=\"article\" \/>\n<meta property=\"og:title\" content=\"Perlen Sterne -\" \/>\n<meta property=\"og:description\" content=\"Hallo ihr lieben&#8230; Dekoration f\u00fcr Weihnachten besch\u00e4ftigt uns jedes Jahr auf das neue. Diese Sterne waren mal so eine Idee f\u00fcr den Tannenbaum als Dekoration zum rein H\u00e4ngen&#8230; Diese Sterne sind sehr schnell und einfach gemacht, das zeige ich euch in diesem Video &#8230; https:\/\/www.youtube.com\/watch?v=BjBT5RiQXoo&amp;t=23s Nun w\u00fcnsche ich euch viel Spa\u00df beim nachbasten&#8230; Liebe Gr\u00fc\u00dfe &hellip; \u201ePerlen Sterne\u201c weiterlesen\" \/>\n<meta property=\"og:url\" content=\"https:\/\/wegwerfenwargestern.de\/index.php\/blog-2\/2016-2\/perlen-sterne\/\" \/>\n<meta property=\"article:modified_time\" content=\"2018-09-22T17:00:39+00:00\" \/>\n<meta property=\"og:image\" content=\"https:\/\/wegwerfenwargestern.de\/wp-content\/uploads\/2018\/07\/3-Sterne-aus-Perlen.jpg\" \/>\n\t<meta property=\"og:image:width\" content=\"480\" \/>\n\t<meta property=\"og:image:height\" content=\"360\" \/>\n\t<meta property=\"og:image:type\" content=\"image\/jpeg\" \/>\n<meta name=\"twitter:card\" content=\"summary_large_image\" \/>\n<script type=\"application\/ld+json\" class=\"yoast-schema-graph\">{\"@context\":\"https:\/\/schema.org\",\"@graph\":[{\"@type\":\"WebPage\",\"@id\":\"https:\/\/wegwerfenwargestern.de\/index.php\/blog-2\/2016-2\/perlen-sterne\/\",\"url\":\"https:\/\/wegwerfenwargestern.de\/index.php\/blog-2\/2016-2\/perlen-sterne\/\",\"name\":\"Perlen Sterne -\",\"isPartOf\":{\"@id\":\"https:\/\/wegwerfenwargestern.de\/#website\"},\"primaryImageOfPage\":{\"@id\":\"https:\/\/wegwerfenwargestern.de\/index.php\/blog-2\/2016-2\/perlen-sterne\/#primaryimage\"},\"image\":{\"@id\":\"https:\/\/wegwerfenwargestern.de\/index.php\/blog-2\/2016-2\/perlen-sterne\/#primaryimage\"},\"thumbnailUrl\":\"https:\/\/wegwerfenwargestern.de\/wp-content\/uploads\/2018\/07\/3-Sterne-aus-Perlen.jpg\",\"datePublished\":\"2018-09-21T20:07:54+00:00\",\"dateModified\":\"2018-09-22T17:00:39+00:00\",\"breadcrumb\":{\"@id\":\"https:\/\/wegwerfenwargestern.de\/index.php\/blog-2\/2016-2\/perlen-sterne\/#breadcrumb\"},\"inLanguage\":\"de\",\"potentialAction\":[{\"@type\":\"ReadAction\",\"target\":[\"https:\/\/wegwerfenwargestern.de\/index.php\/blog-2\/2016-2\/perlen-sterne\/\"]}]},{\"@type\":\"ImageObject\",\"inLanguage\":\"de\",\"@id\":\"https:\/\/wegwerfenwargestern.de\/index.php\/blog-2\/2016-2\/perlen-sterne\/#primaryimage\",\"url\":\"https:\/\/wegwerfenwargestern.de\/wp-content\/uploads\/2018\/07\/3-Sterne-aus-Perlen.jpg\",\"contentUrl\":\"https:\/\/wegwerfenwargestern.de\/wp-content\/uploads\/2018\/07\/3-Sterne-aus-Perlen.jpg\",\"width\":480,\"height\":360},{\"@type\":\"BreadcrumbList\",\"@id\":\"https:\/\/wegwerfenwargestern.de\/index.php\/blog-2\/2016-2\/perlen-sterne\/#breadcrumb\",\"itemListElement\":[{\"@type\":\"ListItem\",\"position\":1,\"name\":\"Startseite\",\"item\":\"https:\/\/wegwerfenwargestern.de\/\"},{\"@type\":\"ListItem\",\"position\":2,\"name\":\"Blog\",\"item\":\"https:\/\/wegwerfenwargestern.de\/index.php\/blog-2\/\"},{\"@type\":\"ListItem\",\"position\":3,\"name\":\"2016\",\"item\":\"https:\/\/wegwerfenwargestern.de\/index.php\/blog-2\/2016-2\/\"},{\"@type\":\"ListItem\",\"position\":4,\"name\":\"Perlen Sterne\"}]},{\"@type\":\"WebSite\",\"@id\":\"https:\/\/wegwerfenwargestern.de\/#website\",\"url\":\"https:\/\/wegwerfenwargestern.de\/\",\"name\":\"Wegwerfen war gestern\",\"description\":\"\",\"publisher\":{\"@id\":\"https:\/\/wegwerfenwargestern.de\/#\/schema\/person\/b1afdd8bdf19d681d1c4e6ade0c90299\"},\"potentialAction\":[{\"@type\":\"SearchAction\",\"target\":{\"@type\":\"EntryPoint\",\"urlTemplate\":\"https:\/\/wegwerfenwargestern.de\/?s={search_term_string}\"},\"query-input\":{\"@type\":\"PropertyValueSpecification\",\"valueRequired\":true,\"valueName\":\"search_term_string\"}}],\"inLanguage\":\"de\"},{\"@type\":[\"Person\",\"Organization\"],\"@id\":\"https:\/\/wegwerfenwargestern.de\/#\/schema\/person\/b1afdd8bdf19d681d1c4e6ade0c90299\",\"name\":\"Elke Jacobs\",\"image\":{\"@type\":\"ImageObject\",\"inLanguage\":\"de\",\"@id\":\"https:\/\/wegwerfenwargestern.de\/#\/schema\/person\/image\/\",\"url\":\"https:\/\/wegwerfenwargestern.de\/wp-content\/uploads\/2017\/09\/Darkanium12345.jpg\",\"contentUrl\":\"https:\/\/wegwerfenwargestern.de\/wp-content\/uploads\/2017\/09\/Darkanium12345.jpg\",\"width\":1956,\"height\":1100,\"caption\":\"Elke Jacobs\"},\"logo\":{\"@id\":\"https:\/\/wegwerfenwargestern.de\/#\/schema\/person\/image\/\"}}]}<\/script>\n<!-- \/ Yoast SEO plugin. -->","yoast_head_json":{"title":"Perlen Sterne -","robots":{"index":"index","follow":"follow","max-snippet":"max-snippet:-1","max-image-preview":"max-image-preview:large","max-video-preview":"max-video-preview:-1"},"canonical":"https:\/\/wegwerfenwargestern.de\/index.php\/blog-2\/2016-2\/perlen-sterne\/","og_locale":"de_DE","og_type":"article","og_title":"Perlen Sterne -","og_description":"Hallo ihr lieben&#8230; Dekoration f\u00fcr Weihnachten besch\u00e4ftigt uns jedes Jahr auf das neue. Diese Sterne waren mal so eine Idee f\u00fcr den Tannenbaum als Dekoration zum rein H\u00e4ngen&#8230; Diese Sterne sind sehr schnell und einfach gemacht, das zeige ich euch in diesem Video &#8230; https:\/\/www.youtube.com\/watch?v=BjBT5RiQXoo&amp;t=23s Nun w\u00fcnsche ich euch viel Spa\u00df beim nachbasten&#8230; Liebe Gr\u00fc\u00dfe &hellip; \u201ePerlen Sterne\u201c weiterlesen","og_url":"https:\/\/wegwerfenwargestern.de\/index.php\/blog-2\/2016-2\/perlen-sterne\/","article_modified_time":"2018-09-22T17:00:39+00:00","og_image":[{"width":480,"height":360,"url":"https:\/\/wegwerfenwargestern.de\/wp-content\/uploads\/2018\/07\/3-Sterne-aus-Perlen.jpg","type":"image\/jpeg"}],"twitter_card":"summary_large_image","schema":{"@context":"https:\/\/schema.org","@graph":[{"@type":"WebPage","@id":"https:\/\/wegwerfenwargestern.de\/index.php\/blog-2\/2016-2\/perlen-sterne\/","url":"https:\/\/wegwerfenwargestern.de\/index.php\/blog-2\/2016-2\/perlen-sterne\/","name":"Perlen Sterne -","isPartOf":{"@id":"https:\/\/wegwerfenwargestern.de\/#website"},"primaryImageOfPage":{"@id":"https:\/\/wegwerfenwargestern.de\/index.php\/blog-2\/2016-2\/perlen-sterne\/#primaryimage"},"image":{"@id":"https:\/\/wegwerfenwargestern.de\/index.php\/blog-2\/2016-2\/perlen-sterne\/#primaryimage"},"thumbnailUrl":"https:\/\/wegwerfenwargestern.de\/wp-content\/uploads\/2018\/07\/3-Sterne-aus-Perlen.jpg","datePublished":"2018-09-21T20:07:54+00:00","dateModified":"2018-09-22T17:00:39+00:00","breadcrumb":{"@id":"https:\/\/wegwerfenwargestern.de\/index.php\/blog-2\/2016-2\/perlen-sterne\/#breadcrumb"},"inLanguage":"de","potentialAction":[{"@type":"ReadAction","target":["https:\/\/wegwerfenwargestern.de\/index.php\/blog-2\/2016-2\/perlen-sterne\/"]}]},{"@type":"ImageObject","inLanguage":"de","@id":"https:\/\/wegwerfenwargestern.de\/index.php\/blog-2\/2016-2\/perlen-sterne\/#primaryimage","url":"https:\/\/wegwerfenwargestern.de\/wp-content\/uploads\/2018\/07\/3-Sterne-aus-Perlen.jpg","contentUrl":"https:\/\/wegwerfenwargestern.de\/wp-content\/uploads\/2018\/07\/3-Sterne-aus-Perlen.jpg","width":480,"height":360},{"@type":"BreadcrumbList","@id":"https:\/\/wegwerfenwargestern.de\/index.php\/blog-2\/2016-2\/perlen-sterne\/#breadcrumb","itemListElement":[{"@type":"ListItem","position":1,"name":"Startseite","item":"https:\/\/wegwerfenwargestern.de\/"},{"@type":"ListItem","position":2,"name":"Blog","item":"https:\/\/wegwerfenwargestern.de\/index.php\/blog-2\/"},{"@type":"ListItem","position":3,"name":"2016","item":"https:\/\/wegwerfenwargestern.de\/index.php\/blog-2\/2016-2\/"},{"@type":"ListItem","position":4,"name":"Perlen Sterne"}]},{"@type":"WebSite","@id":"https:\/\/wegwerfenwargestern.de\/#website","url":"https:\/\/wegwerfenwargestern.de\/","name":"Wegwerfen war gestern","description":"","publisher":{"@id":"https:\/\/wegwerfenwargestern.de\/#\/schema\/person\/b1afdd8bdf19d681d1c4e6ade0c90299"},"potentialAction":[{"@type":"SearchAction","target":{"@type":"EntryPoint","urlTemplate":"https:\/\/wegwerfenwargestern.de\/?s={search_term_string}"},"query-input":{"@type":"PropertyValueSpecification","valueRequired":true,"valueName":"search_term_string"}}],"inLanguage":"de"},{"@type":["Person","Organization"],"@id":"https:\/\/wegwerfenwargestern.de\/#\/schema\/person\/b1afdd8bdf19d681d1c4e6ade0c90299","name":"Elke Jacobs","image":{"@type":"ImageObject","inLanguage":"de","@id":"https:\/\/wegwerfenwargestern.de\/#\/schema\/person\/image\/","url":"https:\/\/wegwerfenwargestern.de\/wp-content\/uploads\/2017\/09\/Darkanium12345.jpg","contentUrl":"https:\/\/wegwerfenwargestern.de\/wp-content\/uploads\/2017\/09\/Darkanium12345.jpg","width":1956,"height":1100,"caption":"Elke Jacobs"},"logo":{"@id":"https:\/\/wegwerfenwargestern.de\/#\/schema\/person\/image\/"}}]}},"_links":{"self":[{"href":"https:\/\/wegwerfenwargestern.de\/index.php\/wp-json\/wp\/v2\/pages\/1509","targetHints":{"allow":["GET"]}}],"collection":[{"href":"https:\/\/wegwerfenwargestern.de\/index.php\/wp-json\/wp\/v2\/pages"}],"about":[{"href":"https:\/\/wegwerfenwargestern.de\/index.php\/wp-json\/wp\/v2\/types\/page"}],"author":[{"embeddable":true,"href":"https:\/\/wegwerfenwargestern.de\/index.php\/wp-json\/wp\/v2\/users\/2"}],"replies":[{"embeddable":true,"href":"https:\/\/wegwerfenwargestern.de\/index.php\/wp-json\/wp\/v2\/comments?post=1509"}],"version-history":[{"count":1,"href":"https:\/\/wegwerfenwargestern.de\/index.php\/wp-json\/wp\/v2\/pages\/1509\/revisions"}],"predecessor-version":[{"id":1510,"href":"https:\/\/wegwerfenwargestern.de\/index.php\/wp-json\/wp\/v2\/pages\/1509\/revisions\/1510"}],"up":[{"embeddable":true,"href":"https:\/\/wegwerfenwargestern.de\/index.php\/wp-json\/wp\/v2\/pages\/1801"}],"wp:attachment":[{"href":"https:\/\/wegwerfenwargestern.de\/index.php\/wp-json\/wp\/v2\/media?parent=1509"}],"curies":[{"name":"wp","href":"https:\/\/api.w.org\/{rel}","templated":true}]}}