{"id":1542,"date":"2018-09-22T09:31:40","date_gmt":"2018-09-22T07:31:40","guid":{"rendered":"https:\/\/wegwerfenwargestern.darkanium.de\/?page_id=1542"},"modified":"2018-09-30T19:08:28","modified_gmt":"2018-09-30T17:08:28","slug":"delfine-in-der-foerde-von-flensburg-2016","status":"publish","type":"page","link":"https:\/\/wegwerfenwargestern.de\/index.php\/blog-2\/ein-startseiten-abschnitt\/delfine-in-der-foerde-von-flensburg-2016\/","title":{"rendered":"Delfine in der F\u00f6rde von Flensburg 2016"},"content":{"rendered":"<p>Hallo ihr Lieben &#8230;<\/p>\n<p>Im Februar 2016 wurde \u00fcberall dar\u00fcber berichtet, ob im Fernsehn, in den Zeitungen und und &#8230;.<br \/>\nZwei Delfine gesichtet in der F\u00f6rde von Flensburg unglaublich!<\/p>\n<p><img loading=\"lazy\" decoding=\"async\" class=\"alignnone size-full wp-image-183\" src=\"https:\/\/wegwerfenwargestern.de\/wp-content\/uploads\/2018\/04\/DSC00834.....jpg\" alt=\"\" width=\"540\" height=\"405\" \/><\/p>\n<p>Ich hatte das Gl\u00fcck diese beiden Delfine in freier Wildbahn, in der F\u00f6rde schwimmen zu sehen. F\u00fcr mich war es ein Zufall das ich mir das anschauen konnte, extra gefahren w\u00e4re ich nicht.<\/p>\n<p>Es war ein unglaubliches Erlebnis, aber niemals w\u00e4re ich auf die Idee gekommen zu den Tieren ins Wasser zu gehen, oder sie anfassen zu wollen.<\/p>\n<p>So war das leider in Kiel, das da nichts passiert ist, das war wohl reines Gl\u00fcck.\u00a0 Dort war aber nur ein Delfin, wie sie hier her gefunden haben\u00a0 ist nicht gekl\u00e4rt.<\/p>\n<p>Aber ich muss zugeben, das war ein echtes high light, an dem m\u00f6chte ich euch auch teil haben lassen.<\/p>\n<p>Etwas sp\u00e4ter bin ich dann noch mal mit einem Passagier Schiff gefahren, da hie\u00df es sie w\u00e4ren weiter gezogen.<br \/>\nAber als wir auf der R\u00fcckfahrt waren, ungef\u00e4hr bei den Ochsen Inseln waren sie wieder da und haben uns ein St\u00fcck wieder nach Flensburg begleitet.<br \/>\nDanach sind sie dann in Richtung gro\u00dfer Belt verschwunden.<\/p>\n<p>Dies sind die Links zu 2 Video, die ich bei You Tube hoch geladen habe.<\/p>\n<p><a href=\"https:\/\/www.youtube.com\/watch?v=-GlYEegJET0\">https:\/\/www.youtube.com\/watch?v=-GlYEegJET0<\/a><\/p>\n<p><a href=\"https:\/\/www.youtube.com\/watch?v=Ca2SB1RpEJo\">https:\/\/www.youtube.com\/watch?v=Ca2SB1RpEJo<\/a><\/p>\n<p>Ich w\u00fcnsche euch viel vergn\u00fcgen beim anschauen.<\/p>\n<p>Liebe Gr\u00fc\u00dfe<\/p>\n<p>Elke<\/p>\n","protected":false},"excerpt":{"rendered":"<p>Hallo ihr Lieben &#8230; Im Februar 2016 wurde \u00fcberall dar\u00fcber berichtet, ob im Fernsehn, in den Zeitungen und und &#8230;. Zwei Delfine gesichtet in der F\u00f6rde von Flensburg unglaublich! Ich hatte das Gl\u00fcck diese beiden Delfine in freier Wildbahn, in der F\u00f6rde schwimmen zu sehen. F\u00fcr mich war es ein Zufall das ich mir das &hellip; <\/p>\n<p class=\"link-more\"><a href=\"https:\/\/wegwerfenwargestern.de\/index.php\/blog-2\/ein-startseiten-abschnitt\/delfine-in-der-foerde-von-flensburg-2016\/\" class=\"more-link\"><span class=\"screen-reader-text\">\u201eDelfine in der F\u00f6rde von Flensburg 2016\u201c <\/span>weiterlesen<\/a><\/p>\n","protected":false},"author":2,"featured_media":0,"parent":13,"menu_order":0,"comment_status":"closed","ping_status":"closed","template":"","meta":{"footnotes":""},"class_list":["post-1542","page","type-page","status-publish","hentry"],"yoast_head":"<!-- This site is optimized with the Yoast SEO plugin v25.8 - https:\/\/yoast.com\/wordpress\/plugins\/seo\/ -->\n<title>Delfine in der F\u00f6rde von Flensburg 2016 -<\/title>\n<meta name=\"robots\" content=\"index, follow, max-snippet:-1, max-image-preview:large, max-video-preview:-1\" \/>\n<link rel=\"canonical\" href=\"https:\/\/wegwerfenwargestern.de\/index.php\/blog-2\/ein-startseiten-abschnitt\/delfine-in-der-foerde-von-flensburg-2016\/\" \/>\n<meta property=\"og:locale\" content=\"de_DE\" \/>\n<meta property=\"og:type\" content=\"article\" \/>\n<meta property=\"og:title\" content=\"Delfine in der F\u00f6rde von Flensburg 2016 -\" \/>\n<meta property=\"og:description\" content=\"Hallo ihr Lieben &#8230; Im Februar 2016 wurde \u00fcberall dar\u00fcber berichtet, ob im Fernsehn, in den Zeitungen und und &#8230;. Zwei Delfine gesichtet in der F\u00f6rde von Flensburg unglaublich! Ich hatte das Gl\u00fcck diese beiden Delfine in freier Wildbahn, in der F\u00f6rde schwimmen zu sehen. F\u00fcr mich war es ein Zufall das ich mir das &hellip; \u201eDelfine in der F\u00f6rde von Flensburg 2016\u201c weiterlesen\" \/>\n<meta property=\"og:url\" content=\"https:\/\/wegwerfenwargestern.de\/index.php\/blog-2\/ein-startseiten-abschnitt\/delfine-in-der-foerde-von-flensburg-2016\/\" \/>\n<meta property=\"article:modified_time\" content=\"2018-09-30T17:08:28+00:00\" \/>\n<meta property=\"og:image\" content=\"https:\/\/wegwerfenwargestern.de\/wp-content\/uploads\/2018\/04\/DSC00834.....jpg\" \/>\n\t<meta property=\"og:image:width\" content=\"540\" \/>\n\t<meta property=\"og:image:height\" content=\"405\" \/>\n\t<meta property=\"og:image:type\" content=\"image\/jpeg\" \/>\n<meta name=\"twitter:card\" content=\"summary_large_image\" \/>\n<meta name=\"twitter:label1\" content=\"Gesch\u00e4tzte Lesezeit\" \/>\n\t<meta name=\"twitter:data1\" content=\"1\u00a0Minute\" \/>\n<script type=\"application\/ld+json\" class=\"yoast-schema-graph\">{\"@context\":\"https:\/\/schema.org\",\"@graph\":[{\"@type\":\"WebPage\",\"@id\":\"https:\/\/wegwerfenwargestern.de\/index.php\/blog-2\/ein-startseiten-abschnitt\/delfine-in-der-foerde-von-flensburg-2016\/\",\"url\":\"https:\/\/wegwerfenwargestern.de\/index.php\/blog-2\/ein-startseiten-abschnitt\/delfine-in-der-foerde-von-flensburg-2016\/\",\"name\":\"Delfine in der F\u00f6rde von Flensburg 2016 -\",\"isPartOf\":{\"@id\":\"https:\/\/wegwerfenwargestern.de\/#website\"},\"primaryImageOfPage\":{\"@id\":\"https:\/\/wegwerfenwargestern.de\/index.php\/blog-2\/ein-startseiten-abschnitt\/delfine-in-der-foerde-von-flensburg-2016\/#primaryimage\"},\"image\":{\"@id\":\"https:\/\/wegwerfenwargestern.de\/index.php\/blog-2\/ein-startseiten-abschnitt\/delfine-in-der-foerde-von-flensburg-2016\/#primaryimage\"},\"thumbnailUrl\":\"https:\/\/wegwerfenwargestern.de\/wp-content\/uploads\/2018\/04\/DSC00834.....jpg\",\"datePublished\":\"2018-09-22T07:31:40+00:00\",\"dateModified\":\"2018-09-30T17:08:28+00:00\",\"breadcrumb\":{\"@id\":\"https:\/\/wegwerfenwargestern.de\/index.php\/blog-2\/ein-startseiten-abschnitt\/delfine-in-der-foerde-von-flensburg-2016\/#breadcrumb\"},\"inLanguage\":\"de\",\"potentialAction\":[{\"@type\":\"ReadAction\",\"target\":[\"https:\/\/wegwerfenwargestern.de\/index.php\/blog-2\/ein-startseiten-abschnitt\/delfine-in-der-foerde-von-flensburg-2016\/\"]}]},{\"@type\":\"ImageObject\",\"inLanguage\":\"de\",\"@id\":\"https:\/\/wegwerfenwargestern.de\/index.php\/blog-2\/ein-startseiten-abschnitt\/delfine-in-der-foerde-von-flensburg-2016\/#primaryimage\",\"url\":\"https:\/\/wegwerfenwargestern.de\/wp-content\/uploads\/2018\/04\/DSC00834.....jpg\",\"contentUrl\":\"https:\/\/wegwerfenwargestern.de\/wp-content\/uploads\/2018\/04\/DSC00834.....jpg\",\"width\":540,\"height\":405},{\"@type\":\"BreadcrumbList\",\"@id\":\"https:\/\/wegwerfenwargestern.de\/index.php\/blog-2\/ein-startseiten-abschnitt\/delfine-in-der-foerde-von-flensburg-2016\/#breadcrumb\",\"itemListElement\":[{\"@type\":\"ListItem\",\"position\":1,\"name\":\"Startseite\",\"item\":\"https:\/\/wegwerfenwargestern.de\/\"},{\"@type\":\"ListItem\",\"position\":2,\"name\":\"Blog\",\"item\":\"https:\/\/wegwerfenwargestern.de\/index.php\/blog-2\/\"},{\"@type\":\"ListItem\",\"position\":3,\"name\":\"Ausfl\u00fcge\",\"item\":\"https:\/\/wegwerfenwargestern.de\/index.php\/blog-2\/ein-startseiten-abschnitt\/\"},{\"@type\":\"ListItem\",\"position\":4,\"name\":\"Delfine in der F\u00f6rde von Flensburg 2016\"}]},{\"@type\":\"WebSite\",\"@id\":\"https:\/\/wegwerfenwargestern.de\/#website\",\"url\":\"https:\/\/wegwerfenwargestern.de\/\",\"name\":\"Wegwerfen war gestern\",\"description\":\"\",\"publisher\":{\"@id\":\"https:\/\/wegwerfenwargestern.de\/#\/schema\/person\/b1afdd8bdf19d681d1c4e6ade0c90299\"},\"potentialAction\":[{\"@type\":\"SearchAction\",\"target\":{\"@type\":\"EntryPoint\",\"urlTemplate\":\"https:\/\/wegwerfenwargestern.de\/?s={search_term_string}\"},\"query-input\":{\"@type\":\"PropertyValueSpecification\",\"valueRequired\":true,\"valueName\":\"search_term_string\"}}],\"inLanguage\":\"de\"},{\"@type\":[\"Person\",\"Organization\"],\"@id\":\"https:\/\/wegwerfenwargestern.de\/#\/schema\/person\/b1afdd8bdf19d681d1c4e6ade0c90299\",\"name\":\"Elke Jacobs\",\"image\":{\"@type\":\"ImageObject\",\"inLanguage\":\"de\",\"@id\":\"https:\/\/wegwerfenwargestern.de\/#\/schema\/person\/image\/\",\"url\":\"https:\/\/wegwerfenwargestern.de\/wp-content\/uploads\/2017\/09\/Darkanium12345.jpg\",\"contentUrl\":\"https:\/\/wegwerfenwargestern.de\/wp-content\/uploads\/2017\/09\/Darkanium12345.jpg\",\"width\":1956,\"height\":1100,\"caption\":\"Elke Jacobs\"},\"logo\":{\"@id\":\"https:\/\/wegwerfenwargestern.de\/#\/schema\/person\/image\/\"}}]}<\/script>\n<!-- \/ Yoast SEO plugin. -->","yoast_head_json":{"title":"Delfine in der F\u00f6rde von Flensburg 2016 -","robots":{"index":"index","follow":"follow","max-snippet":"max-snippet:-1","max-image-preview":"max-image-preview:large","max-video-preview":"max-video-preview:-1"},"canonical":"https:\/\/wegwerfenwargestern.de\/index.php\/blog-2\/ein-startseiten-abschnitt\/delfine-in-der-foerde-von-flensburg-2016\/","og_locale":"de_DE","og_type":"article","og_title":"Delfine in der F\u00f6rde von Flensburg 2016 -","og_description":"Hallo ihr Lieben &#8230; Im Februar 2016 wurde \u00fcberall dar\u00fcber berichtet, ob im Fernsehn, in den Zeitungen und und &#8230;. Zwei Delfine gesichtet in der F\u00f6rde von Flensburg unglaublich! Ich hatte das Gl\u00fcck diese beiden Delfine in freier Wildbahn, in der F\u00f6rde schwimmen zu sehen. F\u00fcr mich war es ein Zufall das ich mir das &hellip; \u201eDelfine in der F\u00f6rde von Flensburg 2016\u201c weiterlesen","og_url":"https:\/\/wegwerfenwargestern.de\/index.php\/blog-2\/ein-startseiten-abschnitt\/delfine-in-der-foerde-von-flensburg-2016\/","article_modified_time":"2018-09-30T17:08:28+00:00","og_image":[{"width":540,"height":405,"url":"https:\/\/wegwerfenwargestern.de\/wp-content\/uploads\/2018\/04\/DSC00834.....jpg","type":"image\/jpeg"}],"twitter_card":"summary_large_image","twitter_misc":{"Gesch\u00e4tzte Lesezeit":"1\u00a0Minute"},"schema":{"@context":"https:\/\/schema.org","@graph":[{"@type":"WebPage","@id":"https:\/\/wegwerfenwargestern.de\/index.php\/blog-2\/ein-startseiten-abschnitt\/delfine-in-der-foerde-von-flensburg-2016\/","url":"https:\/\/wegwerfenwargestern.de\/index.php\/blog-2\/ein-startseiten-abschnitt\/delfine-in-der-foerde-von-flensburg-2016\/","name":"Delfine in der F\u00f6rde von Flensburg 2016 -","isPartOf":{"@id":"https:\/\/wegwerfenwargestern.de\/#website"},"primaryImageOfPage":{"@id":"https:\/\/wegwerfenwargestern.de\/index.php\/blog-2\/ein-startseiten-abschnitt\/delfine-in-der-foerde-von-flensburg-2016\/#primaryimage"},"image":{"@id":"https:\/\/wegwerfenwargestern.de\/index.php\/blog-2\/ein-startseiten-abschnitt\/delfine-in-der-foerde-von-flensburg-2016\/#primaryimage"},"thumbnailUrl":"https:\/\/wegwerfenwargestern.de\/wp-content\/uploads\/2018\/04\/DSC00834.....jpg","datePublished":"2018-09-22T07:31:40+00:00","dateModified":"2018-09-30T17:08:28+00:00","breadcrumb":{"@id":"https:\/\/wegwerfenwargestern.de\/index.php\/blog-2\/ein-startseiten-abschnitt\/delfine-in-der-foerde-von-flensburg-2016\/#breadcrumb"},"inLanguage":"de","potentialAction":[{"@type":"ReadAction","target":["https:\/\/wegwerfenwargestern.de\/index.php\/blog-2\/ein-startseiten-abschnitt\/delfine-in-der-foerde-von-flensburg-2016\/"]}]},{"@type":"ImageObject","inLanguage":"de","@id":"https:\/\/wegwerfenwargestern.de\/index.php\/blog-2\/ein-startseiten-abschnitt\/delfine-in-der-foerde-von-flensburg-2016\/#primaryimage","url":"https:\/\/wegwerfenwargestern.de\/wp-content\/uploads\/2018\/04\/DSC00834.....jpg","contentUrl":"https:\/\/wegwerfenwargestern.de\/wp-content\/uploads\/2018\/04\/DSC00834.....jpg","width":540,"height":405},{"@type":"BreadcrumbList","@id":"https:\/\/wegwerfenwargestern.de\/index.php\/blog-2\/ein-startseiten-abschnitt\/delfine-in-der-foerde-von-flensburg-2016\/#breadcrumb","itemListElement":[{"@type":"ListItem","position":1,"name":"Startseite","item":"https:\/\/wegwerfenwargestern.de\/"},{"@type":"ListItem","position":2,"name":"Blog","item":"https:\/\/wegwerfenwargestern.de\/index.php\/blog-2\/"},{"@type":"ListItem","position":3,"name":"Ausfl\u00fcge","item":"https:\/\/wegwerfenwargestern.de\/index.php\/blog-2\/ein-startseiten-abschnitt\/"},{"@type":"ListItem","position":4,"name":"Delfine in der F\u00f6rde von Flensburg 2016"}]},{"@type":"WebSite","@id":"https:\/\/wegwerfenwargestern.de\/#website","url":"https:\/\/wegwerfenwargestern.de\/","name":"Wegwerfen war gestern","description":"","publisher":{"@id":"https:\/\/wegwerfenwargestern.de\/#\/schema\/person\/b1afdd8bdf19d681d1c4e6ade0c90299"},"potentialAction":[{"@type":"SearchAction","target":{"@type":"EntryPoint","urlTemplate":"https:\/\/wegwerfenwargestern.de\/?s={search_term_string}"},"query-input":{"@type":"PropertyValueSpecification","valueRequired":true,"valueName":"search_term_string"}}],"inLanguage":"de"},{"@type":["Person","Organization"],"@id":"https:\/\/wegwerfenwargestern.de\/#\/schema\/person\/b1afdd8bdf19d681d1c4e6ade0c90299","name":"Elke Jacobs","image":{"@type":"ImageObject","inLanguage":"de","@id":"https:\/\/wegwerfenwargestern.de\/#\/schema\/person\/image\/","url":"https:\/\/wegwerfenwargestern.de\/wp-content\/uploads\/2017\/09\/Darkanium12345.jpg","contentUrl":"https:\/\/wegwerfenwargestern.de\/wp-content\/uploads\/2017\/09\/Darkanium12345.jpg","width":1956,"height":1100,"caption":"Elke Jacobs"},"logo":{"@id":"https:\/\/wegwerfenwargestern.de\/#\/schema\/person\/image\/"}}]}},"_links":{"self":[{"href":"https:\/\/wegwerfenwargestern.de\/index.php\/wp-json\/wp\/v2\/pages\/1542","targetHints":{"allow":["GET"]}}],"collection":[{"href":"https:\/\/wegwerfenwargestern.de\/index.php\/wp-json\/wp\/v2\/pages"}],"about":[{"href":"https:\/\/wegwerfenwargestern.de\/index.php\/wp-json\/wp\/v2\/types\/page"}],"author":[{"embeddable":true,"href":"https:\/\/wegwerfenwargestern.de\/index.php\/wp-json\/wp\/v2\/users\/2"}],"replies":[{"embeddable":true,"href":"https:\/\/wegwerfenwargestern.de\/index.php\/wp-json\/wp\/v2\/comments?post=1542"}],"version-history":[{"count":1,"href":"https:\/\/wegwerfenwargestern.de\/index.php\/wp-json\/wp\/v2\/pages\/1542\/revisions"}],"predecessor-version":[{"id":1543,"href":"https:\/\/wegwerfenwargestern.de\/index.php\/wp-json\/wp\/v2\/pages\/1542\/revisions\/1543"}],"up":[{"embeddable":true,"href":"https:\/\/wegwerfenwargestern.de\/index.php\/wp-json\/wp\/v2\/pages\/13"}],"wp:attachment":[{"href":"https:\/\/wegwerfenwargestern.de\/index.php\/wp-json\/wp\/v2\/media?parent=1542"}],"curies":[{"name":"wp","href":"https:\/\/api.w.org\/{rel}","templated":true}]}}