{"id":1546,"date":"2018-09-22T09:38:56","date_gmt":"2018-09-22T07:38:56","guid":{"rendered":"https:\/\/wegwerfenwargestern.darkanium.de\/?page_id=1546"},"modified":"2018-09-22T19:48:22","modified_gmt":"2018-09-22T17:48:22","slug":"shabby-kuechen-einkaufszettel","status":"publish","type":"page","link":"https:\/\/wegwerfenwargestern.de\/index.php\/blog-2\/2016-2\/shabby-kuechen-einkaufszettel\/","title":{"rendered":"Shabby K\u00fcchen Einkaufszettel"},"content":{"rendered":"<p>Hallo ihr lieben&#8230;<\/p>\n<p>Beim Aufr\u00e4umen auf dem Dachboden kamen diese Kassen Rollen zum Vorschein. Und f\u00fcr die K\u00fcche fehlte mir noch ein Spickzettel, um aufzuschreiben was ich Einkaufen muss. Also wieder etwas vor dem M\u00fcll gerettet&#8230;.<\/p>\n<p><img loading=\"lazy\" decoding=\"async\" class=\"alignnone size-full wp-image-611\" src=\"https:\/\/wegwerfenwargestern.de\/wp-content\/uploads\/2018\/07\/Kuchen-Einkaufszetteljpg....jpg\" alt=\"\" width=\"398\" height=\"425\" \/><\/p>\n<p>Nun kann Zettel voll geschrieben werden und nichts wird vergessen. Wie ich das gebastelt habe k\u00f6nnt ihr in diesem Video sehen&#8230;.<\/p>\n<p><a href=\"https:\/\/www.youtube.com\/watch?v=QrPQP0uKcQE\">https:\/\/www.youtube.com\/watch?v=QrPQP0uKcQE<\/a><\/p>\n<p>Nun w\u00fcnsche ich euch viel Spa\u00df beim nachbasteln&#8230;.<\/p>\n<p>Liebe Gr\u00fc\u00dfe<\/p>\n<p>Elke<\/p>\n<p>&nbsp;<\/p>\n","protected":false},"excerpt":{"rendered":"<p>Hallo ihr lieben&#8230; Beim Aufr\u00e4umen auf dem Dachboden kamen diese Kassen Rollen zum Vorschein. Und f\u00fcr die K\u00fcche fehlte mir noch ein Spickzettel, um aufzuschreiben was ich Einkaufen muss. Also wieder etwas vor dem M\u00fcll gerettet&#8230;. Nun kann Zettel voll geschrieben werden und nichts wird vergessen. Wie ich das gebastelt habe k\u00f6nnt ihr in diesem &hellip; <\/p>\n<p class=\"link-more\"><a href=\"https:\/\/wegwerfenwargestern.de\/index.php\/blog-2\/2016-2\/shabby-kuechen-einkaufszettel\/\" class=\"more-link\"><span class=\"screen-reader-text\">\u201eShabby K\u00fcchen Einkaufszettel\u201c <\/span>weiterlesen<\/a><\/p>\n","protected":false},"author":2,"featured_media":0,"parent":1801,"menu_order":0,"comment_status":"closed","ping_status":"closed","template":"","meta":{"footnotes":""},"class_list":["post-1546","page","type-page","status-publish","hentry"],"yoast_head":"<!-- This site is optimized with the Yoast SEO plugin v25.8 - https:\/\/yoast.com\/wordpress\/plugins\/seo\/ -->\n<title>Shabby K\u00fcchen Einkaufszettel -<\/title>\n<meta name=\"robots\" content=\"index, follow, max-snippet:-1, max-image-preview:large, max-video-preview:-1\" \/>\n<link rel=\"canonical\" href=\"https:\/\/wegwerfenwargestern.de\/index.php\/blog-2\/2016-2\/shabby-kuechen-einkaufszettel\/\" \/>\n<meta property=\"og:locale\" content=\"de_DE\" \/>\n<meta property=\"og:type\" content=\"article\" \/>\n<meta property=\"og:title\" content=\"Shabby K\u00fcchen Einkaufszettel -\" \/>\n<meta property=\"og:description\" content=\"Hallo ihr lieben&#8230; Beim Aufr\u00e4umen auf dem Dachboden kamen diese Kassen Rollen zum Vorschein. Und f\u00fcr die K\u00fcche fehlte mir noch ein Spickzettel, um aufzuschreiben was ich Einkaufen muss. Also wieder etwas vor dem M\u00fcll gerettet&#8230;. Nun kann Zettel voll geschrieben werden und nichts wird vergessen. Wie ich das gebastelt habe k\u00f6nnt ihr in diesem &hellip; \u201eShabby K\u00fcchen Einkaufszettel\u201c weiterlesen\" \/>\n<meta property=\"og:url\" content=\"https:\/\/wegwerfenwargestern.de\/index.php\/blog-2\/2016-2\/shabby-kuechen-einkaufszettel\/\" \/>\n<meta property=\"article:modified_time\" content=\"2018-09-22T17:48:22+00:00\" \/>\n<meta property=\"og:image\" content=\"https:\/\/wegwerfenwargestern.de\/wp-content\/uploads\/2018\/07\/Kuchen-Einkaufszetteljpg....jpg\" \/>\n\t<meta property=\"og:image:width\" content=\"398\" \/>\n\t<meta property=\"og:image:height\" content=\"425\" \/>\n\t<meta property=\"og:image:type\" content=\"image\/jpeg\" \/>\n<meta name=\"twitter:card\" content=\"summary_large_image\" \/>\n<script type=\"application\/ld+json\" class=\"yoast-schema-graph\">{\"@context\":\"https:\/\/schema.org\",\"@graph\":[{\"@type\":\"WebPage\",\"@id\":\"https:\/\/wegwerfenwargestern.de\/index.php\/blog-2\/2016-2\/shabby-kuechen-einkaufszettel\/\",\"url\":\"https:\/\/wegwerfenwargestern.de\/index.php\/blog-2\/2016-2\/shabby-kuechen-einkaufszettel\/\",\"name\":\"Shabby K\u00fcchen Einkaufszettel -\",\"isPartOf\":{\"@id\":\"https:\/\/wegwerfenwargestern.de\/#website\"},\"primaryImageOfPage\":{\"@id\":\"https:\/\/wegwerfenwargestern.de\/index.php\/blog-2\/2016-2\/shabby-kuechen-einkaufszettel\/#primaryimage\"},\"image\":{\"@id\":\"https:\/\/wegwerfenwargestern.de\/index.php\/blog-2\/2016-2\/shabby-kuechen-einkaufszettel\/#primaryimage\"},\"thumbnailUrl\":\"https:\/\/wegwerfenwargestern.de\/wp-content\/uploads\/2018\/07\/Kuchen-Einkaufszetteljpg....jpg\",\"datePublished\":\"2018-09-22T07:38:56+00:00\",\"dateModified\":\"2018-09-22T17:48:22+00:00\",\"breadcrumb\":{\"@id\":\"https:\/\/wegwerfenwargestern.de\/index.php\/blog-2\/2016-2\/shabby-kuechen-einkaufszettel\/#breadcrumb\"},\"inLanguage\":\"de\",\"potentialAction\":[{\"@type\":\"ReadAction\",\"target\":[\"https:\/\/wegwerfenwargestern.de\/index.php\/blog-2\/2016-2\/shabby-kuechen-einkaufszettel\/\"]}]},{\"@type\":\"ImageObject\",\"inLanguage\":\"de\",\"@id\":\"https:\/\/wegwerfenwargestern.de\/index.php\/blog-2\/2016-2\/shabby-kuechen-einkaufszettel\/#primaryimage\",\"url\":\"https:\/\/wegwerfenwargestern.de\/wp-content\/uploads\/2018\/07\/Kuchen-Einkaufszetteljpg....jpg\",\"contentUrl\":\"https:\/\/wegwerfenwargestern.de\/wp-content\/uploads\/2018\/07\/Kuchen-Einkaufszetteljpg....jpg\",\"width\":398,\"height\":425},{\"@type\":\"BreadcrumbList\",\"@id\":\"https:\/\/wegwerfenwargestern.de\/index.php\/blog-2\/2016-2\/shabby-kuechen-einkaufszettel\/#breadcrumb\",\"itemListElement\":[{\"@type\":\"ListItem\",\"position\":1,\"name\":\"Startseite\",\"item\":\"https:\/\/wegwerfenwargestern.de\/\"},{\"@type\":\"ListItem\",\"position\":2,\"name\":\"Blog\",\"item\":\"https:\/\/wegwerfenwargestern.de\/index.php\/blog-2\/\"},{\"@type\":\"ListItem\",\"position\":3,\"name\":\"2016\",\"item\":\"https:\/\/wegwerfenwargestern.de\/index.php\/blog-2\/2016-2\/\"},{\"@type\":\"ListItem\",\"position\":4,\"name\":\"Shabby K\u00fcchen Einkaufszettel\"}]},{\"@type\":\"WebSite\",\"@id\":\"https:\/\/wegwerfenwargestern.de\/#website\",\"url\":\"https:\/\/wegwerfenwargestern.de\/\",\"name\":\"Wegwerfen war gestern\",\"description\":\"\",\"publisher\":{\"@id\":\"https:\/\/wegwerfenwargestern.de\/#\/schema\/person\/b1afdd8bdf19d681d1c4e6ade0c90299\"},\"potentialAction\":[{\"@type\":\"SearchAction\",\"target\":{\"@type\":\"EntryPoint\",\"urlTemplate\":\"https:\/\/wegwerfenwargestern.de\/?s={search_term_string}\"},\"query-input\":{\"@type\":\"PropertyValueSpecification\",\"valueRequired\":true,\"valueName\":\"search_term_string\"}}],\"inLanguage\":\"de\"},{\"@type\":[\"Person\",\"Organization\"],\"@id\":\"https:\/\/wegwerfenwargestern.de\/#\/schema\/person\/b1afdd8bdf19d681d1c4e6ade0c90299\",\"name\":\"Elke Jacobs\",\"image\":{\"@type\":\"ImageObject\",\"inLanguage\":\"de\",\"@id\":\"https:\/\/wegwerfenwargestern.de\/#\/schema\/person\/image\/\",\"url\":\"https:\/\/wegwerfenwargestern.de\/wp-content\/uploads\/2017\/09\/Darkanium12345.jpg\",\"contentUrl\":\"https:\/\/wegwerfenwargestern.de\/wp-content\/uploads\/2017\/09\/Darkanium12345.jpg\",\"width\":1956,\"height\":1100,\"caption\":\"Elke Jacobs\"},\"logo\":{\"@id\":\"https:\/\/wegwerfenwargestern.de\/#\/schema\/person\/image\/\"}}]}<\/script>\n<!-- \/ Yoast SEO plugin. -->","yoast_head_json":{"title":"Shabby K\u00fcchen Einkaufszettel -","robots":{"index":"index","follow":"follow","max-snippet":"max-snippet:-1","max-image-preview":"max-image-preview:large","max-video-preview":"max-video-preview:-1"},"canonical":"https:\/\/wegwerfenwargestern.de\/index.php\/blog-2\/2016-2\/shabby-kuechen-einkaufszettel\/","og_locale":"de_DE","og_type":"article","og_title":"Shabby K\u00fcchen Einkaufszettel -","og_description":"Hallo ihr lieben&#8230; Beim Aufr\u00e4umen auf dem Dachboden kamen diese Kassen Rollen zum Vorschein. Und f\u00fcr die K\u00fcche fehlte mir noch ein Spickzettel, um aufzuschreiben was ich Einkaufen muss. Also wieder etwas vor dem M\u00fcll gerettet&#8230;. Nun kann Zettel voll geschrieben werden und nichts wird vergessen. Wie ich das gebastelt habe k\u00f6nnt ihr in diesem &hellip; \u201eShabby K\u00fcchen Einkaufszettel\u201c weiterlesen","og_url":"https:\/\/wegwerfenwargestern.de\/index.php\/blog-2\/2016-2\/shabby-kuechen-einkaufszettel\/","article_modified_time":"2018-09-22T17:48:22+00:00","og_image":[{"width":398,"height":425,"url":"https:\/\/wegwerfenwargestern.de\/wp-content\/uploads\/2018\/07\/Kuchen-Einkaufszetteljpg....jpg","type":"image\/jpeg"}],"twitter_card":"summary_large_image","schema":{"@context":"https:\/\/schema.org","@graph":[{"@type":"WebPage","@id":"https:\/\/wegwerfenwargestern.de\/index.php\/blog-2\/2016-2\/shabby-kuechen-einkaufszettel\/","url":"https:\/\/wegwerfenwargestern.de\/index.php\/blog-2\/2016-2\/shabby-kuechen-einkaufszettel\/","name":"Shabby K\u00fcchen Einkaufszettel -","isPartOf":{"@id":"https:\/\/wegwerfenwargestern.de\/#website"},"primaryImageOfPage":{"@id":"https:\/\/wegwerfenwargestern.de\/index.php\/blog-2\/2016-2\/shabby-kuechen-einkaufszettel\/#primaryimage"},"image":{"@id":"https:\/\/wegwerfenwargestern.de\/index.php\/blog-2\/2016-2\/shabby-kuechen-einkaufszettel\/#primaryimage"},"thumbnailUrl":"https:\/\/wegwerfenwargestern.de\/wp-content\/uploads\/2018\/07\/Kuchen-Einkaufszetteljpg....jpg","datePublished":"2018-09-22T07:38:56+00:00","dateModified":"2018-09-22T17:48:22+00:00","breadcrumb":{"@id":"https:\/\/wegwerfenwargestern.de\/index.php\/blog-2\/2016-2\/shabby-kuechen-einkaufszettel\/#breadcrumb"},"inLanguage":"de","potentialAction":[{"@type":"ReadAction","target":["https:\/\/wegwerfenwargestern.de\/index.php\/blog-2\/2016-2\/shabby-kuechen-einkaufszettel\/"]}]},{"@type":"ImageObject","inLanguage":"de","@id":"https:\/\/wegwerfenwargestern.de\/index.php\/blog-2\/2016-2\/shabby-kuechen-einkaufszettel\/#primaryimage","url":"https:\/\/wegwerfenwargestern.de\/wp-content\/uploads\/2018\/07\/Kuchen-Einkaufszetteljpg....jpg","contentUrl":"https:\/\/wegwerfenwargestern.de\/wp-content\/uploads\/2018\/07\/Kuchen-Einkaufszetteljpg....jpg","width":398,"height":425},{"@type":"BreadcrumbList","@id":"https:\/\/wegwerfenwargestern.de\/index.php\/blog-2\/2016-2\/shabby-kuechen-einkaufszettel\/#breadcrumb","itemListElement":[{"@type":"ListItem","position":1,"name":"Startseite","item":"https:\/\/wegwerfenwargestern.de\/"},{"@type":"ListItem","position":2,"name":"Blog","item":"https:\/\/wegwerfenwargestern.de\/index.php\/blog-2\/"},{"@type":"ListItem","position":3,"name":"2016","item":"https:\/\/wegwerfenwargestern.de\/index.php\/blog-2\/2016-2\/"},{"@type":"ListItem","position":4,"name":"Shabby K\u00fcchen Einkaufszettel"}]},{"@type":"WebSite","@id":"https:\/\/wegwerfenwargestern.de\/#website","url":"https:\/\/wegwerfenwargestern.de\/","name":"Wegwerfen war gestern","description":"","publisher":{"@id":"https:\/\/wegwerfenwargestern.de\/#\/schema\/person\/b1afdd8bdf19d681d1c4e6ade0c90299"},"potentialAction":[{"@type":"SearchAction","target":{"@type":"EntryPoint","urlTemplate":"https:\/\/wegwerfenwargestern.de\/?s={search_term_string}"},"query-input":{"@type":"PropertyValueSpecification","valueRequired":true,"valueName":"search_term_string"}}],"inLanguage":"de"},{"@type":["Person","Organization"],"@id":"https:\/\/wegwerfenwargestern.de\/#\/schema\/person\/b1afdd8bdf19d681d1c4e6ade0c90299","name":"Elke Jacobs","image":{"@type":"ImageObject","inLanguage":"de","@id":"https:\/\/wegwerfenwargestern.de\/#\/schema\/person\/image\/","url":"https:\/\/wegwerfenwargestern.de\/wp-content\/uploads\/2017\/09\/Darkanium12345.jpg","contentUrl":"https:\/\/wegwerfenwargestern.de\/wp-content\/uploads\/2017\/09\/Darkanium12345.jpg","width":1956,"height":1100,"caption":"Elke Jacobs"},"logo":{"@id":"https:\/\/wegwerfenwargestern.de\/#\/schema\/person\/image\/"}}]}},"_links":{"self":[{"href":"https:\/\/wegwerfenwargestern.de\/index.php\/wp-json\/wp\/v2\/pages\/1546","targetHints":{"allow":["GET"]}}],"collection":[{"href":"https:\/\/wegwerfenwargestern.de\/index.php\/wp-json\/wp\/v2\/pages"}],"about":[{"href":"https:\/\/wegwerfenwargestern.de\/index.php\/wp-json\/wp\/v2\/types\/page"}],"author":[{"embeddable":true,"href":"https:\/\/wegwerfenwargestern.de\/index.php\/wp-json\/wp\/v2\/users\/2"}],"replies":[{"embeddable":true,"href":"https:\/\/wegwerfenwargestern.de\/index.php\/wp-json\/wp\/v2\/comments?post=1546"}],"version-history":[{"count":1,"href":"https:\/\/wegwerfenwargestern.de\/index.php\/wp-json\/wp\/v2\/pages\/1546\/revisions"}],"predecessor-version":[{"id":1547,"href":"https:\/\/wegwerfenwargestern.de\/index.php\/wp-json\/wp\/v2\/pages\/1546\/revisions\/1547"}],"up":[{"embeddable":true,"href":"https:\/\/wegwerfenwargestern.de\/index.php\/wp-json\/wp\/v2\/pages\/1801"}],"wp:attachment":[{"href":"https:\/\/wegwerfenwargestern.de\/index.php\/wp-json\/wp\/v2\/media?parent=1546"}],"curies":[{"name":"wp","href":"https:\/\/api.w.org\/{rel}","templated":true}]}}