{"id":1565,"date":"2018-09-22T10:15:13","date_gmt":"2018-09-22T08:15:13","guid":{"rendered":"https:\/\/wegwerfenwargestern.darkanium.de\/?page_id=1565"},"modified":"2018-09-22T20:28:13","modified_gmt":"2018-09-22T18:28:13","slug":"blumen-saeule-aus-einem-treppen-gelaender","status":"publish","type":"page","link":"https:\/\/wegwerfenwargestern.de\/index.php\/blog-2\/2016-2\/blumen-saeule-aus-einem-treppen-gelaender\/","title":{"rendered":"Blumen S\u00e4ule aus einem Treppen Gel\u00e4nder"},"content":{"rendered":"<p>Hallo ihr lieben&#8230;<\/p>\n<p>Diese Blumen S\u00e4ule entstand aus einem Dachboden Fund, einem Treppen Gel\u00e4nder Pfosten. Aus Holz Platten und Leisten sind Tisch Platte und Fu\u00df, alten Fliesen und Bilder sind auf der Tischplatte.<\/p>\n<p><img loading=\"lazy\" decoding=\"async\" class=\"alignnone size-full wp-image-593\" src=\"https:\/\/wegwerfenwargestern.de\/wp-content\/uploads\/2018\/07\/Blumens\u00e4ule.jpg\" alt=\"\" width=\"640\" height=\"480\" \/><\/p>\n<p>Das hat etwas mehr Arbeit gemacht, aber es hat sich gelohnt, f\u00fcr die Bilder bin ich hier unterwegs gewesen und habe alte Strohdach H\u00e4user fotografiert. Da dieses Vorhaben l\u00e4nger gedauert hat gibt es vier Video&#8230;<\/p>\n<p>1.\u00a0 Die Fliesen&#8230;<\/p>\n<p><a href=\"https:\/\/www.youtube.com\/watch?v=tnHsj3nk33o\">https:\/\/www.youtube.com\/watch?v=tnHsj3nk33o<\/a><\/p>\n<p><img loading=\"lazy\" decoding=\"async\" class=\"alignnone size-full wp-image-594\" src=\"https:\/\/wegwerfenwargestern.de\/wp-content\/uploads\/2018\/07\/Tisch-Fliesen-Blumens\u00e4ule.jpg\" alt=\"\" width=\"480\" height=\"360\" \/><\/p>\n<p>2. Altes Treppengel\u00e4nder wird zur Blumen S\u00e4ule&#8230;<\/p>\n<p><a href=\"https:\/\/www.youtube.com\/watch?v=64XD3cXSkjs\">https:\/\/www.youtube.com\/watch?v=64XD3cXSkjs<\/a><\/p>\n<p><img loading=\"lazy\" decoding=\"async\" class=\"alignnone size-full wp-image-595\" src=\"https:\/\/wegwerfenwargestern.de\/wp-content\/uploads\/2018\/07\/Treppenpfosten-wird-zur-S\u00e4ule.jpg\" alt=\"\" width=\"640\" height=\"480\" \/><\/p>\n<p>3. Tischplatte f\u00fcr die Fliesen der Blumen S\u00e4ule&#8230;<\/p>\n<p><a href=\"https:\/\/www.youtube.com\/watch?v=7qZoccjwAs0&amp;t=13s\">https:\/\/www.youtube.com\/watch?v=7qZoccjwAs0&amp;t=13s<\/a><\/p>\n<p><img loading=\"lazy\" decoding=\"async\" class=\"alignnone size-full wp-image-596\" src=\"https:\/\/wegwerfenwargestern.de\/wp-content\/uploads\/2018\/07\/Tisch-Platte.jpg\" alt=\"\" width=\"640\" height=\"480\" \/><\/p>\n<p>4. Die Rosen f\u00fcr den Fu\u00df der Blumen S\u00e4ule&#8230;<\/p>\n<p><a href=\"https:\/\/www.youtube.com\/watch?v=ZkBOWDufuaI\">https:\/\/www.youtube.com\/watch?v=ZkBOWDufuaI<\/a><\/p>\n<p><img loading=\"lazy\" decoding=\"async\" class=\"alignnone size-full wp-image-593\" src=\"https:\/\/wegwerfenwargestern.de\/wp-content\/uploads\/2018\/07\/Blumens\u00e4ule.jpg\" alt=\"\" width=\"640\" height=\"480\" \/><\/p>\n<p>Nun w\u00fcnsche ich euch viel Spa\u00df beim nachbasteln&#8230;<\/p>\n<p>Liebe Gr\u00fc\u00dfe<\/p>\n<p>Elke<\/p>\n","protected":false},"excerpt":{"rendered":"<p>Hallo ihr lieben&#8230; Diese Blumen S\u00e4ule entstand aus einem Dachboden Fund, einem Treppen Gel\u00e4nder Pfosten. Aus Holz Platten und Leisten sind Tisch Platte und Fu\u00df, alten Fliesen und Bilder sind auf der Tischplatte. Das hat etwas mehr Arbeit gemacht, aber es hat sich gelohnt, f\u00fcr die Bilder bin ich hier unterwegs gewesen und habe alte &hellip; <\/p>\n<p class=\"link-more\"><a href=\"https:\/\/wegwerfenwargestern.de\/index.php\/blog-2\/2016-2\/blumen-saeule-aus-einem-treppen-gelaender\/\" class=\"more-link\"><span class=\"screen-reader-text\">\u201eBlumen S\u00e4ule aus einem Treppen Gel\u00e4nder\u201c <\/span>weiterlesen<\/a><\/p>\n","protected":false},"author":2,"featured_media":0,"parent":1801,"menu_order":0,"comment_status":"closed","ping_status":"closed","template":"","meta":{"footnotes":""},"class_list":["post-1565","page","type-page","status-publish","hentry"],"yoast_head":"<!-- This site is optimized with the Yoast SEO plugin v25.8 - https:\/\/yoast.com\/wordpress\/plugins\/seo\/ -->\n<title>Blumen S\u00e4ule aus einem Treppen Gel\u00e4nder -<\/title>\n<meta name=\"robots\" content=\"index, follow, max-snippet:-1, max-image-preview:large, max-video-preview:-1\" \/>\n<link rel=\"canonical\" href=\"https:\/\/wegwerfenwargestern.de\/index.php\/blog-2\/2016-2\/blumen-saeule-aus-einem-treppen-gelaender\/\" \/>\n<meta property=\"og:locale\" content=\"de_DE\" \/>\n<meta property=\"og:type\" content=\"article\" \/>\n<meta property=\"og:title\" content=\"Blumen S\u00e4ule aus einem Treppen Gel\u00e4nder -\" \/>\n<meta property=\"og:description\" content=\"Hallo ihr lieben&#8230; Diese Blumen S\u00e4ule entstand aus einem Dachboden Fund, einem Treppen Gel\u00e4nder Pfosten. Aus Holz Platten und Leisten sind Tisch Platte und Fu\u00df, alten Fliesen und Bilder sind auf der Tischplatte. Das hat etwas mehr Arbeit gemacht, aber es hat sich gelohnt, f\u00fcr die Bilder bin ich hier unterwegs gewesen und habe alte &hellip; \u201eBlumen S\u00e4ule aus einem Treppen Gel\u00e4nder\u201c weiterlesen\" \/>\n<meta property=\"og:url\" content=\"https:\/\/wegwerfenwargestern.de\/index.php\/blog-2\/2016-2\/blumen-saeule-aus-einem-treppen-gelaender\/\" \/>\n<meta property=\"article:modified_time\" content=\"2018-09-22T18:28:13+00:00\" \/>\n<meta property=\"og:image\" content=\"https:\/\/wegwerfenwargestern.de\/wp-content\/uploads\/2018\/07\/Blumens\u00e4ule.jpg\" \/>\n<meta name=\"twitter:card\" content=\"summary_large_image\" \/>\n<meta name=\"twitter:label1\" content=\"Gesch\u00e4tzte Lesezeit\" \/>\n\t<meta name=\"twitter:data1\" content=\"1\u00a0Minute\" \/>\n<script type=\"application\/ld+json\" class=\"yoast-schema-graph\">{\"@context\":\"https:\/\/schema.org\",\"@graph\":[{\"@type\":\"WebPage\",\"@id\":\"https:\/\/wegwerfenwargestern.de\/index.php\/blog-2\/2016-2\/blumen-saeule-aus-einem-treppen-gelaender\/\",\"url\":\"https:\/\/wegwerfenwargestern.de\/index.php\/blog-2\/2016-2\/blumen-saeule-aus-einem-treppen-gelaender\/\",\"name\":\"Blumen S\u00e4ule aus einem Treppen Gel\u00e4nder -\",\"isPartOf\":{\"@id\":\"https:\/\/wegwerfenwargestern.de\/#website\"},\"primaryImageOfPage\":{\"@id\":\"https:\/\/wegwerfenwargestern.de\/index.php\/blog-2\/2016-2\/blumen-saeule-aus-einem-treppen-gelaender\/#primaryimage\"},\"image\":{\"@id\":\"https:\/\/wegwerfenwargestern.de\/index.php\/blog-2\/2016-2\/blumen-saeule-aus-einem-treppen-gelaender\/#primaryimage\"},\"thumbnailUrl\":\"https:\/\/wegwerfenwargestern.de\/wp-content\/uploads\/2018\/07\/Tisch-Platte.jpg\",\"datePublished\":\"2018-09-22T08:15:13+00:00\",\"dateModified\":\"2018-09-22T18:28:13+00:00\",\"breadcrumb\":{\"@id\":\"https:\/\/wegwerfenwargestern.de\/index.php\/blog-2\/2016-2\/blumen-saeule-aus-einem-treppen-gelaender\/#breadcrumb\"},\"inLanguage\":\"de\",\"potentialAction\":[{\"@type\":\"ReadAction\",\"target\":[\"https:\/\/wegwerfenwargestern.de\/index.php\/blog-2\/2016-2\/blumen-saeule-aus-einem-treppen-gelaender\/\"]}]},{\"@type\":\"ImageObject\",\"inLanguage\":\"de\",\"@id\":\"https:\/\/wegwerfenwargestern.de\/index.php\/blog-2\/2016-2\/blumen-saeule-aus-einem-treppen-gelaender\/#primaryimage\",\"url\":\"https:\/\/wegwerfenwargestern.de\/wp-content\/uploads\/2018\/07\/Tisch-Platte.jpg\",\"contentUrl\":\"https:\/\/wegwerfenwargestern.de\/wp-content\/uploads\/2018\/07\/Tisch-Platte.jpg\",\"width\":640,\"height\":480},{\"@type\":\"BreadcrumbList\",\"@id\":\"https:\/\/wegwerfenwargestern.de\/index.php\/blog-2\/2016-2\/blumen-saeule-aus-einem-treppen-gelaender\/#breadcrumb\",\"itemListElement\":[{\"@type\":\"ListItem\",\"position\":1,\"name\":\"Startseite\",\"item\":\"https:\/\/wegwerfenwargestern.de\/\"},{\"@type\":\"ListItem\",\"position\":2,\"name\":\"Blog\",\"item\":\"https:\/\/wegwerfenwargestern.de\/index.php\/blog-2\/\"},{\"@type\":\"ListItem\",\"position\":3,\"name\":\"2016\",\"item\":\"https:\/\/wegwerfenwargestern.de\/index.php\/blog-2\/2016-2\/\"},{\"@type\":\"ListItem\",\"position\":4,\"name\":\"Blumen S\u00e4ule aus einem Treppen Gel\u00e4nder\"}]},{\"@type\":\"WebSite\",\"@id\":\"https:\/\/wegwerfenwargestern.de\/#website\",\"url\":\"https:\/\/wegwerfenwargestern.de\/\",\"name\":\"Wegwerfen war gestern\",\"description\":\"\",\"publisher\":{\"@id\":\"https:\/\/wegwerfenwargestern.de\/#\/schema\/person\/b1afdd8bdf19d681d1c4e6ade0c90299\"},\"potentialAction\":[{\"@type\":\"SearchAction\",\"target\":{\"@type\":\"EntryPoint\",\"urlTemplate\":\"https:\/\/wegwerfenwargestern.de\/?s={search_term_string}\"},\"query-input\":{\"@type\":\"PropertyValueSpecification\",\"valueRequired\":true,\"valueName\":\"search_term_string\"}}],\"inLanguage\":\"de\"},{\"@type\":[\"Person\",\"Organization\"],\"@id\":\"https:\/\/wegwerfenwargestern.de\/#\/schema\/person\/b1afdd8bdf19d681d1c4e6ade0c90299\",\"name\":\"Elke Jacobs\",\"image\":{\"@type\":\"ImageObject\",\"inLanguage\":\"de\",\"@id\":\"https:\/\/wegwerfenwargestern.de\/#\/schema\/person\/image\/\",\"url\":\"https:\/\/wegwerfenwargestern.de\/wp-content\/uploads\/2017\/09\/Darkanium12345.jpg\",\"contentUrl\":\"https:\/\/wegwerfenwargestern.de\/wp-content\/uploads\/2017\/09\/Darkanium12345.jpg\",\"width\":1956,\"height\":1100,\"caption\":\"Elke Jacobs\"},\"logo\":{\"@id\":\"https:\/\/wegwerfenwargestern.de\/#\/schema\/person\/image\/\"}}]}<\/script>\n<!-- \/ Yoast SEO plugin. -->","yoast_head_json":{"title":"Blumen S\u00e4ule aus einem Treppen Gel\u00e4nder -","robots":{"index":"index","follow":"follow","max-snippet":"max-snippet:-1","max-image-preview":"max-image-preview:large","max-video-preview":"max-video-preview:-1"},"canonical":"https:\/\/wegwerfenwargestern.de\/index.php\/blog-2\/2016-2\/blumen-saeule-aus-einem-treppen-gelaender\/","og_locale":"de_DE","og_type":"article","og_title":"Blumen S\u00e4ule aus einem Treppen Gel\u00e4nder -","og_description":"Hallo ihr lieben&#8230; Diese Blumen S\u00e4ule entstand aus einem Dachboden Fund, einem Treppen Gel\u00e4nder Pfosten. Aus Holz Platten und Leisten sind Tisch Platte und Fu\u00df, alten Fliesen und Bilder sind auf der Tischplatte. Das hat etwas mehr Arbeit gemacht, aber es hat sich gelohnt, f\u00fcr die Bilder bin ich hier unterwegs gewesen und habe alte &hellip; \u201eBlumen S\u00e4ule aus einem Treppen Gel\u00e4nder\u201c weiterlesen","og_url":"https:\/\/wegwerfenwargestern.de\/index.php\/blog-2\/2016-2\/blumen-saeule-aus-einem-treppen-gelaender\/","article_modified_time":"2018-09-22T18:28:13+00:00","og_image":[{"url":"https:\/\/wegwerfenwargestern.de\/wp-content\/uploads\/2018\/07\/Blumens\u00e4ule.jpg","type":"","width":"","height":""}],"twitter_card":"summary_large_image","twitter_misc":{"Gesch\u00e4tzte Lesezeit":"1\u00a0Minute"},"schema":{"@context":"https:\/\/schema.org","@graph":[{"@type":"WebPage","@id":"https:\/\/wegwerfenwargestern.de\/index.php\/blog-2\/2016-2\/blumen-saeule-aus-einem-treppen-gelaender\/","url":"https:\/\/wegwerfenwargestern.de\/index.php\/blog-2\/2016-2\/blumen-saeule-aus-einem-treppen-gelaender\/","name":"Blumen S\u00e4ule aus einem Treppen Gel\u00e4nder -","isPartOf":{"@id":"https:\/\/wegwerfenwargestern.de\/#website"},"primaryImageOfPage":{"@id":"https:\/\/wegwerfenwargestern.de\/index.php\/blog-2\/2016-2\/blumen-saeule-aus-einem-treppen-gelaender\/#primaryimage"},"image":{"@id":"https:\/\/wegwerfenwargestern.de\/index.php\/blog-2\/2016-2\/blumen-saeule-aus-einem-treppen-gelaender\/#primaryimage"},"thumbnailUrl":"https:\/\/wegwerfenwargestern.de\/wp-content\/uploads\/2018\/07\/Tisch-Platte.jpg","datePublished":"2018-09-22T08:15:13+00:00","dateModified":"2018-09-22T18:28:13+00:00","breadcrumb":{"@id":"https:\/\/wegwerfenwargestern.de\/index.php\/blog-2\/2016-2\/blumen-saeule-aus-einem-treppen-gelaender\/#breadcrumb"},"inLanguage":"de","potentialAction":[{"@type":"ReadAction","target":["https:\/\/wegwerfenwargestern.de\/index.php\/blog-2\/2016-2\/blumen-saeule-aus-einem-treppen-gelaender\/"]}]},{"@type":"ImageObject","inLanguage":"de","@id":"https:\/\/wegwerfenwargestern.de\/index.php\/blog-2\/2016-2\/blumen-saeule-aus-einem-treppen-gelaender\/#primaryimage","url":"https:\/\/wegwerfenwargestern.de\/wp-content\/uploads\/2018\/07\/Tisch-Platte.jpg","contentUrl":"https:\/\/wegwerfenwargestern.de\/wp-content\/uploads\/2018\/07\/Tisch-Platte.jpg","width":640,"height":480},{"@type":"BreadcrumbList","@id":"https:\/\/wegwerfenwargestern.de\/index.php\/blog-2\/2016-2\/blumen-saeule-aus-einem-treppen-gelaender\/#breadcrumb","itemListElement":[{"@type":"ListItem","position":1,"name":"Startseite","item":"https:\/\/wegwerfenwargestern.de\/"},{"@type":"ListItem","position":2,"name":"Blog","item":"https:\/\/wegwerfenwargestern.de\/index.php\/blog-2\/"},{"@type":"ListItem","position":3,"name":"2016","item":"https:\/\/wegwerfenwargestern.de\/index.php\/blog-2\/2016-2\/"},{"@type":"ListItem","position":4,"name":"Blumen S\u00e4ule aus einem Treppen Gel\u00e4nder"}]},{"@type":"WebSite","@id":"https:\/\/wegwerfenwargestern.de\/#website","url":"https:\/\/wegwerfenwargestern.de\/","name":"Wegwerfen war gestern","description":"","publisher":{"@id":"https:\/\/wegwerfenwargestern.de\/#\/schema\/person\/b1afdd8bdf19d681d1c4e6ade0c90299"},"potentialAction":[{"@type":"SearchAction","target":{"@type":"EntryPoint","urlTemplate":"https:\/\/wegwerfenwargestern.de\/?s={search_term_string}"},"query-input":{"@type":"PropertyValueSpecification","valueRequired":true,"valueName":"search_term_string"}}],"inLanguage":"de"},{"@type":["Person","Organization"],"@id":"https:\/\/wegwerfenwargestern.de\/#\/schema\/person\/b1afdd8bdf19d681d1c4e6ade0c90299","name":"Elke Jacobs","image":{"@type":"ImageObject","inLanguage":"de","@id":"https:\/\/wegwerfenwargestern.de\/#\/schema\/person\/image\/","url":"https:\/\/wegwerfenwargestern.de\/wp-content\/uploads\/2017\/09\/Darkanium12345.jpg","contentUrl":"https:\/\/wegwerfenwargestern.de\/wp-content\/uploads\/2017\/09\/Darkanium12345.jpg","width":1956,"height":1100,"caption":"Elke Jacobs"},"logo":{"@id":"https:\/\/wegwerfenwargestern.de\/#\/schema\/person\/image\/"}}]}},"_links":{"self":[{"href":"https:\/\/wegwerfenwargestern.de\/index.php\/wp-json\/wp\/v2\/pages\/1565","targetHints":{"allow":["GET"]}}],"collection":[{"href":"https:\/\/wegwerfenwargestern.de\/index.php\/wp-json\/wp\/v2\/pages"}],"about":[{"href":"https:\/\/wegwerfenwargestern.de\/index.php\/wp-json\/wp\/v2\/types\/page"}],"author":[{"embeddable":true,"href":"https:\/\/wegwerfenwargestern.de\/index.php\/wp-json\/wp\/v2\/users\/2"}],"replies":[{"embeddable":true,"href":"https:\/\/wegwerfenwargestern.de\/index.php\/wp-json\/wp\/v2\/comments?post=1565"}],"version-history":[{"count":1,"href":"https:\/\/wegwerfenwargestern.de\/index.php\/wp-json\/wp\/v2\/pages\/1565\/revisions"}],"predecessor-version":[{"id":1566,"href":"https:\/\/wegwerfenwargestern.de\/index.php\/wp-json\/wp\/v2\/pages\/1565\/revisions\/1566"}],"up":[{"embeddable":true,"href":"https:\/\/wegwerfenwargestern.de\/index.php\/wp-json\/wp\/v2\/pages\/1801"}],"wp:attachment":[{"href":"https:\/\/wegwerfenwargestern.de\/index.php\/wp-json\/wp\/v2\/media?parent=1565"}],"curies":[{"name":"wp","href":"https:\/\/api.w.org\/{rel}","templated":true}]}}