{"id":1567,"date":"2018-09-22T10:23:26","date_gmt":"2018-09-22T08:23:26","guid":{"rendered":"https:\/\/wegwerfenwargestern.darkanium.de\/?page_id=1567"},"modified":"2018-09-22T19:31:26","modified_gmt":"2018-09-22T17:31:26","slug":"baum-im-topf-aus-papier-roellchen","status":"publish","type":"page","link":"https:\/\/wegwerfenwargestern.de\/index.php\/blog-2\/2015-2\/baum-im-topf-aus-papier-roellchen\/","title":{"rendered":"Baum im Topf aus Papier R\u00f6llchen"},"content":{"rendered":"<p>Hallo ihr lieben&#8230;<\/p>\n<p>Was man nicht so alles basteln kann aus Papier R\u00f6llchen, selbst B\u00e4ume sind kein Problem.\u00a0 Das Hexen B\u00e4umchen ist doch eine sch\u00f6ne Dekoration f\u00fcr den Herbst.<\/p>\n<p><img loading=\"lazy\" decoding=\"async\" class=\"size-full wp-image-590 alignleft\" src=\"https:\/\/wegwerfenwargestern.de\/wp-content\/uploads\/2018\/07\/29....-Kopie.jpg\" alt=\"\" width=\"203\" height=\"270\" \/><\/p>\n<p>&nbsp;<\/p>\n<p>Wer etwas ge\u00fcbt ist kann diesen Baum ganz einfach nach basteln,<\/p>\n<p>Wenn man sich die R\u00f6llchen erst einf\u00e4rbt,\u00a0 \u00a0 \u00a0dann k\u00f6nnt ihr den Baum in einem Zug\u00a0 \u00a0 \u00a0 \u00a0 \u00a0 fertig stellen.<\/p>\n<p>&nbsp;<\/p>\n<p>&nbsp;<\/p>\n<p>Wenn ihr sehen m\u00f6chtet wie ich das gemacht habe, dann schaut mal in das Video&#8230;.<\/p>\n<p><a href=\"https:\/\/www.youtube.com\/watch?v=IhQ5W0gEg2U&amp;t=13s\">https:\/\/www.youtube.com\/watch?v=IhQ5W0gEg2U&amp;t=13s<\/a><\/p>\n<p>Nun w\u00fcnsche ich viel Spa\u00df beim nachbasteln&#8230;.<\/p>\n<p>Liebe Gr\u00fc\u00dfe<\/p>\n<p>Elke<\/p>\n","protected":false},"excerpt":{"rendered":"<p>Hallo ihr lieben&#8230; Was man nicht so alles basteln kann aus Papier R\u00f6llchen, selbst B\u00e4ume sind kein Problem.\u00a0 Das Hexen B\u00e4umchen ist doch eine sch\u00f6ne Dekoration f\u00fcr den Herbst. &nbsp; Wer etwas ge\u00fcbt ist kann diesen Baum ganz einfach nach basteln, Wenn man sich die R\u00f6llchen erst einf\u00e4rbt,\u00a0 \u00a0 \u00a0dann k\u00f6nnt ihr den Baum in &hellip; <\/p>\n<p class=\"link-more\"><a href=\"https:\/\/wegwerfenwargestern.de\/index.php\/blog-2\/2015-2\/baum-im-topf-aus-papier-roellchen\/\" class=\"more-link\"><span class=\"screen-reader-text\">\u201eBaum im Topf aus Papier R\u00f6llchen\u201c <\/span>weiterlesen<\/a><\/p>\n","protected":false},"author":2,"featured_media":0,"parent":1798,"menu_order":0,"comment_status":"closed","ping_status":"closed","template":"","meta":{"footnotes":""},"class_list":["post-1567","page","type-page","status-publish","hentry"],"yoast_head":"<!-- This site is optimized with the Yoast SEO plugin v25.8 - https:\/\/yoast.com\/wordpress\/plugins\/seo\/ -->\n<title>Baum im Topf aus Papier R\u00f6llchen -<\/title>\n<meta name=\"robots\" content=\"index, follow, max-snippet:-1, max-image-preview:large, max-video-preview:-1\" \/>\n<link rel=\"canonical\" href=\"https:\/\/wegwerfenwargestern.de\/index.php\/blog-2\/2015-2\/baum-im-topf-aus-papier-roellchen\/\" \/>\n<meta property=\"og:locale\" content=\"de_DE\" \/>\n<meta property=\"og:type\" content=\"article\" \/>\n<meta property=\"og:title\" content=\"Baum im Topf aus Papier R\u00f6llchen -\" \/>\n<meta property=\"og:description\" content=\"Hallo ihr lieben&#8230; Was man nicht so alles basteln kann aus Papier R\u00f6llchen, selbst B\u00e4ume sind kein Problem.\u00a0 Das Hexen B\u00e4umchen ist doch eine sch\u00f6ne Dekoration f\u00fcr den Herbst. &nbsp; Wer etwas ge\u00fcbt ist kann diesen Baum ganz einfach nach basteln, Wenn man sich die R\u00f6llchen erst einf\u00e4rbt,\u00a0 \u00a0 \u00a0dann k\u00f6nnt ihr den Baum in &hellip; \u201eBaum im Topf aus Papier R\u00f6llchen\u201c weiterlesen\" \/>\n<meta property=\"og:url\" content=\"https:\/\/wegwerfenwargestern.de\/index.php\/blog-2\/2015-2\/baum-im-topf-aus-papier-roellchen\/\" \/>\n<meta property=\"article:modified_time\" content=\"2018-09-22T17:31:26+00:00\" \/>\n<meta property=\"og:image\" content=\"https:\/\/wegwerfenwargestern.de\/wp-content\/uploads\/2018\/07\/29....-Kopie.jpg\" \/>\n\t<meta property=\"og:image:width\" content=\"203\" \/>\n\t<meta property=\"og:image:height\" content=\"270\" \/>\n\t<meta property=\"og:image:type\" content=\"image\/jpeg\" \/>\n<meta name=\"twitter:card\" content=\"summary_large_image\" \/>\n<meta name=\"twitter:label1\" content=\"Gesch\u00e4tzte Lesezeit\" \/>\n\t<meta name=\"twitter:data1\" content=\"1\u00a0Minute\" \/>\n<script type=\"application\/ld+json\" class=\"yoast-schema-graph\">{\"@context\":\"https:\/\/schema.org\",\"@graph\":[{\"@type\":\"WebPage\",\"@id\":\"https:\/\/wegwerfenwargestern.de\/index.php\/blog-2\/2015-2\/baum-im-topf-aus-papier-roellchen\/\",\"url\":\"https:\/\/wegwerfenwargestern.de\/index.php\/blog-2\/2015-2\/baum-im-topf-aus-papier-roellchen\/\",\"name\":\"Baum im Topf aus Papier R\u00f6llchen -\",\"isPartOf\":{\"@id\":\"https:\/\/wegwerfenwargestern.de\/#website\"},\"primaryImageOfPage\":{\"@id\":\"https:\/\/wegwerfenwargestern.de\/index.php\/blog-2\/2015-2\/baum-im-topf-aus-papier-roellchen\/#primaryimage\"},\"image\":{\"@id\":\"https:\/\/wegwerfenwargestern.de\/index.php\/blog-2\/2015-2\/baum-im-topf-aus-papier-roellchen\/#primaryimage\"},\"thumbnailUrl\":\"https:\/\/wegwerfenwargestern.de\/wp-content\/uploads\/2018\/07\/29....-Kopie.jpg\",\"datePublished\":\"2018-09-22T08:23:26+00:00\",\"dateModified\":\"2018-09-22T17:31:26+00:00\",\"breadcrumb\":{\"@id\":\"https:\/\/wegwerfenwargestern.de\/index.php\/blog-2\/2015-2\/baum-im-topf-aus-papier-roellchen\/#breadcrumb\"},\"inLanguage\":\"de\",\"potentialAction\":[{\"@type\":\"ReadAction\",\"target\":[\"https:\/\/wegwerfenwargestern.de\/index.php\/blog-2\/2015-2\/baum-im-topf-aus-papier-roellchen\/\"]}]},{\"@type\":\"ImageObject\",\"inLanguage\":\"de\",\"@id\":\"https:\/\/wegwerfenwargestern.de\/index.php\/blog-2\/2015-2\/baum-im-topf-aus-papier-roellchen\/#primaryimage\",\"url\":\"https:\/\/wegwerfenwargestern.de\/wp-content\/uploads\/2018\/07\/29....-Kopie.jpg\",\"contentUrl\":\"https:\/\/wegwerfenwargestern.de\/wp-content\/uploads\/2018\/07\/29....-Kopie.jpg\",\"width\":203,\"height\":270},{\"@type\":\"BreadcrumbList\",\"@id\":\"https:\/\/wegwerfenwargestern.de\/index.php\/blog-2\/2015-2\/baum-im-topf-aus-papier-roellchen\/#breadcrumb\",\"itemListElement\":[{\"@type\":\"ListItem\",\"position\":1,\"name\":\"Startseite\",\"item\":\"https:\/\/wegwerfenwargestern.de\/\"},{\"@type\":\"ListItem\",\"position\":2,\"name\":\"Blog\",\"item\":\"https:\/\/wegwerfenwargestern.de\/index.php\/blog-2\/\"},{\"@type\":\"ListItem\",\"position\":3,\"name\":\"2015\",\"item\":\"https:\/\/wegwerfenwargestern.de\/index.php\/blog-2\/2015-2\/\"},{\"@type\":\"ListItem\",\"position\":4,\"name\":\"Baum im Topf aus Papier R\u00f6llchen\"}]},{\"@type\":\"WebSite\",\"@id\":\"https:\/\/wegwerfenwargestern.de\/#website\",\"url\":\"https:\/\/wegwerfenwargestern.de\/\",\"name\":\"Wegwerfen war gestern\",\"description\":\"\",\"publisher\":{\"@id\":\"https:\/\/wegwerfenwargestern.de\/#\/schema\/person\/b1afdd8bdf19d681d1c4e6ade0c90299\"},\"potentialAction\":[{\"@type\":\"SearchAction\",\"target\":{\"@type\":\"EntryPoint\",\"urlTemplate\":\"https:\/\/wegwerfenwargestern.de\/?s={search_term_string}\"},\"query-input\":{\"@type\":\"PropertyValueSpecification\",\"valueRequired\":true,\"valueName\":\"search_term_string\"}}],\"inLanguage\":\"de\"},{\"@type\":[\"Person\",\"Organization\"],\"@id\":\"https:\/\/wegwerfenwargestern.de\/#\/schema\/person\/b1afdd8bdf19d681d1c4e6ade0c90299\",\"name\":\"Elke Jacobs\",\"image\":{\"@type\":\"ImageObject\",\"inLanguage\":\"de\",\"@id\":\"https:\/\/wegwerfenwargestern.de\/#\/schema\/person\/image\/\",\"url\":\"https:\/\/wegwerfenwargestern.de\/wp-content\/uploads\/2017\/09\/Darkanium12345.jpg\",\"contentUrl\":\"https:\/\/wegwerfenwargestern.de\/wp-content\/uploads\/2017\/09\/Darkanium12345.jpg\",\"width\":1956,\"height\":1100,\"caption\":\"Elke Jacobs\"},\"logo\":{\"@id\":\"https:\/\/wegwerfenwargestern.de\/#\/schema\/person\/image\/\"}}]}<\/script>\n<!-- \/ Yoast SEO plugin. -->","yoast_head_json":{"title":"Baum im Topf aus Papier R\u00f6llchen -","robots":{"index":"index","follow":"follow","max-snippet":"max-snippet:-1","max-image-preview":"max-image-preview:large","max-video-preview":"max-video-preview:-1"},"canonical":"https:\/\/wegwerfenwargestern.de\/index.php\/blog-2\/2015-2\/baum-im-topf-aus-papier-roellchen\/","og_locale":"de_DE","og_type":"article","og_title":"Baum im Topf aus Papier R\u00f6llchen -","og_description":"Hallo ihr lieben&#8230; Was man nicht so alles basteln kann aus Papier R\u00f6llchen, selbst B\u00e4ume sind kein Problem.\u00a0 Das Hexen B\u00e4umchen ist doch eine sch\u00f6ne Dekoration f\u00fcr den Herbst. &nbsp; Wer etwas ge\u00fcbt ist kann diesen Baum ganz einfach nach basteln, Wenn man sich die R\u00f6llchen erst einf\u00e4rbt,\u00a0 \u00a0 \u00a0dann k\u00f6nnt ihr den Baum in &hellip; \u201eBaum im Topf aus Papier R\u00f6llchen\u201c weiterlesen","og_url":"https:\/\/wegwerfenwargestern.de\/index.php\/blog-2\/2015-2\/baum-im-topf-aus-papier-roellchen\/","article_modified_time":"2018-09-22T17:31:26+00:00","og_image":[{"width":203,"height":270,"url":"https:\/\/wegwerfenwargestern.de\/wp-content\/uploads\/2018\/07\/29....-Kopie.jpg","type":"image\/jpeg"}],"twitter_card":"summary_large_image","twitter_misc":{"Gesch\u00e4tzte Lesezeit":"1\u00a0Minute"},"schema":{"@context":"https:\/\/schema.org","@graph":[{"@type":"WebPage","@id":"https:\/\/wegwerfenwargestern.de\/index.php\/blog-2\/2015-2\/baum-im-topf-aus-papier-roellchen\/","url":"https:\/\/wegwerfenwargestern.de\/index.php\/blog-2\/2015-2\/baum-im-topf-aus-papier-roellchen\/","name":"Baum im Topf aus Papier R\u00f6llchen -","isPartOf":{"@id":"https:\/\/wegwerfenwargestern.de\/#website"},"primaryImageOfPage":{"@id":"https:\/\/wegwerfenwargestern.de\/index.php\/blog-2\/2015-2\/baum-im-topf-aus-papier-roellchen\/#primaryimage"},"image":{"@id":"https:\/\/wegwerfenwargestern.de\/index.php\/blog-2\/2015-2\/baum-im-topf-aus-papier-roellchen\/#primaryimage"},"thumbnailUrl":"https:\/\/wegwerfenwargestern.de\/wp-content\/uploads\/2018\/07\/29....-Kopie.jpg","datePublished":"2018-09-22T08:23:26+00:00","dateModified":"2018-09-22T17:31:26+00:00","breadcrumb":{"@id":"https:\/\/wegwerfenwargestern.de\/index.php\/blog-2\/2015-2\/baum-im-topf-aus-papier-roellchen\/#breadcrumb"},"inLanguage":"de","potentialAction":[{"@type":"ReadAction","target":["https:\/\/wegwerfenwargestern.de\/index.php\/blog-2\/2015-2\/baum-im-topf-aus-papier-roellchen\/"]}]},{"@type":"ImageObject","inLanguage":"de","@id":"https:\/\/wegwerfenwargestern.de\/index.php\/blog-2\/2015-2\/baum-im-topf-aus-papier-roellchen\/#primaryimage","url":"https:\/\/wegwerfenwargestern.de\/wp-content\/uploads\/2018\/07\/29....-Kopie.jpg","contentUrl":"https:\/\/wegwerfenwargestern.de\/wp-content\/uploads\/2018\/07\/29....-Kopie.jpg","width":203,"height":270},{"@type":"BreadcrumbList","@id":"https:\/\/wegwerfenwargestern.de\/index.php\/blog-2\/2015-2\/baum-im-topf-aus-papier-roellchen\/#breadcrumb","itemListElement":[{"@type":"ListItem","position":1,"name":"Startseite","item":"https:\/\/wegwerfenwargestern.de\/"},{"@type":"ListItem","position":2,"name":"Blog","item":"https:\/\/wegwerfenwargestern.de\/index.php\/blog-2\/"},{"@type":"ListItem","position":3,"name":"2015","item":"https:\/\/wegwerfenwargestern.de\/index.php\/blog-2\/2015-2\/"},{"@type":"ListItem","position":4,"name":"Baum im Topf aus Papier R\u00f6llchen"}]},{"@type":"WebSite","@id":"https:\/\/wegwerfenwargestern.de\/#website","url":"https:\/\/wegwerfenwargestern.de\/","name":"Wegwerfen war gestern","description":"","publisher":{"@id":"https:\/\/wegwerfenwargestern.de\/#\/schema\/person\/b1afdd8bdf19d681d1c4e6ade0c90299"},"potentialAction":[{"@type":"SearchAction","target":{"@type":"EntryPoint","urlTemplate":"https:\/\/wegwerfenwargestern.de\/?s={search_term_string}"},"query-input":{"@type":"PropertyValueSpecification","valueRequired":true,"valueName":"search_term_string"}}],"inLanguage":"de"},{"@type":["Person","Organization"],"@id":"https:\/\/wegwerfenwargestern.de\/#\/schema\/person\/b1afdd8bdf19d681d1c4e6ade0c90299","name":"Elke Jacobs","image":{"@type":"ImageObject","inLanguage":"de","@id":"https:\/\/wegwerfenwargestern.de\/#\/schema\/person\/image\/","url":"https:\/\/wegwerfenwargestern.de\/wp-content\/uploads\/2017\/09\/Darkanium12345.jpg","contentUrl":"https:\/\/wegwerfenwargestern.de\/wp-content\/uploads\/2017\/09\/Darkanium12345.jpg","width":1956,"height":1100,"caption":"Elke Jacobs"},"logo":{"@id":"https:\/\/wegwerfenwargestern.de\/#\/schema\/person\/image\/"}}]}},"_links":{"self":[{"href":"https:\/\/wegwerfenwargestern.de\/index.php\/wp-json\/wp\/v2\/pages\/1567","targetHints":{"allow":["GET"]}}],"collection":[{"href":"https:\/\/wegwerfenwargestern.de\/index.php\/wp-json\/wp\/v2\/pages"}],"about":[{"href":"https:\/\/wegwerfenwargestern.de\/index.php\/wp-json\/wp\/v2\/types\/page"}],"author":[{"embeddable":true,"href":"https:\/\/wegwerfenwargestern.de\/index.php\/wp-json\/wp\/v2\/users\/2"}],"replies":[{"embeddable":true,"href":"https:\/\/wegwerfenwargestern.de\/index.php\/wp-json\/wp\/v2\/comments?post=1567"}],"version-history":[{"count":1,"href":"https:\/\/wegwerfenwargestern.de\/index.php\/wp-json\/wp\/v2\/pages\/1567\/revisions"}],"predecessor-version":[{"id":1568,"href":"https:\/\/wegwerfenwargestern.de\/index.php\/wp-json\/wp\/v2\/pages\/1567\/revisions\/1568"}],"up":[{"embeddable":true,"href":"https:\/\/wegwerfenwargestern.de\/index.php\/wp-json\/wp\/v2\/pages\/1798"}],"wp:attachment":[{"href":"https:\/\/wegwerfenwargestern.de\/index.php\/wp-json\/wp\/v2\/media?parent=1567"}],"curies":[{"name":"wp","href":"https:\/\/api.w.org\/{rel}","templated":true}]}}