{"id":1575,"date":"2018-09-22T10:41:06","date_gmt":"2018-09-22T08:41:06","guid":{"rendered":"https:\/\/wegwerfenwargestern.darkanium.de\/?page_id=1575"},"modified":"2018-09-22T19:21:08","modified_gmt":"2018-09-22T17:21:08","slug":"dekoration-aus-ohrringen","status":"publish","type":"page","link":"https:\/\/wegwerfenwargestern.de\/index.php\/blog-2\/2015-2\/dekoration-aus-ohrringen\/","title":{"rendered":"Dekoration aus Ohrringen"},"content":{"rendered":"<p>Hallo ihr lieben&#8230;<\/p>\n<p>Auch alter Schmuck l\u00e4sst sich gut zum Basteln verwenden. Ich habe hatte ein paar Ohrringe, mit vielen gleichen Teilen dran. Diese Ohrringe mochte ich aber nicht mehr tragen. Da ich sehr viel klein Teile Dekoration brauchen kann habe ich mir gedacht ich k\u00f6nnte das daraus machen&#8230;<\/p>\n<p><img loading=\"lazy\" decoding=\"async\" class=\"alignnone size-full wp-image-569\" src=\"https:\/\/wegwerfenwargestern.de\/wp-content\/uploads\/2018\/07\/9....-Kopie.jpg\" alt=\"\" width=\"1368\" height=\"1026\" \/><\/p>\n<p>Das ist eine Ideale Erg\u00e4nzung zu einer bastel arbeit.\u00a0 Und mal ehrlich das irgendwo dran h\u00e4ngen w\u00e4re doch toll. Wie ich die gebastelt habe k\u00f6nnt ihr in diesem Video sehen&#8230;.<\/p>\n<p><a href=\"https:\/\/www.youtube.com\/watch?v=y1yBkZUaGuU\">https:\/\/www.youtube.com\/watch?v=y1yBkZUaGuU<\/a><\/p>\n<p>Vielleicht habt ihr ja auch das ein oder andere Schmuckst\u00fcck das ihr so nicht mehr m\u00f6gt&#8230;<\/p>\n<p>Nun w\u00fcnsche ich euch viel Spa\u00df beim nachbasten&#8230;.<\/p>\n<p>Liebe Gr\u00fc\u00dfe<\/p>\n<p>Elke<\/p>\n","protected":false},"excerpt":{"rendered":"<p>Hallo ihr lieben&#8230; Auch alter Schmuck l\u00e4sst sich gut zum Basteln verwenden. Ich habe hatte ein paar Ohrringe, mit vielen gleichen Teilen dran. Diese Ohrringe mochte ich aber nicht mehr tragen. Da ich sehr viel klein Teile Dekoration brauchen kann habe ich mir gedacht ich k\u00f6nnte das daraus machen&#8230; Das ist eine Ideale Erg\u00e4nzung zu &hellip; <\/p>\n<p class=\"link-more\"><a href=\"https:\/\/wegwerfenwargestern.de\/index.php\/blog-2\/2015-2\/dekoration-aus-ohrringen\/\" class=\"more-link\"><span class=\"screen-reader-text\">\u201eDekoration aus Ohrringen\u201c <\/span>weiterlesen<\/a><\/p>\n","protected":false},"author":2,"featured_media":0,"parent":1798,"menu_order":0,"comment_status":"closed","ping_status":"closed","template":"","meta":{"footnotes":""},"class_list":["post-1575","page","type-page","status-publish","hentry"],"yoast_head":"<!-- This site is optimized with the Yoast SEO plugin v25.8 - https:\/\/yoast.com\/wordpress\/plugins\/seo\/ -->\n<title>Dekoration aus Ohrringen -<\/title>\n<meta name=\"robots\" content=\"index, follow, max-snippet:-1, max-image-preview:large, max-video-preview:-1\" \/>\n<link rel=\"canonical\" href=\"https:\/\/wegwerfenwargestern.de\/index.php\/blog-2\/2015-2\/dekoration-aus-ohrringen\/\" \/>\n<meta property=\"og:locale\" content=\"de_DE\" \/>\n<meta property=\"og:type\" content=\"article\" \/>\n<meta property=\"og:title\" content=\"Dekoration aus Ohrringen -\" \/>\n<meta property=\"og:description\" content=\"Hallo ihr lieben&#8230; Auch alter Schmuck l\u00e4sst sich gut zum Basteln verwenden. Ich habe hatte ein paar Ohrringe, mit vielen gleichen Teilen dran. Diese Ohrringe mochte ich aber nicht mehr tragen. Da ich sehr viel klein Teile Dekoration brauchen kann habe ich mir gedacht ich k\u00f6nnte das daraus machen&#8230; Das ist eine Ideale Erg\u00e4nzung zu &hellip; \u201eDekoration aus Ohrringen\u201c weiterlesen\" \/>\n<meta property=\"og:url\" content=\"https:\/\/wegwerfenwargestern.de\/index.php\/blog-2\/2015-2\/dekoration-aus-ohrringen\/\" \/>\n<meta property=\"article:modified_time\" content=\"2018-09-22T17:21:08+00:00\" \/>\n<meta property=\"og:image\" content=\"https:\/\/wegwerfenwargestern.de\/wp-content\/uploads\/2018\/07\/9....-Kopie.jpg\" \/>\n\t<meta property=\"og:image:width\" content=\"1368\" \/>\n\t<meta property=\"og:image:height\" content=\"1026\" \/>\n\t<meta property=\"og:image:type\" content=\"image\/jpeg\" \/>\n<meta name=\"twitter:card\" content=\"summary_large_image\" \/>\n<meta name=\"twitter:label1\" content=\"Gesch\u00e4tzte Lesezeit\" \/>\n\t<meta name=\"twitter:data1\" content=\"1\u00a0Minute\" \/>\n<script type=\"application\/ld+json\" class=\"yoast-schema-graph\">{\"@context\":\"https:\/\/schema.org\",\"@graph\":[{\"@type\":\"WebPage\",\"@id\":\"https:\/\/wegwerfenwargestern.de\/index.php\/blog-2\/2015-2\/dekoration-aus-ohrringen\/\",\"url\":\"https:\/\/wegwerfenwargestern.de\/index.php\/blog-2\/2015-2\/dekoration-aus-ohrringen\/\",\"name\":\"Dekoration aus Ohrringen -\",\"isPartOf\":{\"@id\":\"https:\/\/wegwerfenwargestern.de\/#website\"},\"primaryImageOfPage\":{\"@id\":\"https:\/\/wegwerfenwargestern.de\/index.php\/blog-2\/2015-2\/dekoration-aus-ohrringen\/#primaryimage\"},\"image\":{\"@id\":\"https:\/\/wegwerfenwargestern.de\/index.php\/blog-2\/2015-2\/dekoration-aus-ohrringen\/#primaryimage\"},\"thumbnailUrl\":\"https:\/\/wegwerfenwargestern.de\/wp-content\/uploads\/2018\/07\/9....-Kopie.jpg\",\"datePublished\":\"2018-09-22T08:41:06+00:00\",\"dateModified\":\"2018-09-22T17:21:08+00:00\",\"breadcrumb\":{\"@id\":\"https:\/\/wegwerfenwargestern.de\/index.php\/blog-2\/2015-2\/dekoration-aus-ohrringen\/#breadcrumb\"},\"inLanguage\":\"de\",\"potentialAction\":[{\"@type\":\"ReadAction\",\"target\":[\"https:\/\/wegwerfenwargestern.de\/index.php\/blog-2\/2015-2\/dekoration-aus-ohrringen\/\"]}]},{\"@type\":\"ImageObject\",\"inLanguage\":\"de\",\"@id\":\"https:\/\/wegwerfenwargestern.de\/index.php\/blog-2\/2015-2\/dekoration-aus-ohrringen\/#primaryimage\",\"url\":\"https:\/\/wegwerfenwargestern.de\/wp-content\/uploads\/2018\/07\/9....-Kopie.jpg\",\"contentUrl\":\"https:\/\/wegwerfenwargestern.de\/wp-content\/uploads\/2018\/07\/9....-Kopie.jpg\",\"width\":1368,\"height\":1026},{\"@type\":\"BreadcrumbList\",\"@id\":\"https:\/\/wegwerfenwargestern.de\/index.php\/blog-2\/2015-2\/dekoration-aus-ohrringen\/#breadcrumb\",\"itemListElement\":[{\"@type\":\"ListItem\",\"position\":1,\"name\":\"Startseite\",\"item\":\"https:\/\/wegwerfenwargestern.de\/\"},{\"@type\":\"ListItem\",\"position\":2,\"name\":\"Blog\",\"item\":\"https:\/\/wegwerfenwargestern.de\/index.php\/blog-2\/\"},{\"@type\":\"ListItem\",\"position\":3,\"name\":\"2015\",\"item\":\"https:\/\/wegwerfenwargestern.de\/index.php\/blog-2\/2015-2\/\"},{\"@type\":\"ListItem\",\"position\":4,\"name\":\"Dekoration aus Ohrringen\"}]},{\"@type\":\"WebSite\",\"@id\":\"https:\/\/wegwerfenwargestern.de\/#website\",\"url\":\"https:\/\/wegwerfenwargestern.de\/\",\"name\":\"Wegwerfen war gestern\",\"description\":\"\",\"publisher\":{\"@id\":\"https:\/\/wegwerfenwargestern.de\/#\/schema\/person\/b1afdd8bdf19d681d1c4e6ade0c90299\"},\"potentialAction\":[{\"@type\":\"SearchAction\",\"target\":{\"@type\":\"EntryPoint\",\"urlTemplate\":\"https:\/\/wegwerfenwargestern.de\/?s={search_term_string}\"},\"query-input\":{\"@type\":\"PropertyValueSpecification\",\"valueRequired\":true,\"valueName\":\"search_term_string\"}}],\"inLanguage\":\"de\"},{\"@type\":[\"Person\",\"Organization\"],\"@id\":\"https:\/\/wegwerfenwargestern.de\/#\/schema\/person\/b1afdd8bdf19d681d1c4e6ade0c90299\",\"name\":\"Elke Jacobs\",\"image\":{\"@type\":\"ImageObject\",\"inLanguage\":\"de\",\"@id\":\"https:\/\/wegwerfenwargestern.de\/#\/schema\/person\/image\/\",\"url\":\"https:\/\/wegwerfenwargestern.de\/wp-content\/uploads\/2017\/09\/Darkanium12345.jpg\",\"contentUrl\":\"https:\/\/wegwerfenwargestern.de\/wp-content\/uploads\/2017\/09\/Darkanium12345.jpg\",\"width\":1956,\"height\":1100,\"caption\":\"Elke Jacobs\"},\"logo\":{\"@id\":\"https:\/\/wegwerfenwargestern.de\/#\/schema\/person\/image\/\"}}]}<\/script>\n<!-- \/ Yoast SEO plugin. -->","yoast_head_json":{"title":"Dekoration aus Ohrringen -","robots":{"index":"index","follow":"follow","max-snippet":"max-snippet:-1","max-image-preview":"max-image-preview:large","max-video-preview":"max-video-preview:-1"},"canonical":"https:\/\/wegwerfenwargestern.de\/index.php\/blog-2\/2015-2\/dekoration-aus-ohrringen\/","og_locale":"de_DE","og_type":"article","og_title":"Dekoration aus Ohrringen -","og_description":"Hallo ihr lieben&#8230; Auch alter Schmuck l\u00e4sst sich gut zum Basteln verwenden. Ich habe hatte ein paar Ohrringe, mit vielen gleichen Teilen dran. Diese Ohrringe mochte ich aber nicht mehr tragen. Da ich sehr viel klein Teile Dekoration brauchen kann habe ich mir gedacht ich k\u00f6nnte das daraus machen&#8230; Das ist eine Ideale Erg\u00e4nzung zu &hellip; \u201eDekoration aus Ohrringen\u201c weiterlesen","og_url":"https:\/\/wegwerfenwargestern.de\/index.php\/blog-2\/2015-2\/dekoration-aus-ohrringen\/","article_modified_time":"2018-09-22T17:21:08+00:00","og_image":[{"width":1368,"height":1026,"url":"https:\/\/wegwerfenwargestern.de\/wp-content\/uploads\/2018\/07\/9....-Kopie.jpg","type":"image\/jpeg"}],"twitter_card":"summary_large_image","twitter_misc":{"Gesch\u00e4tzte Lesezeit":"1\u00a0Minute"},"schema":{"@context":"https:\/\/schema.org","@graph":[{"@type":"WebPage","@id":"https:\/\/wegwerfenwargestern.de\/index.php\/blog-2\/2015-2\/dekoration-aus-ohrringen\/","url":"https:\/\/wegwerfenwargestern.de\/index.php\/blog-2\/2015-2\/dekoration-aus-ohrringen\/","name":"Dekoration aus Ohrringen -","isPartOf":{"@id":"https:\/\/wegwerfenwargestern.de\/#website"},"primaryImageOfPage":{"@id":"https:\/\/wegwerfenwargestern.de\/index.php\/blog-2\/2015-2\/dekoration-aus-ohrringen\/#primaryimage"},"image":{"@id":"https:\/\/wegwerfenwargestern.de\/index.php\/blog-2\/2015-2\/dekoration-aus-ohrringen\/#primaryimage"},"thumbnailUrl":"https:\/\/wegwerfenwargestern.de\/wp-content\/uploads\/2018\/07\/9....-Kopie.jpg","datePublished":"2018-09-22T08:41:06+00:00","dateModified":"2018-09-22T17:21:08+00:00","breadcrumb":{"@id":"https:\/\/wegwerfenwargestern.de\/index.php\/blog-2\/2015-2\/dekoration-aus-ohrringen\/#breadcrumb"},"inLanguage":"de","potentialAction":[{"@type":"ReadAction","target":["https:\/\/wegwerfenwargestern.de\/index.php\/blog-2\/2015-2\/dekoration-aus-ohrringen\/"]}]},{"@type":"ImageObject","inLanguage":"de","@id":"https:\/\/wegwerfenwargestern.de\/index.php\/blog-2\/2015-2\/dekoration-aus-ohrringen\/#primaryimage","url":"https:\/\/wegwerfenwargestern.de\/wp-content\/uploads\/2018\/07\/9....-Kopie.jpg","contentUrl":"https:\/\/wegwerfenwargestern.de\/wp-content\/uploads\/2018\/07\/9....-Kopie.jpg","width":1368,"height":1026},{"@type":"BreadcrumbList","@id":"https:\/\/wegwerfenwargestern.de\/index.php\/blog-2\/2015-2\/dekoration-aus-ohrringen\/#breadcrumb","itemListElement":[{"@type":"ListItem","position":1,"name":"Startseite","item":"https:\/\/wegwerfenwargestern.de\/"},{"@type":"ListItem","position":2,"name":"Blog","item":"https:\/\/wegwerfenwargestern.de\/index.php\/blog-2\/"},{"@type":"ListItem","position":3,"name":"2015","item":"https:\/\/wegwerfenwargestern.de\/index.php\/blog-2\/2015-2\/"},{"@type":"ListItem","position":4,"name":"Dekoration aus Ohrringen"}]},{"@type":"WebSite","@id":"https:\/\/wegwerfenwargestern.de\/#website","url":"https:\/\/wegwerfenwargestern.de\/","name":"Wegwerfen war gestern","description":"","publisher":{"@id":"https:\/\/wegwerfenwargestern.de\/#\/schema\/person\/b1afdd8bdf19d681d1c4e6ade0c90299"},"potentialAction":[{"@type":"SearchAction","target":{"@type":"EntryPoint","urlTemplate":"https:\/\/wegwerfenwargestern.de\/?s={search_term_string}"},"query-input":{"@type":"PropertyValueSpecification","valueRequired":true,"valueName":"search_term_string"}}],"inLanguage":"de"},{"@type":["Person","Organization"],"@id":"https:\/\/wegwerfenwargestern.de\/#\/schema\/person\/b1afdd8bdf19d681d1c4e6ade0c90299","name":"Elke Jacobs","image":{"@type":"ImageObject","inLanguage":"de","@id":"https:\/\/wegwerfenwargestern.de\/#\/schema\/person\/image\/","url":"https:\/\/wegwerfenwargestern.de\/wp-content\/uploads\/2017\/09\/Darkanium12345.jpg","contentUrl":"https:\/\/wegwerfenwargestern.de\/wp-content\/uploads\/2017\/09\/Darkanium12345.jpg","width":1956,"height":1100,"caption":"Elke Jacobs"},"logo":{"@id":"https:\/\/wegwerfenwargestern.de\/#\/schema\/person\/image\/"}}]}},"_links":{"self":[{"href":"https:\/\/wegwerfenwargestern.de\/index.php\/wp-json\/wp\/v2\/pages\/1575","targetHints":{"allow":["GET"]}}],"collection":[{"href":"https:\/\/wegwerfenwargestern.de\/index.php\/wp-json\/wp\/v2\/pages"}],"about":[{"href":"https:\/\/wegwerfenwargestern.de\/index.php\/wp-json\/wp\/v2\/types\/page"}],"author":[{"embeddable":true,"href":"https:\/\/wegwerfenwargestern.de\/index.php\/wp-json\/wp\/v2\/users\/2"}],"replies":[{"embeddable":true,"href":"https:\/\/wegwerfenwargestern.de\/index.php\/wp-json\/wp\/v2\/comments?post=1575"}],"version-history":[{"count":1,"href":"https:\/\/wegwerfenwargestern.de\/index.php\/wp-json\/wp\/v2\/pages\/1575\/revisions"}],"predecessor-version":[{"id":1576,"href":"https:\/\/wegwerfenwargestern.de\/index.php\/wp-json\/wp\/v2\/pages\/1575\/revisions\/1576"}],"up":[{"embeddable":true,"href":"https:\/\/wegwerfenwargestern.de\/index.php\/wp-json\/wp\/v2\/pages\/1798"}],"wp:attachment":[{"href":"https:\/\/wegwerfenwargestern.de\/index.php\/wp-json\/wp\/v2\/media?parent=1575"}],"curies":[{"name":"wp","href":"https:\/\/api.w.org\/{rel}","templated":true}]}}