{"id":1596,"date":"2018-09-22T11:26:30","date_gmt":"2018-09-22T09:26:30","guid":{"rendered":"https:\/\/wegwerfenwargestern.darkanium.de\/?page_id=1596"},"modified":"2018-09-22T11:26:30","modified_gmt":"2018-09-22T09:26:30","slug":"schoene-ecken-in-flensburg","status":"publish","type":"page","link":"https:\/\/wegwerfenwargestern.de\/index.php\/blog-2\/ein-startseiten-abschnitt\/schoene-ecken-in-flensburg\/","title":{"rendered":"Sch\u00f6ne Ecken in Flensburg"},"content":{"rendered":"<p>Hallo ihr lieben&#8230;.<\/p>\n<p>Manchmal muss man mal raus, ihr wisst was ich meine&#8230;. Und bei einer dieser ich muss mal raus Touren bin ich nach Flensburg gefahren und habe mir das alte Kapit\u00e4ns Viertel angesehen. Dort gibt es sehr viele sehr sch\u00f6ne H\u00e4user die mit sehr viel liebe hergerichtet wurden und auch noch werden&#8230;.<\/p>\n<p><img loading=\"lazy\" decoding=\"async\" class=\"alignnone size-full wp-image-536\" src=\"https:\/\/wegwerfenwargestern.de\/wp-content\/uploads\/2018\/07\/Sch\u00f6ne-Ecken-in-Flensburg..1...jpg\" alt=\"\" width=\"2430\" height=\"1823\" \/><\/p>\n<p>Mich hat es sehr beeindruckt wie sch\u00f6n es auch in der Stadt sein kann so nah am Zentrum&#8230;. Schaut euch das Video an und dann Tingelt da selber mal durch&#8230;<\/p>\n<p><a href=\"https:\/\/www.youtube.com\/watch?v=7GWDepSSgpg\">https:\/\/www.youtube.com\/watch?v=7GWDepSSgpg<\/a><\/p>\n<p>Das schaut da mit Sicherheit nicht immer gleich aus, die Natur hat dort auch ein W\u00f6rtchen mit zu reden&#8230;.<\/p>\n<p>Liebe Gr\u00fc\u00dfe<\/p>\n<p>Elke<\/p>\n","protected":false},"excerpt":{"rendered":"<p>Hallo ihr lieben&#8230;. Manchmal muss man mal raus, ihr wisst was ich meine&#8230;. Und bei einer dieser ich muss mal raus Touren bin ich nach Flensburg gefahren und habe mir das alte Kapit\u00e4ns Viertel angesehen. Dort gibt es sehr viele sehr sch\u00f6ne H\u00e4user die mit sehr viel liebe hergerichtet wurden und auch noch werden&#8230;. Mich &hellip; <\/p>\n<p class=\"link-more\"><a href=\"https:\/\/wegwerfenwargestern.de\/index.php\/blog-2\/ein-startseiten-abschnitt\/schoene-ecken-in-flensburg\/\" class=\"more-link\"><span class=\"screen-reader-text\">\u201eSch\u00f6ne Ecken in Flensburg\u201c <\/span>weiterlesen<\/a><\/p>\n","protected":false},"author":2,"featured_media":0,"parent":13,"menu_order":0,"comment_status":"closed","ping_status":"closed","template":"","meta":{"footnotes":""},"class_list":["post-1596","page","type-page","status-publish","hentry"],"yoast_head":"<!-- This site is optimized with the Yoast SEO plugin v25.8 - https:\/\/yoast.com\/wordpress\/plugins\/seo\/ -->\n<title>Sch\u00f6ne Ecken in Flensburg -<\/title>\n<meta name=\"robots\" content=\"index, follow, max-snippet:-1, max-image-preview:large, max-video-preview:-1\" \/>\n<link rel=\"canonical\" href=\"https:\/\/wegwerfenwargestern.de\/index.php\/blog-2\/ein-startseiten-abschnitt\/schoene-ecken-in-flensburg\/\" \/>\n<meta property=\"og:locale\" content=\"de_DE\" \/>\n<meta property=\"og:type\" content=\"article\" \/>\n<meta property=\"og:title\" content=\"Sch\u00f6ne Ecken in Flensburg -\" \/>\n<meta property=\"og:description\" content=\"Hallo ihr lieben&#8230;. Manchmal muss man mal raus, ihr wisst was ich meine&#8230;. Und bei einer dieser ich muss mal raus Touren bin ich nach Flensburg gefahren und habe mir das alte Kapit\u00e4ns Viertel angesehen. Dort gibt es sehr viele sehr sch\u00f6ne H\u00e4user die mit sehr viel liebe hergerichtet wurden und auch noch werden&#8230;. Mich &hellip; \u201eSch\u00f6ne Ecken in Flensburg\u201c weiterlesen\" \/>\n<meta property=\"og:url\" content=\"https:\/\/wegwerfenwargestern.de\/index.php\/blog-2\/ein-startseiten-abschnitt\/schoene-ecken-in-flensburg\/\" \/>\n<meta property=\"og:image\" content=\"https:\/\/wegwerfenwargestern.de\/wp-content\/uploads\/2018\/07\/Sch\u00f6ne-Ecken-in-Flensburg..1...jpg\" \/>\n<meta name=\"twitter:card\" content=\"summary_large_image\" \/>\n<meta name=\"twitter:label1\" content=\"Gesch\u00e4tzte Lesezeit\" \/>\n\t<meta name=\"twitter:data1\" content=\"1\u00a0Minute\" \/>\n<script type=\"application\/ld+json\" class=\"yoast-schema-graph\">{\"@context\":\"https:\/\/schema.org\",\"@graph\":[{\"@type\":\"WebPage\",\"@id\":\"https:\/\/wegwerfenwargestern.de\/index.php\/blog-2\/ein-startseiten-abschnitt\/schoene-ecken-in-flensburg\/\",\"url\":\"https:\/\/wegwerfenwargestern.de\/index.php\/blog-2\/ein-startseiten-abschnitt\/schoene-ecken-in-flensburg\/\",\"name\":\"Sch\u00f6ne Ecken in Flensburg -\",\"isPartOf\":{\"@id\":\"https:\/\/wegwerfenwargestern.de\/#website\"},\"datePublished\":\"2018-09-22T09:26:30+00:00\",\"breadcrumb\":{\"@id\":\"https:\/\/wegwerfenwargestern.de\/index.php\/blog-2\/ein-startseiten-abschnitt\/schoene-ecken-in-flensburg\/#breadcrumb\"},\"inLanguage\":\"de\",\"potentialAction\":[{\"@type\":\"ReadAction\",\"target\":[\"https:\/\/wegwerfenwargestern.de\/index.php\/blog-2\/ein-startseiten-abschnitt\/schoene-ecken-in-flensburg\/\"]}]},{\"@type\":\"BreadcrumbList\",\"@id\":\"https:\/\/wegwerfenwargestern.de\/index.php\/blog-2\/ein-startseiten-abschnitt\/schoene-ecken-in-flensburg\/#breadcrumb\",\"itemListElement\":[{\"@type\":\"ListItem\",\"position\":1,\"name\":\"Startseite\",\"item\":\"https:\/\/wegwerfenwargestern.de\/\"},{\"@type\":\"ListItem\",\"position\":2,\"name\":\"Blog\",\"item\":\"https:\/\/wegwerfenwargestern.de\/index.php\/blog-2\/\"},{\"@type\":\"ListItem\",\"position\":3,\"name\":\"Ausfl\u00fcge\",\"item\":\"https:\/\/wegwerfenwargestern.de\/index.php\/blog-2\/ein-startseiten-abschnitt\/\"},{\"@type\":\"ListItem\",\"position\":4,\"name\":\"Sch\u00f6ne Ecken in Flensburg\"}]},{\"@type\":\"WebSite\",\"@id\":\"https:\/\/wegwerfenwargestern.de\/#website\",\"url\":\"https:\/\/wegwerfenwargestern.de\/\",\"name\":\"Wegwerfen war gestern\",\"description\":\"\",\"publisher\":{\"@id\":\"https:\/\/wegwerfenwargestern.de\/#\/schema\/person\/b1afdd8bdf19d681d1c4e6ade0c90299\"},\"potentialAction\":[{\"@type\":\"SearchAction\",\"target\":{\"@type\":\"EntryPoint\",\"urlTemplate\":\"https:\/\/wegwerfenwargestern.de\/?s={search_term_string}\"},\"query-input\":{\"@type\":\"PropertyValueSpecification\",\"valueRequired\":true,\"valueName\":\"search_term_string\"}}],\"inLanguage\":\"de\"},{\"@type\":[\"Person\",\"Organization\"],\"@id\":\"https:\/\/wegwerfenwargestern.de\/#\/schema\/person\/b1afdd8bdf19d681d1c4e6ade0c90299\",\"name\":\"Elke Jacobs\",\"image\":{\"@type\":\"ImageObject\",\"inLanguage\":\"de\",\"@id\":\"https:\/\/wegwerfenwargestern.de\/#\/schema\/person\/image\/\",\"url\":\"https:\/\/wegwerfenwargestern.de\/wp-content\/uploads\/2017\/09\/Darkanium12345.jpg\",\"contentUrl\":\"https:\/\/wegwerfenwargestern.de\/wp-content\/uploads\/2017\/09\/Darkanium12345.jpg\",\"width\":1956,\"height\":1100,\"caption\":\"Elke Jacobs\"},\"logo\":{\"@id\":\"https:\/\/wegwerfenwargestern.de\/#\/schema\/person\/image\/\"}}]}<\/script>\n<!-- \/ Yoast SEO plugin. -->","yoast_head_json":{"title":"Sch\u00f6ne Ecken in Flensburg -","robots":{"index":"index","follow":"follow","max-snippet":"max-snippet:-1","max-image-preview":"max-image-preview:large","max-video-preview":"max-video-preview:-1"},"canonical":"https:\/\/wegwerfenwargestern.de\/index.php\/blog-2\/ein-startseiten-abschnitt\/schoene-ecken-in-flensburg\/","og_locale":"de_DE","og_type":"article","og_title":"Sch\u00f6ne Ecken in Flensburg -","og_description":"Hallo ihr lieben&#8230;. Manchmal muss man mal raus, ihr wisst was ich meine&#8230;. Und bei einer dieser ich muss mal raus Touren bin ich nach Flensburg gefahren und habe mir das alte Kapit\u00e4ns Viertel angesehen. Dort gibt es sehr viele sehr sch\u00f6ne H\u00e4user die mit sehr viel liebe hergerichtet wurden und auch noch werden&#8230;. Mich &hellip; \u201eSch\u00f6ne Ecken in Flensburg\u201c weiterlesen","og_url":"https:\/\/wegwerfenwargestern.de\/index.php\/blog-2\/ein-startseiten-abschnitt\/schoene-ecken-in-flensburg\/","og_image":[{"url":"https:\/\/wegwerfenwargestern.de\/wp-content\/uploads\/2018\/07\/Sch\u00f6ne-Ecken-in-Flensburg..1...jpg","type":"","width":"","height":""}],"twitter_card":"summary_large_image","twitter_misc":{"Gesch\u00e4tzte Lesezeit":"1\u00a0Minute"},"schema":{"@context":"https:\/\/schema.org","@graph":[{"@type":"WebPage","@id":"https:\/\/wegwerfenwargestern.de\/index.php\/blog-2\/ein-startseiten-abschnitt\/schoene-ecken-in-flensburg\/","url":"https:\/\/wegwerfenwargestern.de\/index.php\/blog-2\/ein-startseiten-abschnitt\/schoene-ecken-in-flensburg\/","name":"Sch\u00f6ne Ecken in Flensburg -","isPartOf":{"@id":"https:\/\/wegwerfenwargestern.de\/#website"},"datePublished":"2018-09-22T09:26:30+00:00","breadcrumb":{"@id":"https:\/\/wegwerfenwargestern.de\/index.php\/blog-2\/ein-startseiten-abschnitt\/schoene-ecken-in-flensburg\/#breadcrumb"},"inLanguage":"de","potentialAction":[{"@type":"ReadAction","target":["https:\/\/wegwerfenwargestern.de\/index.php\/blog-2\/ein-startseiten-abschnitt\/schoene-ecken-in-flensburg\/"]}]},{"@type":"BreadcrumbList","@id":"https:\/\/wegwerfenwargestern.de\/index.php\/blog-2\/ein-startseiten-abschnitt\/schoene-ecken-in-flensburg\/#breadcrumb","itemListElement":[{"@type":"ListItem","position":1,"name":"Startseite","item":"https:\/\/wegwerfenwargestern.de\/"},{"@type":"ListItem","position":2,"name":"Blog","item":"https:\/\/wegwerfenwargestern.de\/index.php\/blog-2\/"},{"@type":"ListItem","position":3,"name":"Ausfl\u00fcge","item":"https:\/\/wegwerfenwargestern.de\/index.php\/blog-2\/ein-startseiten-abschnitt\/"},{"@type":"ListItem","position":4,"name":"Sch\u00f6ne Ecken in Flensburg"}]},{"@type":"WebSite","@id":"https:\/\/wegwerfenwargestern.de\/#website","url":"https:\/\/wegwerfenwargestern.de\/","name":"Wegwerfen war gestern","description":"","publisher":{"@id":"https:\/\/wegwerfenwargestern.de\/#\/schema\/person\/b1afdd8bdf19d681d1c4e6ade0c90299"},"potentialAction":[{"@type":"SearchAction","target":{"@type":"EntryPoint","urlTemplate":"https:\/\/wegwerfenwargestern.de\/?s={search_term_string}"},"query-input":{"@type":"PropertyValueSpecification","valueRequired":true,"valueName":"search_term_string"}}],"inLanguage":"de"},{"@type":["Person","Organization"],"@id":"https:\/\/wegwerfenwargestern.de\/#\/schema\/person\/b1afdd8bdf19d681d1c4e6ade0c90299","name":"Elke Jacobs","image":{"@type":"ImageObject","inLanguage":"de","@id":"https:\/\/wegwerfenwargestern.de\/#\/schema\/person\/image\/","url":"https:\/\/wegwerfenwargestern.de\/wp-content\/uploads\/2017\/09\/Darkanium12345.jpg","contentUrl":"https:\/\/wegwerfenwargestern.de\/wp-content\/uploads\/2017\/09\/Darkanium12345.jpg","width":1956,"height":1100,"caption":"Elke Jacobs"},"logo":{"@id":"https:\/\/wegwerfenwargestern.de\/#\/schema\/person\/image\/"}}]}},"_links":{"self":[{"href":"https:\/\/wegwerfenwargestern.de\/index.php\/wp-json\/wp\/v2\/pages\/1596","targetHints":{"allow":["GET"]}}],"collection":[{"href":"https:\/\/wegwerfenwargestern.de\/index.php\/wp-json\/wp\/v2\/pages"}],"about":[{"href":"https:\/\/wegwerfenwargestern.de\/index.php\/wp-json\/wp\/v2\/types\/page"}],"author":[{"embeddable":true,"href":"https:\/\/wegwerfenwargestern.de\/index.php\/wp-json\/wp\/v2\/users\/2"}],"replies":[{"embeddable":true,"href":"https:\/\/wegwerfenwargestern.de\/index.php\/wp-json\/wp\/v2\/comments?post=1596"}],"version-history":[{"count":1,"href":"https:\/\/wegwerfenwargestern.de\/index.php\/wp-json\/wp\/v2\/pages\/1596\/revisions"}],"predecessor-version":[{"id":1597,"href":"https:\/\/wegwerfenwargestern.de\/index.php\/wp-json\/wp\/v2\/pages\/1596\/revisions\/1597"}],"up":[{"embeddable":true,"href":"https:\/\/wegwerfenwargestern.de\/index.php\/wp-json\/wp\/v2\/pages\/13"}],"wp:attachment":[{"href":"https:\/\/wegwerfenwargestern.de\/index.php\/wp-json\/wp\/v2\/media?parent=1596"}],"curies":[{"name":"wp","href":"https:\/\/api.w.org\/{rel}","templated":true}]}}