{"id":1614,"date":"2018-09-22T11:58:06","date_gmt":"2018-09-22T09:58:06","guid":{"rendered":"https:\/\/wegwerfenwargestern.darkanium.de\/?page_id=1614"},"modified":"2018-09-22T11:58:06","modified_gmt":"2018-09-22T09:58:06","slug":"tag-der-offenen-tuer-in-der-marineschule-muerwik","status":"publish","type":"page","link":"https:\/\/wegwerfenwargestern.de\/index.php\/blog-2\/ein-startseiten-abschnitt\/tag-der-offenen-tuer-in-der-marineschule-muerwik\/","title":{"rendered":"Tag der offenen T\u00fcr in der Marineschule M\u00fcrwik"},"content":{"rendered":"<p><em><strong>Hallo ihr Lieben&#8230;<\/strong><\/em><\/p>\n<p>Ich war zum Tag der offenen T\u00fcr der Marineschule in Flensburg-M\u00fcrwik,\u00a0 dort bin ich als 12 J\u00e4hriges M\u00e4dchen gewesen.\u00a0<span style=\"font-size: 1rem;\">Meine Oma hat dort damals in der K\u00fcche gearbeitet und\u00a0 Essen gekocht.\u00a0<\/span><\/p>\n<p><span style=\"font-size: 1rem;\"> Wir nennen das Geb\u00e4ude auch &#8230; Das rote Schloss am Meer&#8230;\u00a0 es schaut so \u00fcberhaupt nicht nach einer Schule aus.<\/span><\/p>\n<p><img loading=\"lazy\" decoding=\"async\" class=\"size-full wp-image-192 alignleft\" src=\"https:\/\/wegwerfenwargestern.de\/wp-content\/uploads\/2018\/04\/Marineschule......jpg\" alt=\"\" width=\"471\" height=\"359\" \/><\/p>\n<p>Und als ich dort war konnte ich auch einmal auf die Gorch Fock.<\/p>\n<p>Es war alles in allem ein sehr interessant und\u00a0 Aufschluss reicher Tag.<\/p>\n<p>Es wurden F\u00fchrungen gemacht und einiges \u00fcber die Geschichte der Marineschule erz\u00e4hlt.<\/p>\n<p>Auf der Gorch Fock wurde gezeigt wie die Kojen aussehen,\u00a0 in denen die Matrosen schlafen.\u00a0 Zum anderen wurde uns gezeigt wie auf der Gorch Fock ein Segel gesetzt wird. Das mal sehen zu k\u00f6nnen in natura war sehr beeindruckend.<\/p>\n<p>Wenn ihr die M\u00f6glichkeit habt mal zu einem Tag der offenen T\u00fcr zu gehen,\u00a0 \u00a0 \u00a0 \u00a0 \u00a0 es ist sehr interessant.<\/p>\n<p>Ach ja, der gr\u00fcn\/wei\u00dfe drei Master im Hafen, den kennt eigentlich\u00a0 auch jeder. Das ist die Alexander von Humboldt aus der TV Beck`s Bier Werbung.<\/p>\n<p>Nun w\u00fcnsche ich euch viel Spa\u00df anschauen von meinem Video &#8230;<\/p>\n<p><a href=\"https:\/\/www.youtube.com\/watch?v=gxQjY5Ze1es\">https:\/\/www.youtube.com\/watch?v=gxQjY5Ze1es<\/a><\/p>\n<p>Liebe Gr\u00fc\u00dfe<\/p>\n<p>Elke<\/p>\n<p>&nbsp;<\/p>\n","protected":false},"excerpt":{"rendered":"<p>Hallo ihr Lieben&#8230; Ich war zum Tag der offenen T\u00fcr der Marineschule in Flensburg-M\u00fcrwik,\u00a0 dort bin ich als 12 J\u00e4hriges M\u00e4dchen gewesen.\u00a0Meine Oma hat dort damals in der K\u00fcche gearbeitet und\u00a0 Essen gekocht.\u00a0 Wir nennen das Geb\u00e4ude auch &#8230; Das rote Schloss am Meer&#8230;\u00a0 es schaut so \u00fcberhaupt nicht nach einer Schule aus. Und als &hellip; <\/p>\n<p class=\"link-more\"><a href=\"https:\/\/wegwerfenwargestern.de\/index.php\/blog-2\/ein-startseiten-abschnitt\/tag-der-offenen-tuer-in-der-marineschule-muerwik\/\" class=\"more-link\"><span class=\"screen-reader-text\">\u201eTag der offenen T\u00fcr in der Marineschule M\u00fcrwik\u201c <\/span>weiterlesen<\/a><\/p>\n","protected":false},"author":2,"featured_media":0,"parent":13,"menu_order":0,"comment_status":"closed","ping_status":"closed","template":"","meta":{"footnotes":""},"class_list":["post-1614","page","type-page","status-publish","hentry"],"yoast_head":"<!-- This site is optimized with the Yoast SEO plugin v25.8 - https:\/\/yoast.com\/wordpress\/plugins\/seo\/ -->\n<title>Tag der offenen T\u00fcr in der Marineschule M\u00fcrwik -<\/title>\n<meta name=\"robots\" content=\"index, follow, max-snippet:-1, max-image-preview:large, max-video-preview:-1\" \/>\n<link rel=\"canonical\" href=\"https:\/\/wegwerfenwargestern.de\/index.php\/blog-2\/ein-startseiten-abschnitt\/tag-der-offenen-tuer-in-der-marineschule-muerwik\/\" \/>\n<meta property=\"og:locale\" content=\"de_DE\" \/>\n<meta property=\"og:type\" content=\"article\" \/>\n<meta property=\"og:title\" content=\"Tag der offenen T\u00fcr in der Marineschule M\u00fcrwik -\" \/>\n<meta property=\"og:description\" content=\"Hallo ihr Lieben&#8230; Ich war zum Tag der offenen T\u00fcr der Marineschule in Flensburg-M\u00fcrwik,\u00a0 dort bin ich als 12 J\u00e4hriges M\u00e4dchen gewesen.\u00a0Meine Oma hat dort damals in der K\u00fcche gearbeitet und\u00a0 Essen gekocht.\u00a0 Wir nennen das Geb\u00e4ude auch &#8230; Das rote Schloss am Meer&#8230;\u00a0 es schaut so \u00fcberhaupt nicht nach einer Schule aus. Und als &hellip; \u201eTag der offenen T\u00fcr in der Marineschule M\u00fcrwik\u201c weiterlesen\" \/>\n<meta property=\"og:url\" content=\"https:\/\/wegwerfenwargestern.de\/index.php\/blog-2\/ein-startseiten-abschnitt\/tag-der-offenen-tuer-in-der-marineschule-muerwik\/\" \/>\n<meta property=\"og:image\" content=\"https:\/\/wegwerfenwargestern.de\/wp-content\/uploads\/2018\/04\/Marineschule......jpg\" \/>\n\t<meta property=\"og:image:width\" content=\"471\" \/>\n\t<meta property=\"og:image:height\" content=\"359\" \/>\n\t<meta property=\"og:image:type\" content=\"image\/jpeg\" \/>\n<meta name=\"twitter:card\" content=\"summary_large_image\" \/>\n<meta name=\"twitter:label1\" content=\"Gesch\u00e4tzte Lesezeit\" \/>\n\t<meta name=\"twitter:data1\" content=\"1\u00a0Minute\" \/>\n<script type=\"application\/ld+json\" class=\"yoast-schema-graph\">{\"@context\":\"https:\/\/schema.org\",\"@graph\":[{\"@type\":\"WebPage\",\"@id\":\"https:\/\/wegwerfenwargestern.de\/index.php\/blog-2\/ein-startseiten-abschnitt\/tag-der-offenen-tuer-in-der-marineschule-muerwik\/\",\"url\":\"https:\/\/wegwerfenwargestern.de\/index.php\/blog-2\/ein-startseiten-abschnitt\/tag-der-offenen-tuer-in-der-marineschule-muerwik\/\",\"name\":\"Tag der offenen T\u00fcr in der Marineschule M\u00fcrwik -\",\"isPartOf\":{\"@id\":\"https:\/\/wegwerfenwargestern.de\/#website\"},\"primaryImageOfPage\":{\"@id\":\"https:\/\/wegwerfenwargestern.de\/index.php\/blog-2\/ein-startseiten-abschnitt\/tag-der-offenen-tuer-in-der-marineschule-muerwik\/#primaryimage\"},\"image\":{\"@id\":\"https:\/\/wegwerfenwargestern.de\/index.php\/blog-2\/ein-startseiten-abschnitt\/tag-der-offenen-tuer-in-der-marineschule-muerwik\/#primaryimage\"},\"thumbnailUrl\":\"https:\/\/wegwerfenwargestern.de\/wp-content\/uploads\/2018\/04\/Marineschule......jpg\",\"datePublished\":\"2018-09-22T09:58:06+00:00\",\"breadcrumb\":{\"@id\":\"https:\/\/wegwerfenwargestern.de\/index.php\/blog-2\/ein-startseiten-abschnitt\/tag-der-offenen-tuer-in-der-marineschule-muerwik\/#breadcrumb\"},\"inLanguage\":\"de\",\"potentialAction\":[{\"@type\":\"ReadAction\",\"target\":[\"https:\/\/wegwerfenwargestern.de\/index.php\/blog-2\/ein-startseiten-abschnitt\/tag-der-offenen-tuer-in-der-marineschule-muerwik\/\"]}]},{\"@type\":\"ImageObject\",\"inLanguage\":\"de\",\"@id\":\"https:\/\/wegwerfenwargestern.de\/index.php\/blog-2\/ein-startseiten-abschnitt\/tag-der-offenen-tuer-in-der-marineschule-muerwik\/#primaryimage\",\"url\":\"https:\/\/wegwerfenwargestern.de\/wp-content\/uploads\/2018\/04\/Marineschule......jpg\",\"contentUrl\":\"https:\/\/wegwerfenwargestern.de\/wp-content\/uploads\/2018\/04\/Marineschule......jpg\",\"width\":471,\"height\":359},{\"@type\":\"BreadcrumbList\",\"@id\":\"https:\/\/wegwerfenwargestern.de\/index.php\/blog-2\/ein-startseiten-abschnitt\/tag-der-offenen-tuer-in-der-marineschule-muerwik\/#breadcrumb\",\"itemListElement\":[{\"@type\":\"ListItem\",\"position\":1,\"name\":\"Startseite\",\"item\":\"https:\/\/wegwerfenwargestern.de\/\"},{\"@type\":\"ListItem\",\"position\":2,\"name\":\"Blog\",\"item\":\"https:\/\/wegwerfenwargestern.de\/index.php\/blog-2\/\"},{\"@type\":\"ListItem\",\"position\":3,\"name\":\"Ausfl\u00fcge\",\"item\":\"https:\/\/wegwerfenwargestern.de\/index.php\/blog-2\/ein-startseiten-abschnitt\/\"},{\"@type\":\"ListItem\",\"position\":4,\"name\":\"Tag der offenen T\u00fcr in der Marineschule M\u00fcrwik\"}]},{\"@type\":\"WebSite\",\"@id\":\"https:\/\/wegwerfenwargestern.de\/#website\",\"url\":\"https:\/\/wegwerfenwargestern.de\/\",\"name\":\"Wegwerfen war gestern\",\"description\":\"\",\"publisher\":{\"@id\":\"https:\/\/wegwerfenwargestern.de\/#\/schema\/person\/b1afdd8bdf19d681d1c4e6ade0c90299\"},\"potentialAction\":[{\"@type\":\"SearchAction\",\"target\":{\"@type\":\"EntryPoint\",\"urlTemplate\":\"https:\/\/wegwerfenwargestern.de\/?s={search_term_string}\"},\"query-input\":{\"@type\":\"PropertyValueSpecification\",\"valueRequired\":true,\"valueName\":\"search_term_string\"}}],\"inLanguage\":\"de\"},{\"@type\":[\"Person\",\"Organization\"],\"@id\":\"https:\/\/wegwerfenwargestern.de\/#\/schema\/person\/b1afdd8bdf19d681d1c4e6ade0c90299\",\"name\":\"Elke Jacobs\",\"image\":{\"@type\":\"ImageObject\",\"inLanguage\":\"de\",\"@id\":\"https:\/\/wegwerfenwargestern.de\/#\/schema\/person\/image\/\",\"url\":\"https:\/\/wegwerfenwargestern.de\/wp-content\/uploads\/2017\/09\/Darkanium12345.jpg\",\"contentUrl\":\"https:\/\/wegwerfenwargestern.de\/wp-content\/uploads\/2017\/09\/Darkanium12345.jpg\",\"width\":1956,\"height\":1100,\"caption\":\"Elke Jacobs\"},\"logo\":{\"@id\":\"https:\/\/wegwerfenwargestern.de\/#\/schema\/person\/image\/\"}}]}<\/script>\n<!-- \/ Yoast SEO plugin. -->","yoast_head_json":{"title":"Tag der offenen T\u00fcr in der Marineschule M\u00fcrwik -","robots":{"index":"index","follow":"follow","max-snippet":"max-snippet:-1","max-image-preview":"max-image-preview:large","max-video-preview":"max-video-preview:-1"},"canonical":"https:\/\/wegwerfenwargestern.de\/index.php\/blog-2\/ein-startseiten-abschnitt\/tag-der-offenen-tuer-in-der-marineschule-muerwik\/","og_locale":"de_DE","og_type":"article","og_title":"Tag der offenen T\u00fcr in der Marineschule M\u00fcrwik -","og_description":"Hallo ihr Lieben&#8230; Ich war zum Tag der offenen T\u00fcr der Marineschule in Flensburg-M\u00fcrwik,\u00a0 dort bin ich als 12 J\u00e4hriges M\u00e4dchen gewesen.\u00a0Meine Oma hat dort damals in der K\u00fcche gearbeitet und\u00a0 Essen gekocht.\u00a0 Wir nennen das Geb\u00e4ude auch &#8230; Das rote Schloss am Meer&#8230;\u00a0 es schaut so \u00fcberhaupt nicht nach einer Schule aus. Und als &hellip; \u201eTag der offenen T\u00fcr in der Marineschule M\u00fcrwik\u201c weiterlesen","og_url":"https:\/\/wegwerfenwargestern.de\/index.php\/blog-2\/ein-startseiten-abschnitt\/tag-der-offenen-tuer-in-der-marineschule-muerwik\/","og_image":[{"width":471,"height":359,"url":"https:\/\/wegwerfenwargestern.de\/wp-content\/uploads\/2018\/04\/Marineschule......jpg","type":"image\/jpeg"}],"twitter_card":"summary_large_image","twitter_misc":{"Gesch\u00e4tzte Lesezeit":"1\u00a0Minute"},"schema":{"@context":"https:\/\/schema.org","@graph":[{"@type":"WebPage","@id":"https:\/\/wegwerfenwargestern.de\/index.php\/blog-2\/ein-startseiten-abschnitt\/tag-der-offenen-tuer-in-der-marineschule-muerwik\/","url":"https:\/\/wegwerfenwargestern.de\/index.php\/blog-2\/ein-startseiten-abschnitt\/tag-der-offenen-tuer-in-der-marineschule-muerwik\/","name":"Tag der offenen T\u00fcr in der Marineschule M\u00fcrwik -","isPartOf":{"@id":"https:\/\/wegwerfenwargestern.de\/#website"},"primaryImageOfPage":{"@id":"https:\/\/wegwerfenwargestern.de\/index.php\/blog-2\/ein-startseiten-abschnitt\/tag-der-offenen-tuer-in-der-marineschule-muerwik\/#primaryimage"},"image":{"@id":"https:\/\/wegwerfenwargestern.de\/index.php\/blog-2\/ein-startseiten-abschnitt\/tag-der-offenen-tuer-in-der-marineschule-muerwik\/#primaryimage"},"thumbnailUrl":"https:\/\/wegwerfenwargestern.de\/wp-content\/uploads\/2018\/04\/Marineschule......jpg","datePublished":"2018-09-22T09:58:06+00:00","breadcrumb":{"@id":"https:\/\/wegwerfenwargestern.de\/index.php\/blog-2\/ein-startseiten-abschnitt\/tag-der-offenen-tuer-in-der-marineschule-muerwik\/#breadcrumb"},"inLanguage":"de","potentialAction":[{"@type":"ReadAction","target":["https:\/\/wegwerfenwargestern.de\/index.php\/blog-2\/ein-startseiten-abschnitt\/tag-der-offenen-tuer-in-der-marineschule-muerwik\/"]}]},{"@type":"ImageObject","inLanguage":"de","@id":"https:\/\/wegwerfenwargestern.de\/index.php\/blog-2\/ein-startseiten-abschnitt\/tag-der-offenen-tuer-in-der-marineschule-muerwik\/#primaryimage","url":"https:\/\/wegwerfenwargestern.de\/wp-content\/uploads\/2018\/04\/Marineschule......jpg","contentUrl":"https:\/\/wegwerfenwargestern.de\/wp-content\/uploads\/2018\/04\/Marineschule......jpg","width":471,"height":359},{"@type":"BreadcrumbList","@id":"https:\/\/wegwerfenwargestern.de\/index.php\/blog-2\/ein-startseiten-abschnitt\/tag-der-offenen-tuer-in-der-marineschule-muerwik\/#breadcrumb","itemListElement":[{"@type":"ListItem","position":1,"name":"Startseite","item":"https:\/\/wegwerfenwargestern.de\/"},{"@type":"ListItem","position":2,"name":"Blog","item":"https:\/\/wegwerfenwargestern.de\/index.php\/blog-2\/"},{"@type":"ListItem","position":3,"name":"Ausfl\u00fcge","item":"https:\/\/wegwerfenwargestern.de\/index.php\/blog-2\/ein-startseiten-abschnitt\/"},{"@type":"ListItem","position":4,"name":"Tag der offenen T\u00fcr in der Marineschule M\u00fcrwik"}]},{"@type":"WebSite","@id":"https:\/\/wegwerfenwargestern.de\/#website","url":"https:\/\/wegwerfenwargestern.de\/","name":"Wegwerfen war gestern","description":"","publisher":{"@id":"https:\/\/wegwerfenwargestern.de\/#\/schema\/person\/b1afdd8bdf19d681d1c4e6ade0c90299"},"potentialAction":[{"@type":"SearchAction","target":{"@type":"EntryPoint","urlTemplate":"https:\/\/wegwerfenwargestern.de\/?s={search_term_string}"},"query-input":{"@type":"PropertyValueSpecification","valueRequired":true,"valueName":"search_term_string"}}],"inLanguage":"de"},{"@type":["Person","Organization"],"@id":"https:\/\/wegwerfenwargestern.de\/#\/schema\/person\/b1afdd8bdf19d681d1c4e6ade0c90299","name":"Elke Jacobs","image":{"@type":"ImageObject","inLanguage":"de","@id":"https:\/\/wegwerfenwargestern.de\/#\/schema\/person\/image\/","url":"https:\/\/wegwerfenwargestern.de\/wp-content\/uploads\/2017\/09\/Darkanium12345.jpg","contentUrl":"https:\/\/wegwerfenwargestern.de\/wp-content\/uploads\/2017\/09\/Darkanium12345.jpg","width":1956,"height":1100,"caption":"Elke Jacobs"},"logo":{"@id":"https:\/\/wegwerfenwargestern.de\/#\/schema\/person\/image\/"}}]}},"_links":{"self":[{"href":"https:\/\/wegwerfenwargestern.de\/index.php\/wp-json\/wp\/v2\/pages\/1614","targetHints":{"allow":["GET"]}}],"collection":[{"href":"https:\/\/wegwerfenwargestern.de\/index.php\/wp-json\/wp\/v2\/pages"}],"about":[{"href":"https:\/\/wegwerfenwargestern.de\/index.php\/wp-json\/wp\/v2\/types\/page"}],"author":[{"embeddable":true,"href":"https:\/\/wegwerfenwargestern.de\/index.php\/wp-json\/wp\/v2\/users\/2"}],"replies":[{"embeddable":true,"href":"https:\/\/wegwerfenwargestern.de\/index.php\/wp-json\/wp\/v2\/comments?post=1614"}],"version-history":[{"count":1,"href":"https:\/\/wegwerfenwargestern.de\/index.php\/wp-json\/wp\/v2\/pages\/1614\/revisions"}],"predecessor-version":[{"id":1615,"href":"https:\/\/wegwerfenwargestern.de\/index.php\/wp-json\/wp\/v2\/pages\/1614\/revisions\/1615"}],"up":[{"embeddable":true,"href":"https:\/\/wegwerfenwargestern.de\/index.php\/wp-json\/wp\/v2\/pages\/13"}],"wp:attachment":[{"href":"https:\/\/wegwerfenwargestern.de\/index.php\/wp-json\/wp\/v2\/media?parent=1614"}],"curies":[{"name":"wp","href":"https:\/\/api.w.org\/{rel}","templated":true}]}}