{"id":1616,"date":"2018-09-22T12:02:21","date_gmt":"2018-09-22T10:02:21","guid":{"rendered":"https:\/\/wegwerfenwargestern.darkanium.de\/?page_id=1616"},"modified":"2018-09-22T20:38:02","modified_gmt":"2018-09-22T18:38:02","slug":"vogelhaus-mit-sturmschaden","status":"publish","type":"page","link":"https:\/\/wegwerfenwargestern.de\/index.php\/blog-2\/2015-2\/vogelhaus-mit-sturmschaden\/","title":{"rendered":"Vogelhaus mit Sturmschaden&#8230;."},"content":{"rendered":"<p>Hallo ihr lieben &#8230;<\/p>\n<p>Dieses Vogelhaus haben mir meine Kinder gebaut und der Sturm hat es kaputt gemacht. Da versteht es sich von selbst, das ich das wieder repariert habe. Nun hat es ein Schiefer Dach und wenn ihr mal schaut in<\/p>\n<p>Da k\u00f6nnt ihr sehen wie gefragt das Vogelhaus bei meinen V\u00f6geln im Garten ist.<\/p>\n<p><img loading=\"lazy\" decoding=\"async\" class=\"alignnone size-full wp-image-508\" src=\"https:\/\/wegwerfenwargestern.de\/wp-content\/uploads\/2018\/07\/Vogelhaus-mit-Sturmschaden.jpg\" alt=\"\" width=\"1368\" height=\"1026\" \/><\/p>\n<p>Das Vogelhaus hat einen ziemlich gro\u00dfen Innenraum, das wird auch ben\u00f6tigt, das k\u00f6nnt ihr sehen in dem Link \u00fcber diesem Foto.\u00a0 Wie ich das wieder hergerichtet habe k\u00f6nnt ihr in diesem Video sehen&#8230;<\/p>\n<p><a href=\"https:\/\/www.youtube.com\/watch?v=xEcqZsAwL-8\">https:\/\/www.youtube.com\/watch?v=xEcqZsAwL-8<\/a><\/p>\n<p>Nun w\u00fcnsche ich euch viel Spa\u00df bei dem eventuellem nachbauen.<\/p>\n<p>Liebe Gr\u00fc\u00dfe<\/p>\n<p>Elke<\/p>\n","protected":false},"excerpt":{"rendered":"<p>Hallo ihr lieben &#8230; Dieses Vogelhaus haben mir meine Kinder gebaut und der Sturm hat es kaputt gemacht. Da versteht es sich von selbst, das ich das wieder repariert habe. Nun hat es ein Schiefer Dach und wenn ihr mal schaut in Da k\u00f6nnt ihr sehen wie gefragt das Vogelhaus bei meinen V\u00f6geln im Garten &hellip; <\/p>\n<p class=\"link-more\"><a href=\"https:\/\/wegwerfenwargestern.de\/index.php\/blog-2\/2015-2\/vogelhaus-mit-sturmschaden\/\" class=\"more-link\"><span class=\"screen-reader-text\">\u201eVogelhaus mit Sturmschaden&#8230;.\u201c <\/span>weiterlesen<\/a><\/p>\n","protected":false},"author":2,"featured_media":0,"parent":1798,"menu_order":0,"comment_status":"closed","ping_status":"closed","template":"","meta":{"footnotes":""},"class_list":["post-1616","page","type-page","status-publish","hentry"],"yoast_head":"<!-- This site is optimized with the Yoast SEO plugin v25.8 - https:\/\/yoast.com\/wordpress\/plugins\/seo\/ -->\n<title>Vogelhaus mit Sturmschaden.... -<\/title>\n<meta name=\"robots\" content=\"index, follow, max-snippet:-1, max-image-preview:large, max-video-preview:-1\" \/>\n<link rel=\"canonical\" href=\"https:\/\/wegwerfenwargestern.de\/index.php\/blog-2\/2015-2\/vogelhaus-mit-sturmschaden\/\" \/>\n<meta property=\"og:locale\" content=\"de_DE\" \/>\n<meta property=\"og:type\" content=\"article\" \/>\n<meta property=\"og:title\" content=\"Vogelhaus mit Sturmschaden.... -\" \/>\n<meta property=\"og:description\" content=\"Hallo ihr lieben &#8230; Dieses Vogelhaus haben mir meine Kinder gebaut und der Sturm hat es kaputt gemacht. Da versteht es sich von selbst, das ich das wieder repariert habe. Nun hat es ein Schiefer Dach und wenn ihr mal schaut in Da k\u00f6nnt ihr sehen wie gefragt das Vogelhaus bei meinen V\u00f6geln im Garten &hellip; \u201eVogelhaus mit Sturmschaden&#8230;.\u201c weiterlesen\" \/>\n<meta property=\"og:url\" content=\"https:\/\/wegwerfenwargestern.de\/index.php\/blog-2\/2015-2\/vogelhaus-mit-sturmschaden\/\" \/>\n<meta property=\"article:modified_time\" content=\"2018-09-22T18:38:02+00:00\" \/>\n<meta property=\"og:image\" content=\"https:\/\/wegwerfenwargestern.de\/wp-content\/uploads\/2018\/07\/Vogelhaus-mit-Sturmschaden.jpg\" \/>\n\t<meta property=\"og:image:width\" content=\"1368\" \/>\n\t<meta property=\"og:image:height\" content=\"1026\" \/>\n\t<meta property=\"og:image:type\" content=\"image\/jpeg\" \/>\n<meta name=\"twitter:card\" content=\"summary_large_image\" \/>\n<meta name=\"twitter:label1\" content=\"Gesch\u00e4tzte Lesezeit\" \/>\n\t<meta name=\"twitter:data1\" content=\"1\u00a0Minute\" \/>\n<script type=\"application\/ld+json\" class=\"yoast-schema-graph\">{\"@context\":\"https:\/\/schema.org\",\"@graph\":[{\"@type\":\"WebPage\",\"@id\":\"https:\/\/wegwerfenwargestern.de\/index.php\/blog-2\/2015-2\/vogelhaus-mit-sturmschaden\/\",\"url\":\"https:\/\/wegwerfenwargestern.de\/index.php\/blog-2\/2015-2\/vogelhaus-mit-sturmschaden\/\",\"name\":\"Vogelhaus mit Sturmschaden.... -\",\"isPartOf\":{\"@id\":\"https:\/\/wegwerfenwargestern.de\/#website\"},\"primaryImageOfPage\":{\"@id\":\"https:\/\/wegwerfenwargestern.de\/index.php\/blog-2\/2015-2\/vogelhaus-mit-sturmschaden\/#primaryimage\"},\"image\":{\"@id\":\"https:\/\/wegwerfenwargestern.de\/index.php\/blog-2\/2015-2\/vogelhaus-mit-sturmschaden\/#primaryimage\"},\"thumbnailUrl\":\"https:\/\/wegwerfenwargestern.de\/wp-content\/uploads\/2018\/07\/Vogelhaus-mit-Sturmschaden.jpg\",\"datePublished\":\"2018-09-22T10:02:21+00:00\",\"dateModified\":\"2018-09-22T18:38:02+00:00\",\"breadcrumb\":{\"@id\":\"https:\/\/wegwerfenwargestern.de\/index.php\/blog-2\/2015-2\/vogelhaus-mit-sturmschaden\/#breadcrumb\"},\"inLanguage\":\"de\",\"potentialAction\":[{\"@type\":\"ReadAction\",\"target\":[\"https:\/\/wegwerfenwargestern.de\/index.php\/blog-2\/2015-2\/vogelhaus-mit-sturmschaden\/\"]}]},{\"@type\":\"ImageObject\",\"inLanguage\":\"de\",\"@id\":\"https:\/\/wegwerfenwargestern.de\/index.php\/blog-2\/2015-2\/vogelhaus-mit-sturmschaden\/#primaryimage\",\"url\":\"https:\/\/wegwerfenwargestern.de\/wp-content\/uploads\/2018\/07\/Vogelhaus-mit-Sturmschaden.jpg\",\"contentUrl\":\"https:\/\/wegwerfenwargestern.de\/wp-content\/uploads\/2018\/07\/Vogelhaus-mit-Sturmschaden.jpg\",\"width\":1368,\"height\":1026},{\"@type\":\"BreadcrumbList\",\"@id\":\"https:\/\/wegwerfenwargestern.de\/index.php\/blog-2\/2015-2\/vogelhaus-mit-sturmschaden\/#breadcrumb\",\"itemListElement\":[{\"@type\":\"ListItem\",\"position\":1,\"name\":\"Startseite\",\"item\":\"https:\/\/wegwerfenwargestern.de\/\"},{\"@type\":\"ListItem\",\"position\":2,\"name\":\"Blog\",\"item\":\"https:\/\/wegwerfenwargestern.de\/index.php\/blog-2\/\"},{\"@type\":\"ListItem\",\"position\":3,\"name\":\"2015\",\"item\":\"https:\/\/wegwerfenwargestern.de\/index.php\/blog-2\/2015-2\/\"},{\"@type\":\"ListItem\",\"position\":4,\"name\":\"Vogelhaus mit Sturmschaden&#8230;.\"}]},{\"@type\":\"WebSite\",\"@id\":\"https:\/\/wegwerfenwargestern.de\/#website\",\"url\":\"https:\/\/wegwerfenwargestern.de\/\",\"name\":\"Wegwerfen war gestern\",\"description\":\"\",\"publisher\":{\"@id\":\"https:\/\/wegwerfenwargestern.de\/#\/schema\/person\/b1afdd8bdf19d681d1c4e6ade0c90299\"},\"potentialAction\":[{\"@type\":\"SearchAction\",\"target\":{\"@type\":\"EntryPoint\",\"urlTemplate\":\"https:\/\/wegwerfenwargestern.de\/?s={search_term_string}\"},\"query-input\":{\"@type\":\"PropertyValueSpecification\",\"valueRequired\":true,\"valueName\":\"search_term_string\"}}],\"inLanguage\":\"de\"},{\"@type\":[\"Person\",\"Organization\"],\"@id\":\"https:\/\/wegwerfenwargestern.de\/#\/schema\/person\/b1afdd8bdf19d681d1c4e6ade0c90299\",\"name\":\"Elke Jacobs\",\"image\":{\"@type\":\"ImageObject\",\"inLanguage\":\"de\",\"@id\":\"https:\/\/wegwerfenwargestern.de\/#\/schema\/person\/image\/\",\"url\":\"https:\/\/wegwerfenwargestern.de\/wp-content\/uploads\/2017\/09\/Darkanium12345.jpg\",\"contentUrl\":\"https:\/\/wegwerfenwargestern.de\/wp-content\/uploads\/2017\/09\/Darkanium12345.jpg\",\"width\":1956,\"height\":1100,\"caption\":\"Elke Jacobs\"},\"logo\":{\"@id\":\"https:\/\/wegwerfenwargestern.de\/#\/schema\/person\/image\/\"}}]}<\/script>\n<!-- \/ Yoast SEO plugin. -->","yoast_head_json":{"title":"Vogelhaus mit Sturmschaden.... -","robots":{"index":"index","follow":"follow","max-snippet":"max-snippet:-1","max-image-preview":"max-image-preview:large","max-video-preview":"max-video-preview:-1"},"canonical":"https:\/\/wegwerfenwargestern.de\/index.php\/blog-2\/2015-2\/vogelhaus-mit-sturmschaden\/","og_locale":"de_DE","og_type":"article","og_title":"Vogelhaus mit Sturmschaden.... -","og_description":"Hallo ihr lieben &#8230; Dieses Vogelhaus haben mir meine Kinder gebaut und der Sturm hat es kaputt gemacht. Da versteht es sich von selbst, das ich das wieder repariert habe. Nun hat es ein Schiefer Dach und wenn ihr mal schaut in Da k\u00f6nnt ihr sehen wie gefragt das Vogelhaus bei meinen V\u00f6geln im Garten &hellip; \u201eVogelhaus mit Sturmschaden&#8230;.\u201c weiterlesen","og_url":"https:\/\/wegwerfenwargestern.de\/index.php\/blog-2\/2015-2\/vogelhaus-mit-sturmschaden\/","article_modified_time":"2018-09-22T18:38:02+00:00","og_image":[{"width":1368,"height":1026,"url":"https:\/\/wegwerfenwargestern.de\/wp-content\/uploads\/2018\/07\/Vogelhaus-mit-Sturmschaden.jpg","type":"image\/jpeg"}],"twitter_card":"summary_large_image","twitter_misc":{"Gesch\u00e4tzte Lesezeit":"1\u00a0Minute"},"schema":{"@context":"https:\/\/schema.org","@graph":[{"@type":"WebPage","@id":"https:\/\/wegwerfenwargestern.de\/index.php\/blog-2\/2015-2\/vogelhaus-mit-sturmschaden\/","url":"https:\/\/wegwerfenwargestern.de\/index.php\/blog-2\/2015-2\/vogelhaus-mit-sturmschaden\/","name":"Vogelhaus mit Sturmschaden.... -","isPartOf":{"@id":"https:\/\/wegwerfenwargestern.de\/#website"},"primaryImageOfPage":{"@id":"https:\/\/wegwerfenwargestern.de\/index.php\/blog-2\/2015-2\/vogelhaus-mit-sturmschaden\/#primaryimage"},"image":{"@id":"https:\/\/wegwerfenwargestern.de\/index.php\/blog-2\/2015-2\/vogelhaus-mit-sturmschaden\/#primaryimage"},"thumbnailUrl":"https:\/\/wegwerfenwargestern.de\/wp-content\/uploads\/2018\/07\/Vogelhaus-mit-Sturmschaden.jpg","datePublished":"2018-09-22T10:02:21+00:00","dateModified":"2018-09-22T18:38:02+00:00","breadcrumb":{"@id":"https:\/\/wegwerfenwargestern.de\/index.php\/blog-2\/2015-2\/vogelhaus-mit-sturmschaden\/#breadcrumb"},"inLanguage":"de","potentialAction":[{"@type":"ReadAction","target":["https:\/\/wegwerfenwargestern.de\/index.php\/blog-2\/2015-2\/vogelhaus-mit-sturmschaden\/"]}]},{"@type":"ImageObject","inLanguage":"de","@id":"https:\/\/wegwerfenwargestern.de\/index.php\/blog-2\/2015-2\/vogelhaus-mit-sturmschaden\/#primaryimage","url":"https:\/\/wegwerfenwargestern.de\/wp-content\/uploads\/2018\/07\/Vogelhaus-mit-Sturmschaden.jpg","contentUrl":"https:\/\/wegwerfenwargestern.de\/wp-content\/uploads\/2018\/07\/Vogelhaus-mit-Sturmschaden.jpg","width":1368,"height":1026},{"@type":"BreadcrumbList","@id":"https:\/\/wegwerfenwargestern.de\/index.php\/blog-2\/2015-2\/vogelhaus-mit-sturmschaden\/#breadcrumb","itemListElement":[{"@type":"ListItem","position":1,"name":"Startseite","item":"https:\/\/wegwerfenwargestern.de\/"},{"@type":"ListItem","position":2,"name":"Blog","item":"https:\/\/wegwerfenwargestern.de\/index.php\/blog-2\/"},{"@type":"ListItem","position":3,"name":"2015","item":"https:\/\/wegwerfenwargestern.de\/index.php\/blog-2\/2015-2\/"},{"@type":"ListItem","position":4,"name":"Vogelhaus mit Sturmschaden&#8230;."}]},{"@type":"WebSite","@id":"https:\/\/wegwerfenwargestern.de\/#website","url":"https:\/\/wegwerfenwargestern.de\/","name":"Wegwerfen war gestern","description":"","publisher":{"@id":"https:\/\/wegwerfenwargestern.de\/#\/schema\/person\/b1afdd8bdf19d681d1c4e6ade0c90299"},"potentialAction":[{"@type":"SearchAction","target":{"@type":"EntryPoint","urlTemplate":"https:\/\/wegwerfenwargestern.de\/?s={search_term_string}"},"query-input":{"@type":"PropertyValueSpecification","valueRequired":true,"valueName":"search_term_string"}}],"inLanguage":"de"},{"@type":["Person","Organization"],"@id":"https:\/\/wegwerfenwargestern.de\/#\/schema\/person\/b1afdd8bdf19d681d1c4e6ade0c90299","name":"Elke Jacobs","image":{"@type":"ImageObject","inLanguage":"de","@id":"https:\/\/wegwerfenwargestern.de\/#\/schema\/person\/image\/","url":"https:\/\/wegwerfenwargestern.de\/wp-content\/uploads\/2017\/09\/Darkanium12345.jpg","contentUrl":"https:\/\/wegwerfenwargestern.de\/wp-content\/uploads\/2017\/09\/Darkanium12345.jpg","width":1956,"height":1100,"caption":"Elke Jacobs"},"logo":{"@id":"https:\/\/wegwerfenwargestern.de\/#\/schema\/person\/image\/"}}]}},"_links":{"self":[{"href":"https:\/\/wegwerfenwargestern.de\/index.php\/wp-json\/wp\/v2\/pages\/1616","targetHints":{"allow":["GET"]}}],"collection":[{"href":"https:\/\/wegwerfenwargestern.de\/index.php\/wp-json\/wp\/v2\/pages"}],"about":[{"href":"https:\/\/wegwerfenwargestern.de\/index.php\/wp-json\/wp\/v2\/types\/page"}],"author":[{"embeddable":true,"href":"https:\/\/wegwerfenwargestern.de\/index.php\/wp-json\/wp\/v2\/users\/2"}],"replies":[{"embeddable":true,"href":"https:\/\/wegwerfenwargestern.de\/index.php\/wp-json\/wp\/v2\/comments?post=1616"}],"version-history":[{"count":1,"href":"https:\/\/wegwerfenwargestern.de\/index.php\/wp-json\/wp\/v2\/pages\/1616\/revisions"}],"predecessor-version":[{"id":1617,"href":"https:\/\/wegwerfenwargestern.de\/index.php\/wp-json\/wp\/v2\/pages\/1616\/revisions\/1617"}],"up":[{"embeddable":true,"href":"https:\/\/wegwerfenwargestern.de\/index.php\/wp-json\/wp\/v2\/pages\/1798"}],"wp:attachment":[{"href":"https:\/\/wegwerfenwargestern.de\/index.php\/wp-json\/wp\/v2\/media?parent=1616"}],"curies":[{"name":"wp","href":"https:\/\/api.w.org\/{rel}","templated":true}]}}