{"id":1639,"date":"2018-09-22T12:54:00","date_gmt":"2018-09-22T10:54:00","guid":{"rendered":"https:\/\/wegwerfenwargestern.darkanium.de\/?page_id=1639"},"modified":"2018-09-22T18:30:38","modified_gmt":"2018-09-22T16:30:38","slug":"fleurogami-bluetenkugel","status":"publish","type":"page","link":"https:\/\/wegwerfenwargestern.de\/index.php\/blog-2\/2014-2\/fleurogami-bluetenkugel\/","title":{"rendered":"Fleurogami Bl\u00fctenkugel"},"content":{"rendered":"<p>Hallo ihr lieben&#8230;<\/p>\n<p>Was schenkt man einem G\u00e4rtner zum Geburtstag? Richtig&#8230; Eine Fleurogami Bl\u00fcten Kugel. Und sie kam sehr gut an, sie h\u00e4ngt seit dem dort im Wohnzimmer. Wie findet ihr die Bl\u00fcten Kugel&#8230;<\/p>\n<p><img loading=\"lazy\" decoding=\"async\" class=\"alignnone size-full wp-image-486\" src=\"https:\/\/wegwerfenwargestern.de\/wp-content\/uploads\/2018\/07\/19.jpg\" alt=\"\" width=\"438\" height=\"484\" \/><\/p>\n<p>Diese Kugeln sind sehr einfach zu machen, aber ihr solltet wenigstens\u00a0 \u00a0 \u00a0 \u00a0 \u00a0 \u00a0 120 g \/ qm nehmen damit sie Stabil in Form bleiben&#8230;\u00a0 Wie ich diese Kugel gebastelt habe k\u00f6nnt ihr hier in diesem Video sehen&#8230;<\/p>\n<p><a href=\"https:\/\/www.youtube.com\/watch?v=G9IRYNI5Rf0\">https:\/\/www.youtube.com\/watch?v=G9IRYNI5Rf0<\/a><\/p>\n<p>Nun w\u00fcnsche ich euch viel Spa\u00df beim nachbasteln&#8230;.<\/p>\n<p>Liebe Gr\u00fc\u00dfe<\/p>\n<p>Elke<\/p>\n<p>&nbsp;<\/p>\n<p>&nbsp;<\/p>\n","protected":false},"excerpt":{"rendered":"<p>Hallo ihr lieben&#8230; Was schenkt man einem G\u00e4rtner zum Geburtstag? Richtig&#8230; Eine Fleurogami Bl\u00fcten Kugel. Und sie kam sehr gut an, sie h\u00e4ngt seit dem dort im Wohnzimmer. Wie findet ihr die Bl\u00fcten Kugel&#8230; Diese Kugeln sind sehr einfach zu machen, aber ihr solltet wenigstens\u00a0 \u00a0 \u00a0 \u00a0 \u00a0 \u00a0 120 g \/ qm nehmen &hellip; <\/p>\n<p class=\"link-more\"><a href=\"https:\/\/wegwerfenwargestern.de\/index.php\/blog-2\/2014-2\/fleurogami-bluetenkugel\/\" class=\"more-link\"><span class=\"screen-reader-text\">\u201eFleurogami Bl\u00fctenkugel\u201c <\/span>weiterlesen<\/a><\/p>\n","protected":false},"author":2,"featured_media":0,"parent":1795,"menu_order":0,"comment_status":"closed","ping_status":"closed","template":"","meta":{"footnotes":""},"class_list":["post-1639","page","type-page","status-publish","hentry"],"yoast_head":"<!-- This site is optimized with the Yoast SEO plugin v25.8 - https:\/\/yoast.com\/wordpress\/plugins\/seo\/ -->\n<title>Fleurogami Bl\u00fctenkugel -<\/title>\n<meta name=\"robots\" content=\"index, follow, max-snippet:-1, max-image-preview:large, max-video-preview:-1\" \/>\n<link rel=\"canonical\" href=\"https:\/\/wegwerfenwargestern.de\/index.php\/blog-2\/2014-2\/fleurogami-bluetenkugel\/\" \/>\n<meta property=\"og:locale\" content=\"de_DE\" \/>\n<meta property=\"og:type\" content=\"article\" \/>\n<meta property=\"og:title\" content=\"Fleurogami Bl\u00fctenkugel -\" \/>\n<meta property=\"og:description\" content=\"Hallo ihr lieben&#8230; Was schenkt man einem G\u00e4rtner zum Geburtstag? Richtig&#8230; Eine Fleurogami Bl\u00fcten Kugel. Und sie kam sehr gut an, sie h\u00e4ngt seit dem dort im Wohnzimmer. Wie findet ihr die Bl\u00fcten Kugel&#8230; Diese Kugeln sind sehr einfach zu machen, aber ihr solltet wenigstens\u00a0 \u00a0 \u00a0 \u00a0 \u00a0 \u00a0 120 g \/ qm nehmen &hellip; \u201eFleurogami Bl\u00fctenkugel\u201c weiterlesen\" \/>\n<meta property=\"og:url\" content=\"https:\/\/wegwerfenwargestern.de\/index.php\/blog-2\/2014-2\/fleurogami-bluetenkugel\/\" \/>\n<meta property=\"article:modified_time\" content=\"2018-09-22T16:30:38+00:00\" \/>\n<meta property=\"og:image\" content=\"https:\/\/wegwerfenwargestern.de\/wp-content\/uploads\/2018\/07\/19.jpg\" \/>\n\t<meta property=\"og:image:width\" content=\"438\" \/>\n\t<meta property=\"og:image:height\" content=\"484\" \/>\n\t<meta property=\"og:image:type\" content=\"image\/jpeg\" \/>\n<meta name=\"twitter:card\" content=\"summary_large_image\" \/>\n<script type=\"application\/ld+json\" class=\"yoast-schema-graph\">{\"@context\":\"https:\/\/schema.org\",\"@graph\":[{\"@type\":\"WebPage\",\"@id\":\"https:\/\/wegwerfenwargestern.de\/index.php\/blog-2\/2014-2\/fleurogami-bluetenkugel\/\",\"url\":\"https:\/\/wegwerfenwargestern.de\/index.php\/blog-2\/2014-2\/fleurogami-bluetenkugel\/\",\"name\":\"Fleurogami Bl\u00fctenkugel -\",\"isPartOf\":{\"@id\":\"https:\/\/wegwerfenwargestern.de\/#website\"},\"primaryImageOfPage\":{\"@id\":\"https:\/\/wegwerfenwargestern.de\/index.php\/blog-2\/2014-2\/fleurogami-bluetenkugel\/#primaryimage\"},\"image\":{\"@id\":\"https:\/\/wegwerfenwargestern.de\/index.php\/blog-2\/2014-2\/fleurogami-bluetenkugel\/#primaryimage\"},\"thumbnailUrl\":\"https:\/\/wegwerfenwargestern.de\/wp-content\/uploads\/2018\/07\/19.jpg\",\"datePublished\":\"2018-09-22T10:54:00+00:00\",\"dateModified\":\"2018-09-22T16:30:38+00:00\",\"breadcrumb\":{\"@id\":\"https:\/\/wegwerfenwargestern.de\/index.php\/blog-2\/2014-2\/fleurogami-bluetenkugel\/#breadcrumb\"},\"inLanguage\":\"de\",\"potentialAction\":[{\"@type\":\"ReadAction\",\"target\":[\"https:\/\/wegwerfenwargestern.de\/index.php\/blog-2\/2014-2\/fleurogami-bluetenkugel\/\"]}]},{\"@type\":\"ImageObject\",\"inLanguage\":\"de\",\"@id\":\"https:\/\/wegwerfenwargestern.de\/index.php\/blog-2\/2014-2\/fleurogami-bluetenkugel\/#primaryimage\",\"url\":\"https:\/\/wegwerfenwargestern.de\/wp-content\/uploads\/2018\/07\/19.jpg\",\"contentUrl\":\"https:\/\/wegwerfenwargestern.de\/wp-content\/uploads\/2018\/07\/19.jpg\",\"width\":438,\"height\":484},{\"@type\":\"BreadcrumbList\",\"@id\":\"https:\/\/wegwerfenwargestern.de\/index.php\/blog-2\/2014-2\/fleurogami-bluetenkugel\/#breadcrumb\",\"itemListElement\":[{\"@type\":\"ListItem\",\"position\":1,\"name\":\"Startseite\",\"item\":\"https:\/\/wegwerfenwargestern.de\/\"},{\"@type\":\"ListItem\",\"position\":2,\"name\":\"Blog\",\"item\":\"https:\/\/wegwerfenwargestern.de\/index.php\/blog-2\/\"},{\"@type\":\"ListItem\",\"position\":3,\"name\":\"2014\",\"item\":\"https:\/\/wegwerfenwargestern.de\/index.php\/blog-2\/2014-2\/\"},{\"@type\":\"ListItem\",\"position\":4,\"name\":\"Fleurogami Bl\u00fctenkugel\"}]},{\"@type\":\"WebSite\",\"@id\":\"https:\/\/wegwerfenwargestern.de\/#website\",\"url\":\"https:\/\/wegwerfenwargestern.de\/\",\"name\":\"Wegwerfen war gestern\",\"description\":\"\",\"publisher\":{\"@id\":\"https:\/\/wegwerfenwargestern.de\/#\/schema\/person\/b1afdd8bdf19d681d1c4e6ade0c90299\"},\"potentialAction\":[{\"@type\":\"SearchAction\",\"target\":{\"@type\":\"EntryPoint\",\"urlTemplate\":\"https:\/\/wegwerfenwargestern.de\/?s={search_term_string}\"},\"query-input\":{\"@type\":\"PropertyValueSpecification\",\"valueRequired\":true,\"valueName\":\"search_term_string\"}}],\"inLanguage\":\"de\"},{\"@type\":[\"Person\",\"Organization\"],\"@id\":\"https:\/\/wegwerfenwargestern.de\/#\/schema\/person\/b1afdd8bdf19d681d1c4e6ade0c90299\",\"name\":\"Elke Jacobs\",\"image\":{\"@type\":\"ImageObject\",\"inLanguage\":\"de\",\"@id\":\"https:\/\/wegwerfenwargestern.de\/#\/schema\/person\/image\/\",\"url\":\"https:\/\/wegwerfenwargestern.de\/wp-content\/uploads\/2017\/09\/Darkanium12345.jpg\",\"contentUrl\":\"https:\/\/wegwerfenwargestern.de\/wp-content\/uploads\/2017\/09\/Darkanium12345.jpg\",\"width\":1956,\"height\":1100,\"caption\":\"Elke Jacobs\"},\"logo\":{\"@id\":\"https:\/\/wegwerfenwargestern.de\/#\/schema\/person\/image\/\"}}]}<\/script>\n<!-- \/ Yoast SEO plugin. -->","yoast_head_json":{"title":"Fleurogami Bl\u00fctenkugel -","robots":{"index":"index","follow":"follow","max-snippet":"max-snippet:-1","max-image-preview":"max-image-preview:large","max-video-preview":"max-video-preview:-1"},"canonical":"https:\/\/wegwerfenwargestern.de\/index.php\/blog-2\/2014-2\/fleurogami-bluetenkugel\/","og_locale":"de_DE","og_type":"article","og_title":"Fleurogami Bl\u00fctenkugel -","og_description":"Hallo ihr lieben&#8230; Was schenkt man einem G\u00e4rtner zum Geburtstag? Richtig&#8230; Eine Fleurogami Bl\u00fcten Kugel. Und sie kam sehr gut an, sie h\u00e4ngt seit dem dort im Wohnzimmer. Wie findet ihr die Bl\u00fcten Kugel&#8230; Diese Kugeln sind sehr einfach zu machen, aber ihr solltet wenigstens\u00a0 \u00a0 \u00a0 \u00a0 \u00a0 \u00a0 120 g \/ qm nehmen &hellip; \u201eFleurogami Bl\u00fctenkugel\u201c weiterlesen","og_url":"https:\/\/wegwerfenwargestern.de\/index.php\/blog-2\/2014-2\/fleurogami-bluetenkugel\/","article_modified_time":"2018-09-22T16:30:38+00:00","og_image":[{"width":438,"height":484,"url":"https:\/\/wegwerfenwargestern.de\/wp-content\/uploads\/2018\/07\/19.jpg","type":"image\/jpeg"}],"twitter_card":"summary_large_image","schema":{"@context":"https:\/\/schema.org","@graph":[{"@type":"WebPage","@id":"https:\/\/wegwerfenwargestern.de\/index.php\/blog-2\/2014-2\/fleurogami-bluetenkugel\/","url":"https:\/\/wegwerfenwargestern.de\/index.php\/blog-2\/2014-2\/fleurogami-bluetenkugel\/","name":"Fleurogami Bl\u00fctenkugel -","isPartOf":{"@id":"https:\/\/wegwerfenwargestern.de\/#website"},"primaryImageOfPage":{"@id":"https:\/\/wegwerfenwargestern.de\/index.php\/blog-2\/2014-2\/fleurogami-bluetenkugel\/#primaryimage"},"image":{"@id":"https:\/\/wegwerfenwargestern.de\/index.php\/blog-2\/2014-2\/fleurogami-bluetenkugel\/#primaryimage"},"thumbnailUrl":"https:\/\/wegwerfenwargestern.de\/wp-content\/uploads\/2018\/07\/19.jpg","datePublished":"2018-09-22T10:54:00+00:00","dateModified":"2018-09-22T16:30:38+00:00","breadcrumb":{"@id":"https:\/\/wegwerfenwargestern.de\/index.php\/blog-2\/2014-2\/fleurogami-bluetenkugel\/#breadcrumb"},"inLanguage":"de","potentialAction":[{"@type":"ReadAction","target":["https:\/\/wegwerfenwargestern.de\/index.php\/blog-2\/2014-2\/fleurogami-bluetenkugel\/"]}]},{"@type":"ImageObject","inLanguage":"de","@id":"https:\/\/wegwerfenwargestern.de\/index.php\/blog-2\/2014-2\/fleurogami-bluetenkugel\/#primaryimage","url":"https:\/\/wegwerfenwargestern.de\/wp-content\/uploads\/2018\/07\/19.jpg","contentUrl":"https:\/\/wegwerfenwargestern.de\/wp-content\/uploads\/2018\/07\/19.jpg","width":438,"height":484},{"@type":"BreadcrumbList","@id":"https:\/\/wegwerfenwargestern.de\/index.php\/blog-2\/2014-2\/fleurogami-bluetenkugel\/#breadcrumb","itemListElement":[{"@type":"ListItem","position":1,"name":"Startseite","item":"https:\/\/wegwerfenwargestern.de\/"},{"@type":"ListItem","position":2,"name":"Blog","item":"https:\/\/wegwerfenwargestern.de\/index.php\/blog-2\/"},{"@type":"ListItem","position":3,"name":"2014","item":"https:\/\/wegwerfenwargestern.de\/index.php\/blog-2\/2014-2\/"},{"@type":"ListItem","position":4,"name":"Fleurogami Bl\u00fctenkugel"}]},{"@type":"WebSite","@id":"https:\/\/wegwerfenwargestern.de\/#website","url":"https:\/\/wegwerfenwargestern.de\/","name":"Wegwerfen war gestern","description":"","publisher":{"@id":"https:\/\/wegwerfenwargestern.de\/#\/schema\/person\/b1afdd8bdf19d681d1c4e6ade0c90299"},"potentialAction":[{"@type":"SearchAction","target":{"@type":"EntryPoint","urlTemplate":"https:\/\/wegwerfenwargestern.de\/?s={search_term_string}"},"query-input":{"@type":"PropertyValueSpecification","valueRequired":true,"valueName":"search_term_string"}}],"inLanguage":"de"},{"@type":["Person","Organization"],"@id":"https:\/\/wegwerfenwargestern.de\/#\/schema\/person\/b1afdd8bdf19d681d1c4e6ade0c90299","name":"Elke Jacobs","image":{"@type":"ImageObject","inLanguage":"de","@id":"https:\/\/wegwerfenwargestern.de\/#\/schema\/person\/image\/","url":"https:\/\/wegwerfenwargestern.de\/wp-content\/uploads\/2017\/09\/Darkanium12345.jpg","contentUrl":"https:\/\/wegwerfenwargestern.de\/wp-content\/uploads\/2017\/09\/Darkanium12345.jpg","width":1956,"height":1100,"caption":"Elke Jacobs"},"logo":{"@id":"https:\/\/wegwerfenwargestern.de\/#\/schema\/person\/image\/"}}]}},"_links":{"self":[{"href":"https:\/\/wegwerfenwargestern.de\/index.php\/wp-json\/wp\/v2\/pages\/1639","targetHints":{"allow":["GET"]}}],"collection":[{"href":"https:\/\/wegwerfenwargestern.de\/index.php\/wp-json\/wp\/v2\/pages"}],"about":[{"href":"https:\/\/wegwerfenwargestern.de\/index.php\/wp-json\/wp\/v2\/types\/page"}],"author":[{"embeddable":true,"href":"https:\/\/wegwerfenwargestern.de\/index.php\/wp-json\/wp\/v2\/users\/2"}],"replies":[{"embeddable":true,"href":"https:\/\/wegwerfenwargestern.de\/index.php\/wp-json\/wp\/v2\/comments?post=1639"}],"version-history":[{"count":1,"href":"https:\/\/wegwerfenwargestern.de\/index.php\/wp-json\/wp\/v2\/pages\/1639\/revisions"}],"predecessor-version":[{"id":1640,"href":"https:\/\/wegwerfenwargestern.de\/index.php\/wp-json\/wp\/v2\/pages\/1639\/revisions\/1640"}],"up":[{"embeddable":true,"href":"https:\/\/wegwerfenwargestern.de\/index.php\/wp-json\/wp\/v2\/pages\/1795"}],"wp:attachment":[{"href":"https:\/\/wegwerfenwargestern.de\/index.php\/wp-json\/wp\/v2\/media?parent=1639"}],"curies":[{"name":"wp","href":"https:\/\/api.w.org\/{rel}","templated":true}]}}