{"id":1641,"date":"2018-09-22T12:56:50","date_gmt":"2018-09-22T10:56:50","guid":{"rendered":"https:\/\/wegwerfenwargestern.darkanium.de\/?page_id=1641"},"modified":"2018-09-22T20:06:22","modified_gmt":"2018-09-22T18:06:22","slug":"toilettenpapier-behaelter","status":"publish","type":"page","link":"https:\/\/wegwerfenwargestern.de\/index.php\/blog-2\/2015-2\/toilettenpapier-behaelter\/","title":{"rendered":"Toilettenpapier Beh\u00e4lter"},"content":{"rendered":"<p>Hallo ihr lieben&#8230;<\/p>\n<p>Wisst ihr wie doof es ist , wenn man zu Besuch ist und die Ersatz Rolle WC\u00a0 Papier\u00a0 ist alle ?\u00a0 Genau&#8230; Aus diesem Grund habe ich mir diesen Beh\u00e4lter aus Papier R\u00f6llchen gebastelt, farblich passend f\u00fcr mein Bad mit Deckel&#8230;.<\/p>\n<p><img loading=\"lazy\" decoding=\"async\" class=\"alignnone size-full wp-image-482\" src=\"https:\/\/wegwerfenwargestern.de\/wp-content\/uploads\/2018\/07\/14...1...jpg\" alt=\"\" width=\"406\" height=\"575\" \/><\/p>\n<p>Dieser Beh\u00e4lter ist komplett aus Drucker Papier und 4 Rollen WC Papier finden Platz dadrin. Der Beh\u00e4lter Steht immer neben dem WC und niemand braucht angst haben irgend wann ohne Papier dort zu sein. Wie er gebastelt wird, zeige ich euch hier in dem Video&#8230;<\/p>\n<p><a href=\"https:\/\/www.youtube.com\/watch?v=fZhi270_5ew&amp;t=155s\">https:\/\/www.youtube.com\/watch?v=fZhi270_5ew&amp;t=155s<\/a><\/p>\n<p>Nun w\u00fcnsche ich euch viel Spa\u00df beim nachbasteln&#8230;<\/p>\n<p>Liebe Gr\u00fc\u00dfe<\/p>\n<p>Elke<\/p>\n","protected":false},"excerpt":{"rendered":"<p>Hallo ihr lieben&#8230; Wisst ihr wie doof es ist , wenn man zu Besuch ist und die Ersatz Rolle WC\u00a0 Papier\u00a0 ist alle ?\u00a0 Genau&#8230; Aus diesem Grund habe ich mir diesen Beh\u00e4lter aus Papier R\u00f6llchen gebastelt, farblich passend f\u00fcr mein Bad mit Deckel&#8230;. Dieser Beh\u00e4lter ist komplett aus Drucker Papier und 4 Rollen WC &hellip; <\/p>\n<p class=\"link-more\"><a href=\"https:\/\/wegwerfenwargestern.de\/index.php\/blog-2\/2015-2\/toilettenpapier-behaelter\/\" class=\"more-link\"><span class=\"screen-reader-text\">\u201eToilettenpapier Beh\u00e4lter\u201c <\/span>weiterlesen<\/a><\/p>\n","protected":false},"author":2,"featured_media":0,"parent":1798,"menu_order":0,"comment_status":"closed","ping_status":"closed","template":"","meta":{"footnotes":""},"class_list":["post-1641","page","type-page","status-publish","hentry"],"yoast_head":"<!-- This site is optimized with the Yoast SEO plugin v25.8 - https:\/\/yoast.com\/wordpress\/plugins\/seo\/ -->\n<title>Toilettenpapier Beh\u00e4lter -<\/title>\n<meta name=\"robots\" content=\"index, follow, max-snippet:-1, max-image-preview:large, max-video-preview:-1\" \/>\n<link rel=\"canonical\" href=\"https:\/\/wegwerfenwargestern.de\/index.php\/blog-2\/2015-2\/toilettenpapier-behaelter\/\" \/>\n<meta property=\"og:locale\" content=\"de_DE\" \/>\n<meta property=\"og:type\" content=\"article\" \/>\n<meta property=\"og:title\" content=\"Toilettenpapier Beh\u00e4lter -\" \/>\n<meta property=\"og:description\" content=\"Hallo ihr lieben&#8230; Wisst ihr wie doof es ist , wenn man zu Besuch ist und die Ersatz Rolle WC\u00a0 Papier\u00a0 ist alle ?\u00a0 Genau&#8230; Aus diesem Grund habe ich mir diesen Beh\u00e4lter aus Papier R\u00f6llchen gebastelt, farblich passend f\u00fcr mein Bad mit Deckel&#8230;. Dieser Beh\u00e4lter ist komplett aus Drucker Papier und 4 Rollen WC &hellip; \u201eToilettenpapier Beh\u00e4lter\u201c weiterlesen\" \/>\n<meta property=\"og:url\" content=\"https:\/\/wegwerfenwargestern.de\/index.php\/blog-2\/2015-2\/toilettenpapier-behaelter\/\" \/>\n<meta property=\"article:modified_time\" content=\"2018-09-22T18:06:22+00:00\" \/>\n<meta property=\"og:image\" content=\"https:\/\/wegwerfenwargestern.de\/wp-content\/uploads\/2018\/07\/14...1...jpg\" \/>\n\t<meta property=\"og:image:width\" content=\"406\" \/>\n\t<meta property=\"og:image:height\" content=\"575\" \/>\n\t<meta property=\"og:image:type\" content=\"image\/jpeg\" \/>\n<meta name=\"twitter:card\" content=\"summary_large_image\" \/>\n<meta name=\"twitter:label1\" content=\"Gesch\u00e4tzte Lesezeit\" \/>\n\t<meta name=\"twitter:data1\" content=\"1\u00a0Minute\" \/>\n<script type=\"application\/ld+json\" class=\"yoast-schema-graph\">{\"@context\":\"https:\/\/schema.org\",\"@graph\":[{\"@type\":\"WebPage\",\"@id\":\"https:\/\/wegwerfenwargestern.de\/index.php\/blog-2\/2015-2\/toilettenpapier-behaelter\/\",\"url\":\"https:\/\/wegwerfenwargestern.de\/index.php\/blog-2\/2015-2\/toilettenpapier-behaelter\/\",\"name\":\"Toilettenpapier Beh\u00e4lter -\",\"isPartOf\":{\"@id\":\"https:\/\/wegwerfenwargestern.de\/#website\"},\"primaryImageOfPage\":{\"@id\":\"https:\/\/wegwerfenwargestern.de\/index.php\/blog-2\/2015-2\/toilettenpapier-behaelter\/#primaryimage\"},\"image\":{\"@id\":\"https:\/\/wegwerfenwargestern.de\/index.php\/blog-2\/2015-2\/toilettenpapier-behaelter\/#primaryimage\"},\"thumbnailUrl\":\"https:\/\/wegwerfenwargestern.de\/wp-content\/uploads\/2018\/07\/14...1...jpg\",\"datePublished\":\"2018-09-22T10:56:50+00:00\",\"dateModified\":\"2018-09-22T18:06:22+00:00\",\"breadcrumb\":{\"@id\":\"https:\/\/wegwerfenwargestern.de\/index.php\/blog-2\/2015-2\/toilettenpapier-behaelter\/#breadcrumb\"},\"inLanguage\":\"de\",\"potentialAction\":[{\"@type\":\"ReadAction\",\"target\":[\"https:\/\/wegwerfenwargestern.de\/index.php\/blog-2\/2015-2\/toilettenpapier-behaelter\/\"]}]},{\"@type\":\"ImageObject\",\"inLanguage\":\"de\",\"@id\":\"https:\/\/wegwerfenwargestern.de\/index.php\/blog-2\/2015-2\/toilettenpapier-behaelter\/#primaryimage\",\"url\":\"https:\/\/wegwerfenwargestern.de\/wp-content\/uploads\/2018\/07\/14...1...jpg\",\"contentUrl\":\"https:\/\/wegwerfenwargestern.de\/wp-content\/uploads\/2018\/07\/14...1...jpg\",\"width\":406,\"height\":575},{\"@type\":\"BreadcrumbList\",\"@id\":\"https:\/\/wegwerfenwargestern.de\/index.php\/blog-2\/2015-2\/toilettenpapier-behaelter\/#breadcrumb\",\"itemListElement\":[{\"@type\":\"ListItem\",\"position\":1,\"name\":\"Startseite\",\"item\":\"https:\/\/wegwerfenwargestern.de\/\"},{\"@type\":\"ListItem\",\"position\":2,\"name\":\"Blog\",\"item\":\"https:\/\/wegwerfenwargestern.de\/index.php\/blog-2\/\"},{\"@type\":\"ListItem\",\"position\":3,\"name\":\"2015\",\"item\":\"https:\/\/wegwerfenwargestern.de\/index.php\/blog-2\/2015-2\/\"},{\"@type\":\"ListItem\",\"position\":4,\"name\":\"Toilettenpapier Beh\u00e4lter\"}]},{\"@type\":\"WebSite\",\"@id\":\"https:\/\/wegwerfenwargestern.de\/#website\",\"url\":\"https:\/\/wegwerfenwargestern.de\/\",\"name\":\"Wegwerfen war gestern\",\"description\":\"\",\"publisher\":{\"@id\":\"https:\/\/wegwerfenwargestern.de\/#\/schema\/person\/b1afdd8bdf19d681d1c4e6ade0c90299\"},\"potentialAction\":[{\"@type\":\"SearchAction\",\"target\":{\"@type\":\"EntryPoint\",\"urlTemplate\":\"https:\/\/wegwerfenwargestern.de\/?s={search_term_string}\"},\"query-input\":{\"@type\":\"PropertyValueSpecification\",\"valueRequired\":true,\"valueName\":\"search_term_string\"}}],\"inLanguage\":\"de\"},{\"@type\":[\"Person\",\"Organization\"],\"@id\":\"https:\/\/wegwerfenwargestern.de\/#\/schema\/person\/b1afdd8bdf19d681d1c4e6ade0c90299\",\"name\":\"Elke Jacobs\",\"image\":{\"@type\":\"ImageObject\",\"inLanguage\":\"de\",\"@id\":\"https:\/\/wegwerfenwargestern.de\/#\/schema\/person\/image\/\",\"url\":\"https:\/\/wegwerfenwargestern.de\/wp-content\/uploads\/2017\/09\/Darkanium12345.jpg\",\"contentUrl\":\"https:\/\/wegwerfenwargestern.de\/wp-content\/uploads\/2017\/09\/Darkanium12345.jpg\",\"width\":1956,\"height\":1100,\"caption\":\"Elke Jacobs\"},\"logo\":{\"@id\":\"https:\/\/wegwerfenwargestern.de\/#\/schema\/person\/image\/\"}}]}<\/script>\n<!-- \/ Yoast SEO plugin. -->","yoast_head_json":{"title":"Toilettenpapier Beh\u00e4lter -","robots":{"index":"index","follow":"follow","max-snippet":"max-snippet:-1","max-image-preview":"max-image-preview:large","max-video-preview":"max-video-preview:-1"},"canonical":"https:\/\/wegwerfenwargestern.de\/index.php\/blog-2\/2015-2\/toilettenpapier-behaelter\/","og_locale":"de_DE","og_type":"article","og_title":"Toilettenpapier Beh\u00e4lter -","og_description":"Hallo ihr lieben&#8230; Wisst ihr wie doof es ist , wenn man zu Besuch ist und die Ersatz Rolle WC\u00a0 Papier\u00a0 ist alle ?\u00a0 Genau&#8230; Aus diesem Grund habe ich mir diesen Beh\u00e4lter aus Papier R\u00f6llchen gebastelt, farblich passend f\u00fcr mein Bad mit Deckel&#8230;. Dieser Beh\u00e4lter ist komplett aus Drucker Papier und 4 Rollen WC &hellip; \u201eToilettenpapier Beh\u00e4lter\u201c weiterlesen","og_url":"https:\/\/wegwerfenwargestern.de\/index.php\/blog-2\/2015-2\/toilettenpapier-behaelter\/","article_modified_time":"2018-09-22T18:06:22+00:00","og_image":[{"width":406,"height":575,"url":"https:\/\/wegwerfenwargestern.de\/wp-content\/uploads\/2018\/07\/14...1...jpg","type":"image\/jpeg"}],"twitter_card":"summary_large_image","twitter_misc":{"Gesch\u00e4tzte Lesezeit":"1\u00a0Minute"},"schema":{"@context":"https:\/\/schema.org","@graph":[{"@type":"WebPage","@id":"https:\/\/wegwerfenwargestern.de\/index.php\/blog-2\/2015-2\/toilettenpapier-behaelter\/","url":"https:\/\/wegwerfenwargestern.de\/index.php\/blog-2\/2015-2\/toilettenpapier-behaelter\/","name":"Toilettenpapier Beh\u00e4lter -","isPartOf":{"@id":"https:\/\/wegwerfenwargestern.de\/#website"},"primaryImageOfPage":{"@id":"https:\/\/wegwerfenwargestern.de\/index.php\/blog-2\/2015-2\/toilettenpapier-behaelter\/#primaryimage"},"image":{"@id":"https:\/\/wegwerfenwargestern.de\/index.php\/blog-2\/2015-2\/toilettenpapier-behaelter\/#primaryimage"},"thumbnailUrl":"https:\/\/wegwerfenwargestern.de\/wp-content\/uploads\/2018\/07\/14...1...jpg","datePublished":"2018-09-22T10:56:50+00:00","dateModified":"2018-09-22T18:06:22+00:00","breadcrumb":{"@id":"https:\/\/wegwerfenwargestern.de\/index.php\/blog-2\/2015-2\/toilettenpapier-behaelter\/#breadcrumb"},"inLanguage":"de","potentialAction":[{"@type":"ReadAction","target":["https:\/\/wegwerfenwargestern.de\/index.php\/blog-2\/2015-2\/toilettenpapier-behaelter\/"]}]},{"@type":"ImageObject","inLanguage":"de","@id":"https:\/\/wegwerfenwargestern.de\/index.php\/blog-2\/2015-2\/toilettenpapier-behaelter\/#primaryimage","url":"https:\/\/wegwerfenwargestern.de\/wp-content\/uploads\/2018\/07\/14...1...jpg","contentUrl":"https:\/\/wegwerfenwargestern.de\/wp-content\/uploads\/2018\/07\/14...1...jpg","width":406,"height":575},{"@type":"BreadcrumbList","@id":"https:\/\/wegwerfenwargestern.de\/index.php\/blog-2\/2015-2\/toilettenpapier-behaelter\/#breadcrumb","itemListElement":[{"@type":"ListItem","position":1,"name":"Startseite","item":"https:\/\/wegwerfenwargestern.de\/"},{"@type":"ListItem","position":2,"name":"Blog","item":"https:\/\/wegwerfenwargestern.de\/index.php\/blog-2\/"},{"@type":"ListItem","position":3,"name":"2015","item":"https:\/\/wegwerfenwargestern.de\/index.php\/blog-2\/2015-2\/"},{"@type":"ListItem","position":4,"name":"Toilettenpapier Beh\u00e4lter"}]},{"@type":"WebSite","@id":"https:\/\/wegwerfenwargestern.de\/#website","url":"https:\/\/wegwerfenwargestern.de\/","name":"Wegwerfen war gestern","description":"","publisher":{"@id":"https:\/\/wegwerfenwargestern.de\/#\/schema\/person\/b1afdd8bdf19d681d1c4e6ade0c90299"},"potentialAction":[{"@type":"SearchAction","target":{"@type":"EntryPoint","urlTemplate":"https:\/\/wegwerfenwargestern.de\/?s={search_term_string}"},"query-input":{"@type":"PropertyValueSpecification","valueRequired":true,"valueName":"search_term_string"}}],"inLanguage":"de"},{"@type":["Person","Organization"],"@id":"https:\/\/wegwerfenwargestern.de\/#\/schema\/person\/b1afdd8bdf19d681d1c4e6ade0c90299","name":"Elke Jacobs","image":{"@type":"ImageObject","inLanguage":"de","@id":"https:\/\/wegwerfenwargestern.de\/#\/schema\/person\/image\/","url":"https:\/\/wegwerfenwargestern.de\/wp-content\/uploads\/2017\/09\/Darkanium12345.jpg","contentUrl":"https:\/\/wegwerfenwargestern.de\/wp-content\/uploads\/2017\/09\/Darkanium12345.jpg","width":1956,"height":1100,"caption":"Elke Jacobs"},"logo":{"@id":"https:\/\/wegwerfenwargestern.de\/#\/schema\/person\/image\/"}}]}},"_links":{"self":[{"href":"https:\/\/wegwerfenwargestern.de\/index.php\/wp-json\/wp\/v2\/pages\/1641","targetHints":{"allow":["GET"]}}],"collection":[{"href":"https:\/\/wegwerfenwargestern.de\/index.php\/wp-json\/wp\/v2\/pages"}],"about":[{"href":"https:\/\/wegwerfenwargestern.de\/index.php\/wp-json\/wp\/v2\/types\/page"}],"author":[{"embeddable":true,"href":"https:\/\/wegwerfenwargestern.de\/index.php\/wp-json\/wp\/v2\/users\/2"}],"replies":[{"embeddable":true,"href":"https:\/\/wegwerfenwargestern.de\/index.php\/wp-json\/wp\/v2\/comments?post=1641"}],"version-history":[{"count":1,"href":"https:\/\/wegwerfenwargestern.de\/index.php\/wp-json\/wp\/v2\/pages\/1641\/revisions"}],"predecessor-version":[{"id":1642,"href":"https:\/\/wegwerfenwargestern.de\/index.php\/wp-json\/wp\/v2\/pages\/1641\/revisions\/1642"}],"up":[{"embeddable":true,"href":"https:\/\/wegwerfenwargestern.de\/index.php\/wp-json\/wp\/v2\/pages\/1798"}],"wp:attachment":[{"href":"https:\/\/wegwerfenwargestern.de\/index.php\/wp-json\/wp\/v2\/media?parent=1641"}],"curies":[{"name":"wp","href":"https:\/\/api.w.org\/{rel}","templated":true}]}}