{"id":1643,"date":"2018-09-22T13:08:03","date_gmt":"2018-09-22T11:08:03","guid":{"rendered":"https:\/\/wegwerfenwargestern.darkanium.de\/?page_id=1643"},"modified":"2018-09-22T18:31:06","modified_gmt":"2018-09-22T16:31:06","slug":"japanische-kirsche-aus-perlen","status":"publish","type":"page","link":"https:\/\/wegwerfenwargestern.de\/index.php\/blog-2\/2014-2\/japanische-kirsche-aus-perlen\/","title":{"rendered":"Japanische Kirsche aus Perlen"},"content":{"rendered":"<p>Hallo ihr lieben&#8230;.<\/p>\n<p>Die Japanische Kirsche ist im Fr\u00fchjahr der Hingucker in vielen G\u00e4rten und Stra\u00dfen, aber nicht jeder kann sie im Garten haben. Dies ist meine Alternative f\u00fcr das Wohnzimmer, sie macht auch keine arbeit &#8230;.<\/p>\n<p><img loading=\"lazy\" decoding=\"async\" class=\"size-full wp-image-478 alignleft\" src=\"https:\/\/wegwerfenwargestern.de\/wp-content\/uploads\/2018\/07\/Japanische-Kirsche..1..jpg\" alt=\"\" width=\"300\" height=\"454\" \/><\/p>\n<p>Das ist doch mal ein Hingucker oder?<\/p>\n<p>Was man nicht so alles aus Perlen und etwas Draht machen kann.<\/p>\n<p>Ideen gibt es da ja viele und wenn man die richtigen Farben zusammen stellt.<\/p>\n<p>Dann wird daraus ein ganz\u00a0 \u00a0 anderer Baum.<\/p>\n<p>&nbsp;<\/p>\n<p>Wie ich diesen Baum gefertigt habe, das k\u00f6nnt ihr in diesem Video sehen&#8230;.<\/p>\n<p><a href=\"https:\/\/www.youtube.com\/watch?v=fbr5gjCtixo&amp;t=184s\">https:\/\/www.youtube.com\/watch?v=fbr5gjCtixo&amp;t=184s<\/a><\/p>\n<p>Nun k\u00f6nntet ihr euch ja selber einen Basteln, viel Spa\u00df dabei&#8230;.<\/p>\n<p>Liebe Gr\u00fc\u00dfe<\/p>\n<p>Elke<\/p>\n","protected":false},"excerpt":{"rendered":"<p>Hallo ihr lieben&#8230;. Die Japanische Kirsche ist im Fr\u00fchjahr der Hingucker in vielen G\u00e4rten und Stra\u00dfen, aber nicht jeder kann sie im Garten haben. Dies ist meine Alternative f\u00fcr das Wohnzimmer, sie macht auch keine arbeit &#8230;. Das ist doch mal ein Hingucker oder? Was man nicht so alles aus Perlen und etwas Draht machen &hellip; <\/p>\n<p class=\"link-more\"><a href=\"https:\/\/wegwerfenwargestern.de\/index.php\/blog-2\/2014-2\/japanische-kirsche-aus-perlen\/\" class=\"more-link\"><span class=\"screen-reader-text\">\u201eJapanische Kirsche aus Perlen\u201c <\/span>weiterlesen<\/a><\/p>\n","protected":false},"author":2,"featured_media":0,"parent":1795,"menu_order":0,"comment_status":"closed","ping_status":"closed","template":"","meta":{"footnotes":""},"class_list":["post-1643","page","type-page","status-publish","hentry"],"yoast_head":"<!-- This site is optimized with the Yoast SEO plugin v25.8 - https:\/\/yoast.com\/wordpress\/plugins\/seo\/ -->\n<title>Japanische Kirsche aus Perlen -<\/title>\n<meta name=\"robots\" content=\"index, follow, max-snippet:-1, max-image-preview:large, max-video-preview:-1\" \/>\n<link rel=\"canonical\" href=\"https:\/\/wegwerfenwargestern.de\/index.php\/blog-2\/2014-2\/japanische-kirsche-aus-perlen\/\" \/>\n<meta property=\"og:locale\" content=\"de_DE\" \/>\n<meta property=\"og:type\" content=\"article\" \/>\n<meta property=\"og:title\" content=\"Japanische Kirsche aus Perlen -\" \/>\n<meta property=\"og:description\" content=\"Hallo ihr lieben&#8230;. Die Japanische Kirsche ist im Fr\u00fchjahr der Hingucker in vielen G\u00e4rten und Stra\u00dfen, aber nicht jeder kann sie im Garten haben. Dies ist meine Alternative f\u00fcr das Wohnzimmer, sie macht auch keine arbeit &#8230;. Das ist doch mal ein Hingucker oder? Was man nicht so alles aus Perlen und etwas Draht machen &hellip; \u201eJapanische Kirsche aus Perlen\u201c weiterlesen\" \/>\n<meta property=\"og:url\" content=\"https:\/\/wegwerfenwargestern.de\/index.php\/blog-2\/2014-2\/japanische-kirsche-aus-perlen\/\" \/>\n<meta property=\"article:modified_time\" content=\"2018-09-22T16:31:06+00:00\" \/>\n<meta property=\"og:image\" content=\"https:\/\/wegwerfenwargestern.de\/wp-content\/uploads\/2018\/07\/Japanische-Kirsche..1..jpg\" \/>\n\t<meta property=\"og:image:width\" content=\"300\" \/>\n\t<meta property=\"og:image:height\" content=\"454\" \/>\n\t<meta property=\"og:image:type\" content=\"image\/jpeg\" \/>\n<meta name=\"twitter:card\" content=\"summary_large_image\" \/>\n<meta name=\"twitter:label1\" content=\"Gesch\u00e4tzte Lesezeit\" \/>\n\t<meta name=\"twitter:data1\" content=\"1\u00a0Minute\" \/>\n<script type=\"application\/ld+json\" class=\"yoast-schema-graph\">{\"@context\":\"https:\/\/schema.org\",\"@graph\":[{\"@type\":\"WebPage\",\"@id\":\"https:\/\/wegwerfenwargestern.de\/index.php\/blog-2\/2014-2\/japanische-kirsche-aus-perlen\/\",\"url\":\"https:\/\/wegwerfenwargestern.de\/index.php\/blog-2\/2014-2\/japanische-kirsche-aus-perlen\/\",\"name\":\"Japanische Kirsche aus Perlen -\",\"isPartOf\":{\"@id\":\"https:\/\/wegwerfenwargestern.de\/#website\"},\"primaryImageOfPage\":{\"@id\":\"https:\/\/wegwerfenwargestern.de\/index.php\/blog-2\/2014-2\/japanische-kirsche-aus-perlen\/#primaryimage\"},\"image\":{\"@id\":\"https:\/\/wegwerfenwargestern.de\/index.php\/blog-2\/2014-2\/japanische-kirsche-aus-perlen\/#primaryimage\"},\"thumbnailUrl\":\"https:\/\/wegwerfenwargestern.de\/wp-content\/uploads\/2018\/07\/Japanische-Kirsche..1..jpg\",\"datePublished\":\"2018-09-22T11:08:03+00:00\",\"dateModified\":\"2018-09-22T16:31:06+00:00\",\"breadcrumb\":{\"@id\":\"https:\/\/wegwerfenwargestern.de\/index.php\/blog-2\/2014-2\/japanische-kirsche-aus-perlen\/#breadcrumb\"},\"inLanguage\":\"de\",\"potentialAction\":[{\"@type\":\"ReadAction\",\"target\":[\"https:\/\/wegwerfenwargestern.de\/index.php\/blog-2\/2014-2\/japanische-kirsche-aus-perlen\/\"]}]},{\"@type\":\"ImageObject\",\"inLanguage\":\"de\",\"@id\":\"https:\/\/wegwerfenwargestern.de\/index.php\/blog-2\/2014-2\/japanische-kirsche-aus-perlen\/#primaryimage\",\"url\":\"https:\/\/wegwerfenwargestern.de\/wp-content\/uploads\/2018\/07\/Japanische-Kirsche..1..jpg\",\"contentUrl\":\"https:\/\/wegwerfenwargestern.de\/wp-content\/uploads\/2018\/07\/Japanische-Kirsche..1..jpg\",\"width\":300,\"height\":454},{\"@type\":\"BreadcrumbList\",\"@id\":\"https:\/\/wegwerfenwargestern.de\/index.php\/blog-2\/2014-2\/japanische-kirsche-aus-perlen\/#breadcrumb\",\"itemListElement\":[{\"@type\":\"ListItem\",\"position\":1,\"name\":\"Startseite\",\"item\":\"https:\/\/wegwerfenwargestern.de\/\"},{\"@type\":\"ListItem\",\"position\":2,\"name\":\"Blog\",\"item\":\"https:\/\/wegwerfenwargestern.de\/index.php\/blog-2\/\"},{\"@type\":\"ListItem\",\"position\":3,\"name\":\"2014\",\"item\":\"https:\/\/wegwerfenwargestern.de\/index.php\/blog-2\/2014-2\/\"},{\"@type\":\"ListItem\",\"position\":4,\"name\":\"Japanische Kirsche aus Perlen\"}]},{\"@type\":\"WebSite\",\"@id\":\"https:\/\/wegwerfenwargestern.de\/#website\",\"url\":\"https:\/\/wegwerfenwargestern.de\/\",\"name\":\"Wegwerfen war gestern\",\"description\":\"\",\"publisher\":{\"@id\":\"https:\/\/wegwerfenwargestern.de\/#\/schema\/person\/b1afdd8bdf19d681d1c4e6ade0c90299\"},\"potentialAction\":[{\"@type\":\"SearchAction\",\"target\":{\"@type\":\"EntryPoint\",\"urlTemplate\":\"https:\/\/wegwerfenwargestern.de\/?s={search_term_string}\"},\"query-input\":{\"@type\":\"PropertyValueSpecification\",\"valueRequired\":true,\"valueName\":\"search_term_string\"}}],\"inLanguage\":\"de\"},{\"@type\":[\"Person\",\"Organization\"],\"@id\":\"https:\/\/wegwerfenwargestern.de\/#\/schema\/person\/b1afdd8bdf19d681d1c4e6ade0c90299\",\"name\":\"Elke Jacobs\",\"image\":{\"@type\":\"ImageObject\",\"inLanguage\":\"de\",\"@id\":\"https:\/\/wegwerfenwargestern.de\/#\/schema\/person\/image\/\",\"url\":\"https:\/\/wegwerfenwargestern.de\/wp-content\/uploads\/2017\/09\/Darkanium12345.jpg\",\"contentUrl\":\"https:\/\/wegwerfenwargestern.de\/wp-content\/uploads\/2017\/09\/Darkanium12345.jpg\",\"width\":1956,\"height\":1100,\"caption\":\"Elke Jacobs\"},\"logo\":{\"@id\":\"https:\/\/wegwerfenwargestern.de\/#\/schema\/person\/image\/\"}}]}<\/script>\n<!-- \/ Yoast SEO plugin. -->","yoast_head_json":{"title":"Japanische Kirsche aus Perlen -","robots":{"index":"index","follow":"follow","max-snippet":"max-snippet:-1","max-image-preview":"max-image-preview:large","max-video-preview":"max-video-preview:-1"},"canonical":"https:\/\/wegwerfenwargestern.de\/index.php\/blog-2\/2014-2\/japanische-kirsche-aus-perlen\/","og_locale":"de_DE","og_type":"article","og_title":"Japanische Kirsche aus Perlen -","og_description":"Hallo ihr lieben&#8230;. Die Japanische Kirsche ist im Fr\u00fchjahr der Hingucker in vielen G\u00e4rten und Stra\u00dfen, aber nicht jeder kann sie im Garten haben. Dies ist meine Alternative f\u00fcr das Wohnzimmer, sie macht auch keine arbeit &#8230;. Das ist doch mal ein Hingucker oder? Was man nicht so alles aus Perlen und etwas Draht machen &hellip; \u201eJapanische Kirsche aus Perlen\u201c weiterlesen","og_url":"https:\/\/wegwerfenwargestern.de\/index.php\/blog-2\/2014-2\/japanische-kirsche-aus-perlen\/","article_modified_time":"2018-09-22T16:31:06+00:00","og_image":[{"width":300,"height":454,"url":"https:\/\/wegwerfenwargestern.de\/wp-content\/uploads\/2018\/07\/Japanische-Kirsche..1..jpg","type":"image\/jpeg"}],"twitter_card":"summary_large_image","twitter_misc":{"Gesch\u00e4tzte Lesezeit":"1\u00a0Minute"},"schema":{"@context":"https:\/\/schema.org","@graph":[{"@type":"WebPage","@id":"https:\/\/wegwerfenwargestern.de\/index.php\/blog-2\/2014-2\/japanische-kirsche-aus-perlen\/","url":"https:\/\/wegwerfenwargestern.de\/index.php\/blog-2\/2014-2\/japanische-kirsche-aus-perlen\/","name":"Japanische Kirsche aus Perlen -","isPartOf":{"@id":"https:\/\/wegwerfenwargestern.de\/#website"},"primaryImageOfPage":{"@id":"https:\/\/wegwerfenwargestern.de\/index.php\/blog-2\/2014-2\/japanische-kirsche-aus-perlen\/#primaryimage"},"image":{"@id":"https:\/\/wegwerfenwargestern.de\/index.php\/blog-2\/2014-2\/japanische-kirsche-aus-perlen\/#primaryimage"},"thumbnailUrl":"https:\/\/wegwerfenwargestern.de\/wp-content\/uploads\/2018\/07\/Japanische-Kirsche..1..jpg","datePublished":"2018-09-22T11:08:03+00:00","dateModified":"2018-09-22T16:31:06+00:00","breadcrumb":{"@id":"https:\/\/wegwerfenwargestern.de\/index.php\/blog-2\/2014-2\/japanische-kirsche-aus-perlen\/#breadcrumb"},"inLanguage":"de","potentialAction":[{"@type":"ReadAction","target":["https:\/\/wegwerfenwargestern.de\/index.php\/blog-2\/2014-2\/japanische-kirsche-aus-perlen\/"]}]},{"@type":"ImageObject","inLanguage":"de","@id":"https:\/\/wegwerfenwargestern.de\/index.php\/blog-2\/2014-2\/japanische-kirsche-aus-perlen\/#primaryimage","url":"https:\/\/wegwerfenwargestern.de\/wp-content\/uploads\/2018\/07\/Japanische-Kirsche..1..jpg","contentUrl":"https:\/\/wegwerfenwargestern.de\/wp-content\/uploads\/2018\/07\/Japanische-Kirsche..1..jpg","width":300,"height":454},{"@type":"BreadcrumbList","@id":"https:\/\/wegwerfenwargestern.de\/index.php\/blog-2\/2014-2\/japanische-kirsche-aus-perlen\/#breadcrumb","itemListElement":[{"@type":"ListItem","position":1,"name":"Startseite","item":"https:\/\/wegwerfenwargestern.de\/"},{"@type":"ListItem","position":2,"name":"Blog","item":"https:\/\/wegwerfenwargestern.de\/index.php\/blog-2\/"},{"@type":"ListItem","position":3,"name":"2014","item":"https:\/\/wegwerfenwargestern.de\/index.php\/blog-2\/2014-2\/"},{"@type":"ListItem","position":4,"name":"Japanische Kirsche aus Perlen"}]},{"@type":"WebSite","@id":"https:\/\/wegwerfenwargestern.de\/#website","url":"https:\/\/wegwerfenwargestern.de\/","name":"Wegwerfen war gestern","description":"","publisher":{"@id":"https:\/\/wegwerfenwargestern.de\/#\/schema\/person\/b1afdd8bdf19d681d1c4e6ade0c90299"},"potentialAction":[{"@type":"SearchAction","target":{"@type":"EntryPoint","urlTemplate":"https:\/\/wegwerfenwargestern.de\/?s={search_term_string}"},"query-input":{"@type":"PropertyValueSpecification","valueRequired":true,"valueName":"search_term_string"}}],"inLanguage":"de"},{"@type":["Person","Organization"],"@id":"https:\/\/wegwerfenwargestern.de\/#\/schema\/person\/b1afdd8bdf19d681d1c4e6ade0c90299","name":"Elke Jacobs","image":{"@type":"ImageObject","inLanguage":"de","@id":"https:\/\/wegwerfenwargestern.de\/#\/schema\/person\/image\/","url":"https:\/\/wegwerfenwargestern.de\/wp-content\/uploads\/2017\/09\/Darkanium12345.jpg","contentUrl":"https:\/\/wegwerfenwargestern.de\/wp-content\/uploads\/2017\/09\/Darkanium12345.jpg","width":1956,"height":1100,"caption":"Elke Jacobs"},"logo":{"@id":"https:\/\/wegwerfenwargestern.de\/#\/schema\/person\/image\/"}}]}},"_links":{"self":[{"href":"https:\/\/wegwerfenwargestern.de\/index.php\/wp-json\/wp\/v2\/pages\/1643","targetHints":{"allow":["GET"]}}],"collection":[{"href":"https:\/\/wegwerfenwargestern.de\/index.php\/wp-json\/wp\/v2\/pages"}],"about":[{"href":"https:\/\/wegwerfenwargestern.de\/index.php\/wp-json\/wp\/v2\/types\/page"}],"author":[{"embeddable":true,"href":"https:\/\/wegwerfenwargestern.de\/index.php\/wp-json\/wp\/v2\/users\/2"}],"replies":[{"embeddable":true,"href":"https:\/\/wegwerfenwargestern.de\/index.php\/wp-json\/wp\/v2\/comments?post=1643"}],"version-history":[{"count":1,"href":"https:\/\/wegwerfenwargestern.de\/index.php\/wp-json\/wp\/v2\/pages\/1643\/revisions"}],"predecessor-version":[{"id":1644,"href":"https:\/\/wegwerfenwargestern.de\/index.php\/wp-json\/wp\/v2\/pages\/1643\/revisions\/1644"}],"up":[{"embeddable":true,"href":"https:\/\/wegwerfenwargestern.de\/index.php\/wp-json\/wp\/v2\/pages\/1795"}],"wp:attachment":[{"href":"https:\/\/wegwerfenwargestern.de\/index.php\/wp-json\/wp\/v2\/media?parent=1643"}],"curies":[{"name":"wp","href":"https:\/\/api.w.org\/{rel}","templated":true}]}}