{"id":1653,"date":"2018-09-22T13:23:37","date_gmt":"2018-09-22T11:23:37","guid":{"rendered":"https:\/\/wegwerfenwargestern.darkanium.de\/?page_id=1653"},"modified":"2018-09-22T20:30:44","modified_gmt":"2018-09-22T18:30:44","slug":"die-blumen-stange-zu-schade-zum-wegwerfen","status":"publish","type":"page","link":"https:\/\/wegwerfenwargestern.de\/index.php\/blog-2\/2015-2\/die-blumen-stange-zu-schade-zum-wegwerfen\/","title":{"rendered":"Die Blumen Stange zu schade zum wegwerfen"},"content":{"rendered":"<p>Hallo ihr lieben&#8230;<\/p>\n<p>Ich habe Blumen Stangen im Garten und 2 wurden von dem Wetter ganz sch\u00f6n in Mitleidenschaft gezogen und ein Teil ging sogar kaputt.\u00a0 Ich habe eine Gie\u00dfform angefertigt und das Teil neu gegossen&#8230;.<\/p>\n<p><img loading=\"lazy\" decoding=\"async\" class=\"alignnone size-full wp-image-456\" src=\"https:\/\/wegwerfenwargestern.de\/wp-content\/uploads\/2018\/07\/DSC06899...1...jpg\" alt=\"\" width=\"540\" height=\"405\" \/><\/p>\n<p>Die schauen doch wieder gut aus und sie k\u00f6nnen wieder in den Garten&#8230; Wie ich die restauriert habe k\u00f6nnt ihr in diesem Video sehen&#8230;.<\/p>\n<p><a href=\"https:\/\/www.youtube.com\/watch?v=W-9uSzf_094\">https:\/\/www.youtube.com\/watch?v=W-9uSzf_094<\/a><\/p>\n<p>Wenn ihr auch mal so ein Problem habt, dann findet ihr hier etwas Hilfe&#8230;<\/p>\n<p>Liebe Gr\u00fc\u00dfe<\/p>\n<p>Elke<\/p>\n","protected":false},"excerpt":{"rendered":"<p>Hallo ihr lieben&#8230; Ich habe Blumen Stangen im Garten und 2 wurden von dem Wetter ganz sch\u00f6n in Mitleidenschaft gezogen und ein Teil ging sogar kaputt.\u00a0 Ich habe eine Gie\u00dfform angefertigt und das Teil neu gegossen&#8230;. Die schauen doch wieder gut aus und sie k\u00f6nnen wieder in den Garten&#8230; Wie ich die restauriert habe k\u00f6nnt &hellip; <\/p>\n<p class=\"link-more\"><a href=\"https:\/\/wegwerfenwargestern.de\/index.php\/blog-2\/2015-2\/die-blumen-stange-zu-schade-zum-wegwerfen\/\" class=\"more-link\"><span class=\"screen-reader-text\">\u201eDie Blumen Stange zu schade zum wegwerfen\u201c <\/span>weiterlesen<\/a><\/p>\n","protected":false},"author":2,"featured_media":0,"parent":1798,"menu_order":0,"comment_status":"closed","ping_status":"closed","template":"","meta":{"footnotes":""},"class_list":["post-1653","page","type-page","status-publish","hentry"],"yoast_head":"<!-- This site is optimized with the Yoast SEO plugin v25.8 - https:\/\/yoast.com\/wordpress\/plugins\/seo\/ -->\n<title>Die Blumen Stange zu schade zum wegwerfen -<\/title>\n<meta name=\"robots\" content=\"index, follow, max-snippet:-1, max-image-preview:large, max-video-preview:-1\" \/>\n<link rel=\"canonical\" href=\"https:\/\/wegwerfenwargestern.de\/index.php\/blog-2\/2015-2\/die-blumen-stange-zu-schade-zum-wegwerfen\/\" \/>\n<meta property=\"og:locale\" content=\"de_DE\" \/>\n<meta property=\"og:type\" content=\"article\" \/>\n<meta property=\"og:title\" content=\"Die Blumen Stange zu schade zum wegwerfen -\" \/>\n<meta property=\"og:description\" content=\"Hallo ihr lieben&#8230; Ich habe Blumen Stangen im Garten und 2 wurden von dem Wetter ganz sch\u00f6n in Mitleidenschaft gezogen und ein Teil ging sogar kaputt.\u00a0 Ich habe eine Gie\u00dfform angefertigt und das Teil neu gegossen&#8230;. Die schauen doch wieder gut aus und sie k\u00f6nnen wieder in den Garten&#8230; Wie ich die restauriert habe k\u00f6nnt &hellip; \u201eDie Blumen Stange zu schade zum wegwerfen\u201c weiterlesen\" \/>\n<meta property=\"og:url\" content=\"https:\/\/wegwerfenwargestern.de\/index.php\/blog-2\/2015-2\/die-blumen-stange-zu-schade-zum-wegwerfen\/\" \/>\n<meta property=\"article:modified_time\" content=\"2018-09-22T18:30:44+00:00\" \/>\n<meta property=\"og:image\" content=\"https:\/\/wegwerfenwargestern.de\/wp-content\/uploads\/2018\/07\/DSC06899...1...jpg\" \/>\n\t<meta property=\"og:image:width\" content=\"540\" \/>\n\t<meta property=\"og:image:height\" content=\"405\" \/>\n\t<meta property=\"og:image:type\" content=\"image\/jpeg\" \/>\n<meta name=\"twitter:card\" content=\"summary_large_image\" \/>\n<script type=\"application\/ld+json\" class=\"yoast-schema-graph\">{\"@context\":\"https:\/\/schema.org\",\"@graph\":[{\"@type\":\"WebPage\",\"@id\":\"https:\/\/wegwerfenwargestern.de\/index.php\/blog-2\/2015-2\/die-blumen-stange-zu-schade-zum-wegwerfen\/\",\"url\":\"https:\/\/wegwerfenwargestern.de\/index.php\/blog-2\/2015-2\/die-blumen-stange-zu-schade-zum-wegwerfen\/\",\"name\":\"Die Blumen Stange zu schade zum wegwerfen -\",\"isPartOf\":{\"@id\":\"https:\/\/wegwerfenwargestern.de\/#website\"},\"primaryImageOfPage\":{\"@id\":\"https:\/\/wegwerfenwargestern.de\/index.php\/blog-2\/2015-2\/die-blumen-stange-zu-schade-zum-wegwerfen\/#primaryimage\"},\"image\":{\"@id\":\"https:\/\/wegwerfenwargestern.de\/index.php\/blog-2\/2015-2\/die-blumen-stange-zu-schade-zum-wegwerfen\/#primaryimage\"},\"thumbnailUrl\":\"https:\/\/wegwerfenwargestern.de\/wp-content\/uploads\/2018\/07\/DSC06899...1...jpg\",\"datePublished\":\"2018-09-22T11:23:37+00:00\",\"dateModified\":\"2018-09-22T18:30:44+00:00\",\"breadcrumb\":{\"@id\":\"https:\/\/wegwerfenwargestern.de\/index.php\/blog-2\/2015-2\/die-blumen-stange-zu-schade-zum-wegwerfen\/#breadcrumb\"},\"inLanguage\":\"de\",\"potentialAction\":[{\"@type\":\"ReadAction\",\"target\":[\"https:\/\/wegwerfenwargestern.de\/index.php\/blog-2\/2015-2\/die-blumen-stange-zu-schade-zum-wegwerfen\/\"]}]},{\"@type\":\"ImageObject\",\"inLanguage\":\"de\",\"@id\":\"https:\/\/wegwerfenwargestern.de\/index.php\/blog-2\/2015-2\/die-blumen-stange-zu-schade-zum-wegwerfen\/#primaryimage\",\"url\":\"https:\/\/wegwerfenwargestern.de\/wp-content\/uploads\/2018\/07\/DSC06899...1...jpg\",\"contentUrl\":\"https:\/\/wegwerfenwargestern.de\/wp-content\/uploads\/2018\/07\/DSC06899...1...jpg\",\"width\":540,\"height\":405},{\"@type\":\"BreadcrumbList\",\"@id\":\"https:\/\/wegwerfenwargestern.de\/index.php\/blog-2\/2015-2\/die-blumen-stange-zu-schade-zum-wegwerfen\/#breadcrumb\",\"itemListElement\":[{\"@type\":\"ListItem\",\"position\":1,\"name\":\"Startseite\",\"item\":\"https:\/\/wegwerfenwargestern.de\/\"},{\"@type\":\"ListItem\",\"position\":2,\"name\":\"Blog\",\"item\":\"https:\/\/wegwerfenwargestern.de\/index.php\/blog-2\/\"},{\"@type\":\"ListItem\",\"position\":3,\"name\":\"2015\",\"item\":\"https:\/\/wegwerfenwargestern.de\/index.php\/blog-2\/2015-2\/\"},{\"@type\":\"ListItem\",\"position\":4,\"name\":\"Die Blumen Stange zu schade zum wegwerfen\"}]},{\"@type\":\"WebSite\",\"@id\":\"https:\/\/wegwerfenwargestern.de\/#website\",\"url\":\"https:\/\/wegwerfenwargestern.de\/\",\"name\":\"Wegwerfen war gestern\",\"description\":\"\",\"publisher\":{\"@id\":\"https:\/\/wegwerfenwargestern.de\/#\/schema\/person\/b1afdd8bdf19d681d1c4e6ade0c90299\"},\"potentialAction\":[{\"@type\":\"SearchAction\",\"target\":{\"@type\":\"EntryPoint\",\"urlTemplate\":\"https:\/\/wegwerfenwargestern.de\/?s={search_term_string}\"},\"query-input\":{\"@type\":\"PropertyValueSpecification\",\"valueRequired\":true,\"valueName\":\"search_term_string\"}}],\"inLanguage\":\"de\"},{\"@type\":[\"Person\",\"Organization\"],\"@id\":\"https:\/\/wegwerfenwargestern.de\/#\/schema\/person\/b1afdd8bdf19d681d1c4e6ade0c90299\",\"name\":\"Elke Jacobs\",\"image\":{\"@type\":\"ImageObject\",\"inLanguage\":\"de\",\"@id\":\"https:\/\/wegwerfenwargestern.de\/#\/schema\/person\/image\/\",\"url\":\"https:\/\/wegwerfenwargestern.de\/wp-content\/uploads\/2017\/09\/Darkanium12345.jpg\",\"contentUrl\":\"https:\/\/wegwerfenwargestern.de\/wp-content\/uploads\/2017\/09\/Darkanium12345.jpg\",\"width\":1956,\"height\":1100,\"caption\":\"Elke Jacobs\"},\"logo\":{\"@id\":\"https:\/\/wegwerfenwargestern.de\/#\/schema\/person\/image\/\"}}]}<\/script>\n<!-- \/ Yoast SEO plugin. -->","yoast_head_json":{"title":"Die Blumen Stange zu schade zum wegwerfen -","robots":{"index":"index","follow":"follow","max-snippet":"max-snippet:-1","max-image-preview":"max-image-preview:large","max-video-preview":"max-video-preview:-1"},"canonical":"https:\/\/wegwerfenwargestern.de\/index.php\/blog-2\/2015-2\/die-blumen-stange-zu-schade-zum-wegwerfen\/","og_locale":"de_DE","og_type":"article","og_title":"Die Blumen Stange zu schade zum wegwerfen -","og_description":"Hallo ihr lieben&#8230; Ich habe Blumen Stangen im Garten und 2 wurden von dem Wetter ganz sch\u00f6n in Mitleidenschaft gezogen und ein Teil ging sogar kaputt.\u00a0 Ich habe eine Gie\u00dfform angefertigt und das Teil neu gegossen&#8230;. Die schauen doch wieder gut aus und sie k\u00f6nnen wieder in den Garten&#8230; Wie ich die restauriert habe k\u00f6nnt &hellip; \u201eDie Blumen Stange zu schade zum wegwerfen\u201c weiterlesen","og_url":"https:\/\/wegwerfenwargestern.de\/index.php\/blog-2\/2015-2\/die-blumen-stange-zu-schade-zum-wegwerfen\/","article_modified_time":"2018-09-22T18:30:44+00:00","og_image":[{"width":540,"height":405,"url":"https:\/\/wegwerfenwargestern.de\/wp-content\/uploads\/2018\/07\/DSC06899...1...jpg","type":"image\/jpeg"}],"twitter_card":"summary_large_image","schema":{"@context":"https:\/\/schema.org","@graph":[{"@type":"WebPage","@id":"https:\/\/wegwerfenwargestern.de\/index.php\/blog-2\/2015-2\/die-blumen-stange-zu-schade-zum-wegwerfen\/","url":"https:\/\/wegwerfenwargestern.de\/index.php\/blog-2\/2015-2\/die-blumen-stange-zu-schade-zum-wegwerfen\/","name":"Die Blumen Stange zu schade zum wegwerfen -","isPartOf":{"@id":"https:\/\/wegwerfenwargestern.de\/#website"},"primaryImageOfPage":{"@id":"https:\/\/wegwerfenwargestern.de\/index.php\/blog-2\/2015-2\/die-blumen-stange-zu-schade-zum-wegwerfen\/#primaryimage"},"image":{"@id":"https:\/\/wegwerfenwargestern.de\/index.php\/blog-2\/2015-2\/die-blumen-stange-zu-schade-zum-wegwerfen\/#primaryimage"},"thumbnailUrl":"https:\/\/wegwerfenwargestern.de\/wp-content\/uploads\/2018\/07\/DSC06899...1...jpg","datePublished":"2018-09-22T11:23:37+00:00","dateModified":"2018-09-22T18:30:44+00:00","breadcrumb":{"@id":"https:\/\/wegwerfenwargestern.de\/index.php\/blog-2\/2015-2\/die-blumen-stange-zu-schade-zum-wegwerfen\/#breadcrumb"},"inLanguage":"de","potentialAction":[{"@type":"ReadAction","target":["https:\/\/wegwerfenwargestern.de\/index.php\/blog-2\/2015-2\/die-blumen-stange-zu-schade-zum-wegwerfen\/"]}]},{"@type":"ImageObject","inLanguage":"de","@id":"https:\/\/wegwerfenwargestern.de\/index.php\/blog-2\/2015-2\/die-blumen-stange-zu-schade-zum-wegwerfen\/#primaryimage","url":"https:\/\/wegwerfenwargestern.de\/wp-content\/uploads\/2018\/07\/DSC06899...1...jpg","contentUrl":"https:\/\/wegwerfenwargestern.de\/wp-content\/uploads\/2018\/07\/DSC06899...1...jpg","width":540,"height":405},{"@type":"BreadcrumbList","@id":"https:\/\/wegwerfenwargestern.de\/index.php\/blog-2\/2015-2\/die-blumen-stange-zu-schade-zum-wegwerfen\/#breadcrumb","itemListElement":[{"@type":"ListItem","position":1,"name":"Startseite","item":"https:\/\/wegwerfenwargestern.de\/"},{"@type":"ListItem","position":2,"name":"Blog","item":"https:\/\/wegwerfenwargestern.de\/index.php\/blog-2\/"},{"@type":"ListItem","position":3,"name":"2015","item":"https:\/\/wegwerfenwargestern.de\/index.php\/blog-2\/2015-2\/"},{"@type":"ListItem","position":4,"name":"Die Blumen Stange zu schade zum wegwerfen"}]},{"@type":"WebSite","@id":"https:\/\/wegwerfenwargestern.de\/#website","url":"https:\/\/wegwerfenwargestern.de\/","name":"Wegwerfen war gestern","description":"","publisher":{"@id":"https:\/\/wegwerfenwargestern.de\/#\/schema\/person\/b1afdd8bdf19d681d1c4e6ade0c90299"},"potentialAction":[{"@type":"SearchAction","target":{"@type":"EntryPoint","urlTemplate":"https:\/\/wegwerfenwargestern.de\/?s={search_term_string}"},"query-input":{"@type":"PropertyValueSpecification","valueRequired":true,"valueName":"search_term_string"}}],"inLanguage":"de"},{"@type":["Person","Organization"],"@id":"https:\/\/wegwerfenwargestern.de\/#\/schema\/person\/b1afdd8bdf19d681d1c4e6ade0c90299","name":"Elke Jacobs","image":{"@type":"ImageObject","inLanguage":"de","@id":"https:\/\/wegwerfenwargestern.de\/#\/schema\/person\/image\/","url":"https:\/\/wegwerfenwargestern.de\/wp-content\/uploads\/2017\/09\/Darkanium12345.jpg","contentUrl":"https:\/\/wegwerfenwargestern.de\/wp-content\/uploads\/2017\/09\/Darkanium12345.jpg","width":1956,"height":1100,"caption":"Elke Jacobs"},"logo":{"@id":"https:\/\/wegwerfenwargestern.de\/#\/schema\/person\/image\/"}}]}},"_links":{"self":[{"href":"https:\/\/wegwerfenwargestern.de\/index.php\/wp-json\/wp\/v2\/pages\/1653","targetHints":{"allow":["GET"]}}],"collection":[{"href":"https:\/\/wegwerfenwargestern.de\/index.php\/wp-json\/wp\/v2\/pages"}],"about":[{"href":"https:\/\/wegwerfenwargestern.de\/index.php\/wp-json\/wp\/v2\/types\/page"}],"author":[{"embeddable":true,"href":"https:\/\/wegwerfenwargestern.de\/index.php\/wp-json\/wp\/v2\/users\/2"}],"replies":[{"embeddable":true,"href":"https:\/\/wegwerfenwargestern.de\/index.php\/wp-json\/wp\/v2\/comments?post=1653"}],"version-history":[{"count":1,"href":"https:\/\/wegwerfenwargestern.de\/index.php\/wp-json\/wp\/v2\/pages\/1653\/revisions"}],"predecessor-version":[{"id":1654,"href":"https:\/\/wegwerfenwargestern.de\/index.php\/wp-json\/wp\/v2\/pages\/1653\/revisions\/1654"}],"up":[{"embeddable":true,"href":"https:\/\/wegwerfenwargestern.de\/index.php\/wp-json\/wp\/v2\/pages\/1798"}],"wp:attachment":[{"href":"https:\/\/wegwerfenwargestern.de\/index.php\/wp-json\/wp\/v2\/media?parent=1653"}],"curies":[{"name":"wp","href":"https:\/\/api.w.org\/{rel}","templated":true}]}}