{"id":1657,"date":"2018-09-22T13:30:16","date_gmt":"2018-09-22T11:30:16","guid":{"rendered":"https:\/\/wegwerfenwargestern.darkanium.de\/?page_id=1657"},"modified":"2018-09-22T18:40:15","modified_gmt":"2018-09-22T16:40:15","slug":"ein-vogelhaus-aus-waescheklammern","status":"publish","type":"page","link":"https:\/\/wegwerfenwargestern.de\/index.php\/blog-2\/2014-2\/ein-vogelhaus-aus-waescheklammern\/","title":{"rendered":"Ein Vogelhaus aus W\u00e4scheklammern"},"content":{"rendered":"<p>Hallo ihr lieben&#8230;<\/p>\n<p>Kennt ihr das, man braucht ein Geschenk und sucht und sucht, dann macht es pl\u00f6tzlich klick und man fragt sich nur noch&#8230;.. Wird das noch fertig??? So ging es mir mit diesem Vogelhaus, 5 Minuten vor 12 .\u00a0 \u00a0 \u00a0 \u00a0 \u00a0 \u00a0 \u00a0 \u00a0Und als es darum ging wie viele W\u00e4scheklammern ich wohl brauchen w\u00fcrde, war ich 1 mal 2 mal ich glaube 3 mal los und kaufen welche. Und wenn sie dann auch noch im gleichen Gesch\u00e4ft alle kauft wird man dann komisch angeschaut oder aber jemand sagt ,, Mensch, sie m\u00fcssen aber viel W\u00e4sche haben &#8220; Ich habe immer nur gedacht wenn ihr w\u00fcstet, aber zugegeben wenn man 500 W\u00e4scheklammern kauft dann wirft das Fragen auf. Aber schaut mal, es hat sich gelohnt.<\/p>\n<p><img loading=\"lazy\" decoding=\"async\" class=\"alignnone size-full wp-image-339\" src=\"https:\/\/wegwerfenwargestern.de\/wp-content\/uploads\/2018\/07\/3-Vogelhaus.jpg\" alt=\"\" width=\"1012\" height=\"1023\" \/><\/p>\n<p>Ich habe vor ein paar Tagen nochmal W\u00e4scheklammern gekauft, habe sie aber f\u00fcr mich extra bestellt sie waren gerade in der Werbung. Und wieder gab es diese gr\u00fcbelnden Gesichter&#8230;&#8230; Wie sch\u00f6n&#8230;.\u00a0 Bei diesem ersten Vogelhaus habe ich aber Holz unter gebaut, das k\u00f6nnt ihr auch in dem Video sehen. Das ist der Stabilit\u00e4t geschuldet, vergessen darf man auch nicht das die Klammern manchmal nicht ganz gleich gro\u00df oder dick oder breit sind. Wie ich das genau gemacht habe k\u00f6nnt ihr in meinem Video anschauen.<\/p>\n<p><a href=\"https:\/\/www.youtube.com\/watch?v=O8EzISKhxLI\">https:\/\/www.youtube.com\/watch?v=O8EzISKhxLI<\/a><\/p>\n<p>Nun w\u00fcnsche ich euch viel Spa\u00df beim nachbasteln&#8230;..<\/p>\n<p>Liebe Gr\u00fc\u00dfe<\/p>\n<p>Elke<\/p>\n","protected":false},"excerpt":{"rendered":"<p>Hallo ihr lieben&#8230; Kennt ihr das, man braucht ein Geschenk und sucht und sucht, dann macht es pl\u00f6tzlich klick und man fragt sich nur noch&#8230;.. Wird das noch fertig??? So ging es mir mit diesem Vogelhaus, 5 Minuten vor 12 .\u00a0 \u00a0 \u00a0 \u00a0 \u00a0 \u00a0 \u00a0 \u00a0Und als es darum ging wie viele W\u00e4scheklammern &hellip; <\/p>\n<p class=\"link-more\"><a href=\"https:\/\/wegwerfenwargestern.de\/index.php\/blog-2\/2014-2\/ein-vogelhaus-aus-waescheklammern\/\" class=\"more-link\"><span class=\"screen-reader-text\">\u201eEin Vogelhaus aus W\u00e4scheklammern\u201c <\/span>weiterlesen<\/a><\/p>\n","protected":false},"author":2,"featured_media":0,"parent":1795,"menu_order":0,"comment_status":"closed","ping_status":"closed","template":"","meta":{"footnotes":""},"class_list":["post-1657","page","type-page","status-publish","hentry"],"yoast_head":"<!-- This site is optimized with the Yoast SEO plugin v25.8 - https:\/\/yoast.com\/wordpress\/plugins\/seo\/ -->\n<title>Ein Vogelhaus aus W\u00e4scheklammern -<\/title>\n<meta name=\"robots\" content=\"index, follow, max-snippet:-1, max-image-preview:large, max-video-preview:-1\" \/>\n<link rel=\"canonical\" href=\"https:\/\/wegwerfenwargestern.de\/index.php\/blog-2\/2014-2\/ein-vogelhaus-aus-waescheklammern\/\" \/>\n<meta property=\"og:locale\" content=\"de_DE\" \/>\n<meta property=\"og:type\" content=\"article\" \/>\n<meta property=\"og:title\" content=\"Ein Vogelhaus aus W\u00e4scheklammern -\" \/>\n<meta property=\"og:description\" content=\"Hallo ihr lieben&#8230; Kennt ihr das, man braucht ein Geschenk und sucht und sucht, dann macht es pl\u00f6tzlich klick und man fragt sich nur noch&#8230;.. Wird das noch fertig??? So ging es mir mit diesem Vogelhaus, 5 Minuten vor 12 .\u00a0 \u00a0 \u00a0 \u00a0 \u00a0 \u00a0 \u00a0 \u00a0Und als es darum ging wie viele W\u00e4scheklammern &hellip; \u201eEin Vogelhaus aus W\u00e4scheklammern\u201c weiterlesen\" \/>\n<meta property=\"og:url\" content=\"https:\/\/wegwerfenwargestern.de\/index.php\/blog-2\/2014-2\/ein-vogelhaus-aus-waescheklammern\/\" \/>\n<meta property=\"article:modified_time\" content=\"2018-09-22T16:40:15+00:00\" \/>\n<meta property=\"og:image\" content=\"https:\/\/wegwerfenwargestern.de\/wp-content\/uploads\/2018\/07\/3-Vogelhaus.jpg\" \/>\n\t<meta property=\"og:image:width\" content=\"1012\" \/>\n\t<meta property=\"og:image:height\" content=\"1023\" \/>\n\t<meta property=\"og:image:type\" content=\"image\/jpeg\" \/>\n<meta name=\"twitter:card\" content=\"summary_large_image\" \/>\n<meta name=\"twitter:label1\" content=\"Gesch\u00e4tzte Lesezeit\" \/>\n\t<meta name=\"twitter:data1\" content=\"1\u00a0Minute\" \/>\n<script type=\"application\/ld+json\" class=\"yoast-schema-graph\">{\"@context\":\"https:\/\/schema.org\",\"@graph\":[{\"@type\":\"WebPage\",\"@id\":\"https:\/\/wegwerfenwargestern.de\/index.php\/blog-2\/2014-2\/ein-vogelhaus-aus-waescheklammern\/\",\"url\":\"https:\/\/wegwerfenwargestern.de\/index.php\/blog-2\/2014-2\/ein-vogelhaus-aus-waescheklammern\/\",\"name\":\"Ein Vogelhaus aus W\u00e4scheklammern -\",\"isPartOf\":{\"@id\":\"https:\/\/wegwerfenwargestern.de\/#website\"},\"primaryImageOfPage\":{\"@id\":\"https:\/\/wegwerfenwargestern.de\/index.php\/blog-2\/2014-2\/ein-vogelhaus-aus-waescheklammern\/#primaryimage\"},\"image\":{\"@id\":\"https:\/\/wegwerfenwargestern.de\/index.php\/blog-2\/2014-2\/ein-vogelhaus-aus-waescheklammern\/#primaryimage\"},\"thumbnailUrl\":\"https:\/\/wegwerfenwargestern.de\/wp-content\/uploads\/2018\/07\/3-Vogelhaus.jpg\",\"datePublished\":\"2018-09-22T11:30:16+00:00\",\"dateModified\":\"2018-09-22T16:40:15+00:00\",\"breadcrumb\":{\"@id\":\"https:\/\/wegwerfenwargestern.de\/index.php\/blog-2\/2014-2\/ein-vogelhaus-aus-waescheklammern\/#breadcrumb\"},\"inLanguage\":\"de\",\"potentialAction\":[{\"@type\":\"ReadAction\",\"target\":[\"https:\/\/wegwerfenwargestern.de\/index.php\/blog-2\/2014-2\/ein-vogelhaus-aus-waescheklammern\/\"]}]},{\"@type\":\"ImageObject\",\"inLanguage\":\"de\",\"@id\":\"https:\/\/wegwerfenwargestern.de\/index.php\/blog-2\/2014-2\/ein-vogelhaus-aus-waescheklammern\/#primaryimage\",\"url\":\"https:\/\/wegwerfenwargestern.de\/wp-content\/uploads\/2018\/07\/3-Vogelhaus.jpg\",\"contentUrl\":\"https:\/\/wegwerfenwargestern.de\/wp-content\/uploads\/2018\/07\/3-Vogelhaus.jpg\",\"width\":1012,\"height\":1023},{\"@type\":\"BreadcrumbList\",\"@id\":\"https:\/\/wegwerfenwargestern.de\/index.php\/blog-2\/2014-2\/ein-vogelhaus-aus-waescheklammern\/#breadcrumb\",\"itemListElement\":[{\"@type\":\"ListItem\",\"position\":1,\"name\":\"Startseite\",\"item\":\"https:\/\/wegwerfenwargestern.de\/\"},{\"@type\":\"ListItem\",\"position\":2,\"name\":\"Blog\",\"item\":\"https:\/\/wegwerfenwargestern.de\/index.php\/blog-2\/\"},{\"@type\":\"ListItem\",\"position\":3,\"name\":\"2014\",\"item\":\"https:\/\/wegwerfenwargestern.de\/index.php\/blog-2\/2014-2\/\"},{\"@type\":\"ListItem\",\"position\":4,\"name\":\"Ein Vogelhaus aus W\u00e4scheklammern\"}]},{\"@type\":\"WebSite\",\"@id\":\"https:\/\/wegwerfenwargestern.de\/#website\",\"url\":\"https:\/\/wegwerfenwargestern.de\/\",\"name\":\"Wegwerfen war gestern\",\"description\":\"\",\"publisher\":{\"@id\":\"https:\/\/wegwerfenwargestern.de\/#\/schema\/person\/b1afdd8bdf19d681d1c4e6ade0c90299\"},\"potentialAction\":[{\"@type\":\"SearchAction\",\"target\":{\"@type\":\"EntryPoint\",\"urlTemplate\":\"https:\/\/wegwerfenwargestern.de\/?s={search_term_string}\"},\"query-input\":{\"@type\":\"PropertyValueSpecification\",\"valueRequired\":true,\"valueName\":\"search_term_string\"}}],\"inLanguage\":\"de\"},{\"@type\":[\"Person\",\"Organization\"],\"@id\":\"https:\/\/wegwerfenwargestern.de\/#\/schema\/person\/b1afdd8bdf19d681d1c4e6ade0c90299\",\"name\":\"Elke Jacobs\",\"image\":{\"@type\":\"ImageObject\",\"inLanguage\":\"de\",\"@id\":\"https:\/\/wegwerfenwargestern.de\/#\/schema\/person\/image\/\",\"url\":\"https:\/\/wegwerfenwargestern.de\/wp-content\/uploads\/2017\/09\/Darkanium12345.jpg\",\"contentUrl\":\"https:\/\/wegwerfenwargestern.de\/wp-content\/uploads\/2017\/09\/Darkanium12345.jpg\",\"width\":1956,\"height\":1100,\"caption\":\"Elke Jacobs\"},\"logo\":{\"@id\":\"https:\/\/wegwerfenwargestern.de\/#\/schema\/person\/image\/\"}}]}<\/script>\n<!-- \/ Yoast SEO plugin. -->","yoast_head_json":{"title":"Ein Vogelhaus aus W\u00e4scheklammern -","robots":{"index":"index","follow":"follow","max-snippet":"max-snippet:-1","max-image-preview":"max-image-preview:large","max-video-preview":"max-video-preview:-1"},"canonical":"https:\/\/wegwerfenwargestern.de\/index.php\/blog-2\/2014-2\/ein-vogelhaus-aus-waescheklammern\/","og_locale":"de_DE","og_type":"article","og_title":"Ein Vogelhaus aus W\u00e4scheklammern -","og_description":"Hallo ihr lieben&#8230; Kennt ihr das, man braucht ein Geschenk und sucht und sucht, dann macht es pl\u00f6tzlich klick und man fragt sich nur noch&#8230;.. Wird das noch fertig??? So ging es mir mit diesem Vogelhaus, 5 Minuten vor 12 .\u00a0 \u00a0 \u00a0 \u00a0 \u00a0 \u00a0 \u00a0 \u00a0Und als es darum ging wie viele W\u00e4scheklammern &hellip; \u201eEin Vogelhaus aus W\u00e4scheklammern\u201c weiterlesen","og_url":"https:\/\/wegwerfenwargestern.de\/index.php\/blog-2\/2014-2\/ein-vogelhaus-aus-waescheklammern\/","article_modified_time":"2018-09-22T16:40:15+00:00","og_image":[{"width":1012,"height":1023,"url":"https:\/\/wegwerfenwargestern.de\/wp-content\/uploads\/2018\/07\/3-Vogelhaus.jpg","type":"image\/jpeg"}],"twitter_card":"summary_large_image","twitter_misc":{"Gesch\u00e4tzte Lesezeit":"1\u00a0Minute"},"schema":{"@context":"https:\/\/schema.org","@graph":[{"@type":"WebPage","@id":"https:\/\/wegwerfenwargestern.de\/index.php\/blog-2\/2014-2\/ein-vogelhaus-aus-waescheklammern\/","url":"https:\/\/wegwerfenwargestern.de\/index.php\/blog-2\/2014-2\/ein-vogelhaus-aus-waescheklammern\/","name":"Ein Vogelhaus aus W\u00e4scheklammern -","isPartOf":{"@id":"https:\/\/wegwerfenwargestern.de\/#website"},"primaryImageOfPage":{"@id":"https:\/\/wegwerfenwargestern.de\/index.php\/blog-2\/2014-2\/ein-vogelhaus-aus-waescheklammern\/#primaryimage"},"image":{"@id":"https:\/\/wegwerfenwargestern.de\/index.php\/blog-2\/2014-2\/ein-vogelhaus-aus-waescheklammern\/#primaryimage"},"thumbnailUrl":"https:\/\/wegwerfenwargestern.de\/wp-content\/uploads\/2018\/07\/3-Vogelhaus.jpg","datePublished":"2018-09-22T11:30:16+00:00","dateModified":"2018-09-22T16:40:15+00:00","breadcrumb":{"@id":"https:\/\/wegwerfenwargestern.de\/index.php\/blog-2\/2014-2\/ein-vogelhaus-aus-waescheklammern\/#breadcrumb"},"inLanguage":"de","potentialAction":[{"@type":"ReadAction","target":["https:\/\/wegwerfenwargestern.de\/index.php\/blog-2\/2014-2\/ein-vogelhaus-aus-waescheklammern\/"]}]},{"@type":"ImageObject","inLanguage":"de","@id":"https:\/\/wegwerfenwargestern.de\/index.php\/blog-2\/2014-2\/ein-vogelhaus-aus-waescheklammern\/#primaryimage","url":"https:\/\/wegwerfenwargestern.de\/wp-content\/uploads\/2018\/07\/3-Vogelhaus.jpg","contentUrl":"https:\/\/wegwerfenwargestern.de\/wp-content\/uploads\/2018\/07\/3-Vogelhaus.jpg","width":1012,"height":1023},{"@type":"BreadcrumbList","@id":"https:\/\/wegwerfenwargestern.de\/index.php\/blog-2\/2014-2\/ein-vogelhaus-aus-waescheklammern\/#breadcrumb","itemListElement":[{"@type":"ListItem","position":1,"name":"Startseite","item":"https:\/\/wegwerfenwargestern.de\/"},{"@type":"ListItem","position":2,"name":"Blog","item":"https:\/\/wegwerfenwargestern.de\/index.php\/blog-2\/"},{"@type":"ListItem","position":3,"name":"2014","item":"https:\/\/wegwerfenwargestern.de\/index.php\/blog-2\/2014-2\/"},{"@type":"ListItem","position":4,"name":"Ein Vogelhaus aus W\u00e4scheklammern"}]},{"@type":"WebSite","@id":"https:\/\/wegwerfenwargestern.de\/#website","url":"https:\/\/wegwerfenwargestern.de\/","name":"Wegwerfen war gestern","description":"","publisher":{"@id":"https:\/\/wegwerfenwargestern.de\/#\/schema\/person\/b1afdd8bdf19d681d1c4e6ade0c90299"},"potentialAction":[{"@type":"SearchAction","target":{"@type":"EntryPoint","urlTemplate":"https:\/\/wegwerfenwargestern.de\/?s={search_term_string}"},"query-input":{"@type":"PropertyValueSpecification","valueRequired":true,"valueName":"search_term_string"}}],"inLanguage":"de"},{"@type":["Person","Organization"],"@id":"https:\/\/wegwerfenwargestern.de\/#\/schema\/person\/b1afdd8bdf19d681d1c4e6ade0c90299","name":"Elke Jacobs","image":{"@type":"ImageObject","inLanguage":"de","@id":"https:\/\/wegwerfenwargestern.de\/#\/schema\/person\/image\/","url":"https:\/\/wegwerfenwargestern.de\/wp-content\/uploads\/2017\/09\/Darkanium12345.jpg","contentUrl":"https:\/\/wegwerfenwargestern.de\/wp-content\/uploads\/2017\/09\/Darkanium12345.jpg","width":1956,"height":1100,"caption":"Elke Jacobs"},"logo":{"@id":"https:\/\/wegwerfenwargestern.de\/#\/schema\/person\/image\/"}}]}},"_links":{"self":[{"href":"https:\/\/wegwerfenwargestern.de\/index.php\/wp-json\/wp\/v2\/pages\/1657","targetHints":{"allow":["GET"]}}],"collection":[{"href":"https:\/\/wegwerfenwargestern.de\/index.php\/wp-json\/wp\/v2\/pages"}],"about":[{"href":"https:\/\/wegwerfenwargestern.de\/index.php\/wp-json\/wp\/v2\/types\/page"}],"author":[{"embeddable":true,"href":"https:\/\/wegwerfenwargestern.de\/index.php\/wp-json\/wp\/v2\/users\/2"}],"replies":[{"embeddable":true,"href":"https:\/\/wegwerfenwargestern.de\/index.php\/wp-json\/wp\/v2\/comments?post=1657"}],"version-history":[{"count":1,"href":"https:\/\/wegwerfenwargestern.de\/index.php\/wp-json\/wp\/v2\/pages\/1657\/revisions"}],"predecessor-version":[{"id":1658,"href":"https:\/\/wegwerfenwargestern.de\/index.php\/wp-json\/wp\/v2\/pages\/1657\/revisions\/1658"}],"up":[{"embeddable":true,"href":"https:\/\/wegwerfenwargestern.de\/index.php\/wp-json\/wp\/v2\/pages\/1795"}],"wp:attachment":[{"href":"https:\/\/wegwerfenwargestern.de\/index.php\/wp-json\/wp\/v2\/media?parent=1657"}],"curies":[{"name":"wp","href":"https:\/\/api.w.org\/{rel}","templated":true}]}}