{"id":1659,"date":"2018-09-22T13:39:46","date_gmt":"2018-09-22T11:39:46","guid":{"rendered":"https:\/\/wegwerfenwargestern.darkanium.de\/?page_id=1659"},"modified":"2018-09-22T19:36:38","modified_gmt":"2018-09-22T17:36:38","slug":"papier-roellchen-faerben-mit-eier-farben","status":"publish","type":"page","link":"https:\/\/wegwerfenwargestern.de\/index.php\/blog-2\/2015-2\/papier-roellchen-faerben-mit-eier-farben\/","title":{"rendered":"Papier R\u00f6llchen f\u00e4rben mit Eier Farben"},"content":{"rendered":"<p style=\"text-align: left;\">Hallo ihr Lieben<\/p>\n<p style=\"text-align: left;\">Die Papier R\u00f6llchen sollen ja auch Farbe bekommen,\u00a0 das habe ich zum Beispiel mit Farbe getan die zum Eier f\u00e4rben genutzt wird.Wie ich die Papier R\u00f6llchen gef\u00e4rbt habe\u00a0 m\u00f6chte ich hier Zeigen,\u00a0 \u00a0 f\u00e4rben mit Eierfarben funktioniert sehr gut und ja, Wasser und Papier das klappt auch. Ihr m\u00fcsst aber auf die Papier R\u00f6llchen aufpassen, sie d\u00fcrfen nicht zu lange in der Farbe liegen.Also dabei bleiben und bewegt die R\u00f6llchen etwas, das\u00a0 F\u00e4rben klappt sehr schnell.<\/p>\n<p><img loading=\"lazy\" decoding=\"async\" class=\"size-full wp-image-150 alignleft\" src=\"https:\/\/wegwerfenwargestern.de\/wp-content\/uploads\/2018\/04\/2...1...jpg\" alt=\"\" width=\"307\" height=\"229\" \/><\/p>\n<p>&nbsp;<\/p>\n<p style=\"text-align: left;\">Ich habe mir zum trocknen ein\u00a0 Backblech und ein\u00a0Gitterrost\u00a0von einem aussortierten K\u00fcchenherd organisiert.<br \/>\nDas ist ideal zum abtropfen der R\u00f6llchen und zum trocknen lassen.<\/p>\n<p>Ihr ben\u00f6tigt hei\u00dfes Wasser, Essig und nat\u00fcrlich die Eier Farben.<br \/>\nDiese Farben bekommt ihr nur in der Zeit vor Ostern,\u00a0das solltet ihr bedenken und euch mit der Farbe eindecken.<\/p>\n<p><img loading=\"lazy\" decoding=\"async\" class=\"size-full wp-image-151 alignleft\" src=\"https:\/\/wegwerfenwargestern.de\/wp-content\/uploads\/2018\/04\/3.....jpg\" alt=\"\" width=\"230\" height=\"306\" \/><\/p>\n<p>&nbsp;<\/p>\n<p>Und als Gef\u00e4\u00df f\u00fcr das F\u00e4rben habe ich mir einen Einteiler f\u00fcr die Besteck Schieblade organisiert.<\/p>\n<p>Der Einteiler sollte etwas l\u00e4nger sein, als es die Papier R\u00f6llchen sind damit sie sich gut da drin bewegen k\u00f6nnen.<\/p>\n<p>&nbsp;<\/p>\n<p>Diese Hilfsmittel habe ich nun in meinem Baste Zimmer, ich denke sie geh\u00f6ren nicht mehr in die K\u00fcche. Und sie sind auch weiter in Gebrauch. Nun w\u00fcnsche ich euch viel Spa\u00df beim nach basteln. Wie ich das genau gemacht habe k\u00f6nnt ihr euch in dem Video anschauen , das ich hier verlinkt habe.<\/p>\n<p><a href=\"https:\/\/www.youtube.com\/watch?v=W2HRAeOpAlU\">https:\/\/www.youtube.com\/watch?v=W2HRAeOpAlU<\/a><\/p>\n<p>Liebe Gr\u00fc\u00dfe<\/p>\n<p>Elke<\/p>\n<p>&nbsp;<\/p>\n","protected":false},"excerpt":{"rendered":"<p>Hallo ihr Lieben Die Papier R\u00f6llchen sollen ja auch Farbe bekommen,\u00a0 das habe ich zum Beispiel mit Farbe getan die zum Eier f\u00e4rben genutzt wird.Wie ich die Papier R\u00f6llchen gef\u00e4rbt habe\u00a0 m\u00f6chte ich hier Zeigen,\u00a0 \u00a0 f\u00e4rben mit Eierfarben funktioniert sehr gut und ja, Wasser und Papier das klappt auch. Ihr m\u00fcsst aber auf die &hellip; <\/p>\n<p class=\"link-more\"><a href=\"https:\/\/wegwerfenwargestern.de\/index.php\/blog-2\/2015-2\/papier-roellchen-faerben-mit-eier-farben\/\" class=\"more-link\"><span class=\"screen-reader-text\">\u201ePapier R\u00f6llchen f\u00e4rben mit Eier Farben\u201c <\/span>weiterlesen<\/a><\/p>\n","protected":false},"author":2,"featured_media":0,"parent":1798,"menu_order":0,"comment_status":"closed","ping_status":"closed","template":"","meta":{"footnotes":""},"class_list":["post-1659","page","type-page","status-publish","hentry"],"yoast_head":"<!-- This site is optimized with the Yoast SEO plugin v25.8 - https:\/\/yoast.com\/wordpress\/plugins\/seo\/ -->\n<title>Papier R\u00f6llchen f\u00e4rben mit Eier Farben -<\/title>\n<meta name=\"robots\" content=\"index, follow, max-snippet:-1, max-image-preview:large, max-video-preview:-1\" \/>\n<link rel=\"canonical\" href=\"https:\/\/wegwerfenwargestern.de\/index.php\/blog-2\/2015-2\/papier-roellchen-faerben-mit-eier-farben\/\" \/>\n<meta property=\"og:locale\" content=\"de_DE\" \/>\n<meta property=\"og:type\" content=\"article\" \/>\n<meta property=\"og:title\" content=\"Papier R\u00f6llchen f\u00e4rben mit Eier Farben -\" \/>\n<meta property=\"og:description\" content=\"Hallo ihr Lieben Die Papier R\u00f6llchen sollen ja auch Farbe bekommen,\u00a0 das habe ich zum Beispiel mit Farbe getan die zum Eier f\u00e4rben genutzt wird.Wie ich die Papier R\u00f6llchen gef\u00e4rbt habe\u00a0 m\u00f6chte ich hier Zeigen,\u00a0 \u00a0 f\u00e4rben mit Eierfarben funktioniert sehr gut und ja, Wasser und Papier das klappt auch. Ihr m\u00fcsst aber auf die &hellip; \u201ePapier R\u00f6llchen f\u00e4rben mit Eier Farben\u201c weiterlesen\" \/>\n<meta property=\"og:url\" content=\"https:\/\/wegwerfenwargestern.de\/index.php\/blog-2\/2015-2\/papier-roellchen-faerben-mit-eier-farben\/\" \/>\n<meta property=\"article:modified_time\" content=\"2018-09-22T17:36:38+00:00\" \/>\n<meta property=\"og:image\" content=\"https:\/\/wegwerfenwargestern.de\/wp-content\/uploads\/2018\/04\/2...1...jpg\" \/>\n\t<meta property=\"og:image:width\" content=\"307\" \/>\n\t<meta property=\"og:image:height\" content=\"229\" \/>\n\t<meta property=\"og:image:type\" content=\"image\/jpeg\" \/>\n<meta name=\"twitter:card\" content=\"summary_large_image\" \/>\n<meta name=\"twitter:label1\" content=\"Gesch\u00e4tzte Lesezeit\" \/>\n\t<meta name=\"twitter:data1\" content=\"1\u00a0Minute\" \/>\n<script type=\"application\/ld+json\" class=\"yoast-schema-graph\">{\"@context\":\"https:\/\/schema.org\",\"@graph\":[{\"@type\":\"WebPage\",\"@id\":\"https:\/\/wegwerfenwargestern.de\/index.php\/blog-2\/2015-2\/papier-roellchen-faerben-mit-eier-farben\/\",\"url\":\"https:\/\/wegwerfenwargestern.de\/index.php\/blog-2\/2015-2\/papier-roellchen-faerben-mit-eier-farben\/\",\"name\":\"Papier R\u00f6llchen f\u00e4rben mit Eier Farben -\",\"isPartOf\":{\"@id\":\"https:\/\/wegwerfenwargestern.de\/#website\"},\"primaryImageOfPage\":{\"@id\":\"https:\/\/wegwerfenwargestern.de\/index.php\/blog-2\/2015-2\/papier-roellchen-faerben-mit-eier-farben\/#primaryimage\"},\"image\":{\"@id\":\"https:\/\/wegwerfenwargestern.de\/index.php\/blog-2\/2015-2\/papier-roellchen-faerben-mit-eier-farben\/#primaryimage\"},\"thumbnailUrl\":\"https:\/\/wegwerfenwargestern.de\/wp-content\/uploads\/2018\/04\/2...1...jpg\",\"datePublished\":\"2018-09-22T11:39:46+00:00\",\"dateModified\":\"2018-09-22T17:36:38+00:00\",\"breadcrumb\":{\"@id\":\"https:\/\/wegwerfenwargestern.de\/index.php\/blog-2\/2015-2\/papier-roellchen-faerben-mit-eier-farben\/#breadcrumb\"},\"inLanguage\":\"de\",\"potentialAction\":[{\"@type\":\"ReadAction\",\"target\":[\"https:\/\/wegwerfenwargestern.de\/index.php\/blog-2\/2015-2\/papier-roellchen-faerben-mit-eier-farben\/\"]}]},{\"@type\":\"ImageObject\",\"inLanguage\":\"de\",\"@id\":\"https:\/\/wegwerfenwargestern.de\/index.php\/blog-2\/2015-2\/papier-roellchen-faerben-mit-eier-farben\/#primaryimage\",\"url\":\"https:\/\/wegwerfenwargestern.de\/wp-content\/uploads\/2018\/04\/2...1...jpg\",\"contentUrl\":\"https:\/\/wegwerfenwargestern.de\/wp-content\/uploads\/2018\/04\/2...1...jpg\",\"width\":307,\"height\":229},{\"@type\":\"BreadcrumbList\",\"@id\":\"https:\/\/wegwerfenwargestern.de\/index.php\/blog-2\/2015-2\/papier-roellchen-faerben-mit-eier-farben\/#breadcrumb\",\"itemListElement\":[{\"@type\":\"ListItem\",\"position\":1,\"name\":\"Startseite\",\"item\":\"https:\/\/wegwerfenwargestern.de\/\"},{\"@type\":\"ListItem\",\"position\":2,\"name\":\"Blog\",\"item\":\"https:\/\/wegwerfenwargestern.de\/index.php\/blog-2\/\"},{\"@type\":\"ListItem\",\"position\":3,\"name\":\"2015\",\"item\":\"https:\/\/wegwerfenwargestern.de\/index.php\/blog-2\/2015-2\/\"},{\"@type\":\"ListItem\",\"position\":4,\"name\":\"Papier R\u00f6llchen f\u00e4rben mit Eier Farben\"}]},{\"@type\":\"WebSite\",\"@id\":\"https:\/\/wegwerfenwargestern.de\/#website\",\"url\":\"https:\/\/wegwerfenwargestern.de\/\",\"name\":\"Wegwerfen war gestern\",\"description\":\"\",\"publisher\":{\"@id\":\"https:\/\/wegwerfenwargestern.de\/#\/schema\/person\/b1afdd8bdf19d681d1c4e6ade0c90299\"},\"potentialAction\":[{\"@type\":\"SearchAction\",\"target\":{\"@type\":\"EntryPoint\",\"urlTemplate\":\"https:\/\/wegwerfenwargestern.de\/?s={search_term_string}\"},\"query-input\":{\"@type\":\"PropertyValueSpecification\",\"valueRequired\":true,\"valueName\":\"search_term_string\"}}],\"inLanguage\":\"de\"},{\"@type\":[\"Person\",\"Organization\"],\"@id\":\"https:\/\/wegwerfenwargestern.de\/#\/schema\/person\/b1afdd8bdf19d681d1c4e6ade0c90299\",\"name\":\"Elke Jacobs\",\"image\":{\"@type\":\"ImageObject\",\"inLanguage\":\"de\",\"@id\":\"https:\/\/wegwerfenwargestern.de\/#\/schema\/person\/image\/\",\"url\":\"https:\/\/wegwerfenwargestern.de\/wp-content\/uploads\/2017\/09\/Darkanium12345.jpg\",\"contentUrl\":\"https:\/\/wegwerfenwargestern.de\/wp-content\/uploads\/2017\/09\/Darkanium12345.jpg\",\"width\":1956,\"height\":1100,\"caption\":\"Elke Jacobs\"},\"logo\":{\"@id\":\"https:\/\/wegwerfenwargestern.de\/#\/schema\/person\/image\/\"}}]}<\/script>\n<!-- \/ Yoast SEO plugin. -->","yoast_head_json":{"title":"Papier R\u00f6llchen f\u00e4rben mit Eier Farben -","robots":{"index":"index","follow":"follow","max-snippet":"max-snippet:-1","max-image-preview":"max-image-preview:large","max-video-preview":"max-video-preview:-1"},"canonical":"https:\/\/wegwerfenwargestern.de\/index.php\/blog-2\/2015-2\/papier-roellchen-faerben-mit-eier-farben\/","og_locale":"de_DE","og_type":"article","og_title":"Papier R\u00f6llchen f\u00e4rben mit Eier Farben -","og_description":"Hallo ihr Lieben Die Papier R\u00f6llchen sollen ja auch Farbe bekommen,\u00a0 das habe ich zum Beispiel mit Farbe getan die zum Eier f\u00e4rben genutzt wird.Wie ich die Papier R\u00f6llchen gef\u00e4rbt habe\u00a0 m\u00f6chte ich hier Zeigen,\u00a0 \u00a0 f\u00e4rben mit Eierfarben funktioniert sehr gut und ja, Wasser und Papier das klappt auch. Ihr m\u00fcsst aber auf die &hellip; \u201ePapier R\u00f6llchen f\u00e4rben mit Eier Farben\u201c weiterlesen","og_url":"https:\/\/wegwerfenwargestern.de\/index.php\/blog-2\/2015-2\/papier-roellchen-faerben-mit-eier-farben\/","article_modified_time":"2018-09-22T17:36:38+00:00","og_image":[{"width":307,"height":229,"url":"https:\/\/wegwerfenwargestern.de\/wp-content\/uploads\/2018\/04\/2...1...jpg","type":"image\/jpeg"}],"twitter_card":"summary_large_image","twitter_misc":{"Gesch\u00e4tzte Lesezeit":"1\u00a0Minute"},"schema":{"@context":"https:\/\/schema.org","@graph":[{"@type":"WebPage","@id":"https:\/\/wegwerfenwargestern.de\/index.php\/blog-2\/2015-2\/papier-roellchen-faerben-mit-eier-farben\/","url":"https:\/\/wegwerfenwargestern.de\/index.php\/blog-2\/2015-2\/papier-roellchen-faerben-mit-eier-farben\/","name":"Papier R\u00f6llchen f\u00e4rben mit Eier Farben -","isPartOf":{"@id":"https:\/\/wegwerfenwargestern.de\/#website"},"primaryImageOfPage":{"@id":"https:\/\/wegwerfenwargestern.de\/index.php\/blog-2\/2015-2\/papier-roellchen-faerben-mit-eier-farben\/#primaryimage"},"image":{"@id":"https:\/\/wegwerfenwargestern.de\/index.php\/blog-2\/2015-2\/papier-roellchen-faerben-mit-eier-farben\/#primaryimage"},"thumbnailUrl":"https:\/\/wegwerfenwargestern.de\/wp-content\/uploads\/2018\/04\/2...1...jpg","datePublished":"2018-09-22T11:39:46+00:00","dateModified":"2018-09-22T17:36:38+00:00","breadcrumb":{"@id":"https:\/\/wegwerfenwargestern.de\/index.php\/blog-2\/2015-2\/papier-roellchen-faerben-mit-eier-farben\/#breadcrumb"},"inLanguage":"de","potentialAction":[{"@type":"ReadAction","target":["https:\/\/wegwerfenwargestern.de\/index.php\/blog-2\/2015-2\/papier-roellchen-faerben-mit-eier-farben\/"]}]},{"@type":"ImageObject","inLanguage":"de","@id":"https:\/\/wegwerfenwargestern.de\/index.php\/blog-2\/2015-2\/papier-roellchen-faerben-mit-eier-farben\/#primaryimage","url":"https:\/\/wegwerfenwargestern.de\/wp-content\/uploads\/2018\/04\/2...1...jpg","contentUrl":"https:\/\/wegwerfenwargestern.de\/wp-content\/uploads\/2018\/04\/2...1...jpg","width":307,"height":229},{"@type":"BreadcrumbList","@id":"https:\/\/wegwerfenwargestern.de\/index.php\/blog-2\/2015-2\/papier-roellchen-faerben-mit-eier-farben\/#breadcrumb","itemListElement":[{"@type":"ListItem","position":1,"name":"Startseite","item":"https:\/\/wegwerfenwargestern.de\/"},{"@type":"ListItem","position":2,"name":"Blog","item":"https:\/\/wegwerfenwargestern.de\/index.php\/blog-2\/"},{"@type":"ListItem","position":3,"name":"2015","item":"https:\/\/wegwerfenwargestern.de\/index.php\/blog-2\/2015-2\/"},{"@type":"ListItem","position":4,"name":"Papier R\u00f6llchen f\u00e4rben mit Eier Farben"}]},{"@type":"WebSite","@id":"https:\/\/wegwerfenwargestern.de\/#website","url":"https:\/\/wegwerfenwargestern.de\/","name":"Wegwerfen war gestern","description":"","publisher":{"@id":"https:\/\/wegwerfenwargestern.de\/#\/schema\/person\/b1afdd8bdf19d681d1c4e6ade0c90299"},"potentialAction":[{"@type":"SearchAction","target":{"@type":"EntryPoint","urlTemplate":"https:\/\/wegwerfenwargestern.de\/?s={search_term_string}"},"query-input":{"@type":"PropertyValueSpecification","valueRequired":true,"valueName":"search_term_string"}}],"inLanguage":"de"},{"@type":["Person","Organization"],"@id":"https:\/\/wegwerfenwargestern.de\/#\/schema\/person\/b1afdd8bdf19d681d1c4e6ade0c90299","name":"Elke Jacobs","image":{"@type":"ImageObject","inLanguage":"de","@id":"https:\/\/wegwerfenwargestern.de\/#\/schema\/person\/image\/","url":"https:\/\/wegwerfenwargestern.de\/wp-content\/uploads\/2017\/09\/Darkanium12345.jpg","contentUrl":"https:\/\/wegwerfenwargestern.de\/wp-content\/uploads\/2017\/09\/Darkanium12345.jpg","width":1956,"height":1100,"caption":"Elke Jacobs"},"logo":{"@id":"https:\/\/wegwerfenwargestern.de\/#\/schema\/person\/image\/"}}]}},"_links":{"self":[{"href":"https:\/\/wegwerfenwargestern.de\/index.php\/wp-json\/wp\/v2\/pages\/1659","targetHints":{"allow":["GET"]}}],"collection":[{"href":"https:\/\/wegwerfenwargestern.de\/index.php\/wp-json\/wp\/v2\/pages"}],"about":[{"href":"https:\/\/wegwerfenwargestern.de\/index.php\/wp-json\/wp\/v2\/types\/page"}],"author":[{"embeddable":true,"href":"https:\/\/wegwerfenwargestern.de\/index.php\/wp-json\/wp\/v2\/users\/2"}],"replies":[{"embeddable":true,"href":"https:\/\/wegwerfenwargestern.de\/index.php\/wp-json\/wp\/v2\/comments?post=1659"}],"version-history":[{"count":1,"href":"https:\/\/wegwerfenwargestern.de\/index.php\/wp-json\/wp\/v2\/pages\/1659\/revisions"}],"predecessor-version":[{"id":1660,"href":"https:\/\/wegwerfenwargestern.de\/index.php\/wp-json\/wp\/v2\/pages\/1659\/revisions\/1660"}],"up":[{"embeddable":true,"href":"https:\/\/wegwerfenwargestern.de\/index.php\/wp-json\/wp\/v2\/pages\/1798"}],"wp:attachment":[{"href":"https:\/\/wegwerfenwargestern.de\/index.php\/wp-json\/wp\/v2\/media?parent=1659"}],"curies":[{"name":"wp","href":"https:\/\/api.w.org\/{rel}","templated":true}]}}