{"id":1663,"date":"2018-09-22T13:48:23","date_gmt":"2018-09-22T11:48:23","guid":{"rendered":"https:\/\/wegwerfenwargestern.darkanium.de\/?page_id=1663"},"modified":"2018-09-22T20:36:44","modified_gmt":"2018-09-22T18:36:44","slug":"kuechenwaage-aus-der-zeit-von-oma","status":"publish","type":"page","link":"https:\/\/wegwerfenwargestern.de\/index.php\/blog-2\/2014-2\/kuechenwaage-aus-der-zeit-von-oma\/","title":{"rendered":"K\u00fcchenwaage aus der Zeit von Oma"},"content":{"rendered":"<p><em><strong>Hallo ihr lieben&#8230;.<\/strong><\/em><\/p>\n<p>Es war schon lustig wie mein Vater kam und sagte ich hab was f\u00fcr dich und sagte: ,,Damit kannst du sowieso nicht um&#8220; ( typisch mein Vater ).\u00a0 Er gab mir eine Soehnle K\u00fcchenwaage und ich musste lachen.\u00a0 Dann habe ich ihm gesagt: ,, Schau das ist meine Krups ich benutze\u00a0<span style=\"font-size: 1rem;\">sie schon\u00a0 viele Jahre.\u00a0 Aber sie ist nicht mehr sch\u00f6n, \u00fcberall war die Farbe defekt und sie rostet auch&#8230;.<\/span><\/p>\n<p><img loading=\"lazy\" decoding=\"async\" class=\"size-medium wp-image-1035 alignleft\" src=\"https:\/\/wegwerfenwargestern.de\/wp-content\/uploads\/2018\/09\/DSC_0041-300x169.jpg\" alt=\"\" width=\"300\" height=\"169\" srcset=\"https:\/\/wegwerfenwargestern.de\/wp-content\/uploads\/2018\/09\/DSC_0041-300x169.jpg 300w, https:\/\/wegwerfenwargestern.de\/wp-content\/uploads\/2018\/09\/DSC_0041-768x432.jpg 768w, https:\/\/wegwerfenwargestern.de\/wp-content\/uploads\/2018\/09\/DSC_0041-1024x576.jpg 1024w\" sizes=\"auto, (max-width: 300px) 100vw, 300px\" \/>Aber was kann ich machen, neu lackieren? Ich glaube das ist keine gute L\u00f6sung und wirkt wie Flickwerk.\u00a0 \u00a0 \u00a0 \u00a0 \u00a0 \u00a0 \u00a0 \u00a0 \u00a0 \u00a0 \u00a0 \u00a0 \u00a0 \u00a0 \u00a0 \u00a0 \u00a0 \u00a0 \u00a0 \u00a0 \u00a0 \u00a0 \u00a0 \u00a0 \u00a0 \u00a0 \u00a0 Das ist wirklich schwierig, ich m\u00f6chte sie eigentlich gerne weiter nutzen&#8230;.<\/p>\n<p>Und dann kam mir die Idee, ich bring sie zum Sandstrahle, ob man die auch Pulverbeschichten kann? Als ich dort ankam und die Waage zeigte war das Sandstrahlen kein Problem&#8230;<\/p>\n<p>Aber als ich fragte ob man die auch Pulver beschichten k\u00f6nnte kamen gro\u00dfe Bedenken, allem voran das sie nicht mehr genau wiegen w\u00fcrde.\u00a0 Und wenn ich das wollte, dann nur auf eigenes Risiko.\u00a0 Und ich habe dann gesagt macht ihr mal und wenn es schief geht ist das mein Problem&#8230;.<\/p>\n<p><img loading=\"lazy\" decoding=\"async\" class=\"size-medium wp-image-1036 alignleft\" src=\"https:\/\/wegwerfenwargestern.de\/wp-content\/uploads\/2018\/09\/DSC_0010-300x169.jpg\" alt=\"\" width=\"300\" height=\"169\" srcset=\"https:\/\/wegwerfenwargestern.de\/wp-content\/uploads\/2018\/09\/DSC_0010-300x169.jpg 300w, https:\/\/wegwerfenwargestern.de\/wp-content\/uploads\/2018\/09\/DSC_0010-768x432.jpg 768w, https:\/\/wegwerfenwargestern.de\/wp-content\/uploads\/2018\/09\/DSC_0010-1024x576.jpg 1024w\" sizes=\"auto, (max-width: 300px) 100vw, 300px\" \/><span style=\"font-size: 1rem;\">Sie ist komplett Sand gestrahlt und Pulver beschichtet.\u00a0 \u00a0Sie schaut wieder richtig gut aus, fast wie neu.\u00a0 \u00a0 \u00a0 \u00a0 \u00a0 \u00a0 \u00a0 \u00a0 \u00a0 \u00a0 \u00a0 \u00a0 \u00a0 \u00a0 \u00a0 \u00a0 \u00a0 \u00a0 \u00a0 \u00a0 \u00a0 \u00a0 \u00a0 \u00a0 \u00a0 \u00a0 \u00a0 \u00a0 \u00a0 \u00a0 \u00a0 \u00a0 \u00a0 \u00a0 \u00a0 \u00a0Und was soll ich sagen , das Gewicht stimmt auch auf das Gramm genau.<\/span><\/p>\n<p>Ich bin so froh das ich das gemacht habe und die Waage von meinem Vater habe ich auch behalten. Solltet ihr auch so eine K\u00fcchenwaage haben, dann geht mit ihr doch auch mal zum Pulverbeschichten, f\u00fcr mich hat sich das bezahlt gemacht. Diese Waage gebe ich mit Sicherheit nie wieder her&#8230;.\u00a0 \u00a0 \u00a0 \u00a0 \u00a0 \u00a0 \u00a0 \u00a0 Vielen Dank an die Firma Pulver Lack Matzen.<\/p>\n<p>Liebe Gr\u00fc\u00dfe<\/p>\n<p>Elke<\/p>\n","protected":false},"excerpt":{"rendered":"<p>Hallo ihr lieben&#8230;. Es war schon lustig wie mein Vater kam und sagte ich hab was f\u00fcr dich und sagte: ,,Damit kannst du sowieso nicht um&#8220; ( typisch mein Vater ).\u00a0 Er gab mir eine Soehnle K\u00fcchenwaage und ich musste lachen.\u00a0 Dann habe ich ihm gesagt: ,, Schau das ist meine Krups ich benutze\u00a0sie schon\u00a0 &hellip; <\/p>\n<p class=\"link-more\"><a href=\"https:\/\/wegwerfenwargestern.de\/index.php\/blog-2\/2014-2\/kuechenwaage-aus-der-zeit-von-oma\/\" class=\"more-link\"><span class=\"screen-reader-text\">\u201eK\u00fcchenwaage aus der Zeit von Oma\u201c <\/span>weiterlesen<\/a><\/p>\n","protected":false},"author":2,"featured_media":0,"parent":1795,"menu_order":0,"comment_status":"closed","ping_status":"closed","template":"","meta":{"footnotes":""},"class_list":["post-1663","page","type-page","status-publish","hentry"],"yoast_head":"<!-- This site is optimized with the Yoast SEO plugin v25.8 - https:\/\/yoast.com\/wordpress\/plugins\/seo\/ -->\n<title>K\u00fcchenwaage aus der Zeit von Oma -<\/title>\n<meta name=\"robots\" content=\"index, follow, max-snippet:-1, max-image-preview:large, max-video-preview:-1\" \/>\n<link rel=\"canonical\" href=\"https:\/\/wegwerfenwargestern.de\/index.php\/blog-2\/2014-2\/kuechenwaage-aus-der-zeit-von-oma\/\" \/>\n<meta property=\"og:locale\" content=\"de_DE\" \/>\n<meta property=\"og:type\" content=\"article\" \/>\n<meta property=\"og:title\" content=\"K\u00fcchenwaage aus der Zeit von Oma -\" \/>\n<meta property=\"og:description\" content=\"Hallo ihr lieben&#8230;. Es war schon lustig wie mein Vater kam und sagte ich hab was f\u00fcr dich und sagte: ,,Damit kannst du sowieso nicht um&#8220; ( typisch mein Vater ).\u00a0 Er gab mir eine Soehnle K\u00fcchenwaage und ich musste lachen.\u00a0 Dann habe ich ihm gesagt: ,, Schau das ist meine Krups ich benutze\u00a0sie schon\u00a0 &hellip; \u201eK\u00fcchenwaage aus der Zeit von Oma\u201c weiterlesen\" \/>\n<meta property=\"og:url\" content=\"https:\/\/wegwerfenwargestern.de\/index.php\/blog-2\/2014-2\/kuechenwaage-aus-der-zeit-von-oma\/\" \/>\n<meta property=\"article:modified_time\" content=\"2018-09-22T18:36:44+00:00\" \/>\n<meta property=\"og:image\" content=\"https:\/\/wegwerfenwargestern.de\/wp-content\/uploads\/2018\/09\/DSC_0041.jpg\" \/>\n\t<meta property=\"og:image:width\" content=\"3264\" \/>\n\t<meta property=\"og:image:height\" content=\"1836\" \/>\n\t<meta property=\"og:image:type\" content=\"image\/jpeg\" \/>\n<meta name=\"twitter:card\" content=\"summary_large_image\" \/>\n<meta name=\"twitter:label1\" content=\"Gesch\u00e4tzte Lesezeit\" \/>\n\t<meta name=\"twitter:data1\" content=\"1\u00a0Minute\" \/>\n<script type=\"application\/ld+json\" class=\"yoast-schema-graph\">{\"@context\":\"https:\/\/schema.org\",\"@graph\":[{\"@type\":\"WebPage\",\"@id\":\"https:\/\/wegwerfenwargestern.de\/index.php\/blog-2\/2014-2\/kuechenwaage-aus-der-zeit-von-oma\/\",\"url\":\"https:\/\/wegwerfenwargestern.de\/index.php\/blog-2\/2014-2\/kuechenwaage-aus-der-zeit-von-oma\/\",\"name\":\"K\u00fcchenwaage aus der Zeit von Oma -\",\"isPartOf\":{\"@id\":\"https:\/\/wegwerfenwargestern.de\/#website\"},\"primaryImageOfPage\":{\"@id\":\"https:\/\/wegwerfenwargestern.de\/index.php\/blog-2\/2014-2\/kuechenwaage-aus-der-zeit-von-oma\/#primaryimage\"},\"image\":{\"@id\":\"https:\/\/wegwerfenwargestern.de\/index.php\/blog-2\/2014-2\/kuechenwaage-aus-der-zeit-von-oma\/#primaryimage\"},\"thumbnailUrl\":\"https:\/\/wegwerfenwargestern.de\/wp-content\/uploads\/2018\/09\/DSC_0041-300x169.jpg\",\"datePublished\":\"2018-09-22T11:48:23+00:00\",\"dateModified\":\"2018-09-22T18:36:44+00:00\",\"breadcrumb\":{\"@id\":\"https:\/\/wegwerfenwargestern.de\/index.php\/blog-2\/2014-2\/kuechenwaage-aus-der-zeit-von-oma\/#breadcrumb\"},\"inLanguage\":\"de\",\"potentialAction\":[{\"@type\":\"ReadAction\",\"target\":[\"https:\/\/wegwerfenwargestern.de\/index.php\/blog-2\/2014-2\/kuechenwaage-aus-der-zeit-von-oma\/\"]}]},{\"@type\":\"ImageObject\",\"inLanguage\":\"de\",\"@id\":\"https:\/\/wegwerfenwargestern.de\/index.php\/blog-2\/2014-2\/kuechenwaage-aus-der-zeit-von-oma\/#primaryimage\",\"url\":\"https:\/\/wegwerfenwargestern.de\/wp-content\/uploads\/2018\/09\/DSC_0041.jpg\",\"contentUrl\":\"https:\/\/wegwerfenwargestern.de\/wp-content\/uploads\/2018\/09\/DSC_0041.jpg\",\"width\":3264,\"height\":1836},{\"@type\":\"BreadcrumbList\",\"@id\":\"https:\/\/wegwerfenwargestern.de\/index.php\/blog-2\/2014-2\/kuechenwaage-aus-der-zeit-von-oma\/#breadcrumb\",\"itemListElement\":[{\"@type\":\"ListItem\",\"position\":1,\"name\":\"Startseite\",\"item\":\"https:\/\/wegwerfenwargestern.de\/\"},{\"@type\":\"ListItem\",\"position\":2,\"name\":\"Blog\",\"item\":\"https:\/\/wegwerfenwargestern.de\/index.php\/blog-2\/\"},{\"@type\":\"ListItem\",\"position\":3,\"name\":\"2014\",\"item\":\"https:\/\/wegwerfenwargestern.de\/index.php\/blog-2\/2014-2\/\"},{\"@type\":\"ListItem\",\"position\":4,\"name\":\"K\u00fcchenwaage aus der Zeit von Oma\"}]},{\"@type\":\"WebSite\",\"@id\":\"https:\/\/wegwerfenwargestern.de\/#website\",\"url\":\"https:\/\/wegwerfenwargestern.de\/\",\"name\":\"Wegwerfen war gestern\",\"description\":\"\",\"publisher\":{\"@id\":\"https:\/\/wegwerfenwargestern.de\/#\/schema\/person\/b1afdd8bdf19d681d1c4e6ade0c90299\"},\"potentialAction\":[{\"@type\":\"SearchAction\",\"target\":{\"@type\":\"EntryPoint\",\"urlTemplate\":\"https:\/\/wegwerfenwargestern.de\/?s={search_term_string}\"},\"query-input\":{\"@type\":\"PropertyValueSpecification\",\"valueRequired\":true,\"valueName\":\"search_term_string\"}}],\"inLanguage\":\"de\"},{\"@type\":[\"Person\",\"Organization\"],\"@id\":\"https:\/\/wegwerfenwargestern.de\/#\/schema\/person\/b1afdd8bdf19d681d1c4e6ade0c90299\",\"name\":\"Elke Jacobs\",\"image\":{\"@type\":\"ImageObject\",\"inLanguage\":\"de\",\"@id\":\"https:\/\/wegwerfenwargestern.de\/#\/schema\/person\/image\/\",\"url\":\"https:\/\/wegwerfenwargestern.de\/wp-content\/uploads\/2017\/09\/Darkanium12345.jpg\",\"contentUrl\":\"https:\/\/wegwerfenwargestern.de\/wp-content\/uploads\/2017\/09\/Darkanium12345.jpg\",\"width\":1956,\"height\":1100,\"caption\":\"Elke Jacobs\"},\"logo\":{\"@id\":\"https:\/\/wegwerfenwargestern.de\/#\/schema\/person\/image\/\"}}]}<\/script>\n<!-- \/ Yoast SEO plugin. -->","yoast_head_json":{"title":"K\u00fcchenwaage aus der Zeit von Oma -","robots":{"index":"index","follow":"follow","max-snippet":"max-snippet:-1","max-image-preview":"max-image-preview:large","max-video-preview":"max-video-preview:-1"},"canonical":"https:\/\/wegwerfenwargestern.de\/index.php\/blog-2\/2014-2\/kuechenwaage-aus-der-zeit-von-oma\/","og_locale":"de_DE","og_type":"article","og_title":"K\u00fcchenwaage aus der Zeit von Oma -","og_description":"Hallo ihr lieben&#8230;. Es war schon lustig wie mein Vater kam und sagte ich hab was f\u00fcr dich und sagte: ,,Damit kannst du sowieso nicht um&#8220; ( typisch mein Vater ).\u00a0 Er gab mir eine Soehnle K\u00fcchenwaage und ich musste lachen.\u00a0 Dann habe ich ihm gesagt: ,, Schau das ist meine Krups ich benutze\u00a0sie schon\u00a0 &hellip; \u201eK\u00fcchenwaage aus der Zeit von Oma\u201c weiterlesen","og_url":"https:\/\/wegwerfenwargestern.de\/index.php\/blog-2\/2014-2\/kuechenwaage-aus-der-zeit-von-oma\/","article_modified_time":"2018-09-22T18:36:44+00:00","og_image":[{"width":3264,"height":1836,"url":"https:\/\/wegwerfenwargestern.de\/wp-content\/uploads\/2018\/09\/DSC_0041.jpg","type":"image\/jpeg"}],"twitter_card":"summary_large_image","twitter_misc":{"Gesch\u00e4tzte Lesezeit":"1\u00a0Minute"},"schema":{"@context":"https:\/\/schema.org","@graph":[{"@type":"WebPage","@id":"https:\/\/wegwerfenwargestern.de\/index.php\/blog-2\/2014-2\/kuechenwaage-aus-der-zeit-von-oma\/","url":"https:\/\/wegwerfenwargestern.de\/index.php\/blog-2\/2014-2\/kuechenwaage-aus-der-zeit-von-oma\/","name":"K\u00fcchenwaage aus der Zeit von Oma -","isPartOf":{"@id":"https:\/\/wegwerfenwargestern.de\/#website"},"primaryImageOfPage":{"@id":"https:\/\/wegwerfenwargestern.de\/index.php\/blog-2\/2014-2\/kuechenwaage-aus-der-zeit-von-oma\/#primaryimage"},"image":{"@id":"https:\/\/wegwerfenwargestern.de\/index.php\/blog-2\/2014-2\/kuechenwaage-aus-der-zeit-von-oma\/#primaryimage"},"thumbnailUrl":"https:\/\/wegwerfenwargestern.de\/wp-content\/uploads\/2018\/09\/DSC_0041-300x169.jpg","datePublished":"2018-09-22T11:48:23+00:00","dateModified":"2018-09-22T18:36:44+00:00","breadcrumb":{"@id":"https:\/\/wegwerfenwargestern.de\/index.php\/blog-2\/2014-2\/kuechenwaage-aus-der-zeit-von-oma\/#breadcrumb"},"inLanguage":"de","potentialAction":[{"@type":"ReadAction","target":["https:\/\/wegwerfenwargestern.de\/index.php\/blog-2\/2014-2\/kuechenwaage-aus-der-zeit-von-oma\/"]}]},{"@type":"ImageObject","inLanguage":"de","@id":"https:\/\/wegwerfenwargestern.de\/index.php\/blog-2\/2014-2\/kuechenwaage-aus-der-zeit-von-oma\/#primaryimage","url":"https:\/\/wegwerfenwargestern.de\/wp-content\/uploads\/2018\/09\/DSC_0041.jpg","contentUrl":"https:\/\/wegwerfenwargestern.de\/wp-content\/uploads\/2018\/09\/DSC_0041.jpg","width":3264,"height":1836},{"@type":"BreadcrumbList","@id":"https:\/\/wegwerfenwargestern.de\/index.php\/blog-2\/2014-2\/kuechenwaage-aus-der-zeit-von-oma\/#breadcrumb","itemListElement":[{"@type":"ListItem","position":1,"name":"Startseite","item":"https:\/\/wegwerfenwargestern.de\/"},{"@type":"ListItem","position":2,"name":"Blog","item":"https:\/\/wegwerfenwargestern.de\/index.php\/blog-2\/"},{"@type":"ListItem","position":3,"name":"2014","item":"https:\/\/wegwerfenwargestern.de\/index.php\/blog-2\/2014-2\/"},{"@type":"ListItem","position":4,"name":"K\u00fcchenwaage aus der Zeit von Oma"}]},{"@type":"WebSite","@id":"https:\/\/wegwerfenwargestern.de\/#website","url":"https:\/\/wegwerfenwargestern.de\/","name":"Wegwerfen war gestern","description":"","publisher":{"@id":"https:\/\/wegwerfenwargestern.de\/#\/schema\/person\/b1afdd8bdf19d681d1c4e6ade0c90299"},"potentialAction":[{"@type":"SearchAction","target":{"@type":"EntryPoint","urlTemplate":"https:\/\/wegwerfenwargestern.de\/?s={search_term_string}"},"query-input":{"@type":"PropertyValueSpecification","valueRequired":true,"valueName":"search_term_string"}}],"inLanguage":"de"},{"@type":["Person","Organization"],"@id":"https:\/\/wegwerfenwargestern.de\/#\/schema\/person\/b1afdd8bdf19d681d1c4e6ade0c90299","name":"Elke Jacobs","image":{"@type":"ImageObject","inLanguage":"de","@id":"https:\/\/wegwerfenwargestern.de\/#\/schema\/person\/image\/","url":"https:\/\/wegwerfenwargestern.de\/wp-content\/uploads\/2017\/09\/Darkanium12345.jpg","contentUrl":"https:\/\/wegwerfenwargestern.de\/wp-content\/uploads\/2017\/09\/Darkanium12345.jpg","width":1956,"height":1100,"caption":"Elke Jacobs"},"logo":{"@id":"https:\/\/wegwerfenwargestern.de\/#\/schema\/person\/image\/"}}]}},"_links":{"self":[{"href":"https:\/\/wegwerfenwargestern.de\/index.php\/wp-json\/wp\/v2\/pages\/1663","targetHints":{"allow":["GET"]}}],"collection":[{"href":"https:\/\/wegwerfenwargestern.de\/index.php\/wp-json\/wp\/v2\/pages"}],"about":[{"href":"https:\/\/wegwerfenwargestern.de\/index.php\/wp-json\/wp\/v2\/types\/page"}],"author":[{"embeddable":true,"href":"https:\/\/wegwerfenwargestern.de\/index.php\/wp-json\/wp\/v2\/users\/2"}],"replies":[{"embeddable":true,"href":"https:\/\/wegwerfenwargestern.de\/index.php\/wp-json\/wp\/v2\/comments?post=1663"}],"version-history":[{"count":1,"href":"https:\/\/wegwerfenwargestern.de\/index.php\/wp-json\/wp\/v2\/pages\/1663\/revisions"}],"predecessor-version":[{"id":1664,"href":"https:\/\/wegwerfenwargestern.de\/index.php\/wp-json\/wp\/v2\/pages\/1663\/revisions\/1664"}],"up":[{"embeddable":true,"href":"https:\/\/wegwerfenwargestern.de\/index.php\/wp-json\/wp\/v2\/pages\/1795"}],"wp:attachment":[{"href":"https:\/\/wegwerfenwargestern.de\/index.php\/wp-json\/wp\/v2\/media?parent=1663"}],"curies":[{"name":"wp","href":"https:\/\/api.w.org\/{rel}","templated":true}]}}