{"id":2084,"date":"2018-09-24T09:45:01","date_gmt":"2018-09-24T07:45:01","guid":{"rendered":"https:\/\/wegwerfenwargestern.darkanium.de\/?page_id=2084"},"modified":"2018-09-24T09:45:01","modified_gmt":"2018-09-24T07:45:01","slug":"eine-geschenk-tuete","status":"publish","type":"page","link":"https:\/\/wegwerfenwargestern.de\/index.php\/blog-2\/2018-2\/eine-geschenk-tuete\/","title":{"rendered":"Eine Geschenk T\u00fcte"},"content":{"rendered":"<p>Hallo ihr lieben\u2026<\/p>\n<p>Nun kann ich endlich das Geschenk fertig machen und nach liefern und damit den Gutschein einl\u00f6sen.\u00a0 Als Geschenk hatte ich einige S\u00e4mereien bestellt gehabt und es dauerte lange bis sie hier ankamen. Also brauchte ich daf\u00fcr auch noch eine Verpackung und zwar diese\u2026.<\/p>\n<p><img loading=\"lazy\" decoding=\"async\" class=\"alignnone size-full wp-image-766\" src=\"https:\/\/wegwerfenwargestern.de\/wp-content\/uploads\/2018\/07\/P1080961..1...jpg\" alt=\"\" width=\"871\" height=\"824\" \/><\/p>\n<p>Nun konnten alle S\u00e4mereien in die Verpackung und waren damit auch passend verpackt. Wie ich diese Geschenk T\u00fcte gebastelt habe k\u00f6nnt ihr in diesem Video sehen\u2026<\/p>\n<p><a href=\"https:\/\/www.youtube.com\/watch?v=g7CMKHGibig\">https:\/\/www.youtube.com\/watch?v=g7CMKHGibig<\/a><\/p>\n<p>Nun w\u00fcnsche ich viel Spa\u00df beim nachbasteln\u2026<\/p>\n<p>Liebe Gr\u00fc\u00dfe<\/p>\n<p>Elke<\/p>\n<p>&nbsp;<\/p>\n","protected":false},"excerpt":{"rendered":"<p>Hallo ihr lieben\u2026 Nun kann ich endlich das Geschenk fertig machen und nach liefern und damit den Gutschein einl\u00f6sen.\u00a0 Als Geschenk hatte ich einige S\u00e4mereien bestellt gehabt und es dauerte lange bis sie hier ankamen. Also brauchte ich daf\u00fcr auch noch eine Verpackung und zwar diese\u2026. Nun konnten alle S\u00e4mereien in die Verpackung und waren &hellip; <\/p>\n<p class=\"link-more\"><a href=\"https:\/\/wegwerfenwargestern.de\/index.php\/blog-2\/2018-2\/eine-geschenk-tuete\/\" class=\"more-link\"><span class=\"screen-reader-text\">\u201eEine Geschenk T\u00fcte\u201c <\/span>weiterlesen<\/a><\/p>\n","protected":false},"author":2,"featured_media":0,"parent":1815,"menu_order":0,"comment_status":"closed","ping_status":"closed","template":"","meta":{"footnotes":""},"class_list":["post-2084","page","type-page","status-publish","hentry"],"yoast_head":"<!-- This site is optimized with the Yoast SEO plugin v25.8 - https:\/\/yoast.com\/wordpress\/plugins\/seo\/ -->\n<title>Eine Geschenk T\u00fcte -<\/title>\n<meta name=\"robots\" content=\"index, follow, max-snippet:-1, max-image-preview:large, max-video-preview:-1\" \/>\n<link rel=\"canonical\" href=\"https:\/\/wegwerfenwargestern.de\/index.php\/blog-2\/2018-2\/eine-geschenk-tuete\/\" \/>\n<meta property=\"og:locale\" content=\"de_DE\" \/>\n<meta property=\"og:type\" content=\"article\" \/>\n<meta property=\"og:title\" content=\"Eine Geschenk T\u00fcte -\" \/>\n<meta property=\"og:description\" content=\"Hallo ihr lieben\u2026 Nun kann ich endlich das Geschenk fertig machen und nach liefern und damit den Gutschein einl\u00f6sen.\u00a0 Als Geschenk hatte ich einige S\u00e4mereien bestellt gehabt und es dauerte lange bis sie hier ankamen. Also brauchte ich daf\u00fcr auch noch eine Verpackung und zwar diese\u2026. Nun konnten alle S\u00e4mereien in die Verpackung und waren &hellip; \u201eEine Geschenk T\u00fcte\u201c weiterlesen\" \/>\n<meta property=\"og:url\" content=\"https:\/\/wegwerfenwargestern.de\/index.php\/blog-2\/2018-2\/eine-geschenk-tuete\/\" \/>\n<meta property=\"og:image\" content=\"https:\/\/wegwerfenwargestern.de\/wp-content\/uploads\/2018\/07\/P1080961..1...jpg\" \/>\n\t<meta property=\"og:image:width\" content=\"871\" \/>\n\t<meta property=\"og:image:height\" content=\"824\" \/>\n\t<meta property=\"og:image:type\" content=\"image\/jpeg\" \/>\n<meta name=\"twitter:card\" content=\"summary_large_image\" \/>\n<script type=\"application\/ld+json\" class=\"yoast-schema-graph\">{\"@context\":\"https:\/\/schema.org\",\"@graph\":[{\"@type\":\"WebPage\",\"@id\":\"https:\/\/wegwerfenwargestern.de\/index.php\/blog-2\/2018-2\/eine-geschenk-tuete\/\",\"url\":\"https:\/\/wegwerfenwargestern.de\/index.php\/blog-2\/2018-2\/eine-geschenk-tuete\/\",\"name\":\"Eine Geschenk T\u00fcte -\",\"isPartOf\":{\"@id\":\"https:\/\/wegwerfenwargestern.de\/#website\"},\"primaryImageOfPage\":{\"@id\":\"https:\/\/wegwerfenwargestern.de\/index.php\/blog-2\/2018-2\/eine-geschenk-tuete\/#primaryimage\"},\"image\":{\"@id\":\"https:\/\/wegwerfenwargestern.de\/index.php\/blog-2\/2018-2\/eine-geschenk-tuete\/#primaryimage\"},\"thumbnailUrl\":\"https:\/\/wegwerfenwargestern.de\/wp-content\/uploads\/2018\/07\/P1080961..1...jpg\",\"datePublished\":\"2018-09-24T07:45:01+00:00\",\"breadcrumb\":{\"@id\":\"https:\/\/wegwerfenwargestern.de\/index.php\/blog-2\/2018-2\/eine-geschenk-tuete\/#breadcrumb\"},\"inLanguage\":\"de\",\"potentialAction\":[{\"@type\":\"ReadAction\",\"target\":[\"https:\/\/wegwerfenwargestern.de\/index.php\/blog-2\/2018-2\/eine-geschenk-tuete\/\"]}]},{\"@type\":\"ImageObject\",\"inLanguage\":\"de\",\"@id\":\"https:\/\/wegwerfenwargestern.de\/index.php\/blog-2\/2018-2\/eine-geschenk-tuete\/#primaryimage\",\"url\":\"https:\/\/wegwerfenwargestern.de\/wp-content\/uploads\/2018\/07\/P1080961..1...jpg\",\"contentUrl\":\"https:\/\/wegwerfenwargestern.de\/wp-content\/uploads\/2018\/07\/P1080961..1...jpg\",\"width\":871,\"height\":824},{\"@type\":\"BreadcrumbList\",\"@id\":\"https:\/\/wegwerfenwargestern.de\/index.php\/blog-2\/2018-2\/eine-geschenk-tuete\/#breadcrumb\",\"itemListElement\":[{\"@type\":\"ListItem\",\"position\":1,\"name\":\"Startseite\",\"item\":\"https:\/\/wegwerfenwargestern.de\/\"},{\"@type\":\"ListItem\",\"position\":2,\"name\":\"Blog\",\"item\":\"https:\/\/wegwerfenwargestern.de\/index.php\/blog-2\/\"},{\"@type\":\"ListItem\",\"position\":3,\"name\":\"2018\",\"item\":\"https:\/\/wegwerfenwargestern.de\/index.php\/blog-2\/2018-2\/\"},{\"@type\":\"ListItem\",\"position\":4,\"name\":\"Eine Geschenk T\u00fcte\"}]},{\"@type\":\"WebSite\",\"@id\":\"https:\/\/wegwerfenwargestern.de\/#website\",\"url\":\"https:\/\/wegwerfenwargestern.de\/\",\"name\":\"Wegwerfen war gestern\",\"description\":\"\",\"publisher\":{\"@id\":\"https:\/\/wegwerfenwargestern.de\/#\/schema\/person\/b1afdd8bdf19d681d1c4e6ade0c90299\"},\"potentialAction\":[{\"@type\":\"SearchAction\",\"target\":{\"@type\":\"EntryPoint\",\"urlTemplate\":\"https:\/\/wegwerfenwargestern.de\/?s={search_term_string}\"},\"query-input\":{\"@type\":\"PropertyValueSpecification\",\"valueRequired\":true,\"valueName\":\"search_term_string\"}}],\"inLanguage\":\"de\"},{\"@type\":[\"Person\",\"Organization\"],\"@id\":\"https:\/\/wegwerfenwargestern.de\/#\/schema\/person\/b1afdd8bdf19d681d1c4e6ade0c90299\",\"name\":\"Elke Jacobs\",\"image\":{\"@type\":\"ImageObject\",\"inLanguage\":\"de\",\"@id\":\"https:\/\/wegwerfenwargestern.de\/#\/schema\/person\/image\/\",\"url\":\"https:\/\/wegwerfenwargestern.de\/wp-content\/uploads\/2017\/09\/Darkanium12345.jpg\",\"contentUrl\":\"https:\/\/wegwerfenwargestern.de\/wp-content\/uploads\/2017\/09\/Darkanium12345.jpg\",\"width\":1956,\"height\":1100,\"caption\":\"Elke Jacobs\"},\"logo\":{\"@id\":\"https:\/\/wegwerfenwargestern.de\/#\/schema\/person\/image\/\"}}]}<\/script>\n<!-- \/ Yoast SEO plugin. -->","yoast_head_json":{"title":"Eine Geschenk T\u00fcte -","robots":{"index":"index","follow":"follow","max-snippet":"max-snippet:-1","max-image-preview":"max-image-preview:large","max-video-preview":"max-video-preview:-1"},"canonical":"https:\/\/wegwerfenwargestern.de\/index.php\/blog-2\/2018-2\/eine-geschenk-tuete\/","og_locale":"de_DE","og_type":"article","og_title":"Eine Geschenk T\u00fcte -","og_description":"Hallo ihr lieben\u2026 Nun kann ich endlich das Geschenk fertig machen und nach liefern und damit den Gutschein einl\u00f6sen.\u00a0 Als Geschenk hatte ich einige S\u00e4mereien bestellt gehabt und es dauerte lange bis sie hier ankamen. Also brauchte ich daf\u00fcr auch noch eine Verpackung und zwar diese\u2026. Nun konnten alle S\u00e4mereien in die Verpackung und waren &hellip; \u201eEine Geschenk T\u00fcte\u201c weiterlesen","og_url":"https:\/\/wegwerfenwargestern.de\/index.php\/blog-2\/2018-2\/eine-geschenk-tuete\/","og_image":[{"width":871,"height":824,"url":"https:\/\/wegwerfenwargestern.de\/wp-content\/uploads\/2018\/07\/P1080961..1...jpg","type":"image\/jpeg"}],"twitter_card":"summary_large_image","schema":{"@context":"https:\/\/schema.org","@graph":[{"@type":"WebPage","@id":"https:\/\/wegwerfenwargestern.de\/index.php\/blog-2\/2018-2\/eine-geschenk-tuete\/","url":"https:\/\/wegwerfenwargestern.de\/index.php\/blog-2\/2018-2\/eine-geschenk-tuete\/","name":"Eine Geschenk T\u00fcte -","isPartOf":{"@id":"https:\/\/wegwerfenwargestern.de\/#website"},"primaryImageOfPage":{"@id":"https:\/\/wegwerfenwargestern.de\/index.php\/blog-2\/2018-2\/eine-geschenk-tuete\/#primaryimage"},"image":{"@id":"https:\/\/wegwerfenwargestern.de\/index.php\/blog-2\/2018-2\/eine-geschenk-tuete\/#primaryimage"},"thumbnailUrl":"https:\/\/wegwerfenwargestern.de\/wp-content\/uploads\/2018\/07\/P1080961..1...jpg","datePublished":"2018-09-24T07:45:01+00:00","breadcrumb":{"@id":"https:\/\/wegwerfenwargestern.de\/index.php\/blog-2\/2018-2\/eine-geschenk-tuete\/#breadcrumb"},"inLanguage":"de","potentialAction":[{"@type":"ReadAction","target":["https:\/\/wegwerfenwargestern.de\/index.php\/blog-2\/2018-2\/eine-geschenk-tuete\/"]}]},{"@type":"ImageObject","inLanguage":"de","@id":"https:\/\/wegwerfenwargestern.de\/index.php\/blog-2\/2018-2\/eine-geschenk-tuete\/#primaryimage","url":"https:\/\/wegwerfenwargestern.de\/wp-content\/uploads\/2018\/07\/P1080961..1...jpg","contentUrl":"https:\/\/wegwerfenwargestern.de\/wp-content\/uploads\/2018\/07\/P1080961..1...jpg","width":871,"height":824},{"@type":"BreadcrumbList","@id":"https:\/\/wegwerfenwargestern.de\/index.php\/blog-2\/2018-2\/eine-geschenk-tuete\/#breadcrumb","itemListElement":[{"@type":"ListItem","position":1,"name":"Startseite","item":"https:\/\/wegwerfenwargestern.de\/"},{"@type":"ListItem","position":2,"name":"Blog","item":"https:\/\/wegwerfenwargestern.de\/index.php\/blog-2\/"},{"@type":"ListItem","position":3,"name":"2018","item":"https:\/\/wegwerfenwargestern.de\/index.php\/blog-2\/2018-2\/"},{"@type":"ListItem","position":4,"name":"Eine Geschenk T\u00fcte"}]},{"@type":"WebSite","@id":"https:\/\/wegwerfenwargestern.de\/#website","url":"https:\/\/wegwerfenwargestern.de\/","name":"Wegwerfen war gestern","description":"","publisher":{"@id":"https:\/\/wegwerfenwargestern.de\/#\/schema\/person\/b1afdd8bdf19d681d1c4e6ade0c90299"},"potentialAction":[{"@type":"SearchAction","target":{"@type":"EntryPoint","urlTemplate":"https:\/\/wegwerfenwargestern.de\/?s={search_term_string}"},"query-input":{"@type":"PropertyValueSpecification","valueRequired":true,"valueName":"search_term_string"}}],"inLanguage":"de"},{"@type":["Person","Organization"],"@id":"https:\/\/wegwerfenwargestern.de\/#\/schema\/person\/b1afdd8bdf19d681d1c4e6ade0c90299","name":"Elke Jacobs","image":{"@type":"ImageObject","inLanguage":"de","@id":"https:\/\/wegwerfenwargestern.de\/#\/schema\/person\/image\/","url":"https:\/\/wegwerfenwargestern.de\/wp-content\/uploads\/2017\/09\/Darkanium12345.jpg","contentUrl":"https:\/\/wegwerfenwargestern.de\/wp-content\/uploads\/2017\/09\/Darkanium12345.jpg","width":1956,"height":1100,"caption":"Elke Jacobs"},"logo":{"@id":"https:\/\/wegwerfenwargestern.de\/#\/schema\/person\/image\/"}}]}},"_links":{"self":[{"href":"https:\/\/wegwerfenwargestern.de\/index.php\/wp-json\/wp\/v2\/pages\/2084","targetHints":{"allow":["GET"]}}],"collection":[{"href":"https:\/\/wegwerfenwargestern.de\/index.php\/wp-json\/wp\/v2\/pages"}],"about":[{"href":"https:\/\/wegwerfenwargestern.de\/index.php\/wp-json\/wp\/v2\/types\/page"}],"author":[{"embeddable":true,"href":"https:\/\/wegwerfenwargestern.de\/index.php\/wp-json\/wp\/v2\/users\/2"}],"replies":[{"embeddable":true,"href":"https:\/\/wegwerfenwargestern.de\/index.php\/wp-json\/wp\/v2\/comments?post=2084"}],"version-history":[{"count":1,"href":"https:\/\/wegwerfenwargestern.de\/index.php\/wp-json\/wp\/v2\/pages\/2084\/revisions"}],"predecessor-version":[{"id":2085,"href":"https:\/\/wegwerfenwargestern.de\/index.php\/wp-json\/wp\/v2\/pages\/2084\/revisions\/2085"}],"up":[{"embeddable":true,"href":"https:\/\/wegwerfenwargestern.de\/index.php\/wp-json\/wp\/v2\/pages\/1815"}],"wp:attachment":[{"href":"https:\/\/wegwerfenwargestern.de\/index.php\/wp-json\/wp\/v2\/media?parent=2084"}],"curies":[{"name":"wp","href":"https:\/\/api.w.org\/{rel}","templated":true}]}}