{"id":9,"date":"2017-09-25T18:18:48","date_gmt":"2017-09-25T16:18:48","guid":{"rendered":"http:\/\/wegwerfenwargestern.darkanium.de\/?page_id=9"},"modified":"2018-09-16T15:06:58","modified_gmt":"2018-09-16T13:06:58","slug":"startseite","status":"publish","type":"page","link":"https:\/\/wegwerfenwargestern.de\/","title":{"rendered":"Startseite"},"content":{"rendered":"<h4><strong><span style=\"color: #000000;\"><em>Herzlich Willkommen\u00a0 in meinem Blog.<\/em><\/span><\/strong><\/h4>\n<p style=\"text-align: left;\"><span style=\"color: #000000;\"><em>Ich habe schon in fr\u00fchester Kindheit gelernt etwas mit den H\u00e4nden zu fertigen.\u00a0<\/em><\/span><span style=\"color: #000000;\"><em>In der Familie habe ich verschiedene\u00a0 Arten der Handarbeit erlernt.<\/em><\/span><\/p>\n<p><img loading=\"lazy\" decoding=\"async\" class=\"alignnone size-full wp-image-55 alignleft\" src=\"https:\/\/wegwerfenwargestern.de\/wp-content\/uploads\/2017\/09\/DSC00423.....jpg\" alt=\"\" width=\"270\" height=\"203\" \/><\/p>\n<p>&nbsp;<\/p>\n<p style=\"text-align: left;\"><em>In der Schule kam\u00a0 das Basteln und Werken hinzu.\u00a0 Und das ein oder andere habe ich mir durch Versuche angeeignet.<\/em><\/p>\n<p>&nbsp;<\/p>\n<p style=\"text-align: left;\"><span style=\"color: #000000;\"><em>\u00a0 \u00a0 \u00a0 \u00a0 \u00a0 \u00a0 \u00a0 \u00a0 \u00a0 <\/em><\/span><img loading=\"lazy\" decoding=\"async\" class=\"size-full wp-image-54 alignleft\" src=\"https:\/\/wegwerfenwargestern.de\/wp-content\/uploads\/2017\/09\/DSC00422.....jpg\" alt=\"\" width=\"270\" height=\"203\" \/><em>\u00a0<\/em><\/p>\n<p><em>Auch sticken mit der Hand,\u00a0<\/em><em>das ausz\u00e4hlen der F\u00e4den ,so wie Muster selbst zu entwerfen geh\u00f6rten dazu <\/em><\/p>\n<p>&nbsp;<\/p>\n<p><em>\u00a0<\/em><\/p>\n<p><span style=\"color: #000000;\"><em><img loading=\"lazy\" decoding=\"async\" class=\"size-full wp-image-58 alignleft\" src=\"https:\/\/wegwerfenwargestern.de\/wp-content\/uploads\/2017\/09\/DSC00425....jpg\" alt=\"\" width=\"107\" height=\"180\" \/>\u00a0 \u00a0 \u00a0 \u00a0 \u00a0 \u00a0 \u00a0 \u00a0 \u00a0 \u00a0 \u00a0 \u00a0 \u00a0 \u00a0 \u00a0 \u00a0 \u00a0 \u00a0 \u00a0 \u00a0 \u00a0 \u00a0 \u00a0 \u00a0 \u00a0 \u00a0 \u00a0 \u00a0 \u00a0 \u00a0 \u00a0 \u00a0 \u00a0 \u00a0 \u00a0 \u00a0 \u00a0 \u00a0 \u00a0 \u00a0 \u00a0 \u00a0 \u00a0 \u00a0 \u00a0 \u00a0 \u00a0 \u00a0 \u00a0 \u00a0 <\/em><\/span><span style=\"color: #000000;\"><em>\u00a0 <\/em><\/span><br \/>\n<em>Und aus Papier kann vieles gefertigt werden mit verschiedenen Techniken.\u00a0 Wie falten, flechten, weben, Scherenschnitt oder, oder, oder.<\/em><\/p>\n<p>&nbsp;<\/p>\n<p>&nbsp;<\/p>\n<p style=\"text-align: left;\"><span style=\"color: #000000;\"><em><img loading=\"lazy\" decoding=\"async\" class=\"size-full wp-image-69 alignleft\" src=\"https:\/\/wegwerfenwargestern.de\/wp-content\/uploads\/2017\/09\/DSC08310...2..jpg\" alt=\"\" width=\"246\" height=\"155\" \/><\/em><\/span><\/p>\n<p style=\"text-align: left;\"><span style=\"color: #000000;\"><em>Und Perlen m\u00fcssen nicht zwingend Kette und Armband werden.\u00a0 <\/em><\/span><span style=\"color: #000000;\"><em>Es k\u00f6nnen sehr sch\u00f6ne Dinge entstehen, dazu brauche ich nicht zwingend eine Anleitung,\u00a0 Ich bastel gerne frei nach meinen Ideen.\u00a0<\/em><\/span><\/p>\n<p>&nbsp;<\/p>\n<p style=\"text-align: left;\">Bastel Anleitungen und Schablonen\u00a0 werde ich in meinen Blog unter<br \/>\nMeine eigenen Schablonen &#8230;. einf\u00fcgen.<br \/>\nAnleitungen findet ihr als Video\u00a0 auf meinem You Tube Kanal.<br \/>\nNun w\u00fcnsche euch viel Spa\u00df beim st\u00f6bern in meinem Blog.<\/p>\n<p style=\"text-align: left;\"><em><strong>Liebe\u00a0 Gr\u00fc\u00dfe\u00a0<\/strong><\/em><\/p>\n<p><em><strong>Elke<\/strong><\/em><\/p>\n<p>&nbsp;<\/p>\n<p>&nbsp;<\/p>\n<p>&nbsp;<\/p>\n","protected":false},"excerpt":{"rendered":"<p>Herzlich Willkommen\u00a0 in meinem Blog. Ich habe schon in fr\u00fchester Kindheit gelernt etwas mit den H\u00e4nden zu fertigen.\u00a0In der Familie habe ich verschiedene\u00a0 Arten der Handarbeit erlernt. &nbsp; In der Schule kam\u00a0 das Basteln und Werken hinzu.\u00a0 Und das ein oder andere habe ich mir durch Versuche angeeignet. &nbsp; \u00a0 \u00a0 \u00a0 \u00a0 \u00a0 \u00a0 &hellip; <\/p>\n<p class=\"link-more\"><a href=\"https:\/\/wegwerfenwargestern.de\/\" class=\"more-link\"><span class=\"screen-reader-text\">\u201eStartseite\u201c <\/span>weiterlesen<\/a><\/p>\n","protected":false},"author":2,"featured_media":0,"parent":0,"menu_order":0,"comment_status":"closed","ping_status":"closed","template":"","meta":{"footnotes":""},"class_list":["post-9","page","type-page","status-publish","hentry"],"yoast_head":"<!-- This site is optimized with the Yoast SEO plugin v25.8 - https:\/\/yoast.com\/wordpress\/plugins\/seo\/ -->\n<title>Startseite -<\/title>\n<meta name=\"robots\" content=\"index, follow, max-snippet:-1, max-image-preview:large, max-video-preview:-1\" \/>\n<link rel=\"canonical\" href=\"https:\/\/wegwerfenwargestern.de\/\" \/>\n<meta property=\"og:locale\" content=\"de_DE\" \/>\n<meta property=\"og:type\" content=\"article\" \/>\n<meta property=\"og:title\" content=\"Startseite -\" \/>\n<meta property=\"og:description\" content=\"Herzlich Willkommen\u00a0 in meinem Blog. Ich habe schon in fr\u00fchester Kindheit gelernt etwas mit den H\u00e4nden zu fertigen.\u00a0In der Familie habe ich verschiedene\u00a0 Arten der Handarbeit erlernt. &nbsp; In der Schule kam\u00a0 das Basteln und Werken hinzu.\u00a0 Und das ein oder andere habe ich mir durch Versuche angeeignet. &nbsp; \u00a0 \u00a0 \u00a0 \u00a0 \u00a0 \u00a0 &hellip; \u201eStartseite\u201c weiterlesen\" \/>\n<meta property=\"og:url\" content=\"https:\/\/wegwerfenwargestern.de\/\" \/>\n<meta property=\"article:modified_time\" content=\"2018-09-16T13:06:58+00:00\" \/>\n<meta property=\"og:image\" content=\"https:\/\/wegwerfenwargestern.de\/wp-content\/uploads\/2017\/09\/DSC00423.....jpg\" \/>\n\t<meta property=\"og:image:width\" content=\"270\" \/>\n\t<meta property=\"og:image:height\" content=\"203\" \/>\n\t<meta property=\"og:image:type\" content=\"image\/jpeg\" \/>\n<meta name=\"twitter:card\" content=\"summary_large_image\" \/>\n<meta name=\"twitter:label1\" content=\"Gesch\u00e4tzte Lesezeit\" \/>\n\t<meta name=\"twitter:data1\" content=\"1\u00a0Minute\" \/>\n<script type=\"application\/ld+json\" class=\"yoast-schema-graph\">{\"@context\":\"https:\/\/schema.org\",\"@graph\":[{\"@type\":\"WebPage\",\"@id\":\"https:\/\/wegwerfenwargestern.de\/\",\"url\":\"https:\/\/wegwerfenwargestern.de\/\",\"name\":\"Startseite -\",\"isPartOf\":{\"@id\":\"https:\/\/wegwerfenwargestern.de\/#website\"},\"primaryImageOfPage\":{\"@id\":\"https:\/\/wegwerfenwargestern.de\/#primaryimage\"},\"image\":{\"@id\":\"https:\/\/wegwerfenwargestern.de\/#primaryimage\"},\"thumbnailUrl\":\"https:\/\/wegwerfenwargestern.de\/wp-content\/uploads\/2017\/09\/DSC00423.....jpg\",\"datePublished\":\"2017-09-25T16:18:48+00:00\",\"dateModified\":\"2018-09-16T13:06:58+00:00\",\"breadcrumb\":{\"@id\":\"https:\/\/wegwerfenwargestern.de\/#breadcrumb\"},\"inLanguage\":\"de\",\"potentialAction\":[{\"@type\":\"ReadAction\",\"target\":[\"https:\/\/wegwerfenwargestern.de\/\"]}]},{\"@type\":\"ImageObject\",\"inLanguage\":\"de\",\"@id\":\"https:\/\/wegwerfenwargestern.de\/#primaryimage\",\"url\":\"https:\/\/wegwerfenwargestern.de\/wp-content\/uploads\/2017\/09\/DSC00423.....jpg\",\"contentUrl\":\"https:\/\/wegwerfenwargestern.de\/wp-content\/uploads\/2017\/09\/DSC00423.....jpg\",\"width\":270,\"height\":203},{\"@type\":\"BreadcrumbList\",\"@id\":\"https:\/\/wegwerfenwargestern.de\/#breadcrumb\",\"itemListElement\":[{\"@type\":\"ListItem\",\"position\":1,\"name\":\"Startseite\",\"item\":\"https:\/\/wegwerfenwargestern.de\/\"},{\"@type\":\"ListItem\",\"position\":2,\"name\":\"Startseite\"}]},{\"@type\":\"WebSite\",\"@id\":\"https:\/\/wegwerfenwargestern.de\/#website\",\"url\":\"https:\/\/wegwerfenwargestern.de\/\",\"name\":\"Wegwerfen war gestern\",\"description\":\"\",\"publisher\":{\"@id\":\"https:\/\/wegwerfenwargestern.de\/#\/schema\/person\/b1afdd8bdf19d681d1c4e6ade0c90299\"},\"potentialAction\":[{\"@type\":\"SearchAction\",\"target\":{\"@type\":\"EntryPoint\",\"urlTemplate\":\"https:\/\/wegwerfenwargestern.de\/?s={search_term_string}\"},\"query-input\":{\"@type\":\"PropertyValueSpecification\",\"valueRequired\":true,\"valueName\":\"search_term_string\"}}],\"inLanguage\":\"de\"},{\"@type\":[\"Person\",\"Organization\"],\"@id\":\"https:\/\/wegwerfenwargestern.de\/#\/schema\/person\/b1afdd8bdf19d681d1c4e6ade0c90299\",\"name\":\"Elke Jacobs\",\"image\":{\"@type\":\"ImageObject\",\"inLanguage\":\"de\",\"@id\":\"https:\/\/wegwerfenwargestern.de\/#\/schema\/person\/image\/\",\"url\":\"https:\/\/wegwerfenwargestern.de\/wp-content\/uploads\/2017\/09\/Darkanium12345.jpg\",\"contentUrl\":\"https:\/\/wegwerfenwargestern.de\/wp-content\/uploads\/2017\/09\/Darkanium12345.jpg\",\"width\":1956,\"height\":1100,\"caption\":\"Elke Jacobs\"},\"logo\":{\"@id\":\"https:\/\/wegwerfenwargestern.de\/#\/schema\/person\/image\/\"}}]}<\/script>\n<!-- \/ Yoast SEO plugin. -->","yoast_head_json":{"title":"Startseite -","robots":{"index":"index","follow":"follow","max-snippet":"max-snippet:-1","max-image-preview":"max-image-preview:large","max-video-preview":"max-video-preview:-1"},"canonical":"https:\/\/wegwerfenwargestern.de\/","og_locale":"de_DE","og_type":"article","og_title":"Startseite -","og_description":"Herzlich Willkommen\u00a0 in meinem Blog. Ich habe schon in fr\u00fchester Kindheit gelernt etwas mit den H\u00e4nden zu fertigen.\u00a0In der Familie habe ich verschiedene\u00a0 Arten der Handarbeit erlernt. &nbsp; In der Schule kam\u00a0 das Basteln und Werken hinzu.\u00a0 Und das ein oder andere habe ich mir durch Versuche angeeignet. &nbsp; \u00a0 \u00a0 \u00a0 \u00a0 \u00a0 \u00a0 &hellip; \u201eStartseite\u201c weiterlesen","og_url":"https:\/\/wegwerfenwargestern.de\/","article_modified_time":"2018-09-16T13:06:58+00:00","og_image":[{"width":270,"height":203,"url":"https:\/\/wegwerfenwargestern.de\/wp-content\/uploads\/2017\/09\/DSC00423.....jpg","type":"image\/jpeg"}],"twitter_card":"summary_large_image","twitter_misc":{"Gesch\u00e4tzte Lesezeit":"1\u00a0Minute"},"schema":{"@context":"https:\/\/schema.org","@graph":[{"@type":"WebPage","@id":"https:\/\/wegwerfenwargestern.de\/","url":"https:\/\/wegwerfenwargestern.de\/","name":"Startseite -","isPartOf":{"@id":"https:\/\/wegwerfenwargestern.de\/#website"},"primaryImageOfPage":{"@id":"https:\/\/wegwerfenwargestern.de\/#primaryimage"},"image":{"@id":"https:\/\/wegwerfenwargestern.de\/#primaryimage"},"thumbnailUrl":"https:\/\/wegwerfenwargestern.de\/wp-content\/uploads\/2017\/09\/DSC00423.....jpg","datePublished":"2017-09-25T16:18:48+00:00","dateModified":"2018-09-16T13:06:58+00:00","breadcrumb":{"@id":"https:\/\/wegwerfenwargestern.de\/#breadcrumb"},"inLanguage":"de","potentialAction":[{"@type":"ReadAction","target":["https:\/\/wegwerfenwargestern.de\/"]}]},{"@type":"ImageObject","inLanguage":"de","@id":"https:\/\/wegwerfenwargestern.de\/#primaryimage","url":"https:\/\/wegwerfenwargestern.de\/wp-content\/uploads\/2017\/09\/DSC00423.....jpg","contentUrl":"https:\/\/wegwerfenwargestern.de\/wp-content\/uploads\/2017\/09\/DSC00423.....jpg","width":270,"height":203},{"@type":"BreadcrumbList","@id":"https:\/\/wegwerfenwargestern.de\/#breadcrumb","itemListElement":[{"@type":"ListItem","position":1,"name":"Startseite","item":"https:\/\/wegwerfenwargestern.de\/"},{"@type":"ListItem","position":2,"name":"Startseite"}]},{"@type":"WebSite","@id":"https:\/\/wegwerfenwargestern.de\/#website","url":"https:\/\/wegwerfenwargestern.de\/","name":"Wegwerfen war gestern","description":"","publisher":{"@id":"https:\/\/wegwerfenwargestern.de\/#\/schema\/person\/b1afdd8bdf19d681d1c4e6ade0c90299"},"potentialAction":[{"@type":"SearchAction","target":{"@type":"EntryPoint","urlTemplate":"https:\/\/wegwerfenwargestern.de\/?s={search_term_string}"},"query-input":{"@type":"PropertyValueSpecification","valueRequired":true,"valueName":"search_term_string"}}],"inLanguage":"de"},{"@type":["Person","Organization"],"@id":"https:\/\/wegwerfenwargestern.de\/#\/schema\/person\/b1afdd8bdf19d681d1c4e6ade0c90299","name":"Elke Jacobs","image":{"@type":"ImageObject","inLanguage":"de","@id":"https:\/\/wegwerfenwargestern.de\/#\/schema\/person\/image\/","url":"https:\/\/wegwerfenwargestern.de\/wp-content\/uploads\/2017\/09\/Darkanium12345.jpg","contentUrl":"https:\/\/wegwerfenwargestern.de\/wp-content\/uploads\/2017\/09\/Darkanium12345.jpg","width":1956,"height":1100,"caption":"Elke Jacobs"},"logo":{"@id":"https:\/\/wegwerfenwargestern.de\/#\/schema\/person\/image\/"}}]}},"_links":{"self":[{"href":"https:\/\/wegwerfenwargestern.de\/index.php\/wp-json\/wp\/v2\/pages\/9","targetHints":{"allow":["GET"]}}],"collection":[{"href":"https:\/\/wegwerfenwargestern.de\/index.php\/wp-json\/wp\/v2\/pages"}],"about":[{"href":"https:\/\/wegwerfenwargestern.de\/index.php\/wp-json\/wp\/v2\/types\/page"}],"author":[{"embeddable":true,"href":"https:\/\/wegwerfenwargestern.de\/index.php\/wp-json\/wp\/v2\/users\/2"}],"replies":[{"embeddable":true,"href":"https:\/\/wegwerfenwargestern.de\/index.php\/wp-json\/wp\/v2\/comments?post=9"}],"version-history":[{"count":22,"href":"https:\/\/wegwerfenwargestern.de\/index.php\/wp-json\/wp\/v2\/pages\/9\/revisions"}],"predecessor-version":[{"id":1172,"href":"https:\/\/wegwerfenwargestern.de\/index.php\/wp-json\/wp\/v2\/pages\/9\/revisions\/1172"}],"wp:attachment":[{"href":"https:\/\/wegwerfenwargestern.de\/index.php\/wp-json\/wp\/v2\/media?parent=9"}],"curies":[{"name":"wp","href":"https:\/\/api.w.org\/{rel}","templated":true}]}}